{"id":130,"date":"2023-12-24T20:38:06","date_gmt":"2023-12-24T20:38:06","guid":{"rendered":"https:\/\/dryiceeu.com\/at\/sicherheit\/"},"modified":"2026-01-21T10:42:56","modified_gmt":"2026-01-21T09:42:56","slug":"sicherheit","status":"publish","type":"page","link":"https:\/\/dryiceeu.com\/at\/sicherheit\/","title":{"rendered":"Sicherheit"},"content":{"rendered":"\t\t<div data-elementor-type=\"wp-page\" data-elementor-id=\"130\" class=\"elementor elementor-130\" data-elementor-post-type=\"page\">\n\t\t\t\t<div class=\"elementor-element elementor-element-544336e e-con-full e-flex e-con e-parent\" data-id=\"544336e\" data-element_type=\"container\" data-e-type=\"container\" id=\"product-page-dry\">\n\t\t<div class=\"elementor-element elementor-element-c7c9c62 e-flex e-con-boxed e-con e-child\" data-id=\"c7c9c62\" data-element_type=\"container\" data-e-type=\"container\">\n\t\t\t\t\t<div class=\"e-con-inner\">\n\t\t<div class=\"elementor-element elementor-element-21cd2f7 e-con-full e-flex e-con e-child\" data-id=\"21cd2f7\" data-element_type=\"container\" data-e-type=\"container\">\n\t\t\t\t<div class=\"elementor-element elementor-element-5fac544 elementor-widget elementor-widget-heading\" data-id=\"5fac544\" data-element_type=\"widget\" data-e-type=\"widget\" data-widget_type=\"heading.default\">\n\t\t\t\t<div class=\"elementor-widget-container\">\n\t\t\t\t\t<h1 class=\"elementor-heading-title elementor-size-default\">Sicherheit und <br>Sicherheitsausr\u00fcstung<\/h1>\t\t\t\t<\/div>\n\t\t\t\t<\/div>\n\t\t\t\t<div class=\"elementor-element elementor-element-7938ea0 elementor-widget elementor-widget-text-editor\" data-id=\"7938ea0\" data-element_type=\"widget\" data-e-type=\"widget\" data-widget_type=\"text-editor.default\">\n\t\t\t\t<div class=\"elementor-widget-container\">\n\t\t\t\t\t\t\t\t\t<p>Trockeneis wird hergestellt, indem LCO\u00b2 expandiert wird, wodurch Trockeneisschnee entsteht. Der Schnee wird dann komprimiert und durch einen Pelletizer zu Trockeneis-Pellets extrudiert.<\/p>\n\t\t\t\t\t\t\t\t<\/div>\n\t\t\t\t<\/div>\n\t\t\t\t<\/div>\n\t\t<div class=\"elementor-element elementor-element-e86df59 e-con-full elementor-hidden-mobile e-flex e-con e-child\" data-id=\"e86df59\" data-element_type=\"container\" data-e-type=\"container\">\n\t\t\t\t<\/div>\n\t\t\t\t\t<\/div>\n\t\t\t\t<\/div>\n\t\t\t\t<\/div>\n\t\t<div class=\"elementor-element elementor-element-7cafdfd e-con-full e-flex e-con e-parent\" data-id=\"7cafdfd\" data-element_type=\"container\" data-e-type=\"container\" data-settings=\"{&quot;background_background&quot;:&quot;classic&quot;}\">\n\t\t<div class=\"elementor-element elementor-element-5d9f859 e-flex e-con-boxed e-con e-child\" data-id=\"5d9f859\" data-element_type=\"container\" data-e-type=\"container\">\n\t\t\t\t\t<div class=\"e-con-inner\">\n\t\t<div class=\"elementor-element elementor-element-cc00d9e e-con-full e-flex e-con e-child\" data-id=\"cc00d9e\" data-element_type=\"container\" data-e-type=\"container\">\n\t\t\t\t<div class=\"elementor-element elementor-element-9a52566 elementor-widget elementor-widget-image\" data-id=\"9a52566\" data-element_type=\"widget\" data-e-type=\"widget\" data-widget_type=\"image.default\">\n\t\t\t\t<div class=\"elementor-widget-container\">\n\t\t\t\t\t\t\t\t\t\t\t\t\t\t\t<img fetchpriority=\"high\" decoding=\"async\" width=\"643\" height=\"547\" src=\"https:\/\/dryiceeu.com\/at\/wp-content\/uploads\/sites\/7\/2023\/12\/safetyb.png\" class=\"attachment-full size-full wp-image-131\" alt=\"\" srcset=\"https:\/\/dryiceeu.com\/at\/wp-content\/uploads\/sites\/7\/2023\/12\/safetyb.png 643w, https:\/\/dryiceeu.com\/at\/wp-content\/uploads\/sites\/7\/2023\/12\/safetyb-300x255.png 300w, https:\/\/dryiceeu.com\/at\/wp-content\/uploads\/sites\/7\/2023\/12\/safetyb-600x510.png 600w\" sizes=\"(max-width: 643px) 100vw, 643px\" \/>\t\t\t\t\t\t\t\t\t\t\t\t\t\t\t<\/div>\n\t\t\t\t<\/div>\n\t\t\t\t<\/div>\n\t\t<div class=\"elementor-element elementor-element-f587554 e-con-full e-flex e-con e-child\" data-id=\"f587554\" data-element_type=\"container\" data-e-type=\"container\">\n\t\t\t\t<div class=\"elementor-element elementor-element-a7cf6f9 elementor-widget elementor-widget-heading\" data-id=\"a7cf6f9\" data-element_type=\"widget\" data-e-type=\"widget\" data-widget_type=\"heading.default\">\n\t\t\t\t<div class=\"elementor-widget-container\">\n\t\t\t\t\t<h2 class=\"elementor-heading-title elementor-size-default\">Sicherheitsleitfaden <\/h2>\t\t\t\t<\/div>\n\t\t\t\t<\/div>\n\t\t\t\t<div class=\"elementor-element elementor-element-5c89221 elementor-widget elementor-widget-text-editor\" data-id=\"5c89221\" data-element_type=\"widget\" data-e-type=\"widget\" data-widget_type=\"text-editor.default\">\n\t\t\t\t<div class=\"elementor-widget-container\">\n\t\t\t\t\t\t\t\t\t<p>Trockeneis wird hergestellt, indem LCO\u00b2 expandiert wird, wodurch Trockeneisschnee entsteht. Der Schnee wird dann komprimiert und durch einen Pelletizer zu Trockeneis-Pellets extrudiert.<\/p>\n<p>Das CO\u00b2, das beim Strahlen freigesetzt wird, w\u00e4hrend sich das Trockeneis wieder in Gas verwandelt, erh\u00f6ht die CO\u00b2-Konzentration im Arbeitsbereich.<\/p>\n<p>In den meisten Bereichen und bei der Au\u00dfenreinigung verursacht dies keine Probleme. Bei der Verwendung in Innenr\u00e4umen oder in geschlossenen R\u00e4umen sind jedoch ein CO\u00b2-\u00dcberwachungsger\u00e4t (die meisten Vorschriften legen fest, dass 5000 ppm die h\u00f6chste zul\u00e4ssige Konzentration \u00fcber maximal 8 Stunden ist) und eine Frischluftmaske erforderlich. Bitte wenden Sie sich an Ihren \u00f6rtlichen Anbieter von pers\u00f6nlicher Schutzausr\u00fcstung (PSA).<\/p>\n<p>CO\u00b2 ist farblos, geschmacklos und geruchlos. Symptome einer \u00dcberexposition gegen\u00fcber CO\u00b2 sind:<\/p>\n<p>Unter allen Umst\u00e4nden ist f\u00fcr eine ausreichende Bel\u00fcftung der Arbeitsbereiche zu sorgen.<\/p>\n\t\t\t\t\t\t\t\t<\/div>\n\t\t\t\t<\/div>\n\t\t\t\t<\/div>\n\t\t\t\t\t<\/div>\n\t\t\t\t<\/div>\n\t\t\t\t<\/div>\n\t\t<div class=\"elementor-element elementor-element-a19c70b e-con-full e-flex e-con e-parent\" data-id=\"a19c70b\" data-element_type=\"container\" data-e-type=\"container\">\n\t\t<div class=\"elementor-element elementor-element-0e3d51e e-flex e-con-boxed e-con e-child\" data-id=\"0e3d51e\" data-element_type=\"container\" data-e-type=\"container\">\n\t\t\t\t\t<div class=\"e-con-inner\">\n\t\t<div class=\"elementor-element elementor-element-5bf601e e-con-full e-flex e-con e-child\" data-id=\"5bf601e\" data-element_type=\"container\" data-e-type=\"container\">\n\t\t<div class=\"elementor-element elementor-element-c0374f2 e-con-full e-flex e-con e-child\" data-id=\"c0374f2\" data-element_type=\"container\" data-e-type=\"container\" data-settings=\"{&quot;background_background&quot;:&quot;classic&quot;}\">\n\t\t\t\t<div class=\"elementor-element elementor-element-c4d42cb elementor-position-top elementor-widget elementor-widget-image-box\" data-id=\"c4d42cb\" data-element_type=\"widget\" data-e-type=\"widget\" data-widget_type=\"image-box.default\">\n\t\t\t\t<div class=\"elementor-widget-container\">\n\t\t\t\t\t<div class=\"elementor-image-box-wrapper\"><figure class=\"elementor-image-box-img\"><img decoding=\"async\" width=\"76\" height=\"76\" src=\"https:\/\/dryiceeu.com\/at\/wp-content\/uploads\/sites\/7\/2023\/12\/gloves.jpg\" class=\"attachment-full size-full wp-image-132\" alt=\"\" \/><\/figure><div class=\"elementor-image-box-content\"><h3 class=\"elementor-image-box-title\">Handschuhe<\/h3><\/div><\/div>\t\t\t\t<\/div>\n\t\t\t\t<\/div>\n\t\t\t\t<div class=\"elementor-element elementor-element-b28b8b6 elementor-widget elementor-widget-text-editor\" data-id=\"b28b8b6\" data-element_type=\"widget\" data-e-type=\"widget\" data-widget_type=\"text-editor.default\">\n\t\t\t\t<div class=\"elementor-widget-container\">\n\t\t\t\t\t\t\t\t\tTrockeneis ist kalt (-79\u2070C) und kann Frostverbrennungen verursachen.&lt;br&gt;\nTragen Sie beim Umgang mit Trockeneis immer Handschuhe.\t\t\t\t\t\t\t\t<\/div>\n\t\t\t\t<\/div>\n\t\t\t\t<\/div>\n\t\t<div class=\"elementor-element elementor-element-10825cc e-con-full e-flex e-con e-child\" data-id=\"10825cc\" data-element_type=\"container\" data-e-type=\"container\" data-settings=\"{&quot;background_background&quot;:&quot;classic&quot;}\">\n\t\t\t\t<div class=\"elementor-element elementor-element-5df1cff elementor-position-top elementor-widget elementor-widget-image-box\" data-id=\"5df1cff\" data-element_type=\"widget\" data-e-type=\"widget\" data-widget_type=\"image-box.default\">\n\t\t\t\t<div class=\"elementor-widget-container\">\n\t\t\t\t\t<div class=\"elementor-image-box-wrapper\"><figure class=\"elementor-image-box-img\"><img decoding=\"async\" width=\"172\" height=\"172\" src=\"https:\/\/dryiceeu.com\/at\/wp-content\/uploads\/sites\/7\/2023\/12\/clothing.jpg\" class=\"attachment-full size-full wp-image-133\" alt=\"\" srcset=\"https:\/\/dryiceeu.com\/at\/wp-content\/uploads\/sites\/7\/2023\/12\/clothing.jpg 172w, https:\/\/dryiceeu.com\/at\/wp-content\/uploads\/sites\/7\/2023\/12\/clothing-150x150.jpg 150w, https:\/\/dryiceeu.com\/at\/wp-content\/uploads\/sites\/7\/2023\/12\/clothing-100x100.jpg 100w\" sizes=\"(max-width: 172px) 100vw, 172px\" \/><\/figure><div class=\"elementor-image-box-content\"><h3 class=\"elementor-image-box-title\">Schutzkleidung <\/h3><\/div><\/div>\t\t\t\t<\/div>\n\t\t\t\t<\/div>\n\t\t\t\t<div class=\"elementor-element elementor-element-4065621 elementor-widget elementor-widget-text-editor\" data-id=\"4065621\" data-element_type=\"widget\" data-e-type=\"widget\" data-widget_type=\"text-editor.default\">\n\t\t\t\t<div class=\"elementor-widget-container\">\n\t\t\t\t\t\t\t\t\tSie sollten nicht mit Trockeneis in Ber\u00fchrung kommen, und meistens werden Sie es auch nicht. Es wird jedoch immer empfohlen, Schutzkleidung zu tragen.\t\t\t\t\t\t\t\t<\/div>\n\t\t\t\t<\/div>\n\t\t\t\t<\/div>\n\t\t\t\t<\/div>\n\t\t<div class=\"elementor-element elementor-element-3d1f5e4 e-con-full e-flex e-con e-child\" data-id=\"3d1f5e4\" data-element_type=\"container\" data-e-type=\"container\">\n\t\t<div class=\"elementor-element elementor-element-be6af98 e-con-full e-flex e-con e-child\" data-id=\"be6af98\" data-element_type=\"container\" data-e-type=\"container\" data-settings=\"{&quot;background_background&quot;:&quot;classic&quot;}\">\n\t\t\t\t<div class=\"elementor-element elementor-element-7124ebe elementor-position-top elementor-widget elementor-widget-image-box\" data-id=\"7124ebe\" data-element_type=\"widget\" data-e-type=\"widget\" data-widget_type=\"image-box.default\">\n\t\t\t\t<div class=\"elementor-widget-container\">\n\t\t\t\t\t<div class=\"elementor-image-box-wrapper\"><figure class=\"elementor-image-box-img\"><img loading=\"lazy\" decoding=\"async\" width=\"172\" height=\"172\" src=\"https:\/\/dryiceeu.com\/at\/wp-content\/uploads\/sites\/7\/2023\/12\/ear.jpg\" class=\"attachment-full size-full wp-image-134\" alt=\"\" srcset=\"https:\/\/dryiceeu.com\/at\/wp-content\/uploads\/sites\/7\/2023\/12\/ear.jpg 172w, https:\/\/dryiceeu.com\/at\/wp-content\/uploads\/sites\/7\/2023\/12\/ear-150x150.jpg 150w, https:\/\/dryiceeu.com\/at\/wp-content\/uploads\/sites\/7\/2023\/12\/ear-100x100.jpg 100w\" sizes=\"(max-width: 172px) 100vw, 172px\" \/><\/figure><div class=\"elementor-image-box-content\"><h3 class=\"elementor-image-box-title\">Geh\u00f6rschutz<\/h3><\/div><\/div>\t\t\t\t<\/div>\n\t\t\t\t<\/div>\n\t\t\t\t<div class=\"elementor-element elementor-element-cf2b680 elementor-widget elementor-widget-text-editor\" data-id=\"cf2b680\" data-element_type=\"widget\" data-e-type=\"widget\" data-widget_type=\"text-editor.default\">\n\t\t\t\t<div class=\"elementor-widget-container\">\n\t\t\t\t\t\t\t\t\tJe nach Druck und Luftstrom, der beim Strahlen verwendet wird, liegt der L\u00e4rmpegel zwischen 75 dB (A) und 130 dB (A). Es wird daher empfohlen, immer einen Geh\u00f6rschutz zu tragen. Denken Sie auch daran, dass sich andere Personen in der N\u00e4he aufhalten k\u00f6nnen und sich ebenfalls sch\u00fctzen sollten.\t\t\t\t\t\t\t\t<\/div>\n\t\t\t\t<\/div>\n\t\t\t\t<\/div>\n\t\t<div class=\"elementor-element elementor-element-685495a e-con-full e-flex e-con e-child\" data-id=\"685495a\" data-element_type=\"container\" data-e-type=\"container\" data-settings=\"{&quot;background_background&quot;:&quot;classic&quot;}\">\n\t\t\t\t<div class=\"elementor-element elementor-element-9c5aaa7 elementor-position-top elementor-widget elementor-widget-image-box\" data-id=\"9c5aaa7\" data-element_type=\"widget\" data-e-type=\"widget\" data-widget_type=\"image-box.default\">\n\t\t\t\t<div class=\"elementor-widget-container\">\n\t\t\t\t\t<div class=\"elementor-image-box-wrapper\"><figure class=\"elementor-image-box-img\"><img loading=\"lazy\" decoding=\"async\" width=\"172\" height=\"172\" src=\"https:\/\/dryiceeu.com\/at\/wp-content\/uploads\/sites\/7\/2023\/12\/face.jpg\" class=\"attachment-full size-full wp-image-135\" alt=\"\" srcset=\"https:\/\/dryiceeu.com\/at\/wp-content\/uploads\/sites\/7\/2023\/12\/face.jpg 172w, https:\/\/dryiceeu.com\/at\/wp-content\/uploads\/sites\/7\/2023\/12\/face-150x150.jpg 150w, https:\/\/dryiceeu.com\/at\/wp-content\/uploads\/sites\/7\/2023\/12\/face-100x100.jpg 100w\" sizes=\"(max-width: 172px) 100vw, 172px\" \/><\/figure><div class=\"elementor-image-box-content\"><h3 class=\"elementor-image-box-title\">Gesichtsschutz<\/h3><\/div><\/div>\t\t\t\t<\/div>\n\t\t\t\t<\/div>\n\t\t\t\t<div class=\"elementor-element elementor-element-7690630 elementor-widget elementor-widget-text-editor\" data-id=\"7690630\" data-element_type=\"widget\" data-e-type=\"widget\" data-widget_type=\"text-editor.default\">\n\t\t\t\t<div class=\"elementor-widget-container\">\n\t\t\t\t\t\t\t\t\tEs besteht die Gefahr, von Trockeneis-Pellets getroffen zu werden, die von der zu reinigenden Oberfl\u00e4che zur\u00fcckprallen. Au\u00dferdem k\u00f6nnen Ablagerungen und andere lose Partikel auf Ihre Haut und in Ihre Augen gelangen. Tragen Sie beim Trockeneisstrahlen immer einen Gesichtsschutz.\t\t\t\t\t\t\t\t<\/div>\n\t\t\t\t<\/div>\n\t\t\t\t<\/div>\n\t\t\t\t<\/div>\n\t\t\t\t\t<\/div>\n\t\t\t\t<\/div>\n\t\t\t\t<\/div>\n\t\t<div class=\"elementor-element elementor-element-eed4500 e-con-full e-flex e-con e-parent\" data-id=\"eed4500\" data-element_type=\"container\" data-e-type=\"container\">\n\t\t<div class=\"elementor-element elementor-element-fdc1fac e-flex e-con-boxed e-con e-child\" data-id=\"fdc1fac\" data-element_type=\"container\" data-e-type=\"container\">\n\t\t\t\t\t<div class=\"e-con-inner\">\n\t\t<div class=\"elementor-element elementor-element-3174f5e e-con-full e-flex e-con e-child\" data-id=\"3174f5e\" data-element_type=\"container\" data-e-type=\"container\">\n\t\t\t\t<div class=\"elementor-element elementor-element-326277c elementor-widget elementor-widget-heading\" data-id=\"326277c\" data-element_type=\"widget\" data-e-type=\"widget\" data-widget_type=\"heading.default\">\n\t\t\t\t<div class=\"elementor-widget-container\">\n\t\t\t\t\t<h2 class=\"elementor-heading-title elementor-size-default\">Transport<\/h2>\t\t\t\t<\/div>\n\t\t\t\t<\/div>\n\t\t\t\t<div class=\"elementor-element elementor-element-ce94048 elementor-widget elementor-widget-text-editor\" data-id=\"ce94048\" data-element_type=\"widget\" data-e-type=\"widget\" data-widget_type=\"text-editor.default\">\n\t\t\t\t<div class=\"elementor-widget-container\">\n\t\t\t\t\t\t\t\t\t<p>Trockeneis sollte nie im selben Abteil wie der Fahrer oder die Passagiere transportiert werden. Es ist wichtig, dass es in einem separaten und gut bel\u00fcfteten Raum aufbewahrt wird. Bitte pr\u00fcfen Sie die nationalen Sicherheitsvorschriften.<\/p>\n\t\t\t\t\t\t\t\t<\/div>\n\t\t\t\t<\/div>\n\t\t\t\t<div class=\"elementor-element elementor-element-181a0bc elementor-widget elementor-widget-text-editor\" data-id=\"181a0bc\" data-element_type=\"widget\" data-e-type=\"widget\" data-widget_type=\"text-editor.default\">\n\t\t\t\t<div class=\"elementor-widget-container\">\n\t\t\t\t\t\t\t\t\t<p>Es ist wichtig, alle Gesundheits- und Sicherheitsvorschriften sowohl f\u00fcr die Trockeneisreinigung als auch insbesondere f\u00fcr die Lagerung und den Transport zu befolgen.<\/p>\n\t\t\t\t\t\t\t\t<\/div>\n\t\t\t\t<\/div>\n\t\t\t\t<\/div>\n\t\t<div class=\"elementor-element elementor-element-66d00b6 e-con-full e-flex e-con e-child\" data-id=\"66d00b6\" data-element_type=\"container\" data-e-type=\"container\" data-settings=\"{&quot;background_background&quot;:&quot;classic&quot;}\">\n\t\t\t\t<div class=\"elementor-element elementor-element-4eff226 elementor-widget elementor-widget-spacer\" data-id=\"4eff226\" data-element_type=\"widget\" data-e-type=\"widget\" data-widget_type=\"spacer.default\">\n\t\t\t\t<div class=\"elementor-widget-container\">\n\t\t\t\t\t\t\t<div class=\"elementor-spacer\">\n\t\t\t<div class=\"elementor-spacer-inner\"><\/div>\n\t\t<\/div>\n\t\t\t\t\t\t<\/div>\n\t\t\t\t<\/div>\n\t\t\t\t<\/div>\n\t\t\t\t\t<\/div>\n\t\t\t\t<\/div>\n\t\t\t\t<\/div>\n\t\t<div class=\"elementor-element elementor-element-394466a e-con-full e-flex e-con e-parent\" data-id=\"394466a\" data-element_type=\"container\" data-e-type=\"container\" data-settings=\"{&quot;background_background&quot;:&quot;classic&quot;}\">\n\t\t<div class=\"elementor-element elementor-element-c7808ca e-flex e-con-boxed e-con e-child\" data-id=\"c7808ca\" data-element_type=\"container\" data-e-type=\"container\">\n\t\t\t\t\t<div class=\"e-con-inner\">\n\t\t\t\t<div class=\"elementor-element elementor-element-e92a842 elementor-widget elementor-widget-heading\" data-id=\"e92a842\" data-element_type=\"widget\" data-e-type=\"widget\" data-widget_type=\"heading.default\">\n\t\t\t\t<div class=\"elementor-widget-container\">\n\t\t\t\t\t<h2 class=\"elementor-heading-title elementor-size-default\">Kategorien<\/h2>\t\t\t\t<\/div>\n\t\t\t\t<\/div>\n\t\t\t\t<div class=\"elementor-element elementor-element-bfd3a52 elementor-widget-divider--view-line elementor-widget elementor-widget-divider\" data-id=\"bfd3a52\" data-element_type=\"widget\" data-e-type=\"widget\" data-widget_type=\"divider.default\">\n\t\t\t\t<div class=\"elementor-widget-container\">\n\t\t\t\t\t\t\t<div class=\"elementor-divider\">\n\t\t\t<span class=\"elementor-divider-separator\">\n\t\t\t\t\t\t<\/span>\n\t\t<\/div>\n\t\t\t\t\t\t<\/div>\n\t\t\t\t<\/div>\n\t\t<div class=\"elementor-element elementor-element-56898bd e-con-full e-flex e-con e-child\" data-id=\"56898bd\" data-element_type=\"container\" data-e-type=\"container\" data-settings=\"{&quot;background_background&quot;:&quot;classic&quot;}\">\n\t\t<div class=\"elementor-element elementor-element-6b8ad4c e-con-full e-flex e-con e-child\" data-id=\"6b8ad4c\" data-element_type=\"container\" data-e-type=\"container\">\n\t\t\t\t<div class=\"elementor-element elementor-element-1f24924 elementor-flip-box--effect-flip elementor-flip-box--direction-up elementor-widget elementor-widget-flip-box\" data-id=\"1f24924\" data-element_type=\"widget\" data-e-type=\"widget\" data-widget_type=\"flip-box.default\">\n\t\t\t\t<div class=\"elementor-widget-container\">\n\t\t\t\t\t\t\t<div class=\"elementor-flip-box\" tabindex=\"0\">\n\t\t\t<div class=\"elementor-flip-box__layer elementor-flip-box__front\">\n\t\t\t\t<div class=\"elementor-flip-box__layer__overlay\">\n\t\t\t\t\t<div class=\"elementor-flip-box__layer__inner\">\n\t\t\t\t\t\t\n\t\t\t\t\t\t\t\t\t\t\t\t\t<h3 class=\"elementor-flip-box__layer__title\">\n\t\t\t\t\t\t\t\tTrockeneisstrahl Maschinen\t\t\t\t\t\t\t<\/h3>\n\t\t\t\t\t\t\n\t\t\t\t\t\t\t\t\t\t\t\t\t<div class=\"elementor-flip-box__layer__description\">\n\t\t\t\t\t\t\t\tMiete von nur einem Tag oder mehreren Wochen\t\t\t\t\t\t\t<\/div>\n\t\t\t\t\t\t\t\t\t\t\t<\/div>\n\t\t\t\t<\/div>\n\t\t\t<\/div>\n\t\t\t<a class=\"elementor-flip-box__layer elementor-flip-box__back\" href=\"https:\/\/dryiceeu.com\/at\/produktkategorie\/trockeneisstrahl-maschinen\/\">\n\t\t\t<div class=\"elementor-flip-box__layer__overlay\">\n\t\t\t\t<div class=\"elementor-flip-box__layer__inner\">\n\t\t\t\t\t\t\t\t\t\t\t<h3 class=\"elementor-flip-box__layer__title\">\n\t\t\t\t\t\t\tMieten Sie noch heute eine\t\t\t\t\t\t<\/h3>\n\t\t\t\t\t\n\t\t\t\t\t\t\t\t\t\t\t<div class=\"elementor-flip-box__layer__description\">\n\t\t\t\t\t\t\tReinigungstechnologie f\u00fcr jede Oberfl\u00e4che mit den besten Trockeneis-Reinigungsmaschinen auf dem Markt \t\t\t\t\t\t<\/div>\n\t\t\t\t\t\n\t\t\t\t\t\t\t\t\t\t\t<span class=\"elementor-flip-box__button elementor-button elementor-size-sm\">\n\t\t\t\t\t\t\tSiehe Produkte\t\t\t\t\t\t<\/span>\n\t\t\t\t\t\t\t\t<\/div>\n\t\t<\/div>\n\t\t<\/a>\n\t\t<\/div>\n\t\t\t\t\t\t<\/div>\n\t\t\t\t<\/div>\n\t\t\t\t<\/div>\n\t\t<div class=\"elementor-element elementor-element-9dc165d e-con-full e-flex e-con e-child\" data-id=\"9dc165d\" data-element_type=\"container\" data-e-type=\"container\">\n\t\t\t\t<div class=\"elementor-element elementor-element-b8c1a07 elementor-flip-box--effect-flip elementor-flip-box--direction-up elementor-widget elementor-widget-flip-box\" data-id=\"b8c1a07\" data-element_type=\"widget\" data-e-type=\"widget\" data-widget_type=\"flip-box.default\">\n\t\t\t\t<div class=\"elementor-widget-container\">\n\t\t\t\t\t\t\t<div class=\"elementor-flip-box\" tabindex=\"0\">\n\t\t\t<div class=\"elementor-flip-box__layer elementor-flip-box__front\">\n\t\t\t\t<div class=\"elementor-flip-box__layer__overlay\">\n\t\t\t\t\t<div class=\"elementor-flip-box__layer__inner\">\n\t\t\t\t\t\t\n\t\t\t\t\t\t\t\t\t\t\t\t\t<h3 class=\"elementor-flip-box__layer__title\">\n\t\t\t\t\t\t\t\tTrockeneis\t\t\t\t\t\t\t<\/h3>\n\t\t\t\t\t\t\n\t\t\t\t\t\t\t\t\t\t\t\t\t<div class=\"elementor-flip-box__layer__description\">\n\t\t\t\t\t\t\t\tKaufen Sie in kleinen oder gro\u00dfen Mengen\t\t\t\t\t\t\t<\/div>\n\t\t\t\t\t\t\t\t\t\t\t<\/div>\n\t\t\t\t<\/div>\n\t\t\t<\/div>\n\t\t\t<a class=\"elementor-flip-box__layer elementor-flip-box__back\" href=\"https:\/\/dryiceeu.com\/at\/produktkategorie\/trockeneis\/\">\n\t\t\t<div class=\"elementor-flip-box__layer__overlay\">\n\t\t\t\t<div class=\"elementor-flip-box__layer__inner\">\n\t\t\t\t\t\t\t\t\t\t\t<h3 class=\"elementor-flip-box__layer__title\">\n\t\t\t\t\t\t\tKaufen Sie noch heute\t\t\t\t\t\t<\/h3>\n\t\t\t\t\t\n\t\t\t\t\t\t\t\t\t\t\t<div class=\"elementor-flip-box__layer__description\">\n\t\t\t\t\t\t\tTrockeneis-Pellets in speziellen Palettenboxen oder Containern. Ab 9 und bis zu 250 kg.\t\t\t\t\t\t<\/div>\n\t\t\t\t\t\n\t\t\t\t\t\t\t\t\t\t\t<span class=\"elementor-flip-box__button elementor-button elementor-size-sm\">\n\t\t\t\t\t\t\tSiehe Produkte\t\t\t\t\t\t<\/span>\n\t\t\t\t\t\t\t\t<\/div>\n\t\t<\/div>\n\t\t<\/a>\n\t\t<\/div>\n\t\t\t\t\t\t<\/div>\n\t\t\t\t<\/div>\n\t\t\t\t<\/div>\n\t\t\t\t<\/div>\n\t\t\t\t\t<\/div>\n\t\t\t\t<\/div>\n\t\t\t\t<\/div>\n\t\t\t\t<\/div>\n\t\t","protected":false},"excerpt":{"rendered":"<p>Sicherheit und Sicherheitsausr\u00fcstung Trockeneis wird hergestellt, indem LCO\u00b2 expandiert wird, wodurch Trockeneisschnee entsteht. Der Schnee wird dann komprimiert und durch einen Pelletizer zu Trockeneis-Pellets extrudiert. Sicherheitsleitfaden Trockeneis wird hergestellt, indem LCO\u00b2 expandiert wird, wodurch Trockeneisschnee entsteht. Der Schnee wird dann komprimiert und durch einen Pelletizer zu Trockeneis-Pellets extrudiert. Das CO\u00b2, das beim Strahlen freigesetzt wird,&hellip;&nbsp;<a href=\"https:\/\/dryiceeu.com\/at\/sicherheit\/\" rel=\"bookmark\">Weiterlesen &raquo;<span class=\"screen-reader-text\">Sicherheit<\/span><\/a><\/p>\n","protected":false},"author":1,"featured_media":138,"parent":0,"menu_order":0,"comment_status":"closed","ping_status":"closed","template":"page-templates\/template-pagebuilder-full-width.php","meta":{"neve_meta_sidebar":"","neve_meta_container":"","neve_meta_enable_content_width":"","neve_meta_content_width":0,"neve_meta_title_alignment":"","neve_meta_author_avatar":"","neve_post_elements_order":"","neve_meta_disable_header":"","neve_meta_disable_footer":"","neve_meta_disable_title":"","footnotes":""},"class_list":["post-130","page","type-page","status-publish","has-post-thumbnail","hentry"],"_links":{"self":[{"href":"https:\/\/dryiceeu.com\/at\/wp-json\/wp\/v2\/pages\/130","targetHints":{"allow":["GET"]}}],"collection":[{"href":"https:\/\/dryiceeu.com\/at\/wp-json\/wp\/v2\/pages"}],"about":[{"href":"https:\/\/dryiceeu.com\/at\/wp-json\/wp\/v2\/types\/page"}],"author":[{"embeddable":true,"href":"https:\/\/dryiceeu.com\/at\/wp-json\/wp\/v2\/users\/1"}],"replies":[{"embeddable":true,"href":"https:\/\/dryiceeu.com\/at\/wp-json\/wp\/v2\/comments?post=130"}],"version-history":[{"count":9,"href":"https:\/\/dryiceeu.com\/at\/wp-json\/wp\/v2\/pages\/130\/revisions"}],"predecessor-version":[{"id":871,"href":"https:\/\/dryiceeu.com\/at\/wp-json\/wp\/v2\/pages\/130\/revisions\/871"}],"wp:featuredmedia":[{"embeddable":true,"href":"https:\/\/dryiceeu.com\/at\/wp-json\/wp\/v2\/media\/138"}],"wp:attachment":[{"href":"https:\/\/dryiceeu.com\/at\/wp-json\/wp\/v2\/media?parent=130"}],"curies":[{"name":"wp","href":"https:\/\/api.w.org\/{rel}","templated":true}]}}