{"id":144,"date":"2023-12-24T20:38:08","date_gmt":"2023-12-24T20:38:08","guid":{"rendered":"https:\/\/dryiceeu.com\/at\/uber-uns\/"},"modified":"2026-01-21T10:43:02","modified_gmt":"2026-01-21T09:43:02","slug":"uber-uns","status":"publish","type":"page","link":"https:\/\/dryiceeu.com\/at\/uber-uns\/","title":{"rendered":"\u00dcber uns"},"content":{"rendered":"\t\t<div data-elementor-type=\"wp-page\" data-elementor-id=\"144\" class=\"elementor elementor-144\" data-elementor-post-type=\"page\">\n\t\t\t\t<div class=\"elementor-element elementor-element-009bfc4 e-con-full e-flex e-con e-parent\" data-id=\"009bfc4\" data-element_type=\"container\" data-e-type=\"container\">\n\t\t<div class=\"elementor-element elementor-element-913fca5 e-flex e-con-boxed e-con e-child\" data-id=\"913fca5\" data-element_type=\"container\" data-e-type=\"container\">\n\t\t\t\t\t<div class=\"e-con-inner\">\n\t\t<div class=\"elementor-element elementor-element-f3e1eb8 e-con-full e-flex e-con e-child\" data-id=\"f3e1eb8\" data-element_type=\"container\" data-e-type=\"container\">\n\t\t\t\t<div class=\"elementor-element elementor-element-76018a4 elementor-widget elementor-widget-heading\" data-id=\"76018a4\" data-element_type=\"widget\" data-e-type=\"widget\" data-widget_type=\"heading.default\">\n\t\t\t\t<div class=\"elementor-widget-container\">\n\t\t\t\t\t<h1 class=\"elementor-heading-title elementor-size-default\">\u00dcber uns<\/h1>\t\t\t\t<\/div>\n\t\t\t\t<\/div>\n\t\t\t\t<div class=\"elementor-element elementor-element-7bb3ebf elementor-widget elementor-widget-text-editor\" data-id=\"7bb3ebf\" data-element_type=\"widget\" data-e-type=\"widget\" data-widget_type=\"text-editor.default\">\n\t\t\t\t<div class=\"elementor-widget-container\">\n\t\t\t\t\t\t\t\t\tDas Unternehmen wurde 2012 in D\u00e4nemark gegr\u00fcndet, mit B\u00fcro\nund Produktion auch in Spanien und Vertrieb in mehr als 25 L\u00e4ndern weltweit.\t\t\t\t\t\t\t\t<\/div>\n\t\t\t\t<\/div>\n\t\t\t\t<\/div>\n\t\t<div class=\"elementor-element elementor-element-421ffc9 e-con-full e-flex e-con e-child\" data-id=\"421ffc9\" data-element_type=\"container\" data-e-type=\"container\">\n\t\t\t\t<div class=\"elementor-element elementor-element-17720e5 elementor-widget elementor-widget-image-carousel\" data-id=\"17720e5\" data-element_type=\"widget\" data-e-type=\"widget\" data-settings=\"{&quot;slides_to_show&quot;:&quot;1&quot;,&quot;navigation&quot;:&quot;none&quot;,&quot;autoplay_speed&quot;:2000,&quot;effect&quot;:&quot;fade&quot;,&quot;autoplay&quot;:&quot;yes&quot;,&quot;pause_on_hover&quot;:&quot;yes&quot;,&quot;pause_on_interaction&quot;:&quot;yes&quot;,&quot;infinite&quot;:&quot;yes&quot;,&quot;speed&quot;:500}\" data-widget_type=\"image-carousel.default\">\n\t\t\t\t<div class=\"elementor-widget-container\">\n\t\t\t\t\t\t\t<div class=\"elementor-image-carousel-wrapper swiper\" role=\"region\" aria-roledescription=\"carousel\" aria-label=\"Image Carousel\" dir=\"ltr\">\n\t\t\t<div class=\"elementor-image-carousel swiper-wrapper\" aria-live=\"off\">\n\t\t\t\t\t\t\t\t<div class=\"swiper-slide\" role=\"group\" aria-roledescription=\"slide\" aria-label=\"1 von 3\"><figure class=\"swiper-slide-inner\"><img decoding=\"async\" class=\"swiper-slide-image\" src=\"https:\/\/dryiceeu.com\/at\/wp-content\/uploads\/sites\/7\/2023\/12\/Equipment-IBLMINI1.jpg\" alt=\"Equipment-IBLMINI1.jpg\" \/><\/figure><\/div><div class=\"swiper-slide\" role=\"group\" aria-roledescription=\"slide\" aria-label=\"2 von 3\"><figure class=\"swiper-slide-inner\"><img decoding=\"async\" class=\"swiper-slide-image\" src=\"https:\/\/dryiceeu.com\/at\/wp-content\/uploads\/sites\/7\/2023\/12\/Equipment-IBL2500.jpg\" alt=\"Equipment-IBL2500.jpg\" \/><\/figure><\/div><div class=\"swiper-slide\" role=\"group\" aria-roledescription=\"slide\" aria-label=\"3 von 3\"><figure class=\"swiper-slide-inner\"><img decoding=\"async\" class=\"swiper-slide-image\" src=\"https:\/\/dryiceeu.com\/at\/wp-content\/uploads\/sites\/7\/2023\/12\/Equipment-IBL3000-1.jpg\" alt=\"Equipment-IBL3000-1.jpg\" \/><\/figure><\/div>\t\t\t<\/div>\n\t\t\t\t\t\t\t\n\t\t\t\t\t\t\t\t\t<\/div>\n\t\t\t\t\t\t<\/div>\n\t\t\t\t<\/div>\n\t\t\t\t<\/div>\n\t\t\t\t\t<\/div>\n\t\t\t\t<\/div>\n\t\t\t\t<\/div>\n\t\t<div class=\"elementor-element elementor-element-bb2c9bd e-con-full e-flex e-con e-parent\" data-id=\"bb2c9bd\" data-element_type=\"container\" data-e-type=\"container\" data-settings=\"{&quot;background_background&quot;:&quot;classic&quot;}\">\n\t\t<div class=\"elementor-element elementor-element-e99a768 e-flex e-con-boxed e-con e-child\" data-id=\"e99a768\" data-element_type=\"container\" data-e-type=\"container\">\n\t\t\t\t\t<div class=\"e-con-inner\">\n\t\t<div class=\"elementor-element elementor-element-01ea2eb e-con-full e-flex e-con e-child\" data-id=\"01ea2eb\" data-element_type=\"container\" data-e-type=\"container\">\n\t\t\t\t<div class=\"elementor-element elementor-element-fe3cea9 elementor-widget elementor-widget-text-editor\" data-id=\"fe3cea9\" data-element_type=\"widget\" data-e-type=\"widget\" data-widget_type=\"text-editor.default\">\n\t\t\t\t<div class=\"elementor-widget-container\">\n\t\t\t\t\t\t\t\t\t<p>Das Design unserer Trockeneis-Strahlger\u00e4te entstand als Antwort auf den Bedarf unserer Kunden in der Automobilindustrie, die Maschinen ben\u00f6tigen, die in engen R\u00e4umen um die Produktionslinien herum bewegt werden k\u00f6nnen. Das Ergebnis ist unser IBL3000, ein 24\/7-Arbeitspferd mit hervorragender Reinigungsleistung und dem niedrigsten Trockeneisverbrauch auf dem Markt, das dennoch beste Reinigungsergebnisse erzielt.<\/p>\n<p>F\u00fcr zwei ebenso gro\u00dfe Industrien (Lebensmittel und Kunststoffspritzguss) haben wir die IBLmini entwickelt, die sich durch einen sehr geringen Druckluftverbrauch auszeichnet.<\/p>\n<p>Unser IBL2500 wird die meisten Anwender mit Werkskompressoren oder mobilen Kompressoren mittlerer Leistung (3-8 m3\/min) zufriedenstellen. Er ist mit leistungsstarken 3\/4&#8243; Luftkomponenten von Festo ausgestattet. Die intelligente Herstellung macht diese Maschine zum idealen Preis-\/Leistungsverh\u00e4ltnis auf dem Markt.<\/p>\n\t\t\t\t\t\t\t\t<\/div>\n\t\t\t\t<\/div>\n\t\t\t\t<\/div>\n\t\t<div class=\"elementor-element elementor-element-dbe5f04 e-con-full e-flex e-con e-child\" data-id=\"dbe5f04\" data-element_type=\"container\" data-e-type=\"container\">\n\t\t\t\t<div class=\"elementor-element elementor-element-c712d3c elementor-widget elementor-widget-image\" data-id=\"c712d3c\" data-element_type=\"widget\" data-e-type=\"widget\" data-widget_type=\"image.default\">\n\t\t\t\t<div class=\"elementor-widget-container\">\n\t\t\t\t\t\t\t\t\t\t\t\t\t\t\t<img fetchpriority=\"high\" decoding=\"async\" width=\"800\" height=\"800\" src=\"https:\/\/dryiceeu.com\/at\/wp-content\/uploads\/sites\/7\/2023\/12\/Equipment-IBLMINI1.jpg\" class=\"attachment-large size-large wp-image-145\" alt=\"\" srcset=\"https:\/\/dryiceeu.com\/at\/wp-content\/uploads\/sites\/7\/2023\/12\/Equipment-IBLMINI1.jpg 800w, https:\/\/dryiceeu.com\/at\/wp-content\/uploads\/sites\/7\/2023\/12\/Equipment-IBLMINI1-300x300.jpg 300w, https:\/\/dryiceeu.com\/at\/wp-content\/uploads\/sites\/7\/2023\/12\/Equipment-IBLMINI1-150x150.jpg 150w, https:\/\/dryiceeu.com\/at\/wp-content\/uploads\/sites\/7\/2023\/12\/Equipment-IBLMINI1-768x768.jpg 768w, https:\/\/dryiceeu.com\/at\/wp-content\/uploads\/sites\/7\/2023\/12\/Equipment-IBLMINI1-600x600.jpg 600w, https:\/\/dryiceeu.com\/at\/wp-content\/uploads\/sites\/7\/2023\/12\/Equipment-IBLMINI1-100x100.jpg 100w\" sizes=\"(max-width: 800px) 100vw, 800px\" \/>\t\t\t\t\t\t\t\t\t\t\t\t\t\t\t<\/div>\n\t\t\t\t<\/div>\n\t\t\t\t<\/div>\n\t\t\t\t\t<\/div>\n\t\t\t\t<\/div>\n\t\t\t\t<\/div>\n\t\t<div class=\"elementor-element elementor-element-093dd62 e-con-full e-flex e-con e-parent\" data-id=\"093dd62\" data-element_type=\"container\" data-e-type=\"container\">\n\t\t<div class=\"elementor-element elementor-element-bf2a46e e-flex e-con-boxed e-con e-child\" data-id=\"bf2a46e\" data-element_type=\"container\" data-e-type=\"container\">\n\t\t\t\t\t<div class=\"e-con-inner\">\n\t\t<div class=\"elementor-element elementor-element-dab4f80 e-con-full e-flex e-con e-child\" data-id=\"dab4f80\" data-element_type=\"container\" data-e-type=\"container\">\n\t\t\t\t<div class=\"elementor-element elementor-element-20e5773 elementor-widget elementor-widget-image\" data-id=\"20e5773\" data-element_type=\"widget\" data-e-type=\"widget\" data-widget_type=\"image.default\">\n\t\t\t\t<div class=\"elementor-widget-container\">\n\t\t\t\t\t\t\t\t\t\t\t\t\t\t\t<img decoding=\"async\" width=\"800\" height=\"800\" src=\"https:\/\/dryiceeu.com\/at\/wp-content\/uploads\/sites\/7\/2023\/12\/Equipment-IBL3000-1.jpg\" class=\"attachment-large size-large wp-image-146\" alt=\"\" srcset=\"https:\/\/dryiceeu.com\/at\/wp-content\/uploads\/sites\/7\/2023\/12\/Equipment-IBL3000-1.jpg 800w, https:\/\/dryiceeu.com\/at\/wp-content\/uploads\/sites\/7\/2023\/12\/Equipment-IBL3000-1-300x300.jpg 300w, https:\/\/dryiceeu.com\/at\/wp-content\/uploads\/sites\/7\/2023\/12\/Equipment-IBL3000-1-150x150.jpg 150w, https:\/\/dryiceeu.com\/at\/wp-content\/uploads\/sites\/7\/2023\/12\/Equipment-IBL3000-1-768x768.jpg 768w, https:\/\/dryiceeu.com\/at\/wp-content\/uploads\/sites\/7\/2023\/12\/Equipment-IBL3000-1-600x600.jpg 600w, https:\/\/dryiceeu.com\/at\/wp-content\/uploads\/sites\/7\/2023\/12\/Equipment-IBL3000-1-100x100.jpg 100w\" sizes=\"(max-width: 800px) 100vw, 800px\" \/>\t\t\t\t\t\t\t\t\t\t\t\t\t\t\t<\/div>\n\t\t\t\t<\/div>\n\t\t\t\t<\/div>\n\t\t<div class=\"elementor-element elementor-element-f4cb581 e-con-full e-flex e-con e-child\" data-id=\"f4cb581\" data-element_type=\"container\" data-e-type=\"container\">\n\t\t\t\t<div class=\"elementor-element elementor-element-5a78711 elementor-widget elementor-widget-text-editor\" data-id=\"5a78711\" data-element_type=\"widget\" data-e-type=\"widget\" data-widget_type=\"text-editor.default\">\n\t\t\t\t<div class=\"elementor-widget-container\">\n\t\t\t\t\t\t\t\t\t<p>Die neueste Entwicklung ist unser Trockeneis-Pelletizer, mit dem die Benutzer ihr eigenes Trockeneis herstellen k\u00f6nnen.<\/p>\n<p>Alle unsere Maschinen sind aus rostfreiem Stahl gefertigt und alle Komponenten stammen von internationalen Spitzenlieferanten wie FESTO und SIEMENS.<\/p>\n<p>Mit unseren Anlagen und Maschinen sind wir sowohl auf technologischer Ebene als auch in Bezug auf unsere Innovationsf\u00e4higkeit marktf\u00fchrend.<\/p>\n<p>Unsere innovativen Anlagen und Maschinen werden sowohl in D\u00e4nemark als auch in Spanien entwickelt, konstruiert, produziert und vor der Inbetriebnahme getestet. Unsere Highlights sind hohe Qualit\u00e4t, ein H\u00f6chstma\u00df an Funktionalit\u00e4t und ein sehr wichtiges Merkmal &#8211; einfache Wartung.<\/p>\n<p>Wir sind stets bem\u00fcht, L\u00f6sungen f\u00fcr alle Branchen anzubieten. Und wir suchen st\u00e4ndig nach den am besten geeigneten Maschinen f\u00fcr jeden Bedarf und f\u00fcr jeden Kunden.<\/p>\n\t\t\t\t\t\t\t\t<\/div>\n\t\t\t\t<\/div>\n\t\t\t\t<\/div>\n\t\t\t\t\t<\/div>\n\t\t\t\t<\/div>\n\t\t\t\t<\/div>\n\t\t<div class=\"elementor-element elementor-element-c95e0c6 e-con-full e-flex e-con e-parent\" data-id=\"c95e0c6\" data-element_type=\"container\" data-e-type=\"container\" data-settings=\"{&quot;background_background&quot;:&quot;classic&quot;}\">\n\t\t<div class=\"elementor-element elementor-element-0d6da87 e-flex e-con-boxed e-con e-child\" data-id=\"0d6da87\" data-element_type=\"container\" data-e-type=\"container\">\n\t\t\t\t\t<div class=\"e-con-inner\">\n\t\t\t\t<div class=\"elementor-element elementor-element-d6a1ee2 elementor-widget elementor-widget-heading\" data-id=\"d6a1ee2\" data-element_type=\"widget\" data-e-type=\"widget\" data-widget_type=\"heading.default\">\n\t\t\t\t<div class=\"elementor-widget-container\">\n\t\t\t\t\t<h2 class=\"elementor-heading-title elementor-size-default\">Kategorien<\/h2>\t\t\t\t<\/div>\n\t\t\t\t<\/div>\n\t\t\t\t<div class=\"elementor-element elementor-element-adc318e elementor-widget-divider--view-line elementor-widget elementor-widget-divider\" data-id=\"adc318e\" data-element_type=\"widget\" data-e-type=\"widget\" data-widget_type=\"divider.default\">\n\t\t\t\t<div class=\"elementor-widget-container\">\n\t\t\t\t\t\t\t<div class=\"elementor-divider\">\n\t\t\t<span class=\"elementor-divider-separator\">\n\t\t\t\t\t\t<\/span>\n\t\t<\/div>\n\t\t\t\t\t\t<\/div>\n\t\t\t\t<\/div>\n\t\t<div class=\"elementor-element elementor-element-9b6fa7c e-con-full e-flex e-con e-child\" data-id=\"9b6fa7c\" data-element_type=\"container\" data-e-type=\"container\" data-settings=\"{&quot;background_background&quot;:&quot;classic&quot;}\">\n\t\t<div class=\"elementor-element elementor-element-0ce4d87 e-con-full e-flex e-con e-child\" data-id=\"0ce4d87\" data-element_type=\"container\" data-e-type=\"container\">\n\t\t\t\t<div class=\"elementor-element elementor-element-3167634 elementor-flip-box--effect-flip elementor-flip-box--direction-up elementor-widget elementor-widget-flip-box\" data-id=\"3167634\" data-element_type=\"widget\" data-e-type=\"widget\" data-widget_type=\"flip-box.default\">\n\t\t\t\t<div class=\"elementor-widget-container\">\n\t\t\t\t\t\t\t<div class=\"elementor-flip-box\" tabindex=\"0\">\n\t\t\t<div class=\"elementor-flip-box__layer elementor-flip-box__front\">\n\t\t\t\t<div class=\"elementor-flip-box__layer__overlay\">\n\t\t\t\t\t<div class=\"elementor-flip-box__layer__inner\">\n\t\t\t\t\t\t\n\t\t\t\t\t\t\t\t\t\t\t\t\t<h3 class=\"elementor-flip-box__layer__title\">\n\t\t\t\t\t\t\t\tTrockeneisstrahl Maschinen\t\t\t\t\t\t\t<\/h3>\n\t\t\t\t\t\t\n\t\t\t\t\t\t\t\t\t\t\t\t\t<div class=\"elementor-flip-box__layer__description\">\n\t\t\t\t\t\t\t\tMiete von nur einem Tag oder mehreren Wochen\t\t\t\t\t\t\t<\/div>\n\t\t\t\t\t\t\t\t\t\t\t<\/div>\n\t\t\t\t<\/div>\n\t\t\t<\/div>\n\t\t\t<a class=\"elementor-flip-box__layer elementor-flip-box__back\" href=\"https:\/\/dryiceeu.com\/at\/produktkategorie\/trockeneisstrahl-maschinen\/\">\n\t\t\t<div class=\"elementor-flip-box__layer__overlay\">\n\t\t\t\t<div class=\"elementor-flip-box__layer__inner\">\n\t\t\t\t\t\t\t\t\t\t\t<h3 class=\"elementor-flip-box__layer__title\">\n\t\t\t\t\t\t\tMieten Sie noch heute eine\t\t\t\t\t\t<\/h3>\n\t\t\t\t\t\n\t\t\t\t\t\t\t\t\t\t\t<div class=\"elementor-flip-box__layer__description\">\n\t\t\t\t\t\t\tReinigungstechnologie f\u00fcr jede Oberfl\u00e4che mit den besten Trockeneis-Reinigungsmaschinen auf dem Markt \t\t\t\t\t\t<\/div>\n\t\t\t\t\t\n\t\t\t\t\t\t\t\t\t\t\t<span class=\"elementor-flip-box__button elementor-button elementor-size-sm\">\n\t\t\t\t\t\t\tSiehe Produkte\t\t\t\t\t\t<\/span>\n\t\t\t\t\t\t\t\t<\/div>\n\t\t<\/div>\n\t\t<\/a>\n\t\t<\/div>\n\t\t\t\t\t\t<\/div>\n\t\t\t\t<\/div>\n\t\t\t\t<\/div>\n\t\t<div class=\"elementor-element elementor-element-e0a71fb e-con-full e-flex e-con e-child\" data-id=\"e0a71fb\" data-element_type=\"container\" data-e-type=\"container\">\n\t\t\t\t<div class=\"elementor-element elementor-element-7341114 elementor-flip-box--effect-flip elementor-flip-box--direction-up elementor-widget elementor-widget-flip-box\" data-id=\"7341114\" data-element_type=\"widget\" data-e-type=\"widget\" data-widget_type=\"flip-box.default\">\n\t\t\t\t<div class=\"elementor-widget-container\">\n\t\t\t\t\t\t\t<div class=\"elementor-flip-box\" tabindex=\"0\">\n\t\t\t<div class=\"elementor-flip-box__layer elementor-flip-box__front\">\n\t\t\t\t<div class=\"elementor-flip-box__layer__overlay\">\n\t\t\t\t\t<div class=\"elementor-flip-box__layer__inner\">\n\t\t\t\t\t\t\n\t\t\t\t\t\t\t\t\t\t\t\t\t<h3 class=\"elementor-flip-box__layer__title\">\n\t\t\t\t\t\t\t\tTrockeneis\t\t\t\t\t\t\t<\/h3>\n\t\t\t\t\t\t\n\t\t\t\t\t\t\t\t\t\t\t\t\t<div class=\"elementor-flip-box__layer__description\">\n\t\t\t\t\t\t\t\tKaufen Sie in kleinen oder gro\u00dfen Mengen\t\t\t\t\t\t\t<\/div>\n\t\t\t\t\t\t\t\t\t\t\t<\/div>\n\t\t\t\t<\/div>\n\t\t\t<\/div>\n\t\t\t<a class=\"elementor-flip-box__layer elementor-flip-box__back\" href=\"https:\/\/dryiceeu.com\/at\/produktkategorie\/trockeneis\/\">\n\t\t\t<div class=\"elementor-flip-box__layer__overlay\">\n\t\t\t\t<div class=\"elementor-flip-box__layer__inner\">\n\t\t\t\t\t\t\t\t\t\t\t<h3 class=\"elementor-flip-box__layer__title\">\n\t\t\t\t\t\t\tKaufen Sie noch heute\t\t\t\t\t\t<\/h3>\n\t\t\t\t\t\n\t\t\t\t\t\t\t\t\t\t\t<div class=\"elementor-flip-box__layer__description\">\n\t\t\t\t\t\t\tTrockeneis-Pellets in speziellen Palettenboxen oder Containern. Ab 9 und bis zu 250 kg.\t\t\t\t\t\t<\/div>\n\t\t\t\t\t\n\t\t\t\t\t\t\t\t\t\t\t<span class=\"elementor-flip-box__button elementor-button elementor-size-sm\">\n\t\t\t\t\t\t\tSiehe Produkte\t\t\t\t\t\t<\/span>\n\t\t\t\t\t\t\t\t<\/div>\n\t\t<\/div>\n\t\t<\/a>\n\t\t<\/div>\n\t\t\t\t\t\t<\/div>\n\t\t\t\t<\/div>\n\t\t\t\t<\/div>\n\t\t\t\t<\/div>\n\t\t\t\t\t<\/div>\n\t\t\t\t<\/div>\n\t\t\t\t<\/div>\n\t\t\t\t<\/div>\n\t\t","protected":false},"excerpt":{"rendered":"<p>\u00dcber uns Das Unternehmen wurde 2012 in D\u00e4nemark gegr\u00fcndet, mit B\u00fcro und Produktion auch in Spanien und Vertrieb in mehr als 25 L\u00e4ndern weltweit. Das Design unserer Trockeneis-Strahlger\u00e4te entstand als Antwort auf den Bedarf unserer Kunden in der Automobilindustrie, die Maschinen ben\u00f6tigen, die in engen R\u00e4umen um die Produktionslinien herum bewegt werden k\u00f6nnen. Das Ergebnis&hellip;&nbsp;<a href=\"https:\/\/dryiceeu.com\/at\/uber-uns\/\" rel=\"bookmark\">Weiterlesen &raquo;<span class=\"screen-reader-text\">\u00dcber uns<\/span><\/a><\/p>\n","protected":false},"author":1,"featured_media":149,"parent":0,"menu_order":0,"comment_status":"closed","ping_status":"closed","template":"page-templates\/template-pagebuilder-full-width.php","meta":{"neve_meta_sidebar":"","neve_meta_container":"","neve_meta_enable_content_width":"","neve_meta_content_width":0,"neve_meta_title_alignment":"","neve_meta_author_avatar":"","neve_post_elements_order":"","neve_meta_disable_header":"","neve_meta_disable_footer":"","neve_meta_disable_title":"","footnotes":""},"class_list":["post-144","page","type-page","status-publish","has-post-thumbnail","hentry"],"_links":{"self":[{"href":"https:\/\/dryiceeu.com\/at\/wp-json\/wp\/v2\/pages\/144","targetHints":{"allow":["GET"]}}],"collection":[{"href":"https:\/\/dryiceeu.com\/at\/wp-json\/wp\/v2\/pages"}],"about":[{"href":"https:\/\/dryiceeu.com\/at\/wp-json\/wp\/v2\/types\/page"}],"author":[{"embeddable":true,"href":"https:\/\/dryiceeu.com\/at\/wp-json\/wp\/v2\/users\/1"}],"replies":[{"embeddable":true,"href":"https:\/\/dryiceeu.com\/at\/wp-json\/wp\/v2\/comments?post=144"}],"version-history":[{"count":3,"href":"https:\/\/dryiceeu.com\/at\/wp-json\/wp\/v2\/pages\/144\/revisions"}],"predecessor-version":[{"id":874,"href":"https:\/\/dryiceeu.com\/at\/wp-json\/wp\/v2\/pages\/144\/revisions\/874"}],"wp:featuredmedia":[{"embeddable":true,"href":"https:\/\/dryiceeu.com\/at\/wp-json\/wp\/v2\/media\/149"}],"wp:attachment":[{"href":"https:\/\/dryiceeu.com\/at\/wp-json\/wp\/v2\/media?parent=144"}],"curies":[{"name":"wp","href":"https:\/\/api.w.org\/{rel}","templated":true}]}}