{"id":178,"date":"2023-12-24T20:38:13","date_gmt":"2023-12-24T20:38:13","guid":{"rendered":"https:\/\/dryiceeu.com\/at\/datenschutzrichtlinie\/"},"modified":"2024-01-28T16:29:28","modified_gmt":"2024-01-28T15:29:28","slug":"datenschutzrichtlinie","status":"publish","type":"page","link":"https:\/\/dryiceeu.com\/at\/datenschutzrichtlinie\/","title":{"rendered":"Datenschutzrichtlinie"},"content":{"rendered":"\t\t<div data-elementor-type=\"wp-page\" data-elementor-id=\"178\" class=\"elementor elementor-178\" data-elementor-post-type=\"page\">\n\t\t\t\t<div class=\"elementor-element elementor-element-0a287e0 e-con-full e-flex e-con e-parent\" data-id=\"0a287e0\" data-element_type=\"container\" data-e-type=\"container\">\n\t\t<div class=\"elementor-element elementor-element-4208255 e-flex e-con-boxed e-con e-child\" data-id=\"4208255\" data-element_type=\"container\" data-e-type=\"container\">\n\t\t\t\t\t<div class=\"e-con-inner\">\n\t\t\t\t\t<\/div>\n\t\t\t\t<\/div>\n\t\t\t\t<\/div>\n\t\t<div class=\"elementor-element elementor-element-2e66d77 e-con-full e-flex e-con e-parent\" data-id=\"2e66d77\" data-element_type=\"container\" data-e-type=\"container\">\n\t\t<div class=\"elementor-element elementor-element-1c34ebb e-flex e-con-boxed e-con e-child\" data-id=\"1c34ebb\" data-element_type=\"container\" data-e-type=\"container\">\n\t\t\t\t\t<div class=\"e-con-inner\">\n\t\t\t\t<div class=\"elementor-element elementor-element-6c6522b elementor-widget elementor-widget-text-editor\" data-id=\"6c6522b\" data-element_type=\"widget\" data-e-type=\"widget\" data-widget_type=\"text-editor.default\">\n\t\t\t\t<div class=\"elementor-widget-container\">\n\t\t\t\t\t\t\t\t\t\n<p>Zuletzt aktualisiert: [5. September 2023]<\/p>\n\n\n\n<h3 class=\"wp-block-heading\"><strong>Einf\u00fchrung<\/strong><\/h3>\n\n\n\n<p>Willkommen bei dryiceEU (&#8222;wir&#8220;, &#8222;uns&#8220; oder &#8222;unser&#8220;). Wir verpflichten uns, Ihre Privatsph\u00e4re zu sch\u00fctzen und Ihre pers\u00f6nlichen Daten mit Sorgfalt zu behandeln. In dieser Datenschutzerkl\u00e4rung wird erl\u00e4utert, wie wir Ihre personenbezogenen Daten erfassen, verwenden, weitergeben und sch\u00fctzen, wenn Sie unsere Website [dryiceEU .com] (die &#8222;Website&#8220;) besuchen.<\/p>\n\n\n\n<hr class=\"wp-block-separator has-alpha-channel-opacity\">\n\n\n\n<h3 class=\"wp-block-heading\"><strong>Gesammelte Informationen<\/strong><\/h3>\n\n\n\n<p>Wenn Sie unsere Website nutzen, k\u00f6nnen wir die folgenden Arten von Informationen erfassen:<\/p>\n\n\n\n<ul>\n<li><strong>Pers\u00f6nliche Informationen:<\/strong> Dazu k\u00f6nnen Ihr Name, Ihre E-Mail-Adresse, Ihre Postanschrift, Ihre Telefonnummer und andere \u00e4hnliche Informationen geh\u00f6ren, wenn Sie uns diese freiwillig zur Verf\u00fcgung stellen.<\/li>\n\n\n\n<li><strong>Informationen \u00fcber die Nutzung:<\/strong> Wir sammeln Daten \u00fcber Ihre Interaktionen mit unserer Website, wie z. B. Ihre IP-Adresse, den Browsertyp, das Betriebssystem und die besuchten Seiten.<\/li>\n\n\n\n<li><strong>Cookies und Tracking-Technologien:<\/strong> Wir k\u00f6nnen Cookies, Web Beacons und \u00e4hnliche Technologien verwenden, um Informationen \u00fcber Ihr Surfverhalten und Ihre Pr\u00e4ferenzen zu sammeln. Sie k\u00f6nnen Ihre Cookie-Einstellungen verwalten, wie in unserer <a href=\"https:\/\/dryiceeu.com\/de\/de\/cookies\" data-type=\"page\" data-id=\"875\">Cookie-Richtlinie<\/a> erl\u00e4utert.<\/li>\n<\/ul>\n\n\n\n<hr class=\"wp-block-separator has-alpha-channel-opacity\">\n\n\n\n<h3 class=\"wp-block-heading\"><strong>Wie wir Ihre Informationen verwenden<\/strong><\/h3>\n\n\n\n<p>Wir verwenden Ihre Daten f\u00fcr die folgenden Zwecke:<\/p>\n\n\n\n<ul>\n<li>Zur Bereitstellung und Pflege unserer Website.<\/li>\n\n\n\n<li>Um auf Ihre Anfragen, W\u00fcnsche oder Kommentare zu antworten.<\/li>\n\n\n\n<li>Um die Leistung unserer Website und die Benutzerfreundlichkeit zu analysieren und zu verbessern.<\/li>\n\n\n\n<li>Um Ihnen Aktualisierungen, Newsletter und Marketingmitteilungen zukommen zu lassen, wenn Sie Ihre Zustimmung gegeben haben.<\/li>\n<\/ul>\n\n\n\n<hr class=\"wp-block-separator has-alpha-channel-opacity\">\n\n\n\n<h3 class=\"wp-block-heading\"><strong>Weitergabe Ihrer Informationen<\/strong><\/h3>\n\n\n\n<p>Wir k\u00f6nnen Ihre Informationen weitergeben an:<\/p>\n\n\n\n<ul>\n<li>Dienstleistungsanbieter und Partner, die uns beim Betrieb unserer Website unterst\u00fctzen.<\/li>\n\n\n\n<li>Gesetzliche Beh\u00f6rden, wenn dies gesetzlich vorgeschrieben ist oder um unsere Rechte und Interessen zu sch\u00fctzen.<\/li>\n<\/ul>\n\n\n\n<hr class=\"wp-block-separator has-alpha-channel-opacity\">\n\n\n\n<h3 class=\"wp-block-heading\"><strong>Ihre Wahlm\u00f6glichkeiten und Rechte<\/strong><\/h3>\n\n\n\n<p>Sie haben die folgenden Rechte in Bezug auf Ihre pers\u00f6nlichen Daten:<\/p>\n\n\n\n<ul>\n<li>Das Recht auf Zugang, Berichtigung oder L\u00f6schung Ihrer personenbezogenen Daten.<\/li>\n\n\n\n<li>Das Recht, Ihre Zustimmung zu Marketingmitteilungen zu widerrufen.<\/li>\n\n\n\n<li>Das Recht, der Verarbeitung Ihrer personenbezogenen Daten zu widersprechen.<\/li>\n<\/ul>\n\n\n\n<hr class=\"wp-block-separator has-alpha-channel-opacity\">\n\n\n\n<h3 class=\"wp-block-heading\"><strong>Datensicherheit<\/strong><\/h3>\n\n\n\n<p>Wir ergreifen geeignete Ma\u00dfnahmen, um Ihre pers\u00f6nlichen Daten vor unbefugtem Zugriff, Offenlegung, \u00c4nderung oder Zerst\u00f6rung zu sch\u00fctzen.<\/p>\n\n\n\n<hr class=\"wp-block-separator has-alpha-channel-opacity\">\n\n\n\n<h3 class=\"wp-block-heading\"><strong>\u00c4nderungen an dieser Datenschutzrichtlinie<\/strong><\/h3>\n\n\n\n<p>Wir k\u00f6nnen diese Datenschutzrichtlinie aktualisieren, um \u00c4nderungen in unseren Praktiken oder aus anderen betrieblichen, rechtlichen oder regulatorischen Gr\u00fcnden zu ber\u00fccksichtigen. Wir empfehlen Ihnen, diese Richtlinie in regelm\u00e4\u00dfigen Abst\u00e4nden zu \u00fcberpr\u00fcfen.<\/p>\n\n\n\n<hr class=\"wp-block-separator has-alpha-channel-opacity\">\n\n\n\n<h3 class=\"wp-block-heading\">Kontaktieren Sie uns<\/h3>\n\n\n\n<p>Wenn Sie Fragen oder Bedenken bez\u00fcglich dieser Datenschutzrichtlinie haben, kontaktieren Sie uns bitte unter adm@dryiceEU.com.<\/p>\n\t\t\t\t\t\t\t\t<\/div>\n\t\t\t\t<\/div>\n\t\t\t\t\t<\/div>\n\t\t\t\t<\/div>\n\t\t\t\t<\/div>\n\t\t\t\t<\/div>\n\t\t","protected":false},"excerpt":{"rendered":"<p>Zuletzt aktualisiert: [5. September 2023] Einf\u00fchrung Willkommen bei dryiceEU (&#8222;wir&#8220;, &#8222;uns&#8220; oder &#8222;unser&#8220;). Wir verpflichten uns, Ihre Privatsph\u00e4re zu sch\u00fctzen und Ihre pers\u00f6nlichen Daten mit Sorgfalt zu behandeln. In dieser Datenschutzerkl\u00e4rung wird erl\u00e4utert, wie wir Ihre personenbezogenen Daten erfassen, verwenden, weitergeben und sch\u00fctzen, wenn Sie unsere Website [dryiceEU .com] (die &#8222;Website&#8220;) besuchen. Gesammelte Informationen Wenn&hellip;&nbsp;<a href=\"https:\/\/dryiceeu.com\/at\/datenschutzrichtlinie\/\" rel=\"bookmark\">Weiterlesen &raquo;<span class=\"screen-reader-text\">Datenschutzrichtlinie<\/span><\/a><\/p>\n","protected":false},"author":1,"featured_media":0,"parent":0,"menu_order":0,"comment_status":"closed","ping_status":"closed","template":"page-templates\/template-pagebuilder-full-width.php","meta":{"neve_meta_sidebar":"","neve_meta_container":"","neve_meta_enable_content_width":"","neve_meta_content_width":0,"neve_meta_title_alignment":"","neve_meta_author_avatar":"","neve_post_elements_order":"","neve_meta_disable_header":"","neve_meta_disable_footer":"","neve_meta_disable_title":"","footnotes":""},"class_list":["post-178","page","type-page","status-publish","hentry"],"_links":{"self":[{"href":"https:\/\/dryiceeu.com\/at\/wp-json\/wp\/v2\/pages\/178","targetHints":{"allow":["GET"]}}],"collection":[{"href":"https:\/\/dryiceeu.com\/at\/wp-json\/wp\/v2\/pages"}],"about":[{"href":"https:\/\/dryiceeu.com\/at\/wp-json\/wp\/v2\/types\/page"}],"author":[{"embeddable":true,"href":"https:\/\/dryiceeu.com\/at\/wp-json\/wp\/v2\/users\/1"}],"replies":[{"embeddable":true,"href":"https:\/\/dryiceeu.com\/at\/wp-json\/wp\/v2\/comments?post=178"}],"version-history":[{"count":3,"href":"https:\/\/dryiceeu.com\/at\/wp-json\/wp\/v2\/pages\/178\/revisions"}],"predecessor-version":[{"id":637,"href":"https:\/\/dryiceeu.com\/at\/wp-json\/wp\/v2\/pages\/178\/revisions\/637"}],"wp:attachment":[{"href":"https:\/\/dryiceeu.com\/at\/wp-json\/wp\/v2\/media?parent=178"}],"curies":[{"name":"wp","href":"https:\/\/api.w.org\/{rel}","templated":true}]}}