{"id":194,"date":"2023-12-24T20:38:16","date_gmt":"2023-12-24T20:38:16","guid":{"rendered":"http:\/\/adminDImaster"},"modified":"2024-04-10T07:11:07","modified_gmt":"2024-04-10T06:11:07","slug":"ibl3000","status":"publish","type":"product","link":"https:\/\/dryiceeu.com\/at\/produkt\/ibl3000\/","title":{"rendered":"IBL3000"},"content":{"rendered":"<p>IBL3000 Dry Ice Blaster from IntelBlast is very narrow \u2013 Only 400 mm wide which will allow entry into tight spaces and between machines. Power comes from airflow and pressure. The more the stronger.<\/p>\n","protected":false},"excerpt":{"rendered":"<p>Sehr schmal &#8211; nur 400 mm breit, was den Zugang zu engen R\u00e4umen und zwischen Maschinen erm\u00f6glicht. Leistung entsteht durch Luftstrom und Druck. Leistung entsteht durch Luftstrom und Druck. Je mehr, desto st\u00e4rker.<\/p>\n","protected":false},"featured_media":212,"comment_status":"open","ping_status":"closed","template":"","meta":{"neve_meta_sidebar":"","neve_meta_container":"","neve_meta_enable_content_width":"off","neve_meta_content_width":100,"neve_meta_title_alignment":"","neve_meta_author_avatar":"","neve_post_elements_order":"","neve_meta_disable_header":"","neve_meta_disable_footer":"","neve_meta_disable_title":"","wds_primary_product_brand":0,"wds_primary_product_cat":0},"product_brand":[],"product_cat":[32],"product_tag":[],"class_list":{"0":"post-194","1":"product","2":"type-product","3":"status-publish","4":"has-post-thumbnail","6":"product_cat-trockeneisstrahl-maschinen","8":"first","9":"instock","10":"taxable","11":"shipping-taxable","12":"purchasable","13":"product-type-variable"},"_links":{"self":[{"href":"https:\/\/dryiceeu.com\/at\/wp-json\/wp\/v2\/product\/194","targetHints":{"allow":["GET"]}}],"collection":[{"href":"https:\/\/dryiceeu.com\/at\/wp-json\/wp\/v2\/product"}],"about":[{"href":"https:\/\/dryiceeu.com\/at\/wp-json\/wp\/v2\/types\/product"}],"replies":[{"embeddable":true,"href":"https:\/\/dryiceeu.com\/at\/wp-json\/wp\/v2\/comments?post=194"}],"wp:featuredmedia":[{"embeddable":true,"href":"https:\/\/dryiceeu.com\/at\/wp-json\/wp\/v2\/media\/212"}],"wp:attachment":[{"href":"https:\/\/dryiceeu.com\/at\/wp-json\/wp\/v2\/media?parent=194"}],"wp:term":[{"taxonomy":"product_brand","embeddable":true,"href":"https:\/\/dryiceeu.com\/at\/wp-json\/wp\/v2\/product_brand?post=194"},{"taxonomy":"product_cat","embeddable":true,"href":"https:\/\/dryiceeu.com\/at\/wp-json\/wp\/v2\/product_cat?post=194"},{"taxonomy":"product_tag","embeddable":true,"href":"https:\/\/dryiceeu.com\/at\/wp-json\/wp\/v2\/product_tag?post=194"}],"curies":[{"name":"wp","href":"https:\/\/api.w.org\/{rel}","templated":true}]}}