{"id":525,"date":"2023-12-21T13:37:07","date_gmt":"2023-12-21T13:37:07","guid":{"rendered":"https:\/\/dryiceeu.com\/be\/terms-conditions\/"},"modified":"2024-03-20T14:19:51","modified_gmt":"2024-03-20T13:19:51","slug":"conditions-generales","status":"publish","type":"page","link":"https:\/\/dryiceeu.com\/be\/conditions-generales\/","title":{"rendered":"Conditions g\u00e9n\u00e9rales"},"content":{"rendered":"\t\t<div data-elementor-type=\"wp-page\" data-elementor-id=\"525\" class=\"elementor elementor-525\" data-elementor-post-type=\"page\">\n\t\t\t\t<div class=\"elementor-element elementor-element-4d8c003 e-con-full e-flex e-con e-parent\" data-id=\"4d8c003\" data-element_type=\"container\" data-e-type=\"container\">\n\t\t<div class=\"elementor-element elementor-element-6c5db1a e-flex e-con-boxed e-con e-child\" data-id=\"6c5db1a\" data-element_type=\"container\" data-e-type=\"container\">\n\t\t\t\t\t<div class=\"e-con-inner\">\n\t\t\t\t\t<\/div>\n\t\t\t\t<\/div>\n\t\t\t\t<\/div>\n\t\t<div class=\"elementor-element elementor-element-8d3de96 e-con-full e-flex e-con e-parent\" data-id=\"8d3de96\" data-element_type=\"container\" data-e-type=\"container\">\n\t\t<div class=\"elementor-element elementor-element-a2009ee e-flex e-con-boxed e-con e-child\" data-id=\"a2009ee\" data-element_type=\"container\" data-e-type=\"container\">\n\t\t\t\t\t<div class=\"e-con-inner\">\n\t\t\t\t<div class=\"elementor-element elementor-element-3320f23 elementor-widget elementor-widget-text-editor\" data-id=\"3320f23\" data-element_type=\"widget\" data-e-type=\"widget\" data-widget_type=\"text-editor.default\">\n\t\t\t\t<div class=\"elementor-widget-container\">\n\t\t\t\t\t\t\t\t\t<p>Ce CONTRAT DE LOCATION D&rsquo;\u00c9QUIPEMENT (cet \u00ab Contrat \u00bb) est conclu par et entre Intelblast. ci-apr\u00e8s d\u00e9nomm\u00e9 \u00ab INTELBLAST \u00bb, et\u00a0:<\/p><p>Nom de l&rsquo;entreprise:<br \/>Contact:<br \/>Adresse:<br \/>Ville\/\u00c9tat\/code postal\u00a0:<br \/>T\u00e9l\u00e9phone:<br \/>E-mail:<\/p><p>La soci\u00e9t\u00e9 ou la personne physique r\u00e9f\u00e9renc\u00e9e ci-dessus est ci-apr\u00e8s d\u00e9nomm\u00e9e le \u00ab Client \u00bb,<\/p><p>aux fins de la location de certains \u00e9quipements de nettoyage \u00e0 la glace carbonique aupr\u00e8s d&rsquo;INTELBLAST selon les termes du pr\u00e9sent Contrat (\u00ab l&rsquo;\u00c9quipement \u00bb). Contre une contrepartie valable et valable, dont la r\u00e9ception et la suffisance sont reconnues par les pr\u00e9sentes, les parties conviennent de ce qui suit\u00a0:<\/p><p>1. Dur\u00e9e de l&rsquo;accord\u00a0:<\/p><p>Le pr\u00e9sent Contrat durera au moins une (1) semaine (une \u00ab\u00a0P\u00e9riode de location\u00a0\u00bb), commen\u00e7ant \u00e0 la date de r\u00e9ception de l&rsquo;\u00e9quipement par le client et se terminant le (et inclus) le jour du retour \u00e0 INTELBLAST. Une semaine sera d\u00e9finie comme cinq (5) jours ouvr\u00e9s (hors week-end et jours f\u00e9ri\u00e9s) \u00e0 compter de la Date de R\u00e9ception du Mat\u00e9riel par le Client.<\/p><p>2. Date de r\u00e9ception\u00a0:<\/p><p>La Date de R\u00e9ception du Mat\u00e9riel, et donc le d\u00e9but de la dur\u00e9e de location, sera le jour o\u00f9 le Mat\u00e9riel est livr\u00e9 et\/ou sign\u00e9 par le Client. INTELBLAST fournira une preuve de livraison de l&rsquo;\u00c9quipement au Client sur demande.<\/p><p>3. Date de retour\u00a0:<\/p><p>La date de retour de l&rsquo;\u00e9quipement \u00e0 INTELBLAST sera le jour de la signature de l&rsquo;\u00e9quipement par le transitaire d\u00e9sign\u00e9 par INTELBLAST ou lors de son retour au lieu de location.<\/p><p>4. Mat\u00e9riel lou\u00e9 :<\/p><p>Le Mat\u00e9riel lou\u00e9 par le Client \u00e0 INTELBLAST au titre du pr\u00e9sent Contrat est plus particuli\u00e8rement d\u00e9crit dans la confirmation de commande et sur www.dryiceeu.com\/fr.<\/p><p>5. Propri\u00e9t\u00e9 du mat\u00e9riel de location\u00a0:<\/p><p>Tout l&rsquo;\u00e9quipement de location fourni par INTELBLAST au client pour une utilisation pendant la p\u00e9riode de location initiale ou ult\u00e9rieure (le cas \u00e9ch\u00e9ant) restera la propri\u00e9t\u00e9 d&rsquo;INTELBLAST.<\/p><p>6. Dommages et pertes\u00a0:<\/p><p>Dans le cas o\u00f9 l&rsquo;\u00e9quipement est endommag\u00e9, perdu, vandalis\u00e9 ou vol\u00e9, alors qu&rsquo;il est en possession du client, le client sera responsable de l&rsquo;int\u00e9gralit\u00e9 des co\u00fbts (y compris la main d&rsquo;\u0153uvre) de r\u00e9paration de l&rsquo;\u00e9quipement s&rsquo;il est endommag\u00e9 ou vandalis\u00e9 (usure normale except\u00e9e). , ou en achetant l&rsquo;\u00e9quipement aupr\u00e8s d&rsquo;INTELBLAST au prix catalogue complet tel qu&rsquo;\u00e9tabli par INTELBLAST au moment de la location en cas de perte ou de vol. Le Client informera imm\u00e9diatement INTELBLAST si l&rsquo;une de ces situations se produit.<\/p><p>7. \u00c9quipement d\u00e9fectueux.<\/p><p>Si l&rsquo;\u00e9quipement devient dangereux, fonctionne mal ou n\u00e9cessite une r\u00e9paration, le client doit imm\u00e9diatement cesser d&rsquo;utiliser cet \u00e9quipement et en informer imm\u00e9diatement INTELBLAST. Si une telle condition est le r\u00e9sultat d&rsquo;un fonctionnement normal, INTELBLAST r\u00e9parera ou remplacera l&rsquo;\u00e9quipement par un \u00e9quipement similaire en \u00e9tat de fonctionnement si un tel remplacement est disponible. INTELBLAST n&rsquo;a aucune obligation de remplacer l&rsquo;\u00e9quipement rendu inutilisable par une mauvaise utilisation, un abus ou une n\u00e9gligence. Le seul recours du Client en cas de panne ou de d\u00e9faut de l\u2019\u00c9quipement sera la r\u00e9siliation de tous les frais de location accumul\u00e9s apr\u00e8s la panne. L&rsquo;\u00c9quipement doit \u00eatre restitu\u00e9 ou r\u00e9cup\u00e9r\u00e9 par INTELBLAST dans les vingt-quatre heures suivant le moment de la panne afin de mettre fin aux frais de location.<\/p><p>7. Montant du loyer d\u00fb\u00a0:<\/p><p>Le montant de la location d\u00fb pour le Mat\u00e9riel sera celui indiqu\u00e9 dans la confirmation de commande r\u00e9alis\u00e9e sur notre page d&rsquo;accueil. Ce loyer, ainsi que les loyers ult\u00e9rieurs, le cas \u00e9ch\u00e9ant, seront dus et payables d&rsquo;avance conform\u00e9ment aux dispositions de l&rsquo;article 9 ci-dessous. Toutes les taxes, frais et fret pouvant \u00eatre applicables ou encourus par INTELBLAST seront pay\u00e9s par le Client \u00e0 titre de frais de location suppl\u00e9mentaires et seront \u00e9galement dus et payables \u00e0 l&rsquo;avance.<\/p><p>9. Mode de paiement\u00a0:<\/p><p>Le paiement de la location de l&rsquo;\u00c9quipement INTELBLAST sera effectu\u00e9 par carte de cr\u00e9dit (VISA\/MASTER CARD) en ligne ou par tout autre moyen de transfert \u00e9lectronique par le Client, sauf accord contraire pr\u00e9alable des parties.<\/p><p>10. Retours tardifs.<\/p><p>\u00c0 moins qu&rsquo;INTELBLAST n&rsquo;accepte par \u00e9crit de prolonger les p\u00e9riodes de location, l&rsquo;\u00e9quipement doit \u00eatre retourn\u00e9 ou r\u00e9cup\u00e9r\u00e9 par INTELBLAST ou un transitaire d\u00e9sign\u00e9 par INTELBLAST \u00e0 la date d&rsquo;\u00e9ch\u00e9ance pendant les heures normales de bureau. Si le Client ne restitue pas l&rsquo;\u00c9quipement avant la fermeture des bureaux le dernier jour de location, chaque jour de retard suppl\u00e9mentaire sera factur\u00e9 au Client au prorata d&rsquo;un cinqui\u00e8me (1\/5) de la location hebdomadaire plus un suppl\u00e9ment journalier de \u20ac50,00 par jour. Le client comprend et accepte ce qui pr\u00e9c\u00e8de et autorise INTELBLAST \u00e0 d\u00e9biter la carte de cr\u00e9dit ou tout autre compte du client pour r\u00e9gler ces frais au fur et \u00e0 mesure qu&rsquo;ils sont encourus.<\/p><p>11. Prolongation de l&rsquo;accord\u00a0:<\/p><p>Le pr\u00e9sent Contrat peut \u00eatre prolong\u00e9 sur une base hebdomadaire au choix du Client. Le Client devra notifier INTELBLAST au pr\u00e9alable par \u00e9crit par email (info@intelblast.com ou adm@dryiceeu.com\/fr) de sa volont\u00e9 de prolonger le pr\u00e9sent Contrat. Le d\u00e9faut de retourner l&rsquo;\u00e9quipement ou d&rsquo;informer INTELBLAST de l&rsquo;intention du client de prolonger autorisera INTELBLAST \u00e0 d\u00e9biter la carte de cr\u00e9dit du client pour tous les frais, frais, etc., \u00e9nonc\u00e9s ci-dessus. INTELBLAST se r\u00e9serve le droit de d\u00e9biter la carte bancaire du Client de ces derniers jusqu&rsquo;au retour ou \u00e0 l&rsquo;achat du Mat\u00e9riel.<\/p><p>12. Achat d\u2019\u00e9quipement pour valeur r\u00e9siduelle\u00a0:<\/p><p>L&rsquo;achat de l&rsquo;\u00e9quipement pour la valeur r\u00e9siduelle n&rsquo;est pas possible dans le cadre de cet accord.<\/p><p>13. Frais de transport et de manutention\u00a0:<\/p><p>INTELBLAST organisera le transport et la manutention de l&rsquo;\u00e9quipement vers et depuis le client. Les frais et co\u00fbts li\u00e9s \u00e0 l&rsquo;exp\u00e9dition ou \u00e0 la manutention seront factur\u00e9s au client. Le client peut \u00e9galement organiser la prise en charge et le retour de la ou des machines \u00e0 l&rsquo;endroit d&rsquo;o\u00f9 elles sont lou\u00e9es.<\/p><p>14. Restitution du mat\u00e9riel, r\u00e9parations et caution\u00a0:<\/p><p>A l&rsquo;expiration du terme, le Client restituera ou restituera l&rsquo;\u00c9quipement \u00e0 INTELBLAST dans un \u00e9tat aussi bon que lors de sa livraison au Client, sous r\u00e9serve d&rsquo;une usure raisonnable.<\/p><p>Le Client sera responsable de tous les frais de r\u00e9paration de l\u2019\u00c9quipement occasionn\u00e9s par l\u2019utilisation du Client, \u00e0 l\u2019exception de l\u2019usure normale.<\/p><p>Un d\u00e9p\u00f4t remboursable de quinze pour cent (15 %) du prix de d\u00e9tail de l&rsquo;\u00e9quipement sera factur\u00e9 au d\u00e9but du terme, et tous les frais n\u00e9cessaires \u00e0 la r\u00e9paration ou au nettoyage de l&rsquo;\u00e9quipement seront imput\u00e9s \u00e0 ce d\u00e9p\u00f4t. INTELBLAST fournira au client un relev\u00e9 d\u00e9taill\u00e9 de ces frais, le cas \u00e9ch\u00e9ant, \u00e0 la fin de la dur\u00e9e de location. Si les frais de r\u00e9paration et de nettoyage du Mat\u00e9riel sont sup\u00e9rieurs au montant de la caution, le Client s&rsquo;engage \u00e0 payer ces frais. Si les frais de r\u00e9paration et de nettoyage du Mat\u00e9riel sont inf\u00e9rieurs au montant de la caution, ledit montant restant sera rembours\u00e9 au Client par INTELBLAST.<\/p><p>15.\u00a0Usure raisonnable.<\/p><p>L\u2019usure raisonnable du Mat\u00e9riel d\u00e9signe uniquement la d\u00e9t\u00e9rioration du Mat\u00e9riel provoqu\u00e9e par son utilisation ordinaire et raisonnable. Les \u00e9l\u00e9ments suivants ne sont pas consid\u00e9r\u00e9s comme une usure raisonnable\u00a0:<\/p><p>Tout dommage r\u00e9sultant d&rsquo;un manque d&rsquo;entretien ou d&rsquo;un d\u00e9faut d&rsquo;alimentation de l&rsquo;\u00e9quipement en air propre et sec.<br \/>Tout dommage r\u00e9sultant d&rsquo;un manque d&rsquo;entretien ou de maintenance pr\u00e9ventive n\u00e9cessitant une notification \u00e0 Intelblast comme indiqu\u00e9 ci-dessus. Veuillez consulter le manuel d&rsquo;utilisation.<br \/>Tout dommage r\u00e9sultant d\u2019une collision, d\u2019un renversement ou d\u2019un mauvais fonctionnement de l\u2019\u00c9quipement.<br \/>Toute bosse, flexion, d\u00e9chirure, coloration et d\u00e9salignement de l&rsquo;\u00e9quipement ou de toute partie de celui-ci.<br \/>Toute usure r\u00e9sultant d\u2019une utilisation excessive.<br \/>Tout autre dommage \u00e0 l\u2019\u00c9quipement qui n\u2019est pas consid\u00e9r\u00e9 comme ordinaire et raisonnable.<br \/>Toute tentative du Client de proc\u00e9der \u00e0 une r\u00e9paration du Mat\u00e9riel sera consid\u00e9r\u00e9e comme une d\u00e9gradation volontaire.<\/p><p>16. Exigences en mati\u00e8re d&rsquo;assurance client\u00a0:<\/p><p>Le Client s&rsquo;engage \u00e0 maintenir \u00e0 ses frais une assurance responsabilit\u00e9 civile g\u00e9n\u00e9rale et une assurance Tous Risques IARD pendant toute la dur\u00e9e de la location. La preuve de cette assurance devra \u00eatre pr\u00e9sent\u00e9e \u00e0 Intelblast sur demande.<\/p><p>17. Garantie limit\u00e9e\u00a0:<\/p><p>INTELBLAST garantit au Client qu&rsquo;INTELBLAST d\u00e9ploiera des efforts commercialement raisonnables pour livrer l&rsquo;\u00c9quipement en bon \u00e9tat de fonctionnement. cette garantie est la seule garantie qu&rsquo;Intelblast a accord\u00e9e au Client concernant l&rsquo;\u00e9quipement. Intelblast ne fait aucune d\u00e9claration ou garantie, expresse ou implicite, concernant l&rsquo;\u00e9quipement ou tout autre mat\u00e9riel fourni par Intelblast ci-dessous, et Intelblast d\u00e9cline express\u00e9ment par la pr\u00e9sente toute garantie expresse ou implicite \u00e0 cet \u00e9gard, y compris, sans limitation, toute garantie implicite de qualit\u00e9 marchande, ou aptitude \u00e0 un usage particulier.<\/p><p>Le client d\u00e9gage Intelblast de toute responsabilit\u00e9 ou dommage (y compris, sans limitation, les dommages pour perte de profit, perte d&rsquo;opportunit\u00e9 commerciale et autre perte \u00e9conomique) qui pourraient \u00eatre caus\u00e9s par l&rsquo;\u00e9chec ou l&rsquo;incapacit\u00e9 d&rsquo;Intelblast \u00e0 livrer un \u00e9quipement \u00e0 une date sp\u00e9cifi\u00e9e. ou le temps.<\/p><p>18. Limites des dommages\u00a0:<\/p><p>En aucun cas Intelblast ne sera responsable envers le Client de tout dommage accidentel, indirect, cons\u00e9cutif, punitif ou sp\u00e9cial (y compris, mais sans s&rsquo;y limiter, les dommages \u00e0 la r\u00e9putation de l&rsquo;entreprise, la perte d&rsquo;activit\u00e9 ou la perte de profits), qu&rsquo;ils soient pr\u00e9visibles ou non et quelle qu&rsquo;en soit la cause, m\u00eame si l&rsquo;entreprise a \u00e9t\u00e9 inform\u00e9e de la possibilit\u00e9 que de tels dommages surviennent.<\/p><p>19. Accus\u00e9 de r\u00e9ception des instructions d&rsquo;utilisation et autorisation\u00a0:<\/p><p>Le client reconna\u00eet par la pr\u00e9sente par l&rsquo;ex\u00e9cution du pr\u00e9sent accord qu&rsquo;Intelblast lui a fourni des instructions appropri\u00e9es et suffisantes quant \u00e0 l&rsquo;assemblage, au fonctionnement, \u00e0 la configuration et \u00e0 la maintenance de l&rsquo;\u00e9quipement. Le client garantit et accepte en outre de consulter et de conseiller Intelblast quant \u00e0 l&rsquo;utilisation et \u00e0 l&rsquo;application pr\u00e9vues de l&rsquo;\u00e9quipement en fonction de l&rsquo;ad\u00e9quation de l&rsquo;objectif avant d&rsquo;ex\u00e9cuter le pr\u00e9sent accord. Nonobstant les dispositions de l&rsquo;article 17 des pr\u00e9sentes, Intelblast se r\u00e9serve le droit de refuser la location de l&rsquo;\u00e9quipement au client, ou de confisquer l&rsquo;\u00e9quipement apr\u00e8s l&rsquo;ex\u00e9cution du pr\u00e9sent accord, si, de l&rsquo;avis d&rsquo;Intelblast, ladite application de l&rsquo;\u00e9quipement est peu judicieuse et susceptible de causer calamit\u00e9 ou dommage \u00e0 l\u2019\u00e9quipement, au client et\/ou \u00e0 autrui.<\/p><p>Le client s&rsquo;engage \u00e0 indemniser et \u00e0 tenir Intelblast indemne et libre de toute responsabilit\u00e9 de quelque nature que ce soit qui pourrait r\u00e9sulter de l&rsquo;utilisation et\/ou du fonctionnement inappropri\u00e9 ou non autoris\u00e9 de l&rsquo;\u00e9quipement par le client.<\/p><p>Cette autorisation d&rsquo;Intelblast par le client s&rsquo;applique au client, \u00e0 ses repr\u00e9sentants, ayants droit, sous-traitants, travailleurs contractuels, autres personnes ou entit\u00e9s non sp\u00e9cifiquement nomm\u00e9es ou identifi\u00e9es dans les pr\u00e9sentes, et\/ou \u00e0 toute autre personne ou entit\u00e9 autoris\u00e9e par le client \u00e0 exploiter l&rsquo;\u00e9quipement. pendant la dur\u00e9e du pr\u00e9sent accord.<\/p><p>Le client s&rsquo;engage \u00e9galement \u00e0 indemniser et \u00e0 tenir Intelblast indemne et libre de toute responsabilit\u00e9 ou obligation de quelque nature que ce soit pouvant r\u00e9sulter de blessures ou de dommages corporels subis par le client, ses employ\u00e9s, sous-traitants, agents, clients, travailleurs contractuels ou autres personnes engag\u00e9es par le client pour faire fonctionner l&rsquo;\u00e9quipement, ou des tiers non nomm\u00e9s dans les pr\u00e9sentes, r\u00e9sultant d&rsquo;une utilisation et d&rsquo;un fonctionnement inappropri\u00e9s de l&rsquo;\u00e9quipement, pendant la dur\u00e9e du pr\u00e9sent accord.<\/p>\t\t\t\t\t\t\t\t<\/div>\n\t\t\t\t<\/div>\n\t\t\t\t\t<\/div>\n\t\t\t\t<\/div>\n\t\t\t\t<\/div>\n\t\t\t\t<\/div>\n\t\t","protected":false},"excerpt":{"rendered":"<p>Ce CONTRAT DE LOCATION D&rsquo;\u00c9QUIPEMENT (cet \u00ab Contrat \u00bb) est conclu par et entre Intelblast. ci-apr\u00e8s d\u00e9nomm\u00e9 \u00ab INTELBLAST \u00bb, et\u00a0: Nom de l&rsquo;entreprise:Contact:Adresse:Ville\/\u00c9tat\/code postal\u00a0:T\u00e9l\u00e9phone:E-mail: La soci\u00e9t\u00e9 ou la personne physique r\u00e9f\u00e9renc\u00e9e ci-dessus est ci-apr\u00e8s d\u00e9nomm\u00e9e le \u00ab Client \u00bb, aux fins de la location de certains \u00e9quipements de nettoyage \u00e0 la glace carbonique aupr\u00e8s&hellip;&nbsp;<a href=\"https:\/\/dryiceeu.com\/be\/conditions-generales\/\" rel=\"bookmark\">Lire la suite &raquo;<span class=\"screen-reader-text\">Conditions g\u00e9n\u00e9rales<\/span><\/a><\/p>\n","protected":false},"author":1,"featured_media":0,"parent":0,"menu_order":0,"comment_status":"closed","ping_status":"closed","template":"page-templates\/template-pagebuilder-full-width.php","meta":{"neve_meta_sidebar":"","neve_meta_container":"","neve_meta_enable_content_width":"","neve_meta_content_width":0,"neve_meta_title_alignment":"","neve_meta_author_avatar":"","neve_post_elements_order":"","neve_meta_disable_header":"","neve_meta_disable_footer":"","neve_meta_disable_title":"","footnotes":""},"class_list":["post-525","page","type-page","status-publish","hentry"],"_links":{"self":[{"href":"https:\/\/dryiceeu.com\/be\/wp-json\/wp\/v2\/pages\/525","targetHints":{"allow":["GET"]}}],"collection":[{"href":"https:\/\/dryiceeu.com\/be\/wp-json\/wp\/v2\/pages"}],"about":[{"href":"https:\/\/dryiceeu.com\/be\/wp-json\/wp\/v2\/types\/page"}],"author":[{"embeddable":true,"href":"https:\/\/dryiceeu.com\/be\/wp-json\/wp\/v2\/users\/1"}],"replies":[{"embeddable":true,"href":"https:\/\/dryiceeu.com\/be\/wp-json\/wp\/v2\/comments?post=525"}],"version-history":[{"count":10,"href":"https:\/\/dryiceeu.com\/be\/wp-json\/wp\/v2\/pages\/525\/revisions"}],"predecessor-version":[{"id":2006,"href":"https:\/\/dryiceeu.com\/be\/wp-json\/wp\/v2\/pages\/525\/revisions\/2006"}],"wp:attachment":[{"href":"https:\/\/dryiceeu.com\/be\/wp-json\/wp\/v2\/media?parent=525"}],"curies":[{"name":"wp","href":"https:\/\/api.w.org\/{rel}","templated":true}]}}