{"id":528,"date":"2023-12-21T13:37:07","date_gmt":"2023-12-21T13:37:07","guid":{"rendered":"https:\/\/dryiceeu.com\/be\/safety-and-safety-equipment\/"},"modified":"2026-01-21T10:54:43","modified_gmt":"2026-01-21T09:54:43","slug":"securite-et-equipement-de-securite","status":"publish","type":"page","link":"https:\/\/dryiceeu.com\/be\/securite-et-equipement-de-securite\/","title":{"rendered":"S\u00e9curit\u00e9 et \u00e9quipement de s\u00e9curit\u00e9"},"content":{"rendered":"\t\t<div data-elementor-type=\"wp-page\" data-elementor-id=\"528\" class=\"elementor elementor-528\" data-elementor-post-type=\"page\">\n\t\t\t\t<div class=\"elementor-element elementor-element-51e99e0 e-con-full e-flex e-con e-parent\" data-id=\"51e99e0\" data-element_type=\"container\" data-e-type=\"container\" id=\"product-page-dry\">\n\t\t<div class=\"elementor-element elementor-element-22a58ec e-flex e-con-boxed e-con e-child\" data-id=\"22a58ec\" data-element_type=\"container\" data-e-type=\"container\">\n\t\t\t\t\t<div class=\"e-con-inner\">\n\t\t<div class=\"elementor-element elementor-element-1a0ce1a e-con-full e-flex e-con e-child\" data-id=\"1a0ce1a\" data-element_type=\"container\" data-e-type=\"container\">\n\t\t\t\t<div class=\"elementor-element elementor-element-e91a6a3 elementor-widget elementor-widget-heading\" data-id=\"e91a6a3\" data-element_type=\"widget\" data-e-type=\"widget\" data-widget_type=\"heading.default\">\n\t\t\t\t<div class=\"elementor-widget-container\">\n\t\t\t\t\t<h1 class=\"elementor-heading-title elementor-size-default\">\u00c9quipements de s\u00e9curit\u00e9 et de s\u00e9curit\u00e9<\/h1>\t\t\t\t<\/div>\n\t\t\t\t<\/div>\n\t\t\t\t<div class=\"elementor-element elementor-element-c6334e6 elementor-widget elementor-widget-text-editor\" data-id=\"c6334e6\" data-element_type=\"widget\" data-e-type=\"widget\" data-widget_type=\"text-editor.default\">\n\t\t\t\t<div class=\"elementor-widget-container\">\n\t\t\t\t\t\t\t\t\t<p>La glace carbonique est fabriqu\u00e9e en expansant du LCO\u00b2 qui formera de la neige carbonique. La neige est ensuite comprim\u00e9e et extrud\u00e9e par un pelletiseur pour cr\u00e9er des granul\u00e9s de neige carbonique.<\/p>\t\t\t\t\t\t\t\t<\/div>\n\t\t\t\t<\/div>\n\t\t\t\t<\/div>\n\t\t<div class=\"elementor-element elementor-element-edd30f8 e-con-full elementor-hidden-mobile e-flex e-con e-child\" data-id=\"edd30f8\" data-element_type=\"container\" data-e-type=\"container\">\n\t\t\t\t<\/div>\n\t\t\t\t\t<\/div>\n\t\t\t\t<\/div>\n\t\t\t\t<\/div>\n\t\t<div class=\"elementor-element elementor-element-43da3cd e-con-full e-flex e-con e-parent\" data-id=\"43da3cd\" data-element_type=\"container\" data-e-type=\"container\" data-settings=\"{&quot;background_background&quot;:&quot;classic&quot;}\">\n\t\t<div class=\"elementor-element elementor-element-390c272 e-flex e-con-boxed e-con e-child\" data-id=\"390c272\" data-element_type=\"container\" data-e-type=\"container\">\n\t\t\t\t\t<div class=\"e-con-inner\">\n\t\t<div class=\"elementor-element elementor-element-29737bf e-con-full e-flex e-con e-child\" data-id=\"29737bf\" data-element_type=\"container\" data-e-type=\"container\">\n\t\t\t\t<div class=\"elementor-element elementor-element-0374298 elementor-widget elementor-widget-image\" data-id=\"0374298\" data-element_type=\"widget\" data-e-type=\"widget\" data-widget_type=\"image.default\">\n\t\t\t\t<div class=\"elementor-widget-container\">\n\t\t\t\t\t\t\t\t\t\t\t\t\t\t\t<img fetchpriority=\"high\" decoding=\"async\" width=\"643\" height=\"547\" src=\"https:\/\/dryiceeu.com\/be\/wp-content\/uploads\/sites\/8\/2023\/12\/safetyb.png\" class=\"attachment-full size-full wp-image-529\" alt=\"\" srcset=\"https:\/\/dryiceeu.com\/be\/wp-content\/uploads\/sites\/8\/2023\/12\/safetyb.png 643w, https:\/\/dryiceeu.com\/be\/wp-content\/uploads\/sites\/8\/2023\/12\/safetyb-300x255.png 300w, https:\/\/dryiceeu.com\/be\/wp-content\/uploads\/sites\/8\/2023\/12\/safetyb-600x510.png 600w\" sizes=\"(max-width: 643px) 100vw, 643px\" \/>\t\t\t\t\t\t\t\t\t\t\t\t\t\t\t<\/div>\n\t\t\t\t<\/div>\n\t\t\t\t<\/div>\n\t\t<div class=\"elementor-element elementor-element-af60590 e-con-full e-flex e-con e-child\" data-id=\"af60590\" data-element_type=\"container\" data-e-type=\"container\">\n\t\t\t\t<div class=\"elementor-element elementor-element-45b805d elementor-widget elementor-widget-heading\" data-id=\"45b805d\" data-element_type=\"widget\" data-e-type=\"widget\" data-widget_type=\"heading.default\">\n\t\t\t\t<div class=\"elementor-widget-container\">\n\t\t\t\t\t<h2 class=\"elementor-heading-title elementor-size-default\">Guide de s\u00e9curit\u00e9<\/h2>\t\t\t\t<\/div>\n\t\t\t\t<\/div>\n\t\t\t\t<div class=\"elementor-element elementor-element-7d493d2 elementor-widget elementor-widget-text-editor\" data-id=\"7d493d2\" data-element_type=\"widget\" data-e-type=\"widget\" data-widget_type=\"text-editor.default\">\n\t\t\t\t<div class=\"elementor-widget-container\">\n\t\t\t\t\t\t\t\t\t<p>Le CO\u00b2 lib\u00e9r\u00e9 par le processus de projection lorsque la neige carbonique se transforme en gaz augmente \u00e0 nouveau les niveaux de CO\u00b2 dans la zone de travail.<\/p><p>Dans la plupart des r\u00e9gions et lors du nettoyage ext\u00e9rieur, cela ne posera aucun probl\u00e8me. Mais s&rsquo;il est utilis\u00e9 \u00e0 l&rsquo;int\u00e9rieur ou dans un espace confin\u00e9, un dispositif de surveillance du CO\u00b2 (la plupart des r\u00e9glementations d\u00e9finissent que 5 000 ppm est la concentration la plus \u00e9lev\u00e9e autoris\u00e9e sur 8 heures maximum) et un masque d&rsquo;alimentation en air frais sont n\u00e9cessaires. Veuillez consulter votre fournisseur local d&rsquo;\u00e9quipements de protection individuelle (EPI).<\/p><p>Le CO\u00b2 est incolore, insipide et inodore. Les sympt\u00f4mes d\u2019une surexposition au CO\u00b2 sont :<\/p><p>Dans tous les cas, il est n\u00e9cessaire d&rsquo;avoir une ventilation suffisante dans les zones o\u00f9 vous travaillez.<\/p>\t\t\t\t\t\t\t\t<\/div>\n\t\t\t\t<\/div>\n\t\t\t\t<\/div>\n\t\t\t\t\t<\/div>\n\t\t\t\t<\/div>\n\t\t\t\t<\/div>\n\t\t<div class=\"elementor-element elementor-element-2e93522 e-con-full e-flex e-con e-parent\" data-id=\"2e93522\" data-element_type=\"container\" data-e-type=\"container\">\n\t\t<div class=\"elementor-element elementor-element-b1d2f7c e-flex e-con-boxed e-con e-child\" data-id=\"b1d2f7c\" data-element_type=\"container\" data-e-type=\"container\">\n\t\t\t\t\t<div class=\"e-con-inner\">\n\t\t<div class=\"elementor-element elementor-element-90adaa1 e-con-full e-flex e-con e-child\" data-id=\"90adaa1\" data-element_type=\"container\" data-e-type=\"container\">\n\t\t<div class=\"elementor-element elementor-element-855b994 e-con-full e-flex e-con e-child\" data-id=\"855b994\" data-element_type=\"container\" data-e-type=\"container\" data-settings=\"{&quot;background_background&quot;:&quot;classic&quot;}\">\n\t\t\t\t<div class=\"elementor-element elementor-element-c53ebda elementor-position-top elementor-widget elementor-widget-image-box\" data-id=\"c53ebda\" data-element_type=\"widget\" data-e-type=\"widget\" data-widget_type=\"image-box.default\">\n\t\t\t\t<div class=\"elementor-widget-container\">\n\t\t\t\t\t<div class=\"elementor-image-box-wrapper\"><figure class=\"elementor-image-box-img\"><img decoding=\"async\" width=\"76\" height=\"76\" src=\"https:\/\/dryiceeu.com\/be\/wp-content\/uploads\/sites\/8\/2023\/12\/gloves.jpg\" class=\"attachment-full size-full wp-image-530\" alt=\"\" \/><\/figure><div class=\"elementor-image-box-content\"><h3 class=\"elementor-image-box-title\">Gants<\/h3><\/div><\/div>\t\t\t\t<\/div>\n\t\t\t\t<\/div>\n\t\t\t\t<div class=\"elementor-element elementor-element-bffa39f elementor-widget elementor-widget-text-editor\" data-id=\"bffa39f\" data-element_type=\"widget\" data-e-type=\"widget\" data-widget_type=\"text-editor.default\">\n\t\t\t\t<div class=\"elementor-widget-container\">\n\t\t\t\t\t\t\t\t\t<p>La glace carbonique est froide (-79\u2070C) et peut provoquer des br\u00fblures dues au gel.<br \/>Portez toujours des gants lorsque vous manipulez de la neige carbonique.<\/p>\t\t\t\t\t\t\t\t<\/div>\n\t\t\t\t<\/div>\n\t\t\t\t<\/div>\n\t\t<div class=\"elementor-element elementor-element-91afc3d e-con-full e-flex e-con e-child\" data-id=\"91afc3d\" data-element_type=\"container\" data-e-type=\"container\" data-settings=\"{&quot;background_background&quot;:&quot;classic&quot;}\">\n\t\t\t\t<div class=\"elementor-element elementor-element-86479b5 elementor-position-top elementor-widget elementor-widget-image-box\" data-id=\"86479b5\" data-element_type=\"widget\" data-e-type=\"widget\" data-widget_type=\"image-box.default\">\n\t\t\t\t<div class=\"elementor-widget-container\">\n\t\t\t\t\t<div class=\"elementor-image-box-wrapper\"><figure class=\"elementor-image-box-img\"><img decoding=\"async\" width=\"172\" height=\"172\" src=\"https:\/\/dryiceeu.com\/be\/wp-content\/uploads\/sites\/8\/2023\/12\/clothing.jpg\" class=\"attachment-full size-full wp-image-531\" alt=\"\" srcset=\"https:\/\/dryiceeu.com\/be\/wp-content\/uploads\/sites\/8\/2023\/12\/clothing.jpg 172w, https:\/\/dryiceeu.com\/be\/wp-content\/uploads\/sites\/8\/2023\/12\/clothing-150x150.jpg 150w, https:\/\/dryiceeu.com\/be\/wp-content\/uploads\/sites\/8\/2023\/12\/clothing-100x100.jpg 100w\" sizes=\"(max-width: 172px) 100vw, 172px\" \/><\/figure><div class=\"elementor-image-box-content\"><h3 class=\"elementor-image-box-title\">V\u00eatements de protection<\/h3><\/div><\/div>\t\t\t\t<\/div>\n\t\t\t\t<\/div>\n\t\t\t\t<div class=\"elementor-element elementor-element-3b40b85 elementor-widget elementor-widget-text-editor\" data-id=\"3b40b85\" data-element_type=\"widget\" data-e-type=\"widget\" data-widget_type=\"text-editor.default\">\n\t\t\t\t<div class=\"elementor-widget-container\">\n\t\t\t\t\t\t\t\t\t<p>Vous ne devriez pas entrer en contact avec de la neige carbonique et, dans la plupart des cas, vous ne le ferez pas. Cependant, il est toujours recommand\u00e9 de porter des v\u00eatements de protection.<\/p>\t\t\t\t\t\t\t\t<\/div>\n\t\t\t\t<\/div>\n\t\t\t\t<\/div>\n\t\t\t\t<\/div>\n\t\t<div class=\"elementor-element elementor-element-c74016f e-con-full e-flex e-con e-child\" data-id=\"c74016f\" data-element_type=\"container\" data-e-type=\"container\">\n\t\t<div class=\"elementor-element elementor-element-6cd5b52 e-con-full e-flex e-con e-child\" data-id=\"6cd5b52\" data-element_type=\"container\" data-e-type=\"container\" data-settings=\"{&quot;background_background&quot;:&quot;classic&quot;}\">\n\t\t\t\t<div class=\"elementor-element elementor-element-00184f5 elementor-position-top elementor-widget elementor-widget-image-box\" data-id=\"00184f5\" data-element_type=\"widget\" data-e-type=\"widget\" data-widget_type=\"image-box.default\">\n\t\t\t\t<div class=\"elementor-widget-container\">\n\t\t\t\t\t<div class=\"elementor-image-box-wrapper\"><figure class=\"elementor-image-box-img\"><img loading=\"lazy\" decoding=\"async\" width=\"172\" height=\"172\" src=\"https:\/\/dryiceeu.com\/be\/wp-content\/uploads\/sites\/8\/2023\/12\/ear.jpg\" class=\"attachment-full size-full wp-image-532\" alt=\"\" srcset=\"https:\/\/dryiceeu.com\/be\/wp-content\/uploads\/sites\/8\/2023\/12\/ear.jpg 172w, https:\/\/dryiceeu.com\/be\/wp-content\/uploads\/sites\/8\/2023\/12\/ear-150x150.jpg 150w, https:\/\/dryiceeu.com\/be\/wp-content\/uploads\/sites\/8\/2023\/12\/ear-100x100.jpg 100w\" sizes=\"(max-width: 172px) 100vw, 172px\" \/><\/figure><div class=\"elementor-image-box-content\"><h3 class=\"elementor-image-box-title\">Protection auditive<\/h3><\/div><\/div>\t\t\t\t<\/div>\n\t\t\t\t<\/div>\n\t\t\t\t<div class=\"elementor-element elementor-element-ecbe9d0 elementor-widget elementor-widget-text-editor\" data-id=\"ecbe9d0\" data-element_type=\"widget\" data-e-type=\"widget\" data-widget_type=\"text-editor.default\">\n\t\t\t\t<div class=\"elementor-widget-container\">\n\t\t\t\t\t\t\t\t\t<p>En fonction de la pression et du d\u00e9bit d&rsquo;air utilis\u00e9 lors du dynamitage, le niveau sonore sera compris entre 75 dB (A) et 130 dB (A). Il est donc recommand\u00e9 de porter des protections auditives \u00e0 tout moment. Tenez \u00e9galement compte du fait que d\u2019autres personnes peuvent se trouver \u00e0 proximit\u00e9 et qu\u2019elles doivent \u00e9galement se prot\u00e9ger.<\/p>\t\t\t\t\t\t\t\t<\/div>\n\t\t\t\t<\/div>\n\t\t\t\t<\/div>\n\t\t<div class=\"elementor-element elementor-element-f2c6d03 e-con-full e-flex e-con e-child\" data-id=\"f2c6d03\" data-element_type=\"container\" data-e-type=\"container\" data-settings=\"{&quot;background_background&quot;:&quot;classic&quot;}\">\n\t\t\t\t<div class=\"elementor-element elementor-element-1cc8f20 elementor-position-top elementor-widget elementor-widget-image-box\" data-id=\"1cc8f20\" data-element_type=\"widget\" data-e-type=\"widget\" data-widget_type=\"image-box.default\">\n\t\t\t\t<div class=\"elementor-widget-container\">\n\t\t\t\t\t<div class=\"elementor-image-box-wrapper\"><figure class=\"elementor-image-box-img\"><img loading=\"lazy\" decoding=\"async\" width=\"172\" height=\"172\" src=\"https:\/\/dryiceeu.com\/be\/wp-content\/uploads\/sites\/8\/2023\/12\/face.jpg\" class=\"attachment-full size-full wp-image-533\" alt=\"\" srcset=\"https:\/\/dryiceeu.com\/be\/wp-content\/uploads\/sites\/8\/2023\/12\/face.jpg 172w, https:\/\/dryiceeu.com\/be\/wp-content\/uploads\/sites\/8\/2023\/12\/face-150x150.jpg 150w, https:\/\/dryiceeu.com\/be\/wp-content\/uploads\/sites\/8\/2023\/12\/face-100x100.jpg 100w\" sizes=\"(max-width: 172px) 100vw, 172px\" \/><\/figure><div class=\"elementor-image-box-content\"><h3 class=\"elementor-image-box-title\">Protection du visage<\/h3><\/div><\/div>\t\t\t\t<\/div>\n\t\t\t\t<\/div>\n\t\t\t\t<div class=\"elementor-element elementor-element-78ea412 elementor-widget elementor-widget-text-editor\" data-id=\"78ea412\" data-element_type=\"widget\" data-e-type=\"widget\" data-widget_type=\"text-editor.default\">\n\t\t\t\t<div class=\"elementor-widget-container\">\n\t\t\t\t\t\t\t\t\t<p>Il existe un risque d&rsquo;\u00eatre heurt\u00e9 par des granul\u00e9s de glace carbonique rebondissant sur la surface que vous nettoyez. Des d\u00e9bris et autres particules libres peuvent \u00e9galement p\u00e9n\u00e9trer sur votre peau et dans vos yeux. Portez toujours une protection d\u2019information lorsque vous effectuez une projection de glace carbonique.<\/p>\t\t\t\t\t\t\t\t<\/div>\n\t\t\t\t<\/div>\n\t\t\t\t<\/div>\n\t\t\t\t<\/div>\n\t\t\t\t\t<\/div>\n\t\t\t\t<\/div>\n\t\t\t\t<\/div>\n\t\t<div class=\"elementor-element elementor-element-09ada4d e-con-full e-flex e-con e-parent\" data-id=\"09ada4d\" data-element_type=\"container\" data-e-type=\"container\">\n\t\t<div class=\"elementor-element elementor-element-8975cdf e-flex e-con-boxed e-con e-child\" data-id=\"8975cdf\" data-element_type=\"container\" data-e-type=\"container\">\n\t\t\t\t\t<div class=\"e-con-inner\">\n\t\t<div class=\"elementor-element elementor-element-5371c27 e-con-full e-flex e-con e-child\" data-id=\"5371c27\" data-element_type=\"container\" data-e-type=\"container\">\n\t\t\t\t<div class=\"elementor-element elementor-element-e7f9d2a elementor-widget elementor-widget-heading\" data-id=\"e7f9d2a\" data-element_type=\"widget\" data-e-type=\"widget\" data-widget_type=\"heading.default\">\n\t\t\t\t<div class=\"elementor-widget-container\">\n\t\t\t\t\t<h2 class=\"elementor-heading-title elementor-size-default\">Transport de neige carbonique<\/h2>\t\t\t\t<\/div>\n\t\t\t\t<\/div>\n\t\t\t\t<div class=\"elementor-element elementor-element-eb03eab elementor-widget elementor-widget-text-editor\" data-id=\"eb03eab\" data-element_type=\"widget\" data-e-type=\"widget\" data-widget_type=\"text-editor.default\">\n\t\t\t\t<div class=\"elementor-widget-container\">\n\t\t\t\t\t\t\t\t\t<p>La glace carbonique ne doit jamais \u00eatre transport\u00e9e dans le m\u00eame compartiment que le conducteur ou les passagers. Il est important qu&rsquo;il soit conserv\u00e9 dans un compartiment s\u00e9par\u00e9 et bien ventil\u00e9. Veuillez v\u00e9rifier les r\u00e9glementations nationales pour la s\u00e9curit\u00e9.<\/p>\t\t\t\t\t\t\t\t<\/div>\n\t\t\t\t<\/div>\n\t\t\t\t<div class=\"elementor-element elementor-element-635142d elementor-widget elementor-widget-text-editor\" data-id=\"635142d\" data-element_type=\"widget\" data-e-type=\"widget\" data-widget_type=\"text-editor.default\">\n\t\t\t\t<div class=\"elementor-widget-container\">\n\t\t\t\t\t\t\t\t\t<p>Il est important de respecter toutes les r\u00e8gles de sant\u00e9 et de s\u00e9curit\u00e9, tant pour le nettoyage \u00e0 la glace carbonique que pour le stockage et le transport.<\/p><p>En cas de doute minimum, nous vous recommandons de prendre contact avec notre \u00e9quipe de DryIceEU.<\/p>\t\t\t\t\t\t\t\t<\/div>\n\t\t\t\t<\/div>\n\t\t\t\t<\/div>\n\t\t<div class=\"elementor-element elementor-element-05c8fe8 e-con-full e-flex e-con e-child\" data-id=\"05c8fe8\" data-element_type=\"container\" data-e-type=\"container\" data-settings=\"{&quot;background_background&quot;:&quot;classic&quot;}\">\n\t\t\t\t<div class=\"elementor-element elementor-element-1ffef6a elementor-widget elementor-widget-spacer\" data-id=\"1ffef6a\" data-element_type=\"widget\" data-e-type=\"widget\" data-widget_type=\"spacer.default\">\n\t\t\t\t<div class=\"elementor-widget-container\">\n\t\t\t\t\t\t\t<div class=\"elementor-spacer\">\n\t\t\t<div class=\"elementor-spacer-inner\"><\/div>\n\t\t<\/div>\n\t\t\t\t\t\t<\/div>\n\t\t\t\t<\/div>\n\t\t\t\t<\/div>\n\t\t\t\t\t<\/div>\n\t\t\t\t<\/div>\n\t\t\t\t<\/div>\n\t\t<div class=\"elementor-element elementor-element-eec1f23 e-flex e-con-boxed e-con e-parent\" data-id=\"eec1f23\" data-element_type=\"container\" data-e-type=\"container\" data-settings=\"{&quot;background_background&quot;:&quot;classic&quot;}\">\n\t\t\t\t\t<div class=\"e-con-inner\">\n\t\t<div class=\"elementor-element elementor-element-dd20b34 e-con-full e-flex e-con e-child\" data-id=\"dd20b34\" data-element_type=\"container\" data-e-type=\"container\">\n\t\t\t\t<div class=\"elementor-element elementor-element-18cbb65 elementor-widget elementor-widget-heading\" data-id=\"18cbb65\" data-element_type=\"widget\" data-e-type=\"widget\" data-widget_type=\"heading.default\">\n\t\t\t\t<div class=\"elementor-widget-container\">\n\t\t\t\t\t<h2 class=\"elementor-heading-title elementor-size-default\">Cat\u00e9gories\u200b<\/h2>\t\t\t\t<\/div>\n\t\t\t\t<\/div>\n\t\t\t\t<div class=\"elementor-element elementor-element-7c134d7 elementor-widget-divider--view-line elementor-widget elementor-widget-divider\" data-id=\"7c134d7\" data-element_type=\"widget\" data-e-type=\"widget\" data-widget_type=\"divider.default\">\n\t\t\t\t<div class=\"elementor-widget-container\">\n\t\t\t\t\t\t\t<div class=\"elementor-divider\">\n\t\t\t<span class=\"elementor-divider-separator\">\n\t\t\t\t\t\t<\/span>\n\t\t<\/div>\n\t\t\t\t\t\t<\/div>\n\t\t\t\t<\/div>\n\t\t<div class=\"elementor-element elementor-element-fdbb713 e-con-full e-flex e-con e-child\" data-id=\"fdbb713\" data-element_type=\"container\" data-e-type=\"container\">\n\t\t<div class=\"elementor-element elementor-element-f7136ae e-con-full e-flex e-con e-child\" data-id=\"f7136ae\" data-element_type=\"container\" data-e-type=\"container\">\n\t\t\t\t<div class=\"elementor-element elementor-element-2190305 elementor-flip-box--effect-flip elementor-flip-box--direction-up elementor-widget elementor-widget-flip-box\" data-id=\"2190305\" data-element_type=\"widget\" data-e-type=\"widget\" data-widget_type=\"flip-box.default\">\n\t\t\t\t<div class=\"elementor-widget-container\">\n\t\t\t\t\t\t\t<div class=\"elementor-flip-box\" tabindex=\"0\">\n\t\t\t<div class=\"elementor-flip-box__layer elementor-flip-box__front\">\n\t\t\t\t<div class=\"elementor-flip-box__layer__overlay\">\n\t\t\t\t\t<div class=\"elementor-flip-box__layer__inner\">\n\t\t\t\t\t\t\n\t\t\t\t\t\t\t\t\t\t\t\t\t<h3 class=\"elementor-flip-box__layer__title\">\n\t\t\t\t\t\t\t\tMachines \u00e0 glace s\u00e8che\t\t\t\t\t\t\t<\/h3>\n\t\t\t\t\t\t\n\t\t\t\t\t\t\t\t\t\t\t\t\t<div class=\"elementor-flip-box__layer__description\">\n\t\t\t\t\t\t\t\tLocation \u00e0 partir d'une seule journ\u00e9e ou de plusieurs semaines\t\t\t\t\t\t\t<\/div>\n\t\t\t\t\t\t\t\t\t\t\t<\/div>\n\t\t\t\t<\/div>\n\t\t\t<\/div>\n\t\t\t<a class=\"elementor-flip-box__layer elementor-flip-box__back\" href=\"https:\/\/dryiceeu.com\/be\/categorie-produit\/machines-a-glace-seche\/\">\n\t\t\t<div class=\"elementor-flip-box__layer__overlay\">\n\t\t\t\t<div class=\"elementor-flip-box__layer__inner\">\n\t\t\t\t\t\t\t\t\t\t\t<h3 class=\"elementor-flip-box__layer__title\">\n\t\t\t\t\t\t\tLouez-en un aujourd'hui\t\t\t\t\t\t<\/h3>\n\t\t\t\t\t\n\t\t\t\t\t\t\t\t\t\t\t<div class=\"elementor-flip-box__layer__description\">\n\t\t\t\t\t\t\tUne technologie de nettoyage pour chaque surface avec les meilleures machines de nettoyage \u00e0 glace carbonique du march\u00e9\t\t\t\t\t\t<\/div>\n\t\t\t\t\t\n\t\t\t\t\t\t\t\t\t\t\t<span class=\"elementor-flip-box__button elementor-button elementor-size-sm\">\n\t\t\t\t\t\t\tVoir les produits\t\t\t\t\t\t<\/span>\n\t\t\t\t\t\t\t\t<\/div>\n\t\t<\/div>\n\t\t<\/a>\n\t\t<\/div>\n\t\t\t\t\t\t<\/div>\n\t\t\t\t<\/div>\n\t\t\t\t<\/div>\n\t\t<div class=\"elementor-element elementor-element-264473e e-con-full e-flex e-con e-child\" data-id=\"264473e\" data-element_type=\"container\" data-e-type=\"container\">\n\t\t\t\t<div class=\"elementor-element elementor-element-e3a9f7c elementor-flip-box--effect-flip elementor-flip-box--direction-up elementor-widget elementor-widget-flip-box\" data-id=\"e3a9f7c\" data-element_type=\"widget\" data-e-type=\"widget\" data-widget_type=\"flip-box.default\">\n\t\t\t\t<div class=\"elementor-widget-container\">\n\t\t\t\t\t\t\t<div class=\"elementor-flip-box\" tabindex=\"0\">\n\t\t\t<div class=\"elementor-flip-box__layer elementor-flip-box__front\">\n\t\t\t\t<div class=\"elementor-flip-box__layer__overlay\">\n\t\t\t\t\t<div class=\"elementor-flip-box__layer__inner\">\n\t\t\t\t\t\t\n\t\t\t\t\t\t\t\t\t\t\t\t\t<h3 class=\"elementor-flip-box__layer__title\">\n\t\t\t\t\t\t\t\tGranules de glace s\u00e8che\t\t\t\t\t\t\t<\/h3>\n\t\t\t\t\t\t\n\t\t\t\t\t\t\t\t\t\t\t\t\t<div class=\"elementor-flip-box__layer__description\">\n\t\t\t\t\t\t\t\tAchetez en petites ou grandes quantit\u00e9s\t\t\t\t\t\t\t<\/div>\n\t\t\t\t\t\t\t\t\t\t\t<\/div>\n\t\t\t\t<\/div>\n\t\t\t<\/div>\n\t\t\t<a class=\"elementor-flip-box__layer elementor-flip-box__back\" href=\"https:\/\/dryiceeu.com\/be\/categorie-produit\/granules-de-glace-seche\/\">\n\t\t\t<div class=\"elementor-flip-box__layer__overlay\">\n\t\t\t\t<div class=\"elementor-flip-box__layer__inner\">\n\t\t\t\t\t\t\t\t\t\t\t<h3 class=\"elementor-flip-box__layer__title\">\n\t\t\t\t\t\t\tAchetez-en aujourd'hui\t\t\t\t\t\t<\/h3>\n\t\t\t\t\t\n\t\t\t\t\t\t\t\t\t\t\t<div class=\"elementor-flip-box__layer__description\">\n\t\t\t\t\t\t\tGranul\u00e9s de glace carbonique dans des caisses-palettes ou des conteneurs sp\u00e9ciaux. De 9 \u00e0 250 kg.\t\t\t\t\t\t<\/div>\n\t\t\t\t\t\n\t\t\t\t\t\t\t\t\t\t\t<span class=\"elementor-flip-box__button elementor-button elementor-size-sm\">\n\t\t\t\t\t\t\tVoir les produits\t\t\t\t\t\t<\/span>\n\t\t\t\t\t\t\t\t<\/div>\n\t\t<\/div>\n\t\t<\/a>\n\t\t<\/div>\n\t\t\t\t\t\t<\/div>\n\t\t\t\t<\/div>\n\t\t\t\t<\/div>\n\t\t\t\t<\/div>\n\t\t\t\t<\/div>\n\t\t\t\t\t<\/div>\n\t\t\t\t<\/div>\n\t\t\t\t<\/div>\n\t\t","protected":false},"excerpt":{"rendered":"<p>\u00c9quipements de s\u00e9curit\u00e9 et de s\u00e9curit\u00e9 La glace carbonique est fabriqu\u00e9e en expansant du LCO\u00b2 qui formera de la neige carbonique. La neige est ensuite comprim\u00e9e et extrud\u00e9e par un pelletiseur pour cr\u00e9er des granul\u00e9s de neige carbonique. Guide de s\u00e9curit\u00e9 Le CO\u00b2 lib\u00e9r\u00e9 par le processus de projection lorsque la neige carbonique se transforme&hellip;&nbsp;<a href=\"https:\/\/dryiceeu.com\/be\/securite-et-equipement-de-securite\/\" rel=\"bookmark\">Lire la suite &raquo;<span class=\"screen-reader-text\">S\u00e9curit\u00e9 et \u00e9quipement de s\u00e9curit\u00e9<\/span><\/a><\/p>\n","protected":false},"author":1,"featured_media":536,"parent":0,"menu_order":0,"comment_status":"closed","ping_status":"closed","template":"page-templates\/template-pagebuilder-full-width.php","meta":{"neve_meta_sidebar":"","neve_meta_container":"","neve_meta_enable_content_width":"","neve_meta_content_width":0,"neve_meta_title_alignment":"","neve_meta_author_avatar":"","neve_post_elements_order":"","neve_meta_disable_header":"","neve_meta_disable_footer":"","neve_meta_disable_title":"","footnotes":""},"class_list":["post-528","page","type-page","status-publish","has-post-thumbnail","hentry"],"_links":{"self":[{"href":"https:\/\/dryiceeu.com\/be\/wp-json\/wp\/v2\/pages\/528","targetHints":{"allow":["GET"]}}],"collection":[{"href":"https:\/\/dryiceeu.com\/be\/wp-json\/wp\/v2\/pages"}],"about":[{"href":"https:\/\/dryiceeu.com\/be\/wp-json\/wp\/v2\/types\/page"}],"author":[{"embeddable":true,"href":"https:\/\/dryiceeu.com\/be\/wp-json\/wp\/v2\/users\/1"}],"replies":[{"embeddable":true,"href":"https:\/\/dryiceeu.com\/be\/wp-json\/wp\/v2\/comments?post=528"}],"version-history":[{"count":10,"href":"https:\/\/dryiceeu.com\/be\/wp-json\/wp\/v2\/pages\/528\/revisions"}],"predecessor-version":[{"id":2265,"href":"https:\/\/dryiceeu.com\/be\/wp-json\/wp\/v2\/pages\/528\/revisions\/2265"}],"wp:featuredmedia":[{"embeddable":true,"href":"https:\/\/dryiceeu.com\/be\/wp-json\/wp\/v2\/media\/536"}],"wp:attachment":[{"href":"https:\/\/dryiceeu.com\/be\/wp-json\/wp\/v2\/media?parent=528"}],"curies":[{"name":"wp","href":"https:\/\/api.w.org\/{rel}","templated":true}]}}