{"id":541,"date":"2023-12-21T13:37:09","date_gmt":"2023-12-21T13:37:09","guid":{"rendered":"https:\/\/dryiceeu.com\/be\/about-dryice-eu\/"},"modified":"2026-03-09T23:41:14","modified_gmt":"2026-03-09T22:41:14","slug":"a-propos-de","status":"publish","type":"page","link":"https:\/\/dryiceeu.com\/be\/a-propos-de\/","title":{"rendered":"\u00c0 propos de DryIce EU"},"content":{"rendered":"\t\t<div data-elementor-type=\"wp-page\" data-elementor-id=\"541\" class=\"elementor elementor-541\" data-elementor-post-type=\"page\">\n\t\t\t\t<div class=\"elementor-element elementor-element-109b5f6 e-con-full e-flex e-con e-parent\" data-id=\"109b5f6\" data-element_type=\"container\" data-e-type=\"container\" data-settings=\"{&quot;background_background&quot;:&quot;classic&quot;}\">\n\t\t<div class=\"elementor-element elementor-element-09d3987 e-flex e-con-boxed e-con e-child\" data-id=\"09d3987\" data-element_type=\"container\" data-e-type=\"container\">\n\t\t\t\t\t<div class=\"e-con-inner\">\n\t\t<div class=\"elementor-element elementor-element-c22d46e e-con-full e-flex e-con e-child\" data-id=\"c22d46e\" data-element_type=\"container\" data-e-type=\"container\">\n\t\t\t\t<div class=\"elementor-element elementor-element-948269d elementor-widget elementor-widget-heading\" data-id=\"948269d\" data-element_type=\"widget\" data-e-type=\"widget\" data-widget_type=\"heading.default\">\n\t\t\t\t<div class=\"elementor-widget-container\">\n\t\t\t\t\t<h1 class=\"elementor-heading-title elementor-size-default\">\u00c0 propos de DryIceEU<\/h1>\t\t\t\t<\/div>\n\t\t\t\t<\/div>\n\t\t\t\t<div class=\"elementor-element elementor-element-a67d5cc elementor-widget elementor-widget-heading\" data-id=\"a67d5cc\" data-element_type=\"widget\" data-e-type=\"widget\" data-widget_type=\"heading.default\">\n\t\t\t\t<div class=\"elementor-widget-container\">\n\t\t\t\t\t<h2 class=\"elementor-heading-title elementor-size-default\">Nous proposons des solutions de location et des livraisons de glace carbonique dans un certain nombre de pays de l'UE.<\/h2>\t\t\t\t<\/div>\n\t\t\t\t<\/div>\n\t\t\t\t<div class=\"elementor-element elementor-element-c8108f3 elementor-widget elementor-widget-text-editor\" data-id=\"c8108f3\" data-element_type=\"widget\" data-e-type=\"widget\" data-widget_type=\"text-editor.default\">\n\t\t\t\t<div class=\"elementor-widget-container\">\n\t\t\t\t\t\t\t\t\t<p data-pm-slice=\"1 1 []\">Notre strat\u00e9gie est d&rsquo;avoir une machine \u00e0 glace carbonique \u00e0 moins de 50 kilom\u00e8tres de tous les utilisateurs dans toute l&rsquo;Europe. L&rsquo;entreprise a \u00e9t\u00e9 fond\u00e9e en 2012 au Danemark et s&rsquo;efforce d&rsquo;offrir la meilleure qualit\u00e9 \u00e0 des prix comp\u00e9titifs.<\/p>\t\t\t\t\t\t\t\t<\/div>\n\t\t\t\t<\/div>\n\t\t\t\t<div class=\"elementor-element elementor-element-9f73618 elementor-widget elementor-widget-text-editor\" data-id=\"9f73618\" data-element_type=\"widget\" data-e-type=\"widget\" data-widget_type=\"text-editor.default\">\n\t\t\t\t<div class=\"elementor-widget-container\">\n\t\t\t\t\t\t\t\t\t<p>La cr\u00e9ation de nos machines \u00e0 glace carbonique \u00e9tait une r\u00e9ponse directe aux exigences de notre client\u00e8le du secteur automobile, o\u00f9 la maniabilit\u00e9 dans les espaces \u00e9troits autour des lignes de production est cruciale. Cela a conduit au d\u00e9veloppement de notre IBL3000, une centrale \u00e9lectrique fonctionnant 24h\/24 et 7j\/7, r\u00e9put\u00e9e pour ses capacit\u00e9s de nettoyage exceptionnelles et la plus faible consommation de glace carbonique du march\u00e9. Il fournit constamment des r\u00e9sultats de nettoyage optimaux.<\/p><p>R\u00e9pondant aux besoins de deux industries tout aussi importantes \u2013 l\u2019alimentation et l\u2019injection plastique \u2013 nous sommes fiers de pr\u00e9senter l\u2019IBLmini. Au-del\u00e0 de son prix all\u00e9chant, ce mod\u00e8le se distingue par une utilisation minimale d&rsquo;air comprim\u00e9.<\/p><p>Con\u00e7u pour r\u00e9pondre aux demandes de la majorit\u00e9 des utilisateurs \u00e9quip\u00e9s de compresseurs d&rsquo;air d&rsquo;usine ou de compresseurs mobiles de moyenne port\u00e9e (3-8 m3\/min), notre IBL2500 est dot\u00e9 de composants pneumatiques Festo robustes de 3\/4&Prime;. Sa fabrication intelligente le positionne comme l&rsquo;ultime solution rentable, alliant prix abordable et puissance in\u00e9gal\u00e9e sur le march\u00e9.<\/p>\t\t\t\t\t\t\t\t<\/div>\n\t\t\t\t<\/div>\n\t\t\t\t<\/div>\n\t\t<div class=\"elementor-element elementor-element-7d64405 e-con-full e-flex e-con e-child\" data-id=\"7d64405\" data-element_type=\"container\" data-e-type=\"container\">\n\t\t\t\t<div class=\"elementor-element elementor-element-a5fc762 elementor-widget elementor-widget-image\" data-id=\"a5fc762\" data-element_type=\"widget\" data-e-type=\"widget\" data-widget_type=\"image.default\">\n\t\t\t\t<div class=\"elementor-widget-container\">\n\t\t\t\t\t\t\t\t\t\t\t\t\t\t\t<img fetchpriority=\"high\" decoding=\"async\" width=\"643\" height=\"361\" src=\"https:\/\/dryiceeu.com\/be\/wp-content\/uploads\/sites\/8\/2023\/07\/Picture1.jpg\" class=\"attachment-large size-large wp-image-581\" alt=\"rental of dry ice blasters and dry ice pellets\" srcset=\"https:\/\/dryiceeu.com\/be\/wp-content\/uploads\/sites\/8\/2023\/07\/Picture1.jpg 643w, https:\/\/dryiceeu.com\/be\/wp-content\/uploads\/sites\/8\/2023\/07\/Picture1-300x168.jpg 300w, https:\/\/dryiceeu.com\/be\/wp-content\/uploads\/sites\/8\/2023\/07\/Picture1-600x337.jpg 600w\" sizes=\"(max-width: 643px) 100vw, 643px\" \/>\t\t\t\t\t\t\t\t\t\t\t\t\t\t\t<\/div>\n\t\t\t\t<\/div>\n\t\t\t\t<div class=\"elementor-element elementor-element-51ee456 elementor-widget elementor-widget-image-carousel\" data-id=\"51ee456\" data-element_type=\"widget\" data-e-type=\"widget\" data-settings=\"{&quot;slides_to_show&quot;:&quot;1&quot;,&quot;navigation&quot;:&quot;none&quot;,&quot;autoplay_speed&quot;:2000,&quot;effect&quot;:&quot;fade&quot;,&quot;autoplay&quot;:&quot;yes&quot;,&quot;pause_on_hover&quot;:&quot;yes&quot;,&quot;pause_on_interaction&quot;:&quot;yes&quot;,&quot;infinite&quot;:&quot;yes&quot;,&quot;speed&quot;:500}\" data-widget_type=\"image-carousel.default\">\n\t\t\t\t<div class=\"elementor-widget-container\">\n\t\t\t\t\t\t\t<div class=\"elementor-image-carousel-wrapper swiper\" role=\"region\" aria-roledescription=\"carousel\" aria-label=\"Image Carousel\" dir=\"ltr\">\n\t\t\t<div class=\"elementor-image-carousel swiper-wrapper\" aria-live=\"off\">\n\t\t\t\t\t\t\t\t<div class=\"swiper-slide\" role=\"group\" aria-roledescription=\"slide\" aria-label=\"1 sur 3\"><figure class=\"swiper-slide-inner\"><img decoding=\"async\" class=\"swiper-slide-image\" src=\"https:\/\/dryiceeu.com\/be\/wp-content\/uploads\/sites\/8\/2023\/12\/Equipment-IBLMINI1.jpg\" alt=\"Equipment-IBLMINI1.jpg\" \/><\/figure><\/div><div class=\"swiper-slide\" role=\"group\" aria-roledescription=\"slide\" aria-label=\"2 sur 3\"><figure class=\"swiper-slide-inner\"><img decoding=\"async\" class=\"swiper-slide-image\" src=\"https:\/\/dryiceeu.com\/be\/wp-content\/uploads\/sites\/8\/2023\/12\/Equipment-IBL2500.jpg\" alt=\"Equipment-IBL2500.jpg\" \/><\/figure><\/div><div class=\"swiper-slide\" role=\"group\" aria-roledescription=\"slide\" aria-label=\"3 sur 3\"><figure class=\"swiper-slide-inner\"><img decoding=\"async\" class=\"swiper-slide-image\" src=\"https:\/\/dryiceeu.com\/be\/wp-content\/uploads\/sites\/8\/2023\/12\/Equipment-IBL3000-1.jpg\" alt=\"Equipment-IBL3000-1.jpg\" \/><\/figure><\/div>\t\t\t<\/div>\n\t\t\t\t\t\t\t\n\t\t\t\t\t\t\t\t\t<\/div>\n\t\t\t\t\t\t<\/div>\n\t\t\t\t<\/div>\n\t\t\t\t<\/div>\n\t\t\t\t\t<\/div>\n\t\t\t\t<\/div>\n\t\t\t\t<\/div>\n\t\t<div class=\"elementor-element elementor-element-f67393b e-con-full e-flex e-con e-parent\" data-id=\"f67393b\" data-element_type=\"container\" data-e-type=\"container\" data-settings=\"{&quot;background_background&quot;:&quot;classic&quot;}\">\n\t\t<div class=\"elementor-element elementor-element-9c5f6a7 e-flex e-con-boxed e-con e-child\" data-id=\"9c5f6a7\" data-element_type=\"container\" data-e-type=\"container\">\n\t\t\t\t\t<div class=\"e-con-inner\">\n\t\t<div class=\"elementor-element elementor-element-ca0cc68 e-con-full e-flex e-con e-child\" data-id=\"ca0cc68\" data-element_type=\"container\" data-e-type=\"container\">\n\t\t\t\t<div class=\"elementor-element elementor-element-90f43de elementor-widget elementor-widget-heading\" data-id=\"90f43de\" data-element_type=\"widget\" data-e-type=\"widget\" data-widget_type=\"heading.default\">\n\t\t\t\t<div class=\"elementor-widget-container\">\n\t\t\t\t\t<h2 class=\"elementor-heading-title elementor-size-default\">Conception de diff\u00e9rentes machines \u00e0 glace carbonique<\/h2>\t\t\t\t<\/div>\n\t\t\t\t<\/div>\n\t\t\t\t<div class=\"elementor-element elementor-element-3f17a9c elementor-widget elementor-widget-text-editor\" data-id=\"3f17a9c\" data-element_type=\"widget\" data-e-type=\"widget\" data-widget_type=\"text-editor.default\">\n\t\t\t\t<div class=\"elementor-widget-container\">\n\t\t\t\t\t\t\t\t\t<p>L&rsquo;int\u00e9r\u00eat pour le monde num\u00e9rique a commenc\u00e9 en 1994. O\u00f9 j&rsquo;ai r\u00e9ussi \u00e0 d\u00e9truire tous les ordinateurs de l&rsquo;\u00e9cole par erreur (mauvais codage, etc.), j&rsquo;ai continu\u00e9 \u00e0 apprendre dans les Netcaf\u00e9s, o\u00f9 je suis devenu impopulaire parce que je ne jouais pas mais mon int\u00e9r\u00eat \u00e9tait dans sachant comment et comment ils ont \u00e9t\u00e9 construits. Et cela m&rsquo;a parfois amen\u00e9 \u00e0 court-circuiter quelques ordinateurs.<\/p>\t\t\t\t\t\t\t\t<\/div>\n\t\t\t\t<\/div>\n\t\t\t\t<div class=\"elementor-element elementor-element-0cfa4b8 elementor-widget elementor-widget-text-editor\" data-id=\"0cfa4b8\" data-element_type=\"widget\" data-e-type=\"widget\" data-widget_type=\"text-editor.default\">\n\t\t\t\t<div class=\"elementor-widget-container\">\n\t\t\t\t\t\t\t\t\t<p>Le r\u00e9sultat est notre <a href=\"https:\/\/dryiceeu.com\/fr\/produit\/ibl3000\/\"><strong>IBL3000<\/strong><\/a> qui est un outil de travail 24h\/24 et 7j\/7 avec une puissance de nettoyage exceptionnelle et avec la plus faible consommation de glace carbonique du march\u00e9, tout en offrant le meilleur r\u00e9sultat de nettoyage.<\/p><p>Pour deux industries tout aussi importantes (l&rsquo;alimentation et l&rsquo;injection plastique), nous avons d\u00e9velopp\u00e9 <a href=\"https:\/\/dryiceeu.com\/fr\/produit\/iblmini\/\"><strong>l&rsquo;IBLmini<\/strong><\/a> qui, outre son prix tr\u00e8s attractif, se distingue \u00e9galement par sa consommation d&rsquo;air comprim\u00e9 tr\u00e8s faible.<\/p><p>Notre <a href=\"https:\/\/dryiceeu.com\/fr\/produit\/ibl2500\/\"><strong>IBL2500<\/strong><\/a> satisfera la plupart des utilisateurs disposant de compresseurs d&rsquo;air d&rsquo;usine ou de compresseurs mobiles de moyenne gamme (3-8 m3\/min). Il est livr\u00e9 avec de puissants composants pneumatiques Festo de 3\/4&Prime;. La fabrication intelligente en fait la machine prix-2-puissance id\u00e9ale sur le march\u00e9.<\/p>\t\t\t\t\t\t\t\t<\/div>\n\t\t\t\t<\/div>\n\t\t\t\t<\/div>\n\t\t<div class=\"elementor-element elementor-element-459e796 e-con-full e-flex e-con e-child\" data-id=\"459e796\" data-element_type=\"container\" data-e-type=\"container\">\n\t\t\t\t<div class=\"elementor-element elementor-element-d79dc15 elementor-widget elementor-widget-image\" data-id=\"d79dc15\" data-element_type=\"widget\" data-e-type=\"widget\" data-widget_type=\"image.default\">\n\t\t\t\t<div class=\"elementor-widget-container\">\n\t\t\t\t\t\t\t\t\t\t\t\t<figure class=\"wp-caption\">\n\t\t\t\t\t\t\t\t\t\t\t<a href=\"https:\/\/dryiceeu.com\/be\/produit\/iblmini\/\">\n\t\t\t\t\t\t\t<img decoding=\"async\" width=\"800\" height=\"800\" src=\"https:\/\/dryiceeu.com\/be\/wp-content\/uploads\/sites\/8\/2023\/12\/Equipment-IBLMINI1.jpg\" class=\"attachment-large size-large wp-image-542\" alt=\"\" srcset=\"https:\/\/dryiceeu.com\/be\/wp-content\/uploads\/sites\/8\/2023\/12\/Equipment-IBLMINI1.jpg 800w, https:\/\/dryiceeu.com\/be\/wp-content\/uploads\/sites\/8\/2023\/12\/Equipment-IBLMINI1-300x300.jpg 300w, https:\/\/dryiceeu.com\/be\/wp-content\/uploads\/sites\/8\/2023\/12\/Equipment-IBLMINI1-150x150.jpg 150w, https:\/\/dryiceeu.com\/be\/wp-content\/uploads\/sites\/8\/2023\/12\/Equipment-IBLMINI1-768x768.jpg 768w, https:\/\/dryiceeu.com\/be\/wp-content\/uploads\/sites\/8\/2023\/12\/Equipment-IBLMINI1-600x600.jpg 600w, https:\/\/dryiceeu.com\/be\/wp-content\/uploads\/sites\/8\/2023\/12\/Equipment-IBLMINI1-100x100.jpg 100w\" sizes=\"(max-width: 800px) 100vw, 800px\" \/>\t\t\t\t\t\t\t\t<\/a>\n\t\t\t\t\t\t\t\t\t\t\t<figcaption class=\"widget-image-caption wp-caption-text\">IBL Mini Pistolet \u00e0 glace s\u00e8che<\/figcaption>\n\t\t\t\t\t\t\t\t\t\t<\/figure>\n\t\t\t\t\t\t\t\t\t<\/div>\n\t\t\t\t<\/div>\n\t\t\t\t<div class=\"elementor-element elementor-element-fdcf64f elementor-widget elementor-widget-image\" data-id=\"fdcf64f\" data-element_type=\"widget\" data-e-type=\"widget\" data-widget_type=\"image.default\">\n\t\t\t\t<div class=\"elementor-widget-container\">\n\t\t\t\t\t\t\t\t\t\t\t\t<figure class=\"wp-caption\">\n\t\t\t\t\t\t\t\t\t\t\t<a href=\"https:\/\/dryiceeu.com\/be\/produit\/ibl3000\/\">\n\t\t\t\t\t\t\t<img decoding=\"async\" width=\"800\" height=\"800\" src=\"https:\/\/dryiceeu.com\/be\/wp-content\/uploads\/sites\/8\/2023\/06\/Equipment-IBL2500.jpg\" class=\"attachment-large size-large wp-image-609\" alt=\"IBL2500 Dry Ice Blaster for industrial cleaning - Rent online\" srcset=\"https:\/\/dryiceeu.com\/be\/wp-content\/uploads\/sites\/8\/2023\/06\/Equipment-IBL2500.jpg 800w, https:\/\/dryiceeu.com\/be\/wp-content\/uploads\/sites\/8\/2023\/06\/Equipment-IBL2500-300x300.jpg 300w, https:\/\/dryiceeu.com\/be\/wp-content\/uploads\/sites\/8\/2023\/06\/Equipment-IBL2500-150x150.jpg 150w, https:\/\/dryiceeu.com\/be\/wp-content\/uploads\/sites\/8\/2023\/06\/Equipment-IBL2500-768x768.jpg 768w, https:\/\/dryiceeu.com\/be\/wp-content\/uploads\/sites\/8\/2023\/06\/Equipment-IBL2500-600x600.jpg 600w, https:\/\/dryiceeu.com\/be\/wp-content\/uploads\/sites\/8\/2023\/06\/Equipment-IBL2500-100x100.jpg 100w\" sizes=\"(max-width: 800px) 100vw, 800px\" \/>\t\t\t\t\t\t\t\t<\/a>\n\t\t\t\t\t\t\t\t\t\t\t<figcaption class=\"widget-image-caption wp-caption-text\">IBL2500 Pistolet \u00e0 glace s\u00e8che<\/figcaption>\n\t\t\t\t\t\t\t\t\t\t<\/figure>\n\t\t\t\t\t\t\t\t\t<\/div>\n\t\t\t\t<\/div>\n\t\t\t\t<\/div>\n\t\t\t\t\t<\/div>\n\t\t\t\t<\/div>\n\t\t\t\t<\/div>\n\t\t<div class=\"elementor-element elementor-element-e3d20ae e-con-full e-flex e-con e-parent\" data-id=\"e3d20ae\" data-element_type=\"container\" data-e-type=\"container\">\n\t\t<div class=\"elementor-element elementor-element-3b27ae1 e-flex e-con-boxed e-con e-child\" data-id=\"3b27ae1\" data-element_type=\"container\" data-e-type=\"container\">\n\t\t\t\t\t<div class=\"e-con-inner\">\n\t\t<div class=\"elementor-element elementor-element-244dbec e-con-full e-flex e-con e-child\" data-id=\"244dbec\" data-element_type=\"container\" data-e-type=\"container\">\n\t\t\t\t<div class=\"elementor-element elementor-element-6f952c6 elementor-widget elementor-widget-image\" data-id=\"6f952c6\" data-element_type=\"widget\" data-e-type=\"widget\" data-widget_type=\"image.default\">\n\t\t\t\t<div class=\"elementor-widget-container\">\n\t\t\t\t\t\t\t\t\t\t\t\t\t\t\t<img loading=\"lazy\" decoding=\"async\" width=\"800\" height=\"800\" src=\"https:\/\/dryiceeu.com\/be\/wp-content\/uploads\/sites\/8\/2023\/07\/dryice-1.jpg\" class=\"attachment-large size-large wp-image-613\" alt=\"Dry Ice Pellets of 3mm in styropor box buy online\" srcset=\"https:\/\/dryiceeu.com\/be\/wp-content\/uploads\/sites\/8\/2023\/07\/dryice-1.jpg 800w, https:\/\/dryiceeu.com\/be\/wp-content\/uploads\/sites\/8\/2023\/07\/dryice-1-300x300.jpg 300w, https:\/\/dryiceeu.com\/be\/wp-content\/uploads\/sites\/8\/2023\/07\/dryice-1-150x150.jpg 150w, https:\/\/dryiceeu.com\/be\/wp-content\/uploads\/sites\/8\/2023\/07\/dryice-1-768x768.jpg 768w, https:\/\/dryiceeu.com\/be\/wp-content\/uploads\/sites\/8\/2023\/07\/dryice-1-600x600.jpg 600w, https:\/\/dryiceeu.com\/be\/wp-content\/uploads\/sites\/8\/2023\/07\/dryice-1-100x100.jpg 100w\" sizes=\"(max-width: 800px) 100vw, 800px\" \/>\t\t\t\t\t\t\t\t\t\t\t\t\t\t\t<\/div>\n\t\t\t\t<\/div>\n\t\t\t\t<\/div>\n\t\t<div class=\"elementor-element elementor-element-100088b e-con-full e-flex e-con e-child\" data-id=\"100088b\" data-element_type=\"container\" data-e-type=\"container\">\n\t\t\t\t<div class=\"elementor-element elementor-element-d580840 elementor-widget elementor-widget-heading\" data-id=\"d580840\" data-element_type=\"widget\" data-e-type=\"widget\" data-widget_type=\"heading.default\">\n\t\t\t\t<div class=\"elementor-widget-container\">\n\t\t\t\t\t<h2 class=\"elementor-heading-title elementor-size-default\">Le dernier d\u00e9veloppement est notre pelletiseur de glace carbonique, qui permet aux utilisateurs de fabriquer leur propre glace carbonique.<\/h2>\t\t\t\t<\/div>\n\t\t\t\t<\/div>\n\t\t\t\t<div class=\"elementor-element elementor-element-b502159 elementor-widget elementor-widget-text-editor\" data-id=\"b502159\" data-element_type=\"widget\" data-e-type=\"widget\" data-widget_type=\"text-editor.default\">\n\t\t\t\t<div class=\"elementor-widget-container\">\n\t\t\t\t\t\t\t\t\t<p>Toutes nos machines sont fabriqu\u00e9es en acier inoxydable et tous les composants proviennent des meilleurs fournisseurs internationaux comme FESTO et SIEMENS.<\/p>\t\t\t\t\t\t\t\t<\/div>\n\t\t\t\t<\/div>\n\t\t\t\t<div class=\"elementor-element elementor-element-3eb0a79 elementor-widget elementor-widget-text-editor\" data-id=\"3eb0a79\" data-element_type=\"widget\" data-e-type=\"widget\" data-widget_type=\"text-editor.default\">\n\t\t\t\t<div class=\"elementor-widget-container\">\n\t\t\t\t\t\t\t\t\t<p>Nos \u00e9quipements et machines ont fait de nous un leader du march\u00e9 tant au niveau technologique que dans notre capacit\u00e9 d&rsquo;innovation.<\/p><p>Nos \u00e9quipements et machines innovants sont d\u00e9velopp\u00e9s, con\u00e7us, produits et test\u00e9s avant leur utilisation au Danemark et en Espagne. Nos points forts sont la haute qualit\u00e9, le plus haut niveau de fonctionnalit\u00e9 et une caract\u00e9ristique tr\u00e8s importante : la facilit\u00e9 d&rsquo;entretien.<\/p><p>Nous cherchons toujours \u00e0 avoir des solutions pour toutes les industries. Et nous recherchons constamment les machines les plus adapt\u00e9es \u00e0 chaque besoin et \u00e0 chaque client.<\/p>\t\t\t\t\t\t\t\t<\/div>\n\t\t\t\t<\/div>\n\t\t\t\t<\/div>\n\t\t\t\t\t<\/div>\n\t\t\t\t<\/div>\n\t\t\t\t<\/div>\n\t\t<div class=\"elementor-element elementor-element-7fa729f e-flex e-con-boxed e-con e-parent\" data-id=\"7fa729f\" data-element_type=\"container\" data-e-type=\"container\" data-settings=\"{&quot;background_background&quot;:&quot;classic&quot;}\">\n\t\t\t\t\t<div class=\"e-con-inner\">\n\t\t<div class=\"elementor-element elementor-element-b2dd07c e-con-full e-flex e-con e-child\" data-id=\"b2dd07c\" data-element_type=\"container\" data-e-type=\"container\">\n\t\t\t\t<div class=\"elementor-element elementor-element-7fc15b6 elementor-widget elementor-widget-heading\" data-id=\"7fc15b6\" data-element_type=\"widget\" data-e-type=\"widget\" data-widget_type=\"heading.default\">\n\t\t\t\t<div class=\"elementor-widget-container\">\n\t\t\t\t\t<h2 class=\"elementor-heading-title elementor-size-default\">Cat\u00e9gories\u200b<\/h2>\t\t\t\t<\/div>\n\t\t\t\t<\/div>\n\t\t\t\t<div class=\"elementor-element elementor-element-bbd1bee elementor-widget-divider--view-line elementor-widget elementor-widget-divider\" data-id=\"bbd1bee\" data-element_type=\"widget\" data-e-type=\"widget\" data-widget_type=\"divider.default\">\n\t\t\t\t<div class=\"elementor-widget-container\">\n\t\t\t\t\t\t\t<div class=\"elementor-divider\">\n\t\t\t<span class=\"elementor-divider-separator\">\n\t\t\t\t\t\t<\/span>\n\t\t<\/div>\n\t\t\t\t\t\t<\/div>\n\t\t\t\t<\/div>\n\t\t<div class=\"elementor-element elementor-element-b93a4cf e-con-full e-flex e-con e-child\" data-id=\"b93a4cf\" data-element_type=\"container\" data-e-type=\"container\">\n\t\t<div class=\"elementor-element elementor-element-262c264 e-con-full e-flex e-con e-child\" data-id=\"262c264\" data-element_type=\"container\" data-e-type=\"container\">\n\t\t\t\t<div class=\"elementor-element elementor-element-838dedc elementor-flip-box--effect-flip elementor-flip-box--direction-up elementor-widget elementor-widget-flip-box\" data-id=\"838dedc\" data-element_type=\"widget\" data-e-type=\"widget\" data-widget_type=\"flip-box.default\">\n\t\t\t\t<div class=\"elementor-widget-container\">\n\t\t\t\t\t\t\t<div class=\"elementor-flip-box\" tabindex=\"0\">\n\t\t\t<div class=\"elementor-flip-box__layer elementor-flip-box__front\">\n\t\t\t\t<div class=\"elementor-flip-box__layer__overlay\">\n\t\t\t\t\t<div class=\"elementor-flip-box__layer__inner\">\n\t\t\t\t\t\t\n\t\t\t\t\t\t\t\t\t\t\t\t\t<h3 class=\"elementor-flip-box__layer__title\">\n\t\t\t\t\t\t\t\tMachines \u00e0 glace s\u00e8che\t\t\t\t\t\t\t<\/h3>\n\t\t\t\t\t\t\n\t\t\t\t\t\t\t\t\t\t\t\t\t<div class=\"elementor-flip-box__layer__description\">\n\t\t\t\t\t\t\t\tLocation \u00e0 partir d'une seule journ\u00e9e ou de plusieurs semaines\t\t\t\t\t\t\t<\/div>\n\t\t\t\t\t\t\t\t\t\t\t<\/div>\n\t\t\t\t<\/div>\n\t\t\t<\/div>\n\t\t\t<a class=\"elementor-flip-box__layer elementor-flip-box__back\" href=\"https:\/\/dryiceeu.com\/be\/categorie-produit\/machines-a-glace-seche\/\">\n\t\t\t<div class=\"elementor-flip-box__layer__overlay\">\n\t\t\t\t<div class=\"elementor-flip-box__layer__inner\">\n\t\t\t\t\t\t\t\t\t\t\t<h3 class=\"elementor-flip-box__layer__title\">\n\t\t\t\t\t\t\tLouez-en un aujourd'hui\t\t\t\t\t\t<\/h3>\n\t\t\t\t\t\n\t\t\t\t\t\t\t\t\t\t\t<div class=\"elementor-flip-box__layer__description\">\n\t\t\t\t\t\t\tUne technologie de nettoyage pour chaque surface avec les meilleures machines de nettoyage \u00e0 glace carbonique du march\u00e9\t\t\t\t\t\t<\/div>\n\t\t\t\t\t\n\t\t\t\t\t\t\t\t\t\t\t<span class=\"elementor-flip-box__button elementor-button elementor-size-sm\">\n\t\t\t\t\t\t\tVoir les produits\t\t\t\t\t\t<\/span>\n\t\t\t\t\t\t\t\t<\/div>\n\t\t<\/div>\n\t\t<\/a>\n\t\t<\/div>\n\t\t\t\t\t\t<\/div>\n\t\t\t\t<\/div>\n\t\t\t\t<\/div>\n\t\t<div class=\"elementor-element elementor-element-16e3aad e-con-full e-flex e-con e-child\" data-id=\"16e3aad\" data-element_type=\"container\" data-e-type=\"container\">\n\t\t\t\t<div class=\"elementor-element elementor-element-f1941ec elementor-flip-box--effect-flip elementor-flip-box--direction-up elementor-widget elementor-widget-flip-box\" data-id=\"f1941ec\" data-element_type=\"widget\" data-e-type=\"widget\" data-widget_type=\"flip-box.default\">\n\t\t\t\t<div class=\"elementor-widget-container\">\n\t\t\t\t\t\t\t<div class=\"elementor-flip-box\" tabindex=\"0\">\n\t\t\t<div class=\"elementor-flip-box__layer elementor-flip-box__front\">\n\t\t\t\t<div class=\"elementor-flip-box__layer__overlay\">\n\t\t\t\t\t<div class=\"elementor-flip-box__layer__inner\">\n\t\t\t\t\t\t\n\t\t\t\t\t\t\t\t\t\t\t\t\t<h3 class=\"elementor-flip-box__layer__title\">\n\t\t\t\t\t\t\t\tGranules de glace s\u00e8che\t\t\t\t\t\t\t<\/h3>\n\t\t\t\t\t\t\n\t\t\t\t\t\t\t\t\t\t\t\t\t<div class=\"elementor-flip-box__layer__description\">\n\t\t\t\t\t\t\t\tAchetez en petites ou grandes quantit\u00e9s\t\t\t\t\t\t\t<\/div>\n\t\t\t\t\t\t\t\t\t\t\t<\/div>\n\t\t\t\t<\/div>\n\t\t\t<\/div>\n\t\t\t<a class=\"elementor-flip-box__layer elementor-flip-box__back\" href=\"https:\/\/dryiceeu.com\/be\/categorie-produit\/granules-de-glace-seche\/\">\n\t\t\t<div class=\"elementor-flip-box__layer__overlay\">\n\t\t\t\t<div class=\"elementor-flip-box__layer__inner\">\n\t\t\t\t\t\t\t\t\t\t\t<h3 class=\"elementor-flip-box__layer__title\">\n\t\t\t\t\t\t\tAchetez-en aujourd'hui\t\t\t\t\t\t<\/h3>\n\t\t\t\t\t\n\t\t\t\t\t\t\t\t\t\t\t<div class=\"elementor-flip-box__layer__description\">\n\t\t\t\t\t\t\tGranul\u00e9s de glace carbonique dans des caisses-palettes ou des conteneurs sp\u00e9ciaux. De 9 \u00e0 250 kg.\t\t\t\t\t\t<\/div>\n\t\t\t\t\t\n\t\t\t\t\t\t\t\t\t\t\t<span class=\"elementor-flip-box__button elementor-button elementor-size-sm\">\n\t\t\t\t\t\t\tVoir les produits\t\t\t\t\t\t<\/span>\n\t\t\t\t\t\t\t\t<\/div>\n\t\t<\/div>\n\t\t<\/a>\n\t\t<\/div>\n\t\t\t\t\t\t<\/div>\n\t\t\t\t<\/div>\n\t\t\t\t<\/div>\n\t\t\t\t<\/div>\n\t\t\t\t<\/div>\n\t\t\t\t\t<\/div>\n\t\t\t\t<\/div>\n\t\t\t\t<\/div>\n\t\t","protected":false},"excerpt":{"rendered":"<p>\u00c0 propos de DryIceEU Nous proposons des solutions de location et des livraisons de glace carbonique dans un certain nombre de pays de l&rsquo;UE. Notre strat\u00e9gie est d&rsquo;avoir une machine \u00e0 glace carbonique \u00e0 moins de 50 kilom\u00e8tres de tous les utilisateurs dans toute l&rsquo;Europe. L&rsquo;entreprise a \u00e9t\u00e9 fond\u00e9e en 2012 au Danemark et s&rsquo;efforce&hellip;&nbsp;<a href=\"https:\/\/dryiceeu.com\/be\/a-propos-de\/\" rel=\"bookmark\">Lire la suite &raquo;<span class=\"screen-reader-text\">\u00c0 propos de DryIce EU<\/span><\/a><\/p>\n","protected":false},"author":1,"featured_media":546,"parent":0,"menu_order":0,"comment_status":"closed","ping_status":"closed","template":"page-templates\/template-pagebuilder-full-width.php","meta":{"neve_meta_sidebar":"","neve_meta_container":"","neve_meta_enable_content_width":"","neve_meta_content_width":0,"neve_meta_title_alignment":"","neve_meta_author_avatar":"","neve_post_elements_order":"","neve_meta_disable_header":"","neve_meta_disable_footer":"","neve_meta_disable_title":"","footnotes":""},"class_list":["post-541","page","type-page","status-publish","has-post-thumbnail","hentry"],"_links":{"self":[{"href":"https:\/\/dryiceeu.com\/be\/wp-json\/wp\/v2\/pages\/541","targetHints":{"allow":["GET"]}}],"collection":[{"href":"https:\/\/dryiceeu.com\/be\/wp-json\/wp\/v2\/pages"}],"about":[{"href":"https:\/\/dryiceeu.com\/be\/wp-json\/wp\/v2\/types\/page"}],"author":[{"embeddable":true,"href":"https:\/\/dryiceeu.com\/be\/wp-json\/wp\/v2\/users\/1"}],"replies":[{"embeddable":true,"href":"https:\/\/dryiceeu.com\/be\/wp-json\/wp\/v2\/comments?post=541"}],"version-history":[{"count":44,"href":"https:\/\/dryiceeu.com\/be\/wp-json\/wp\/v2\/pages\/541\/revisions"}],"predecessor-version":[{"id":2506,"href":"https:\/\/dryiceeu.com\/be\/wp-json\/wp\/v2\/pages\/541\/revisions\/2506"}],"wp:featuredmedia":[{"embeddable":true,"href":"https:\/\/dryiceeu.com\/be\/wp-json\/wp\/v2\/media\/546"}],"wp:attachment":[{"href":"https:\/\/dryiceeu.com\/be\/wp-json\/wp\/v2\/media?parent=541"}],"curies":[{"name":"wp","href":"https:\/\/api.w.org\/{rel}","templated":true}]}}