{"id":574,"date":"2023-12-21T13:37:13","date_gmt":"2023-12-21T13:37:13","guid":{"rendered":"https:\/\/dryiceeu.com\/be\/privacy-policy\/"},"modified":"2024-03-22T16:22:01","modified_gmt":"2024-03-22T15:22:01","slug":"politique-de-confidentialite","status":"publish","type":"page","link":"https:\/\/dryiceeu.com\/be\/politique-de-confidentialite\/","title":{"rendered":"Politique de confidentialit\u00e9"},"content":{"rendered":"\t\t<div data-elementor-type=\"wp-page\" data-elementor-id=\"574\" class=\"elementor elementor-574\" data-elementor-post-type=\"page\">\n\t\t\t\t<div class=\"elementor-element elementor-element-f958cd5 e-con-full e-flex e-con e-parent\" data-id=\"f958cd5\" data-element_type=\"container\" data-e-type=\"container\">\n\t\t<div class=\"elementor-element elementor-element-bcce678 e-flex e-con-boxed e-con e-child\" data-id=\"bcce678\" data-element_type=\"container\" data-e-type=\"container\">\n\t\t\t\t\t<div class=\"e-con-inner\">\n\t\t\t\t\t<\/div>\n\t\t\t\t<\/div>\n\t\t\t\t<\/div>\n\t\t<div class=\"elementor-element elementor-element-d521bcd e-con-full e-flex e-con e-parent\" data-id=\"d521bcd\" data-element_type=\"container\" data-e-type=\"container\">\n\t\t<div class=\"elementor-element elementor-element-4042c7c e-flex e-con-boxed e-con e-child\" data-id=\"4042c7c\" data-element_type=\"container\" data-e-type=\"container\">\n\t\t\t\t\t<div class=\"e-con-inner\">\n\t\t\t\t<div class=\"elementor-element elementor-element-063d192 elementor-widget elementor-widget-text-editor\" data-id=\"063d192\" data-element_type=\"widget\" data-e-type=\"widget\" data-widget_type=\"text-editor.default\">\n\t\t\t\t<div class=\"elementor-widget-container\">\n\t\t\t\t\t\t\t\t\t<p>Derni\u00e8re mise \u00e0 jour\u00a0: [5 septembre 2023]<\/p><p>Introduction<\/p><p>Bienvenue sur dryiceEU (\u00ab nous \u00bb, \u00ab notre \u00bb ou \u00ab notre \u00bb). Nous nous engageons \u00e0 prot\u00e9ger votre vie priv\u00e9e et \u00e0 traiter vos informations personnelles avec soin. Cette Politique de Confidentialit\u00e9 explique comment nous collectons, utilisons, divulguons et prot\u00e9geons vos donn\u00e9es personnelles lorsque vous visitez notre site Internet [dryiceeu.com] (le \u00ab Site Internet \u00bb).<\/p><p>Informations que nous collectons<\/p><p>Nous pouvons collecter les types d&rsquo;informations suivants lorsque vous utilisez notre site Web\u00a0:<\/p><p>Informations personnelles\u00a0: cela peut inclure votre nom, votre adresse e-mail, votre adresse postale, votre num\u00e9ro de t\u00e9l\u00e9phone et d&rsquo;autres informations similaires lorsque vous nous les fournissez volontairement.<br \/>Informations d&rsquo;utilisation\u00a0: Nous collectons des donn\u00e9es sur vos interactions avec notre site Web, telles que votre adresse IP, votre type de navigateur, votre syst\u00e8me d&rsquo;exploitation et les pages visit\u00e9es.<br \/>Cookies et technologies de suivi\u00a0: nous pouvons utiliser des cookies, des balises Web et des technologies similaires pour collecter des informations sur votre comportement et vos pr\u00e9f\u00e9rences de navigation. Vous pouvez g\u00e9rer vos pr\u00e9f\u00e9rences en mati\u00e8re de cookies comme expliqu\u00e9 dans notre Politique en mati\u00e8re de cookies.<br \/>Comment nous utilisons vos informations<\/p><p>Nous utilisons vos informations aux fins suivantes :<\/p><p>Pour fournir et maintenir notre site Web.<br \/>Pour r\u00e9pondre \u00e0 vos demandes, demandes ou commentaires.<br \/>Analyser et am\u00e9liorer les performances et l&rsquo;exp\u00e9rience utilisateur de notre site Web.<br \/>Pour vous envoyer des mises \u00e0 jour, des newsletters et des communications marketing si vous avez donn\u00e9 votre consentement.<br \/>Partager vos informations<\/p><p>Nous pouvons partager vos informations avec\u00a0:<\/p><p>Prestataires de services et partenaires qui nous assistent dans l\u2019exploitation de notre site Web.<br \/>Autorit\u00e9s judiciaires lorsque la loi l&rsquo;exige ou pour prot\u00e9ger nos droits et int\u00e9r\u00eats.<br \/>Vos choix et droits<\/p><p>Vous disposez des droits suivants concernant vos informations personnelles :<\/p><p>Le droit d\u2019acc\u00e9der, de rectifier ou de supprimer vos donn\u00e9es personnelles.<br \/>Le droit de retirer votre consentement pour les communications marketing.<br \/>Le droit de vous opposer au traitement de vos donn\u00e9es personnelles.<br \/>S\u00e9curit\u00e9 des donn\u00e9es<\/p><p>Nous prenons les mesures appropri\u00e9es pour prot\u00e9ger vos informations personnelles contre tout acc\u00e8s, divulgation, modification ou destruction non autoris\u00e9s.<\/p><hr class=\"wp-block-separator has-alpha-channel-opacity\" \/><p>Modifications de cette politique de confidentialit\u00e9<\/p><p>Nous pouvons mettre \u00e0 jour cette politique de confidentialit\u00e9 pour refl\u00e9ter des changements dans nos pratiques ou pour d&rsquo;autres raisons op\u00e9rationnelles, juridiques ou r\u00e9glementaires. Nous vous encourageons \u00e0 revoir cette politique p\u00e9riodiquement.<\/p><p>Contactez-nous<\/p><p>Si vous avez des questions ou des pr\u00e9occupations concernant cette politique de confidentialit\u00e9, veuillez nous contacter \u00e0 adm@dryiceeu.com<\/p>\t\t\t\t\t\t\t\t<\/div>\n\t\t\t\t<\/div>\n\t\t\t\t\t<\/div>\n\t\t\t\t<\/div>\n\t\t\t\t<\/div>\n\t\t\t\t<\/div>\n\t\t","protected":false},"excerpt":{"rendered":"<p>Derni\u00e8re mise \u00e0 jour\u00a0: [5 septembre 2023] Introduction Bienvenue sur dryiceEU (\u00ab nous \u00bb, \u00ab notre \u00bb ou \u00ab notre \u00bb). Nous nous engageons \u00e0 prot\u00e9ger votre vie priv\u00e9e et \u00e0 traiter vos informations personnelles avec soin. Cette Politique de Confidentialit\u00e9 explique comment nous collectons, utilisons, divulguons et prot\u00e9geons vos donn\u00e9es personnelles lorsque vous visitez&hellip;&nbsp;<a href=\"https:\/\/dryiceeu.com\/be\/politique-de-confidentialite\/\" rel=\"bookmark\">Lire la suite &raquo;<span class=\"screen-reader-text\">Politique de confidentialit\u00e9<\/span><\/a><\/p>\n","protected":false},"author":1,"featured_media":0,"parent":0,"menu_order":0,"comment_status":"closed","ping_status":"closed","template":"page-templates\/template-pagebuilder-full-width.php","meta":{"neve_meta_sidebar":"","neve_meta_container":"","neve_meta_enable_content_width":"","neve_meta_content_width":0,"neve_meta_title_alignment":"","neve_meta_author_avatar":"","neve_post_elements_order":"","neve_meta_disable_header":"","neve_meta_disable_footer":"","neve_meta_disable_title":"","footnotes":""},"class_list":["post-574","page","type-page","status-publish","hentry"],"_links":{"self":[{"href":"https:\/\/dryiceeu.com\/be\/wp-json\/wp\/v2\/pages\/574","targetHints":{"allow":["GET"]}}],"collection":[{"href":"https:\/\/dryiceeu.com\/be\/wp-json\/wp\/v2\/pages"}],"about":[{"href":"https:\/\/dryiceeu.com\/be\/wp-json\/wp\/v2\/types\/page"}],"author":[{"embeddable":true,"href":"https:\/\/dryiceeu.com\/be\/wp-json\/wp\/v2\/users\/1"}],"replies":[{"embeddable":true,"href":"https:\/\/dryiceeu.com\/be\/wp-json\/wp\/v2\/comments?post=574"}],"version-history":[{"count":13,"href":"https:\/\/dryiceeu.com\/be\/wp-json\/wp\/v2\/pages\/574\/revisions"}],"predecessor-version":[{"id":2059,"href":"https:\/\/dryiceeu.com\/be\/wp-json\/wp\/v2\/pages\/574\/revisions\/2059"}],"wp:attachment":[{"href":"https:\/\/dryiceeu.com\/be\/wp-json\/wp\/v2\/media?parent=574"}],"curies":[{"name":"wp","href":"https:\/\/api.w.org\/{rel}","templated":true}]}}