{"id":588,"date":"2023-12-21T13:37:16","date_gmt":"2023-12-21T13:37:16","guid":{"rendered":"http:\/\/adminDImaster"},"modified":"2024-04-10T07:13:47","modified_gmt":"2024-04-10T06:13:47","slug":"iblmini","status":"publish","type":"product","link":"https:\/\/dryiceeu.com\/be\/produit\/iblmini\/","title":{"rendered":"IBLmini Machine \u00e0 glace s\u00e8che"},"content":{"rendered":"<p>La machine \u00e0 glace carbonique IBlmini pour le nettoyage industriel a une faible consommation de glace carbonique de seulement 10 \u00e0 20 kg\/heure et peut fonctionner avec de l&rsquo;air d&rsquo;usine \u00e0 partir de 2 000 litres\/min.<\/p>\n","protected":false},"excerpt":{"rendered":"<p>L&rsquo;IBlmini a une faible consommation de glace carbonique de seulement 10 \u00e0 20 kg\/heure et peut fonctionner avec de l&rsquo;air d&rsquo;usine \u00e0 partir de 2 000 litres\/min.<\/p>\n","protected":false},"featured_media":610,"comment_status":"closed","ping_status":"closed","template":"","meta":{"neve_meta_sidebar":"","neve_meta_container":"","neve_meta_enable_content_width":"off","neve_meta_content_width":100,"neve_meta_title_alignment":"","neve_meta_author_avatar":"","neve_post_elements_order":"","neve_meta_disable_header":"","neve_meta_disable_footer":"","neve_meta_disable_title":"","wds_primary_product_brand":0,"wds_primary_product_cat":0},"product_brand":[],"product_cat":[44],"product_tag":[],"class_list":{"0":"post-588","1":"product","2":"type-product","3":"status-publish","4":"has-post-thumbnail","6":"product_cat-machines-a-glace-seche","8":"first","9":"instock","10":"taxable","11":"shipping-taxable","12":"purchasable","13":"product-type-variable"},"_links":{"self":[{"href":"https:\/\/dryiceeu.com\/be\/wp-json\/wp\/v2\/product\/588","targetHints":{"allow":["GET"]}}],"collection":[{"href":"https:\/\/dryiceeu.com\/be\/wp-json\/wp\/v2\/product"}],"about":[{"href":"https:\/\/dryiceeu.com\/be\/wp-json\/wp\/v2\/types\/product"}],"replies":[{"embeddable":true,"href":"https:\/\/dryiceeu.com\/be\/wp-json\/wp\/v2\/comments?post=588"}],"version-history":[{"count":3,"href":"https:\/\/dryiceeu.com\/be\/wp-json\/wp\/v2\/product\/588\/revisions"}],"predecessor-version":[{"id":2092,"href":"https:\/\/dryiceeu.com\/be\/wp-json\/wp\/v2\/product\/588\/revisions\/2092"}],"wp:featuredmedia":[{"embeddable":true,"href":"https:\/\/dryiceeu.com\/be\/wp-json\/wp\/v2\/media\/610"}],"wp:attachment":[{"href":"https:\/\/dryiceeu.com\/be\/wp-json\/wp\/v2\/media?parent=588"}],"wp:term":[{"taxonomy":"product_brand","embeddable":true,"href":"https:\/\/dryiceeu.com\/be\/wp-json\/wp\/v2\/product_brand?post=588"},{"taxonomy":"product_cat","embeddable":true,"href":"https:\/\/dryiceeu.com\/be\/wp-json\/wp\/v2\/product_cat?post=588"},{"taxonomy":"product_tag","embeddable":true,"href":"https:\/\/dryiceeu.com\/be\/wp-json\/wp\/v2\/product_tag?post=588"}],"curies":[{"name":"wp","href":"https:\/\/api.w.org\/{rel}","templated":true}]}}