{"id":590,"date":"2023-12-21T13:37:16","date_gmt":"2023-12-21T13:37:16","guid":{"rendered":"http:\/\/adminDImaster"},"modified":"2024-04-10T07:15:20","modified_gmt":"2024-04-10T06:15:20","slug":"ibl3000","status":"publish","type":"product","link":"https:\/\/dryiceeu.com\/be\/produit\/ibl3000\/","title":{"rendered":"IBL3000 Machine \u00e0 glace s\u00e8che"},"content":{"rendered":"<p>La machine \u00e0 glace carbonique IBL3000 d&rsquo;IntelBlast est tr\u00e8s \u00e9troite \u2013 seulement 400 mm de large, ce qui permettra d&rsquo;entrer dans les espaces restreints et entre les machines. La puissance vient du flux d\u2019air et de la pression. Plus il y en a, plus il est fort.<\/p>\n","protected":false},"excerpt":{"rendered":"<p>Tr\u00e8s \u00e9troit \u2013 Seulement 400 mm de large, ce qui permettra l&rsquo;entr\u00e9e dans les espaces restreints et entre les machines. La puissance vient du flux d\u2019air et de la pression. Plus il y en a, plus il est fort.<\/p>\n","protected":false},"featured_media":608,"comment_status":"closed","ping_status":"closed","template":"","meta":{"neve_meta_sidebar":"","neve_meta_container":"","neve_meta_enable_content_width":"off","neve_meta_content_width":100,"neve_meta_title_alignment":"","neve_meta_author_avatar":"","neve_post_elements_order":"","neve_meta_disable_header":"","neve_meta_disable_footer":"","neve_meta_disable_title":"","wds_primary_product_brand":0,"wds_primary_product_cat":0},"product_brand":[],"product_cat":[44],"product_tag":[],"class_list":{"0":"post-590","1":"product","2":"type-product","3":"status-publish","4":"has-post-thumbnail","6":"product_cat-machines-a-glace-seche","8":"first","9":"instock","10":"taxable","11":"shipping-taxable","12":"purchasable","13":"product-type-variable"},"_links":{"self":[{"href":"https:\/\/dryiceeu.com\/be\/wp-json\/wp\/v2\/product\/590","targetHints":{"allow":["GET"]}}],"collection":[{"href":"https:\/\/dryiceeu.com\/be\/wp-json\/wp\/v2\/product"}],"about":[{"href":"https:\/\/dryiceeu.com\/be\/wp-json\/wp\/v2\/types\/product"}],"replies":[{"embeddable":true,"href":"https:\/\/dryiceeu.com\/be\/wp-json\/wp\/v2\/comments?post=590"}],"version-history":[{"count":3,"href":"https:\/\/dryiceeu.com\/be\/wp-json\/wp\/v2\/product\/590\/revisions"}],"predecessor-version":[{"id":2123,"href":"https:\/\/dryiceeu.com\/be\/wp-json\/wp\/v2\/product\/590\/revisions\/2123"}],"wp:featuredmedia":[{"embeddable":true,"href":"https:\/\/dryiceeu.com\/be\/wp-json\/wp\/v2\/media\/608"}],"wp:attachment":[{"href":"https:\/\/dryiceeu.com\/be\/wp-json\/wp\/v2\/media?parent=590"}],"wp:term":[{"taxonomy":"product_brand","embeddable":true,"href":"https:\/\/dryiceeu.com\/be\/wp-json\/wp\/v2\/product_brand?post=590"},{"taxonomy":"product_cat","embeddable":true,"href":"https:\/\/dryiceeu.com\/be\/wp-json\/wp\/v2\/product_cat?post=590"},{"taxonomy":"product_tag","embeddable":true,"href":"https:\/\/dryiceeu.com\/be\/wp-json\/wp\/v2\/product_tag?post=590"}],"curies":[{"name":"wp","href":"https:\/\/api.w.org\/{rel}","templated":true}]}}