{"id":127,"date":"2023-12-27T20:30:05","date_gmt":"2023-12-27T20:30:05","guid":{"rendered":"https:\/\/dryiceeu.com\/da\/cookiepolitik\/"},"modified":"2024-01-27T23:58:19","modified_gmt":"2024-01-27T22:58:19","slug":"cookiepolitik","status":"publish","type":"page","link":"https:\/\/dryiceeu.com\/da\/cookiepolitik\/","title":{"rendered":"Cookiepolitik"},"content":{"rendered":"\t\t<div data-elementor-type=\"wp-page\" data-elementor-id=\"127\" class=\"elementor elementor-127\" data-elementor-post-type=\"page\">\n\t\t\t\t<div class=\"elementor-element elementor-element-03688ef e-con-full e-flex e-con e-parent\" data-id=\"03688ef\" data-element_type=\"container\" data-e-type=\"container\">\n\t\t<div class=\"elementor-element elementor-element-5698ca8 e-flex e-con-boxed e-con e-child\" data-id=\"5698ca8\" data-element_type=\"container\" data-e-type=\"container\">\n\t\t\t\t\t<div class=\"e-con-inner\">\n\t\t\t\t\t<\/div>\n\t\t\t\t<\/div>\n\t\t\t\t<\/div>\n\t\t<div class=\"elementor-element elementor-element-c7328bf e-con-full e-flex e-con e-parent\" data-id=\"c7328bf\" data-element_type=\"container\" data-e-type=\"container\">\n\t\t<div class=\"elementor-element elementor-element-3ae31b7 e-flex e-con-boxed e-con e-child\" data-id=\"3ae31b7\" data-element_type=\"container\" data-e-type=\"container\">\n\t\t\t\t\t<div class=\"e-con-inner\">\n\t\t\t\t<div class=\"elementor-element elementor-element-e0a2303 elementor-widget elementor-widget-text-editor\" data-id=\"e0a2303\" data-element_type=\"widget\" data-e-type=\"widget\" data-widget_type=\"text-editor.default\">\n\t\t\t\t<div class=\"elementor-widget-container\">\n\t\t\t\t\t\t\t\t\t\n<p><strong>Cookiepolitik<\/strong><\/p>\n\n\n\n<p>Sidst opdateret: [5. september 2023]<\/p>\n\n\n\n<h3 class=\"wp-block-heading\"><strong>INTRODUKTION<\/strong><\/h3>\n\n\n\n<p>Denne cookiepolitik forklarer, hvordan [dryice EU by Intenblast] (&#8220;vi&#8221;, &#8220;os&#8221; eller &#8220;vores&#8221;) bruger cookies og lignende teknologier, n\u00e5r du bes\u00f8ger vores websted [dryiceEU .com] (&#8220;Webstedet&#8221;). Denne politik giver information om, hvad cookies er, hvorfor vi bruger dem, og hvordan du kan administrere dine cookie-pr\u00e6ferencer.<\/p>\n\n\n\n<hr class=\"wp-block-separator has-alpha-channel-opacity\">\n\n\n\n<h3 class=\"wp-block-heading\">COOKIES POLITIK<\/h3>\n\n\n\n<p>P\u00e5 denne hjemmeside bruges tredjeparts- og egne cookies for at sikre, at du f\u00e5r en bedre browsingoplevelse, du kan dele indhold p\u00e5 sociale netv\u00e6rk og for at vi kan indhente brugerstatistik.<\/p>\n\n\n\n<p>Du kan forhindre download af cookies gennem dine browserindstillinger, hvilket forhindrer cookies i at blive gemt p\u00e5 din enhed.<\/p>\n\n\n\n<p>Som ejer af denne hjemmeside informerer jeg dig om, at vi ikke bruger nogen personlige oplysninger fra cookies, vi laver kun generelle statistikker over bes\u00f8g, der ikke involverer nogen personlige oplysninger.<\/p>\n\n\n\n<p>Det er meget vigtigt, at du l\u00e6ser denne cookiepolitik og forst\u00e5r, at hvis du forts\u00e6tter med at browse, vil vi overveje, at du accepterer deres brug.<\/p>\n\n\n\n<p>I henhold til vilk\u00e5rene, der er inkluderet i artikel 22.2 i lov 34\/2002 om informationssamfundets tjenester og elektronisk handel, vil du, hvis du forts\u00e6tter med at browse, give dit samtykke til brugen af \u200b\u200bde f\u00f8rn\u00e6vnte mekanismer.<\/p>\n\n\n\n<hr class=\"wp-block-separator has-alpha-channel-opacity\">\n\n\n\n<h3 class=\"wp-block-heading\">ANSVARLIG ENHED<\/h3>\n\n\n\n<p>Den enhed, der er ansvarlig for indsamling, behandling og brug af dine personlige data, i den forstand, der er fastlagt i persondataloven, er siden dryiceEU.com, ejet af Intelblast S.L. \u2013 Rambla dels Pa\u00efsos Catalans 18, Nave 52, 08800 Vilanova i la Geltr\u00fa (Barcelona-Spanien).<\/p>\n\n\n\n<hr class=\"wp-block-separator has-alpha-channel-opacity\">\n\n\n\n<h3 class=\"wp-block-heading\">HVAD ER COOKIES?<\/h3>\n\n\n\n<p>Cookies er et s\u00e6t data, som en server deponerer i brugerens browser for at indsamle standard internetregistreringsoplysninger og oplysninger om adf\u00e6rd hos bes\u00f8gende p\u00e5 et websted. Det er med andre ord sm\u00e5 tekstfiler, der er gemt p\u00e5 computerens harddisk, og som tjener til at identificere brugeren, n\u00e5r de opretter forbindelse til hjemmesiden igen. Dens form\u00e5l er at registrere brugerens bes\u00f8g og gemme visse oplysninger. Dets brug er almindeligt og hyppigt p\u00e5 nettet, da det giver sider mulighed for at fungere mere effektivt og opn\u00e5 st\u00f8rre tilpasning og analyse af brugeradf\u00e6rd.<\/p>\n\n\n\n<hr class=\"wp-block-separator has-alpha-channel-opacity\">\n\n\n\n<h3 class=\"wp-block-heading\">HVILKE TYPER AF COOKIES FINDES?<\/h3>\n\n\n\n<p>De cookies, der bruges p\u00e5 vores hjemmeside er session og tredjepart, og giver os mulighed for at gemme og f\u00e5 adgang til information relateret til sproget, den anvendte browsertype og andre generelle karakteristika foruddefineret af brugeren, samt at f\u00f8lge og analysere aktiviteten . at det udf\u00f8rer, for at indf\u00f8re forbedringer og levere vores tjenester p\u00e5 en mere effektiv og personlig m\u00e5de.<\/p>\n\n\n\n<p>Cookies kan, afh\u00e6ngigt af deres varighed, opdeles i sessions- eller permanente cookies. Dem, der udl\u00f8ber, n\u00e5r brugeren lukker browseren. Dem, der udl\u00f8ber afh\u00e6ngigt af, hvorn\u00e5r det form\u00e5l, de bruges til, er opfyldt (for eksempel, s\u00e5 brugeren forbliver identificeret i dryiceEU-tjenesterne), eller n\u00e5r de slettes manuelt.<\/p>\n\n\n\n<hr class=\"wp-block-separator has-alpha-channel-opacity\">\n\n\n\n<h3 class=\"wp-block-heading\">PERFORMANCE COOKIES<\/h3>\n\n\n\n<p>Denne type cookies husker dine pr\u00e6ferencer for v\u00e6rkt\u00f8jer, der findes i Tjenesterne, s\u00e5 du ikke beh\u00f8ver at omkonfigurere Tjenesten, hver gang du bes\u00f8ger. For eksempel omfatter denne typologi: Lydstyrkejusteringer for video- eller lydafspillere. Videotransmissionshastigheder, der underst\u00f8ttes af din browser. Varer gemt i &#8220;indk\u00f8bskurven&#8221; i e-handelstjenester s\u00e5som butikker.<\/p>\n\n\n\n<hr class=\"wp-block-separator has-alpha-channel-opacity\">\n\n\n\n<h3 class=\"wp-block-heading\">GEO-LOCATION COOKIES<\/h3>\n\n\n\n<p>Disse cookies bruges til at finde ud af, hvilket land du befinder dig i, n\u00e5r du anmoder om en tjeneste. Denne cookie er fuldst\u00e6ndig anonym og bruges kun til at hj\u00e6lpe med at m\u00e5lrette indhold til din placering.<\/p>\n\n\n\n<hr class=\"wp-block-separator has-alpha-channel-opacity\">\n\n\n\n<h3 class=\"wp-block-heading\">LOG COOKIES<\/h3>\n\n\n\n<p>Registreringscookies genereres, n\u00e5r brugeren har registreret sig eller efterf\u00f8lgende har \u00e5bnet sin session, og de bruges til at identificere dem i tjenesterne med f\u00f8lgende form\u00e5l:<\/p>\n\n\n\n<p>Holder brugeren identificeret, s\u00e5 de, hvis de lukker en tjeneste, browseren eller computeren og p\u00e5 et andet tidspunkt eller en anden dag g\u00e5r ind i tjenesten igen, vil forts\u00e6tte med at blive identificeret, hvilket letter browsing uden at skulle identificere sig igen. Denne funktionalitet kan undertrykkes, hvis brugeren klikker p\u00e5 [log out]-funktionen, s\u00e5 denne cookie slettes, og n\u00e6ste gang brugeren g\u00e5r ind i tjenesten, skal brugeren logge ind for at blive identificeret.<\/p>\n\n\n\n<p>Tjek, om brugeren har tilladelse til at f\u00e5 adgang til visse tjenester, for eksempel for at deltage i en konkurrence.<\/p>\n\n\n\n<p>Derudover kan nogle tjenester bruge forbindelser med sociale netv\u00e6rk s\u00e5som Facebook eller Twitter. N\u00e5r brugeren registrerer sig i en tjeneste med legitimationsoplysninger til det sociale netv\u00e6rk, giver de det sociale netv\u00e6rk tilladelse til at gemme en vedvarende cookie, der husker deres identitet og garanterer adgang til tjenesterne, indtil den udl\u00f8ber. Brugeren kan slette denne cookie og tilbagekalde adgang til tjenester via sociale netv\u00e6rk ved at opdatere deres pr\u00e6ferencer i det specifikke sociale netv\u00e6rk.<\/p>\n\n\n\n<hr class=\"wp-block-separator has-alpha-channel-opacity\">\n\n\n\n<h3 class=\"wp-block-heading\">ANALYTICS COOKIES<\/h3>\n\n\n\n<p>Hver gang en bruger bes\u00f8ger en tjeneste, genererer et v\u00e6rkt\u00f8j fra en tredjepartsudbyder en analytisk cookie p\u00e5 brugerens computer. Denne cookie, som kun genereres under bes\u00f8get, vil tjene ved efterf\u00f8lgende bes\u00f8g p\u00e5 dryiceEU-tjenester for anonymt at identificere den bes\u00f8gende. De vigtigste m\u00e5l, der forf\u00f8lges, er:<\/p>\n\n\n\n<p>Tillad anonym identifikation af browsende brugere gennem cookien (identificerer browsere og enheder, ikke personer) og derfor den omtrentlige opg\u00f8relse af antallet af bes\u00f8gende og deres tendens over tid.<\/p>\n\n\n\n<p>Identificer anonymt det mest bes\u00f8gte indhold og derfor mere attraktivt for brugerne. Ved, om brugeren, der tilg\u00e5r, er ny eller et gentaget bes\u00f8g.<\/p>\n\n\n\n<p>Vigtigt: Medmindre brugeren beslutter sig for at registrere sig i en dryiceEU-tjeneste, vil cookien aldrig blive forbundet med nogen personlige data, der kan identificere ham. Disse cookies vil kun blive brugt til statistiske form\u00e5l, der hj\u00e6lper med at optimere brugeroplevelsen p\u00e5 siden.<\/p>\n\n\n\n<hr class=\"wp-block-separator has-alpha-channel-opacity\">\n\n\n\n<h3 class=\"wp-block-heading\">ADVERTISING COOKIES<\/h3>\n\n\n\n<p>Denne type cookie giver dig mulighed for at udvide informationen om de annoncer, der vises til hver anonym bruger i dryiceEU-tjenesterne. Blandt andet gemmes varigheden eller hyppigheden af \u200b\u200bvisning af annoncepositioner, interaktionen med dem eller browsingm\u00f8nstre og\/eller brugeradf\u00e6rd, da de er med til at danne en profil af annonceinteresse. P\u00e5 denne m\u00e5de giver de mulighed for at tilbyde annoncering relateret til brugerens interesser.<\/p>\n\n\n\n<hr class=\"wp-block-separator has-alpha-channel-opacity\">\n\n\n\n<h3 class=\"wp-block-heading\">THIRD PARTY ADVERTISING COOKIES<\/h3>\n\n\n\n<p>Ud over den annoncering, der administreres af dryiceEU-webstederne i sine tjenester, tilbyder dryiceEU-webstederne deres annonc\u00f8rer muligheden for at vise annoncer gennem tredjeparter (&#8220;Annonceservere&#8221;). P\u00e5 denne m\u00e5de kan disse tredjeparter gemme cookies sendt fra dryiceEU-tjenesterne fra brugernes browsere, samt f\u00e5 adgang til de data, der er gemt i dem.<\/p>\n\n\n\n<p>De virksomheder, der genererer disse cookies, har deres egne privatlivspolitikker. I \u00f8jeblikket bruger dryiceEU-websteder Doubleclick (Google) platformen til at administrere disse tjenester. For mere information, g\u00e5 til:<\/p>\n\n\n\n<p>http:\/\/www.google.es\/policies\/privacy\/ads\/#toc-doubleclick<\/p>\n\n\n\n<p>http:\/\/www.google.es\/policies\/privacy\/ads\/<\/p>\n\n\n\n<hr class=\"wp-block-separator has-alpha-channel-opacity\">\n\n\n\n<h3 class=\"wp-block-heading\">HVORDAN KAN JEG DEAKTIVERE COOKIES I MIN BROWSER?<\/h3>\n\n\n\n<p>De forskellige browsere kan konfigureres til at give brugeren besked om modtagelsen af \u200b\u200bcookies og, hvis det \u00f8nskes, forhindre deres installation p\u00e5 computeren. Ligeledes kan brugeren gennemse i sin browser, hvilke cookies han har installeret, og hvad er udl\u00f8bsperioden for samme, ved at kunne slette dem.<\/p>\n\n\n\n<p>For mere information, se instruktionerne og manualerne til din browser:<\/p>\n\n\n\n<p>For mere information om cookieh\u00e5ndtering i Google Chrome: https:\/\/support.google.com\/chrome\/answer\/95647?hl=es<\/p>\n\n\n\n<p>For mere information om administration af cookies i Internet Explorer: http:\/\/windows.microsoft.com\/es-es\/windows-vista\/cookies-frequently-asked-questions<\/p>\n\n\n\n<p>For mere information om administration af cookies i Mozilla Firefox: http:\/\/support.mozilla.org\/es\/kb\/habilitar-y-deshabilitar-cookies-que-los-sitios-we<\/p>\n\n\n\n<p>For mere information om administration af cookies i Safari: http:\/\/www.apple.com\/dk\/privacy\/use-of-cookies\/<\/p>\n\n\n\n<p>For mere information om administration af cookies i Opera: http:\/\/help.opera.com\/Windows\/11.50\/es-ES\/cookies.html<\/p>\n\n\n\n<p>Hvis du vil stoppe med at blive sporet af Google Analytics, bes\u00f8g: http:\/\/tools.google.com\/dlpage\/gaoptout<\/p>\n\n\n\n<hr class=\"wp-block-separator has-alpha-channel-opacity\">\n\n\n\n<h3 class=\"wp-block-heading\">FOR AT VIDE MERE OM COOKIES<\/h3>\n\n\n\n<p>Du kan f\u00e5 flere oplysninger om online annoncering baseret p\u00e5 adf\u00e6rd og online privatliv p\u00e5 f\u00f8lgende link: http:\/\/www.youronlinechoices.com\/es\/<\/p>\n\n\n\n<p>Google Analytics databeskyttelse: http:\/\/www.google.com\/analytics\/learn\/privacy.html<\/p>\n\n\n\n<p>Hvordan Google Analytics bruger cookies: https:\/\/developers.google.com\/analytics\/devguides\/collection\/analyticsjs\/cookie-usage?hl=es#analyticsjs<\/p>\n\n\n\n<hr class=\"wp-block-separator has-alpha-channel-opacity\">\n\n\n\n<h3 class=\"wp-block-heading\">OPDATERINGER OG \u00c6NDRINGER I FORTROLIGHEDSPOLITIKKEN\/COOKIES<\/h3>\n\n\n\n<p>dryiceEU-webstederne kan \u00e6ndre denne cookiepolitik baseret p\u00e5 lovgivningsm\u00e6ssige eller regulatoriske krav, eller med det form\u00e5l at tilpasse n\u00e6vnte politik til instruktionerne udstedt af det spanske agentur for databeskyttelse, derfor r\u00e5des brugere til at bes\u00f8ge den med j\u00e6vne mellemrum.<\/p>\n\n\n\n<p>N\u00e5r der sker v\u00e6sentlige \u00e6ndringer i denne cookiepolitik, vil disse blive kommunikeret til brugere enten via internettet eller via e-mail til registrerede brugere.<\/p>\n\n\n\n<hr class=\"wp-block-separator has-alpha-channel-opacity\">\n\n\n\n<h3 class=\"wp-block-heading\">KONTAKT OS<\/h3>\n\n\n\n<p>Hvis du har sp\u00f8rgsm\u00e5l eller bekymringer vedr\u00f8rende denne cookiepolitik, bedes du kontakte os p\u00e5: adm@dryiceEU.com<\/p>\n\t\t\t\t\t\t\t\t<\/div>\n\t\t\t\t<\/div>\n\t\t\t\t\t<\/div>\n\t\t\t\t<\/div>\n\t\t\t\t<\/div>\n\t\t\t\t<\/div>\n\t\t","protected":false},"excerpt":{"rendered":"<p>Cookiepolitik Sidst opdateret: [5. september 2023] INTRODUKTION Denne cookiepolitik forklarer, hvordan [dryice EU by Intenblast] (&#8220;vi&#8221;, &#8220;os&#8221; eller &#8220;vores&#8221;) bruger cookies og lignende teknologier, n\u00e5r du bes\u00f8ger vores websted [dryiceEU .com] (&#8220;Webstedet&#8221;). Denne politik giver information om, hvad cookies er, hvorfor vi bruger dem, og hvordan du kan administrere dine cookie-pr\u00e6ferencer. COOKIES POLITIK P\u00e5 denne&hellip;&nbsp;<a href=\"https:\/\/dryiceeu.com\/da\/cookiepolitik\/\" rel=\"bookmark\">L\u00e6s mere &raquo;<span class=\"screen-reader-text\">Cookiepolitik<\/span><\/a><\/p>\n","protected":false},"author":1,"featured_media":0,"parent":0,"menu_order":0,"comment_status":"closed","ping_status":"closed","template":"page-templates\/template-pagebuilder-full-width.php","meta":{"neve_meta_sidebar":"","neve_meta_container":"","neve_meta_enable_content_width":"","neve_meta_content_width":0,"neve_meta_title_alignment":"","neve_meta_author_avatar":"","neve_post_elements_order":"","neve_meta_disable_header":"","neve_meta_disable_footer":"","neve_meta_disable_title":"","footnotes":""},"class_list":["post-127","page","type-page","status-publish","hentry"],"_links":{"self":[{"href":"https:\/\/dryiceeu.com\/da\/wp-json\/wp\/v2\/pages\/127","targetHints":{"allow":["GET"]}}],"collection":[{"href":"https:\/\/dryiceeu.com\/da\/wp-json\/wp\/v2\/pages"}],"about":[{"href":"https:\/\/dryiceeu.com\/da\/wp-json\/wp\/v2\/types\/page"}],"author":[{"embeddable":true,"href":"https:\/\/dryiceeu.com\/da\/wp-json\/wp\/v2\/users\/1"}],"replies":[{"embeddable":true,"href":"https:\/\/dryiceeu.com\/da\/wp-json\/wp\/v2\/comments?post=127"}],"version-history":[{"count":6,"href":"https:\/\/dryiceeu.com\/da\/wp-json\/wp\/v2\/pages\/127\/revisions"}],"predecessor-version":[{"id":4517,"href":"https:\/\/dryiceeu.com\/da\/wp-json\/wp\/v2\/pages\/127\/revisions\/4517"}],"wp:attachment":[{"href":"https:\/\/dryiceeu.com\/da\/wp-json\/wp\/v2\/media?parent=127"}],"curies":[{"name":"wp","href":"https:\/\/api.w.org\/{rel}","templated":true}]}}