{"id":133,"date":"2023-12-27T20:30:06","date_gmt":"2023-12-27T20:30:06","guid":{"rendered":"https:\/\/dryiceeu.com\/da\/sikkerhed\/"},"modified":"2024-01-28T00:12:26","modified_gmt":"2024-01-27T23:12:26","slug":"sikkerhed","status":"publish","type":"page","link":"https:\/\/dryiceeu.com\/da\/sikkerhed\/","title":{"rendered":"Sikkerhed"},"content":{"rendered":"\t\t<div data-elementor-type=\"wp-page\" data-elementor-id=\"133\" class=\"elementor elementor-133\" data-elementor-post-type=\"page\">\n\t\t\t\t<div class=\"elementor-element elementor-element-065d463 e-con-full e-flex e-con e-parent\" data-id=\"065d463\" data-element_type=\"container\" data-e-type=\"container\" id=\"product-page-dry\">\n\t\t<div class=\"elementor-element elementor-element-e0cd8d3 e-flex e-con-boxed e-con e-child\" data-id=\"e0cd8d3\" data-element_type=\"container\" data-e-type=\"container\">\n\t\t\t\t\t<div class=\"e-con-inner\">\n\t\t<div class=\"elementor-element elementor-element-cb2d8d6 e-con-full e-flex e-con e-child\" data-id=\"cb2d8d6\" data-element_type=\"container\" data-e-type=\"container\">\n\t\t\t\t<div class=\"elementor-element elementor-element-e8757d7 elementor-widget elementor-widget-heading\" data-id=\"e8757d7\" data-element_type=\"widget\" data-e-type=\"widget\" data-widget_type=\"heading.default\">\n\t\t\t\t<div class=\"elementor-widget-container\">\n\t\t\t\t\t<h1 class=\"elementor-heading-title elementor-size-default\">Sikkerhed og <br>sikkerhedsudstyr<\/h1>\t\t\t\t<\/div>\n\t\t\t\t<\/div>\n\t\t\t\t<div class=\"elementor-element elementor-element-053a8a4 elementor-widget elementor-widget-text-editor\" data-id=\"053a8a4\" data-element_type=\"widget\" data-e-type=\"widget\" data-widget_type=\"text-editor.default\">\n\t\t\t\t<div class=\"elementor-widget-container\">\n\t\t\t\t\t\t\t\t\t<p>N\u00e5r der arbejdes med t\u00f8risbl\u00e6sning og t\u00f8ris, er sikkerheden ekstrem vigtig da forkert anvendelse kan have konsekvenser for sundheden.<\/p>\t\t\t\t\t\t\t\t<\/div>\n\t\t\t\t<\/div>\n\t\t\t\t<\/div>\n\t\t<div class=\"elementor-element elementor-element-59576b6 e-con-full e-flex e-con e-child\" data-id=\"59576b6\" data-element_type=\"container\" data-e-type=\"container\">\n\t\t\t\t<\/div>\n\t\t\t\t\t<\/div>\n\t\t\t\t<\/div>\n\t\t\t\t<\/div>\n\t\t<div class=\"elementor-element elementor-element-7bc6a24 e-con-full e-flex e-con e-parent\" data-id=\"7bc6a24\" data-element_type=\"container\" data-e-type=\"container\" data-settings=\"{&quot;background_background&quot;:&quot;classic&quot;}\">\n\t\t<div class=\"elementor-element elementor-element-ca0e17d e-flex e-con-boxed e-con e-child\" data-id=\"ca0e17d\" data-element_type=\"container\" data-e-type=\"container\">\n\t\t\t\t\t<div class=\"e-con-inner\">\n\t\t<div class=\"elementor-element elementor-element-d713d02 e-con-full e-flex e-con e-child\" data-id=\"d713d02\" data-element_type=\"container\" data-e-type=\"container\">\n\t\t\t\t<div class=\"elementor-element elementor-element-ffce7e4 elementor-widget elementor-widget-image\" data-id=\"ffce7e4\" data-element_type=\"widget\" data-e-type=\"widget\" data-widget_type=\"image.default\">\n\t\t\t\t<div class=\"elementor-widget-container\">\n\t\t\t\t\t\t\t\t\t\t\t\t\t\t\t<img fetchpriority=\"high\" decoding=\"async\" width=\"643\" height=\"547\" src=\"https:\/\/dryiceeu.com\/da\/wp-content\/uploads\/sites\/2\/2023\/12\/safetyb.png\" class=\"attachment-full size-full wp-image-134\" alt=\"\" srcset=\"https:\/\/dryiceeu.com\/da\/wp-content\/uploads\/sites\/2\/2023\/12\/safetyb.png 643w, https:\/\/dryiceeu.com\/da\/wp-content\/uploads\/sites\/2\/2023\/12\/safetyb-300x255.png 300w, https:\/\/dryiceeu.com\/da\/wp-content\/uploads\/sites\/2\/2023\/12\/safetyb-600x510.png 600w\" sizes=\"(max-width: 643px) 100vw, 643px\" \/>\t\t\t\t\t\t\t\t\t\t\t\t\t\t\t<\/div>\n\t\t\t\t<\/div>\n\t\t\t\t<\/div>\n\t\t<div class=\"elementor-element elementor-element-16395c7 e-con-full e-flex e-con e-child\" data-id=\"16395c7\" data-element_type=\"container\" data-e-type=\"container\">\n\t\t\t\t<div class=\"elementor-element elementor-element-7459753 elementor-widget elementor-widget-heading\" data-id=\"7459753\" data-element_type=\"widget\" data-e-type=\"widget\" data-widget_type=\"heading.default\">\n\t\t\t\t<div class=\"elementor-widget-container\">\n\t\t\t\t\t<h2 class=\"elementor-heading-title elementor-size-default\">Sikkerhedsvejledning <\/h2>\t\t\t\t<\/div>\n\t\t\t\t<\/div>\n\t\t\t\t<div class=\"elementor-element elementor-element-ac6be99 elementor-widget elementor-widget-text-editor\" data-id=\"ac6be99\" data-element_type=\"widget\" data-e-type=\"widget\" data-widget_type=\"text-editor.default\">\n\t\t\t\t<div class=\"elementor-widget-container\">\n\t\t\t\t\t\t\t\t\t<p>T\u00f8ris fremstilles ved at ekspandere LCO\u00b2, som danner t\u00f8ris-sne. Sneen komprimeres derefter og ekstruderes af en pelletizer for at skabe t\u00f8ris-piller.<\/p>\n<p>Den CO\u00b2, der frigives fra reng\u00f8ringsprocessen, n\u00e5r t\u00f8risen omdannes til gas, \u00f8ger CO\u00b2-niveauet i arbejdsomr\u00e5det.<\/p>\n<p>I de fleste omr\u00e5der og ved udvendig reng\u00f8ring vil det ikke give problemer. Men hvis det bruges indend\u00f8rs eller i et lukket rum, er det n\u00f8dvendigt med en CO\u00b2-overv\u00e5gningsanordning (de fleste regler definerer, at 5000 ppm er den h\u00f8jeste tilladte koncentration over maksimalt 8 timer) og samtidig brug af friskluft maske. Kontakt din lokale leverand\u00f8r af personligt beskyttelsesudstyr (PPE).<\/p>\n<p>CO\u00b2 er farvel\u00f8st, smagl\u00f8st og har ingen lugt. Symptomer p\u00e5 overeksponering for CO\u00b2 er:<\/p>\n<p>Under alle omst\u00e6ndigheder er det n\u00f8dvendigt at have tilstr\u00e6kkelig ventilation i de omr\u00e5der, hvor du arbejder.<\/p>\n\t\t\t\t\t\t\t\t<\/div>\n\t\t\t\t<\/div>\n\t\t\t\t<\/div>\n\t\t\t\t\t<\/div>\n\t\t\t\t<\/div>\n\t\t\t\t<\/div>\n\t\t<div class=\"elementor-element elementor-element-afbffae e-con-full e-flex e-con e-parent\" data-id=\"afbffae\" data-element_type=\"container\" data-e-type=\"container\">\n\t\t<div class=\"elementor-element elementor-element-6fefbad e-flex e-con-boxed e-con e-child\" data-id=\"6fefbad\" data-element_type=\"container\" data-e-type=\"container\">\n\t\t\t\t\t<div class=\"e-con-inner\">\n\t\t<div class=\"elementor-element elementor-element-f716b46 e-con-full e-flex e-con e-child\" data-id=\"f716b46\" data-element_type=\"container\" data-e-type=\"container\">\n\t\t<div class=\"elementor-element elementor-element-5640d59 e-con-full e-flex e-con e-child\" data-id=\"5640d59\" data-element_type=\"container\" data-e-type=\"container\" data-settings=\"{&quot;background_background&quot;:&quot;classic&quot;}\">\n\t\t\t\t<div class=\"elementor-element elementor-element-709bfba elementor-position-top elementor-widget elementor-widget-image-box\" data-id=\"709bfba\" data-element_type=\"widget\" data-e-type=\"widget\" data-widget_type=\"image-box.default\">\n\t\t\t\t<div class=\"elementor-widget-container\">\n\t\t\t\t\t<div class=\"elementor-image-box-wrapper\"><figure class=\"elementor-image-box-img\"><img decoding=\"async\" width=\"76\" height=\"76\" src=\"https:\/\/dryiceeu.com\/da\/wp-content\/uploads\/sites\/2\/2023\/12\/gloves.jpg\" class=\"attachment-full size-full wp-image-135\" alt=\"\" \/><\/figure><div class=\"elementor-image-box-content\"><h3 class=\"elementor-image-box-title\">Handsker<\/h3><\/div><\/div>\t\t\t\t<\/div>\n\t\t\t\t<\/div>\n\t\t\t\t<div class=\"elementor-element elementor-element-1356cc6 elementor-widget elementor-widget-text-editor\" data-id=\"1356cc6\" data-element_type=\"widget\" data-e-type=\"widget\" data-widget_type=\"text-editor.default\">\n\t\t\t\t<div class=\"elementor-widget-container\">\n\t\t\t\t\t\t\t\t\tT\u00f8ris er koldt (-79\u2070C) og kan for\u00e5rsage frostskader.&lt;br&gt;\nBrug altid handsker, n\u00e5r du h\u00e5ndterer t\u00f8ris.\t\t\t\t\t\t\t\t<\/div>\n\t\t\t\t<\/div>\n\t\t\t\t<\/div>\n\t\t<div class=\"elementor-element elementor-element-0f9eeed e-con-full e-flex e-con e-child\" data-id=\"0f9eeed\" data-element_type=\"container\" data-e-type=\"container\" data-settings=\"{&quot;background_background&quot;:&quot;classic&quot;}\">\n\t\t\t\t<div class=\"elementor-element elementor-element-f9c5ddc elementor-position-top elementor-widget elementor-widget-image-box\" data-id=\"f9c5ddc\" data-element_type=\"widget\" data-e-type=\"widget\" data-widget_type=\"image-box.default\">\n\t\t\t\t<div class=\"elementor-widget-container\">\n\t\t\t\t\t<div class=\"elementor-image-box-wrapper\"><figure class=\"elementor-image-box-img\"><img decoding=\"async\" width=\"172\" height=\"172\" src=\"https:\/\/dryiceeu.com\/da\/wp-content\/uploads\/sites\/2\/2023\/12\/clothing.jpg\" class=\"attachment-full size-full wp-image-136\" alt=\"\" srcset=\"https:\/\/dryiceeu.com\/da\/wp-content\/uploads\/sites\/2\/2023\/12\/clothing.jpg 172w, https:\/\/dryiceeu.com\/da\/wp-content\/uploads\/sites\/2\/2023\/12\/clothing-150x150.jpg 150w, https:\/\/dryiceeu.com\/da\/wp-content\/uploads\/sites\/2\/2023\/12\/clothing-100x100.jpg 100w\" sizes=\"(max-width: 172px) 100vw, 172px\" \/><\/figure><div class=\"elementor-image-box-content\"><h3 class=\"elementor-image-box-title\">Beskyttende t\u00f8j <\/h3><\/div><\/div>\t\t\t\t<\/div>\n\t\t\t\t<\/div>\n\t\t\t\t<div class=\"elementor-element elementor-element-f1756a0 elementor-widget elementor-widget-text-editor\" data-id=\"f1756a0\" data-element_type=\"widget\" data-e-type=\"widget\" data-widget_type=\"text-editor.default\">\n\t\t\t\t<div class=\"elementor-widget-container\">\n\t\t\t\t\t\t\t\t\tDu b\u00f8r ikke komme i kontakt med t\u00f8ris, og det g\u00f8r du for det meste heller ikke. Det anbefales dog altid at b\u00e6re beskyttelsest\u00f8j.\t\t\t\t\t\t\t\t<\/div>\n\t\t\t\t<\/div>\n\t\t\t\t<\/div>\n\t\t\t\t<\/div>\n\t\t<div class=\"elementor-element elementor-element-f8a0e5e e-con-full e-flex e-con e-child\" data-id=\"f8a0e5e\" data-element_type=\"container\" data-e-type=\"container\">\n\t\t<div class=\"elementor-element elementor-element-bf1ded6 e-con-full e-flex e-con e-child\" data-id=\"bf1ded6\" data-element_type=\"container\" data-e-type=\"container\" data-settings=\"{&quot;background_background&quot;:&quot;classic&quot;}\">\n\t\t\t\t<div class=\"elementor-element elementor-element-b8f0f9f elementor-position-top elementor-widget elementor-widget-image-box\" data-id=\"b8f0f9f\" data-element_type=\"widget\" data-e-type=\"widget\" data-widget_type=\"image-box.default\">\n\t\t\t\t<div class=\"elementor-widget-container\">\n\t\t\t\t\t<div class=\"elementor-image-box-wrapper\"><figure class=\"elementor-image-box-img\"><img loading=\"lazy\" decoding=\"async\" width=\"172\" height=\"172\" src=\"https:\/\/dryiceeu.com\/da\/wp-content\/uploads\/sites\/2\/2023\/12\/ear.jpg\" class=\"attachment-full size-full wp-image-137\" alt=\"\" srcset=\"https:\/\/dryiceeu.com\/da\/wp-content\/uploads\/sites\/2\/2023\/12\/ear.jpg 172w, https:\/\/dryiceeu.com\/da\/wp-content\/uploads\/sites\/2\/2023\/12\/ear-150x150.jpg 150w, https:\/\/dryiceeu.com\/da\/wp-content\/uploads\/sites\/2\/2023\/12\/ear-100x100.jpg 100w\" sizes=\"(max-width: 172px) 100vw, 172px\" \/><\/figure><div class=\"elementor-image-box-content\"><h3 class=\"elementor-image-box-title\">Beskyttelse af \u00f8rer<\/h3><\/div><\/div>\t\t\t\t<\/div>\n\t\t\t\t<\/div>\n\t\t\t\t<div class=\"elementor-element elementor-element-20f8ee4 elementor-widget elementor-widget-text-editor\" data-id=\"20f8ee4\" data-element_type=\"widget\" data-e-type=\"widget\" data-widget_type=\"text-editor.default\">\n\t\t\t\t<div class=\"elementor-widget-container\">\n\t\t\t\t\t\t\t\t\t<p>Afh\u00e6ngigt af det tryk og den luftstr\u00f8m, der bruges under reng\u00f8ringen, vil st\u00f8jniveauet v\u00e6re mellem 75 dB (A) og 130 dB (A). Det anbefales derfor at b\u00e6re h\u00f8rev\u00e6rn hele tiden. T\u00e6nk ogs\u00e5 p\u00e5, at der kan v\u00e6re andre i n\u00e6rheden, og de b\u00f8r ogs\u00e5 beskytte sig.<\/p>\t\t\t\t\t\t\t\t<\/div>\n\t\t\t\t<\/div>\n\t\t\t\t<\/div>\n\t\t<div class=\"elementor-element elementor-element-f53a42d e-con-full e-flex e-con e-child\" data-id=\"f53a42d\" data-element_type=\"container\" data-e-type=\"container\" data-settings=\"{&quot;background_background&quot;:&quot;classic&quot;}\">\n\t\t\t\t<div class=\"elementor-element elementor-element-e1b37c6 elementor-position-top elementor-widget elementor-widget-image-box\" data-id=\"e1b37c6\" data-element_type=\"widget\" data-e-type=\"widget\" data-widget_type=\"image-box.default\">\n\t\t\t\t<div class=\"elementor-widget-container\">\n\t\t\t\t\t<div class=\"elementor-image-box-wrapper\"><figure class=\"elementor-image-box-img\"><img loading=\"lazy\" decoding=\"async\" width=\"172\" height=\"172\" src=\"https:\/\/dryiceeu.com\/da\/wp-content\/uploads\/sites\/2\/2023\/12\/face.jpg\" class=\"attachment-full size-full wp-image-138\" alt=\"\" srcset=\"https:\/\/dryiceeu.com\/da\/wp-content\/uploads\/sites\/2\/2023\/12\/face.jpg 172w, https:\/\/dryiceeu.com\/da\/wp-content\/uploads\/sites\/2\/2023\/12\/face-150x150.jpg 150w, https:\/\/dryiceeu.com\/da\/wp-content\/uploads\/sites\/2\/2023\/12\/face-100x100.jpg 100w\" sizes=\"(max-width: 172px) 100vw, 172px\" \/><\/figure><div class=\"elementor-image-box-content\"><h3 class=\"elementor-image-box-title\">Beskyttelse af ansigtet<\/h3><\/div><\/div>\t\t\t\t<\/div>\n\t\t\t\t<\/div>\n\t\t\t\t<div class=\"elementor-element elementor-element-d8234b9 elementor-widget elementor-widget-text-editor\" data-id=\"d8234b9\" data-element_type=\"widget\" data-e-type=\"widget\" data-widget_type=\"text-editor.default\">\n\t\t\t\t<div class=\"elementor-widget-container\">\n\t\t\t\t\t\t\t\t\t<p>Der er risiko for at blive ramt af t\u00f8rispiller, der kastes tilbage fra den overflade, du reng\u00f8r. Desuden kan snavs og andre l\u00f8se partikler komme p\u00e5 din hud og i dine \u00f8jne. B\u00e6r altid et ansigtsv\u00e6rn, n\u00e5r du udf\u00f8rer t\u00f8risreng\u00f8ring.<\/p>\t\t\t\t\t\t\t\t<\/div>\n\t\t\t\t<\/div>\n\t\t\t\t<\/div>\n\t\t\t\t<\/div>\n\t\t\t\t\t<\/div>\n\t\t\t\t<\/div>\n\t\t\t\t<\/div>\n\t\t<div class=\"elementor-element elementor-element-4959c4e e-con-full e-flex e-con e-parent\" data-id=\"4959c4e\" data-element_type=\"container\" data-e-type=\"container\">\n\t\t<div class=\"elementor-element elementor-element-9643da0 e-flex e-con-boxed e-con e-child\" data-id=\"9643da0\" data-element_type=\"container\" data-e-type=\"container\">\n\t\t\t\t\t<div class=\"e-con-inner\">\n\t\t<div class=\"elementor-element elementor-element-8816206 e-con-full e-flex e-con e-child\" data-id=\"8816206\" data-element_type=\"container\" data-e-type=\"container\">\n\t\t\t\t<div class=\"elementor-element elementor-element-36cf352 elementor-widget elementor-widget-heading\" data-id=\"36cf352\" data-element_type=\"widget\" data-e-type=\"widget\" data-widget_type=\"heading.default\">\n\t\t\t\t<div class=\"elementor-widget-container\">\n\t\t\t\t\t<h2 class=\"elementor-heading-title elementor-size-default\">Transport<\/h2>\t\t\t\t<\/div>\n\t\t\t\t<\/div>\n\t\t\t\t<div class=\"elementor-element elementor-element-ebcac4a elementor-widget elementor-widget-text-editor\" data-id=\"ebcac4a\" data-element_type=\"widget\" data-e-type=\"widget\" data-widget_type=\"text-editor.default\">\n\t\t\t\t<div class=\"elementor-widget-container\">\n\t\t\t\t\t\t\t\t\t<p>T\u00f8ris m\u00e5 aldrig transporteres i samme rum\/afsnit som f\u00f8rer eller passagerer. Det er vigtigt, at den opbevares i et separat og godt ventileret rum. Tjek de nationale regler for sikkerhed.<\/p>\n\t\t\t\t\t\t\t\t<\/div>\n\t\t\t\t<\/div>\n\t\t\t\t<div class=\"elementor-element elementor-element-1deae2b elementor-widget elementor-widget-text-editor\" data-id=\"1deae2b\" data-element_type=\"widget\" data-e-type=\"widget\" data-widget_type=\"text-editor.default\">\n\t\t\t\t<div class=\"elementor-widget-container\">\n\t\t\t\t\t\t\t\t\t<p>Det er vigtigt at f\u00f8lge alle sundheds- og sikkerhedsforskrifter for b\u00e5de t\u00f8risrensning og is\u00e6r for opbevaring og transport.<\/p>\n\t\t\t\t\t\t\t\t<\/div>\n\t\t\t\t<\/div>\n\t\t\t\t<\/div>\n\t\t<div class=\"elementor-element elementor-element-f8cd24f e-con-full e-flex e-con e-child\" data-id=\"f8cd24f\" data-element_type=\"container\" data-e-type=\"container\" data-settings=\"{&quot;background_background&quot;:&quot;classic&quot;}\">\n\t\t\t\t<div class=\"elementor-element elementor-element-18be7ff elementor-widget elementor-widget-spacer\" data-id=\"18be7ff\" data-element_type=\"widget\" data-e-type=\"widget\" data-widget_type=\"spacer.default\">\n\t\t\t\t<div class=\"elementor-widget-container\">\n\t\t\t\t\t\t\t<div class=\"elementor-spacer\">\n\t\t\t<div class=\"elementor-spacer-inner\"><\/div>\n\t\t<\/div>\n\t\t\t\t\t\t<\/div>\n\t\t\t\t<\/div>\n\t\t\t\t<\/div>\n\t\t\t\t\t<\/div>\n\t\t\t\t<\/div>\n\t\t\t\t<\/div>\n\t\t<div class=\"elementor-element elementor-element-e1e8fc0 e-con-full e-flex e-con e-parent\" data-id=\"e1e8fc0\" data-element_type=\"container\" data-e-type=\"container\" data-settings=\"{&quot;background_background&quot;:&quot;classic&quot;}\">\n\t\t<div class=\"elementor-element elementor-element-fb19a60 e-flex e-con-boxed e-con e-child\" data-id=\"fb19a60\" data-element_type=\"container\" data-e-type=\"container\">\n\t\t\t\t\t<div class=\"e-con-inner\">\n\t\t\t\t<div class=\"elementor-element elementor-element-c8d97da elementor-widget elementor-widget-heading\" data-id=\"c8d97da\" data-element_type=\"widget\" data-e-type=\"widget\" data-widget_type=\"heading.default\">\n\t\t\t\t<div class=\"elementor-widget-container\">\n\t\t\t\t\t<h2 class=\"elementor-heading-title elementor-size-default\">Produktkategorier<\/h2>\t\t\t\t<\/div>\n\t\t\t\t<\/div>\n\t\t\t\t<div class=\"elementor-element elementor-element-46fcc2e elementor-widget-divider--view-line elementor-widget elementor-widget-divider\" data-id=\"46fcc2e\" data-element_type=\"widget\" data-e-type=\"widget\" data-widget_type=\"divider.default\">\n\t\t\t\t<div class=\"elementor-widget-container\">\n\t\t\t\t\t\t\t<div class=\"elementor-divider\">\n\t\t\t<span class=\"elementor-divider-separator\">\n\t\t\t\t\t\t<\/span>\n\t\t<\/div>\n\t\t\t\t\t\t<\/div>\n\t\t\t\t<\/div>\n\t\t<div class=\"elementor-element elementor-element-15e5193 e-con-full e-flex e-con e-child\" data-id=\"15e5193\" data-element_type=\"container\" data-e-type=\"container\" data-settings=\"{&quot;background_background&quot;:&quot;classic&quot;}\">\n\t\t<div class=\"elementor-element elementor-element-946d658 e-con-full e-flex e-con e-child\" data-id=\"946d658\" data-element_type=\"container\" data-e-type=\"container\">\n\t\t\t\t<div class=\"elementor-element elementor-element-a8de705 elementor-flip-box--effect-flip elementor-flip-box--direction-up elementor-widget elementor-widget-flip-box\" data-id=\"a8de705\" data-element_type=\"widget\" data-e-type=\"widget\" data-widget_type=\"flip-box.default\">\n\t\t\t\t<div class=\"elementor-widget-container\">\n\t\t\t\t\t\t\t<div class=\"elementor-flip-box\" tabindex=\"0\">\n\t\t\t<div class=\"elementor-flip-box__layer elementor-flip-box__front\">\n\t\t\t\t<div class=\"elementor-flip-box__layer__overlay\">\n\t\t\t\t\t<div class=\"elementor-flip-box__layer__inner\">\n\t\t\t\t\t\t\n\t\t\t\t\t\t\t\t\t\t\t\t\t<h3 class=\"elementor-flip-box__layer__title\">\n\t\t\t\t\t\t\t\tMaskiner til t\u00f8risreng\u00f8ring\t\t\t\t\t\t\t<\/h3>\n\t\t\t\t\t\t\n\t\t\t\t\t\t\t\t\t\t\t\t\t<div class=\"elementor-flip-box__layer__description\">\n\t\t\t\t\t\t\t\tLej fra kun \u00e9n dag eller flere uger\t\t\t\t\t\t\t<\/div>\n\t\t\t\t\t\t\t\t\t\t\t<\/div>\n\t\t\t\t<\/div>\n\t\t\t<\/div>\n\t\t\t<a class=\"elementor-flip-box__layer elementor-flip-box__back\" href=\"\/da\/produkt-kategori\/maskiner-til-torisrengoring\/\">\n\t\t\t<div class=\"elementor-flip-box__layer__overlay\">\n\t\t\t\t<div class=\"elementor-flip-box__layer__inner\">\n\t\t\t\t\t\t\t\t\t\t\t<h3 class=\"elementor-flip-box__layer__title\">\n\t\t\t\t\t\t\tLej en i dag\t\t\t\t\t\t<\/h3>\n\t\t\t\t\t\n\t\t\t\t\t\t\t\t\t\t\t<div class=\"elementor-flip-box__layer__description\">\n\t\t\t\t\t\t\tReng\u00f8ringsteknologi til alle overflader med de bedste t\u00f8risrensemaskiner p\u00e5 markedet \t\t\t\t\t\t<\/div>\n\t\t\t\t\t\n\t\t\t\t\t\t\t\t\t\t\t<span class=\"elementor-flip-box__button elementor-button elementor-size-sm\">\n\t\t\t\t\t\t\tSe produkter\t\t\t\t\t\t<\/span>\n\t\t\t\t\t\t\t\t<\/div>\n\t\t<\/div>\n\t\t<\/a>\n\t\t<\/div>\n\t\t\t\t\t\t<\/div>\n\t\t\t\t<\/div>\n\t\t\t\t<\/div>\n\t\t<div class=\"elementor-element elementor-element-d581050 e-con-full e-flex e-con e-child\" data-id=\"d581050\" data-element_type=\"container\" data-e-type=\"container\">\n\t\t\t\t<div class=\"elementor-element elementor-element-8429db5 elementor-flip-box--effect-flip elementor-flip-box--direction-up elementor-widget elementor-widget-flip-box\" data-id=\"8429db5\" data-element_type=\"widget\" data-e-type=\"widget\" data-widget_type=\"flip-box.default\">\n\t\t\t\t<div class=\"elementor-widget-container\">\n\t\t\t\t\t\t\t<div class=\"elementor-flip-box\" tabindex=\"0\">\n\t\t\t<div class=\"elementor-flip-box__layer elementor-flip-box__front\">\n\t\t\t\t<div class=\"elementor-flip-box__layer__overlay\">\n\t\t\t\t\t<div class=\"elementor-flip-box__layer__inner\">\n\t\t\t\t\t\t\n\t\t\t\t\t\t\t\t\t\t\t\t\t<h3 class=\"elementor-flip-box__layer__title\">\n\t\t\t\t\t\t\t\tT\u00f8ris\t\t\t\t\t\t\t<\/h3>\n\t\t\t\t\t\t\n\t\t\t\t\t\t\t\t\t\t\t\t\t<div class=\"elementor-flip-box__layer__description\">\n\t\t\t\t\t\t\t\tK\u00f8b i sm\u00e5 eller store m\u00e6ngder\t\t\t\t\t\t\t<\/div>\n\t\t\t\t\t\t\t\t\t\t\t<\/div>\n\t\t\t\t<\/div>\n\t\t\t<\/div>\n\t\t\t<a class=\"elementor-flip-box__layer elementor-flip-box__back\" href=\"\/da\/produkt-kategori\/toris\/\">\n\t\t\t<div class=\"elementor-flip-box__layer__overlay\">\n\t\t\t\t<div class=\"elementor-flip-box__layer__inner\">\n\t\t\t\t\t\t\t\t\t\t\t<h3 class=\"elementor-flip-box__layer__title\">\n\t\t\t\t\t\t\tK\u00f8b i dag\t\t\t\t\t\t<\/h3>\n\t\t\t\t\t\n\t\t\t\t\t\t\t\t\t\t\t<div class=\"elementor-flip-box__layer__description\">\n\t\t\t\t\t\t\tT\u00f8ris-piller i specielisolerede containere. Fra 9 og op til 250 kg. Fra 9 og op til 250 kg.\t\t\t\t\t\t<\/div>\n\t\t\t\t\t\n\t\t\t\t\t\t\t\t\t\t\t<span class=\"elementor-flip-box__button elementor-button elementor-size-sm\">\n\t\t\t\t\t\t\tSe produkter\t\t\t\t\t\t<\/span>\n\t\t\t\t\t\t\t\t<\/div>\n\t\t<\/div>\n\t\t<\/a>\n\t\t<\/div>\n\t\t\t\t\t\t<\/div>\n\t\t\t\t<\/div>\n\t\t\t\t<\/div>\n\t\t\t\t<\/div>\n\t\t\t\t\t<\/div>\n\t\t\t\t<\/div>\n\t\t\t\t<\/div>\n\t\t\t\t<\/div>\n\t\t","protected":false},"excerpt":{"rendered":"<p>Sikkerhed og sikkerhedsudstyr N\u00e5r der arbejdes med t\u00f8risbl\u00e6sning og t\u00f8ris, er sikkerheden ekstrem vigtig da forkert anvendelse kan have konsekvenser for sundheden. Sikkerhedsvejledning T\u00f8ris fremstilles ved at ekspandere LCO\u00b2, som danner t\u00f8ris-sne. Sneen komprimeres derefter og ekstruderes af en pelletizer for at skabe t\u00f8ris-piller. Den CO\u00b2, der frigives fra reng\u00f8ringsprocessen, n\u00e5r t\u00f8risen omdannes til gas,&hellip;&nbsp;<a href=\"https:\/\/dryiceeu.com\/da\/sikkerhed\/\" rel=\"bookmark\">L\u00e6s mere &raquo;<span class=\"screen-reader-text\">Sikkerhed<\/span><\/a><\/p>\n","protected":false},"author":1,"featured_media":141,"parent":0,"menu_order":0,"comment_status":"closed","ping_status":"closed","template":"page-templates\/template-pagebuilder-full-width.php","meta":{"neve_meta_sidebar":"","neve_meta_container":"","neve_meta_enable_content_width":"","neve_meta_content_width":0,"neve_meta_title_alignment":"","neve_meta_author_avatar":"","neve_post_elements_order":"","neve_meta_disable_header":"","neve_meta_disable_footer":"","neve_meta_disable_title":"","footnotes":""},"class_list":["post-133","page","type-page","status-publish","has-post-thumbnail","hentry"],"_links":{"self":[{"href":"https:\/\/dryiceeu.com\/da\/wp-json\/wp\/v2\/pages\/133","targetHints":{"allow":["GET"]}}],"collection":[{"href":"https:\/\/dryiceeu.com\/da\/wp-json\/wp\/v2\/pages"}],"about":[{"href":"https:\/\/dryiceeu.com\/da\/wp-json\/wp\/v2\/types\/page"}],"author":[{"embeddable":true,"href":"https:\/\/dryiceeu.com\/da\/wp-json\/wp\/v2\/users\/1"}],"replies":[{"embeddable":true,"href":"https:\/\/dryiceeu.com\/da\/wp-json\/wp\/v2\/comments?post=133"}],"version-history":[{"count":10,"href":"https:\/\/dryiceeu.com\/da\/wp-json\/wp\/v2\/pages\/133\/revisions"}],"predecessor-version":[{"id":4539,"href":"https:\/\/dryiceeu.com\/da\/wp-json\/wp\/v2\/pages\/133\/revisions\/4539"}],"wp:featuredmedia":[{"embeddable":true,"href":"https:\/\/dryiceeu.com\/da\/wp-json\/wp\/v2\/media\/141"}],"wp:attachment":[{"href":"https:\/\/dryiceeu.com\/da\/wp-json\/wp\/v2\/media?parent=133"}],"curies":[{"name":"wp","href":"https:\/\/api.w.org\/{rel}","templated":true}]}}