{"id":146,"date":"2023-12-27T20:30:07","date_gmt":"2023-12-27T20:30:07","guid":{"rendered":"https:\/\/dryiceeu.com\/da\/om-os\/"},"modified":"2024-04-28T19:41:55","modified_gmt":"2024-04-28T18:41:55","slug":"om-os","status":"publish","type":"page","link":"https:\/\/dryiceeu.com\/da\/om-os\/","title":{"rendered":"Om os"},"content":{"rendered":"\t\t<div data-elementor-type=\"wp-page\" data-elementor-id=\"146\" class=\"elementor elementor-146\" data-elementor-post-type=\"page\">\n\t\t\t\t<div class=\"elementor-element elementor-element-ee90a2b e-con-full e-flex e-con e-parent\" data-id=\"ee90a2b\" data-element_type=\"container\" data-e-type=\"container\">\n\t\t<div class=\"elementor-element elementor-element-508c0a6 e-flex e-con-boxed e-con e-child\" data-id=\"508c0a6\" data-element_type=\"container\" data-e-type=\"container\">\n\t\t\t\t\t<div class=\"e-con-inner\">\n\t\t<div class=\"elementor-element elementor-element-0dcadfa e-con-full e-flex e-con e-child\" data-id=\"0dcadfa\" data-element_type=\"container\" data-e-type=\"container\">\n\t\t\t\t<div class=\"elementor-element elementor-element-af8aca5 elementor-widget elementor-widget-heading\" data-id=\"af8aca5\" data-element_type=\"widget\" data-e-type=\"widget\" data-widget_type=\"heading.default\">\n\t\t\t\t<div class=\"elementor-widget-container\">\n\t\t\t\t\t<h1 class=\"elementor-heading-title elementor-size-default\">Om os<\/h1>\t\t\t\t<\/div>\n\t\t\t\t<\/div>\n\t\t\t\t<div class=\"elementor-element elementor-element-9fe9ce7 elementor-widget elementor-widget-text-editor\" data-id=\"9fe9ce7\" data-element_type=\"widget\" data-e-type=\"widget\" data-widget_type=\"text-editor.default\">\n\t\t\t\t<div class=\"elementor-widget-container\">\n\t\t\t\t\t\t\t\t\tVirksomheden blev grundlagt i Danmark i 2012, med kontor\nog produktion i Spanien, og distribution til mere end 25 lande verden over.\t\t\t\t\t\t\t\t<\/div>\n\t\t\t\t<\/div>\n\t\t\t\t<\/div>\n\t\t<div class=\"elementor-element elementor-element-02b4586 e-con-full e-flex e-con e-child\" data-id=\"02b4586\" data-element_type=\"container\" data-e-type=\"container\">\n\t\t\t\t<div class=\"elementor-element elementor-element-110a575 elementor-widget elementor-widget-image\" data-id=\"110a575\" data-element_type=\"widget\" data-e-type=\"widget\" data-widget_type=\"image.default\">\n\t\t\t\t<div class=\"elementor-widget-container\">\n\t\t\t\t\t\t\t\t\t\t\t\t\t\t\t<img fetchpriority=\"high\" decoding=\"async\" width=\"643\" height=\"361\" src=\"https:\/\/dryiceeu.com\/da\/wp-content\/uploads\/sites\/2\/2023\/12\/Picture1.jpg\" class=\"attachment-large size-large wp-image-168\" alt=\"Udleje af t\u00f8ris-reng\u00f8ringsmaskiner Dry Ice\" srcset=\"https:\/\/dryiceeu.com\/da\/wp-content\/uploads\/sites\/2\/2023\/12\/Picture1.jpg 643w, https:\/\/dryiceeu.com\/da\/wp-content\/uploads\/sites\/2\/2023\/12\/Picture1-300x168.jpg 300w, https:\/\/dryiceeu.com\/da\/wp-content\/uploads\/sites\/2\/2023\/12\/Picture1-600x337.jpg 600w\" sizes=\"(max-width: 643px) 100vw, 643px\" \/>\t\t\t\t\t\t\t\t\t\t\t\t\t\t\t<\/div>\n\t\t\t\t<\/div>\n\t\t\t\t<\/div>\n\t\t\t\t\t<\/div>\n\t\t\t\t<\/div>\n\t\t\t\t<\/div>\n\t\t<div class=\"elementor-element elementor-element-6dbbc4a e-con-full e-flex e-con e-parent\" data-id=\"6dbbc4a\" data-element_type=\"container\" data-e-type=\"container\" data-settings=\"{&quot;background_background&quot;:&quot;classic&quot;}\">\n\t\t<div class=\"elementor-element elementor-element-b54ce3c e-flex e-con-boxed e-con e-child\" data-id=\"b54ce3c\" data-element_type=\"container\" data-e-type=\"container\">\n\t\t\t\t\t<div class=\"e-con-inner\">\n\t\t<div class=\"elementor-element elementor-element-ed3c443 e-con-full e-flex e-con e-child\" data-id=\"ed3c443\" data-element_type=\"container\" data-e-type=\"container\">\n\t\t\t\t<div class=\"elementor-element elementor-element-67dd199 elementor-widget elementor-widget-text-editor\" data-id=\"67dd199\" data-element_type=\"widget\" data-e-type=\"widget\" data-widget_type=\"text-editor.default\">\n\t\t\t\t<div class=\"elementor-widget-container\">\n\t\t\t\t\t\t\t\t\t<p>Designet af vores t\u00f8risreng\u00f8ringsmaskiner kom som et \u00f8nske hos vores kunder i bilindustrien, som har brug for maskiner, der kan flyttes rundt i sn\u00e6vre rum omkring produktionslinjerne. Resultatet er vores IBL3000, som er en 24\/7-arbejdshest med enest\u00e5ende reng\u00f8ringskraft og med det laveste t\u00f8risforbrug p\u00e5 markedet, hvilket stadig giver det bedste reng\u00f8ringsresultat.<\/p>\n<p>Til to lige s\u00e5 store industrier (f\u00f8devarer og plastindspr\u00f8jtning) har vi udviklet IBLmini, som ud over en meget attraktiv pris ogs\u00e5 udm\u00e6rker sig ved at bruge meget lidt trykluft.<\/p>\n<p>Vores IBL2500 vil tilfredsstille de fleste brugere med fabriksluftkompressorer eller mobile kompressorer i mellemklassen (3-8 m3\/min). Den leveres med kraftige 3\/4&#8243; Festo luftkomponenter. Smart fremstilling g\u00f8r dette til den ideelle pris-2-effekt-maskine p\u00e5 markedet.<\/p>\n\t\t\t\t\t\t\t\t<\/div>\n\t\t\t\t<\/div>\n\t\t\t\t<\/div>\n\t\t<div class=\"elementor-element elementor-element-def39ea e-con-full e-flex e-con e-child\" data-id=\"def39ea\" data-element_type=\"container\" data-e-type=\"container\">\n\t\t\t\t<div class=\"elementor-element elementor-element-3caeb14 elementor-widget elementor-widget-image-carousel\" data-id=\"3caeb14\" data-element_type=\"widget\" data-e-type=\"widget\" data-settings=\"{&quot;slides_to_show&quot;:&quot;1&quot;,&quot;navigation&quot;:&quot;none&quot;,&quot;autoplay_speed&quot;:2000,&quot;effect&quot;:&quot;fade&quot;,&quot;autoplay&quot;:&quot;yes&quot;,&quot;pause_on_hover&quot;:&quot;yes&quot;,&quot;pause_on_interaction&quot;:&quot;yes&quot;,&quot;infinite&quot;:&quot;yes&quot;,&quot;speed&quot;:500}\" data-widget_type=\"image-carousel.default\">\n\t\t\t\t<div class=\"elementor-widget-container\">\n\t\t\t\t\t\t\t<div class=\"elementor-image-carousel-wrapper swiper\" role=\"region\" aria-roledescription=\"carousel\" aria-label=\"Billedkarussel\" dir=\"ltr\">\n\t\t\t<div class=\"elementor-image-carousel swiper-wrapper\" aria-live=\"off\">\n\t\t\t\t\t\t\t\t<div class=\"swiper-slide\" role=\"group\" aria-roledescription=\"slide\" aria-label=\"1 of 3\"><figure class=\"swiper-slide-inner\"><img decoding=\"async\" class=\"swiper-slide-image\" src=\"https:\/\/dryiceeu.com\/da\/wp-content\/uploads\/sites\/2\/2023\/12\/Equipment-IBLMINI1.jpg\" alt=\"Equipment-IBLMINI1.jpg\" \/><\/figure><\/div><div class=\"swiper-slide\" role=\"group\" aria-roledescription=\"slide\" aria-label=\"2 of 3\"><figure class=\"swiper-slide-inner\"><img decoding=\"async\" class=\"swiper-slide-image\" src=\"https:\/\/dryiceeu.com\/da\/wp-content\/uploads\/sites\/2\/2023\/12\/Equipment-IBL2500.jpg\" alt=\"Udleje af t\u00f8ris-reng\u00f8ringsmaskiner og salg af t\u00f8ris til industriel reng\u00f8rring\" \/><\/figure><\/div><div class=\"swiper-slide\" role=\"group\" aria-roledescription=\"slide\" aria-label=\"3 of 3\"><figure class=\"swiper-slide-inner\"><img decoding=\"async\" class=\"swiper-slide-image\" src=\"https:\/\/dryiceeu.com\/da\/wp-content\/uploads\/sites\/2\/2023\/12\/Equipment-IBL3000-1.jpg\" alt=\"Equipment-IBL3000-1.jpg\" \/><\/figure><\/div>\t\t\t<\/div>\n\t\t\t\t\t\t\t\n\t\t\t\t\t\t\t\t\t<\/div>\n\t\t\t\t\t\t<\/div>\n\t\t\t\t<\/div>\n\t\t\t\t<\/div>\n\t\t\t\t\t<\/div>\n\t\t\t\t<\/div>\n\t\t\t\t<\/div>\n\t\t<div class=\"elementor-element elementor-element-f67e2e7 e-con-full e-flex e-con e-parent\" data-id=\"f67e2e7\" data-element_type=\"container\" data-e-type=\"container\">\n\t\t<div class=\"elementor-element elementor-element-91b8eae e-flex e-con-boxed e-con e-child\" data-id=\"91b8eae\" data-element_type=\"container\" data-e-type=\"container\">\n\t\t\t\t\t<div class=\"e-con-inner\">\n\t\t<div class=\"elementor-element elementor-element-d568681 e-con-full e-flex e-con e-child\" data-id=\"d568681\" data-element_type=\"container\" data-e-type=\"container\">\n\t\t\t\t<div class=\"elementor-element elementor-element-ffd282c elementor-widget elementor-widget-image\" data-id=\"ffd282c\" data-element_type=\"widget\" data-e-type=\"widget\" data-widget_type=\"image.default\">\n\t\t\t\t<div class=\"elementor-widget-container\">\n\t\t\t\t\t\t\t\t\t\t\t\t\t\t\t<img decoding=\"async\" width=\"800\" height=\"800\" src=\"https:\/\/dryiceeu.com\/da\/wp-content\/uploads\/sites\/2\/2023\/12\/Equipment-IBL3000-1.jpg\" class=\"attachment-large size-large wp-image-148\" alt=\"\" srcset=\"https:\/\/dryiceeu.com\/da\/wp-content\/uploads\/sites\/2\/2023\/12\/Equipment-IBL3000-1.jpg 800w, https:\/\/dryiceeu.com\/da\/wp-content\/uploads\/sites\/2\/2023\/12\/Equipment-IBL3000-1-300x300.jpg 300w, https:\/\/dryiceeu.com\/da\/wp-content\/uploads\/sites\/2\/2023\/12\/Equipment-IBL3000-1-150x150.jpg 150w, https:\/\/dryiceeu.com\/da\/wp-content\/uploads\/sites\/2\/2023\/12\/Equipment-IBL3000-1-768x768.jpg 768w, https:\/\/dryiceeu.com\/da\/wp-content\/uploads\/sites\/2\/2023\/12\/Equipment-IBL3000-1-600x600.jpg 600w, https:\/\/dryiceeu.com\/da\/wp-content\/uploads\/sites\/2\/2023\/12\/Equipment-IBL3000-1-100x100.jpg 100w\" sizes=\"(max-width: 800px) 100vw, 800px\" \/>\t\t\t\t\t\t\t\t\t\t\t\t\t\t\t<\/div>\n\t\t\t\t<\/div>\n\t\t\t\t<\/div>\n\t\t<div class=\"elementor-element elementor-element-21218a1 e-con-full e-flex e-con e-child\" data-id=\"21218a1\" data-element_type=\"container\" data-e-type=\"container\">\n\t\t\t\t<div class=\"elementor-element elementor-element-0ce2b3a elementor-widget elementor-widget-text-editor\" data-id=\"0ce2b3a\" data-element_type=\"widget\" data-e-type=\"widget\" data-widget_type=\"text-editor.default\">\n\t\t\t\t<div class=\"elementor-widget-container\">\n\t\t\t\t\t\t\t\t\t<p>Den seneste udvikling er vores t\u00f8ris-pelletizer, som giver brugerne mulighed for at fremstille deres egen t\u00f8ris.<\/p>\n<p>Alle vores maskiner er fremstillet i rustfrit st\u00e5l, og alle komponenter er fra internationale topleverand\u00f8rer som FESTO og SIEMENS.<\/p>\n<p>Vores udstyr og maskiner har gjort os til en markedsleder b\u00e5de p\u00e5 det teknologiske niveau og i vores evne til innovation.<\/p>\n<p>Vores innovative udstyr og maskiner er udviklet, designet, produceret og testet i b\u00e5de Danmark og Spanien, f\u00f8r de s\u00e6ttes i drift. Vores h\u00f8jdepunkter er h\u00f8j kvalitet, det h\u00f8jeste niveau af funktionalitet og med en meget vigtig egenskab &#8211; nem vedligeholdelse.<\/p>\n<p>Vi s\u00f8ger altid at have l\u00f8sninger til alle brancher. Og vi s\u00f8ger konstant efter de bedst egnede maskiner til ethvert behov og til hver kunde<\/p>\n\t\t\t\t\t\t\t\t<\/div>\n\t\t\t\t<\/div>\n\t\t\t\t<\/div>\n\t\t\t\t\t<\/div>\n\t\t\t\t<\/div>\n\t\t\t\t<\/div>\n\t\t<div class=\"elementor-element elementor-element-ec98b11 e-con-full e-flex e-con e-parent\" data-id=\"ec98b11\" data-element_type=\"container\" data-e-type=\"container\" data-settings=\"{&quot;background_background&quot;:&quot;classic&quot;}\">\n\t\t<div class=\"elementor-element elementor-element-5f3002d e-flex e-con-boxed e-con e-child\" data-id=\"5f3002d\" data-element_type=\"container\" data-e-type=\"container\">\n\t\t\t\t\t<div class=\"e-con-inner\">\n\t\t\t\t<div class=\"elementor-element elementor-element-224ba96 elementor-widget elementor-widget-heading\" data-id=\"224ba96\" data-element_type=\"widget\" data-e-type=\"widget\" data-widget_type=\"heading.default\">\n\t\t\t\t<div class=\"elementor-widget-container\">\n\t\t\t\t\t<h2 class=\"elementor-heading-title elementor-size-default\">Produktkategorier<\/h2>\t\t\t\t<\/div>\n\t\t\t\t<\/div>\n\t\t\t\t<div class=\"elementor-element elementor-element-7d9f980 elementor-widget-divider--view-line elementor-widget elementor-widget-divider\" data-id=\"7d9f980\" data-element_type=\"widget\" data-e-type=\"widget\" data-widget_type=\"divider.default\">\n\t\t\t\t<div class=\"elementor-widget-container\">\n\t\t\t\t\t\t\t<div class=\"elementor-divider\">\n\t\t\t<span class=\"elementor-divider-separator\">\n\t\t\t\t\t\t<\/span>\n\t\t<\/div>\n\t\t\t\t\t\t<\/div>\n\t\t\t\t<\/div>\n\t\t<div class=\"elementor-element elementor-element-36dbf0d e-con-full e-flex e-con e-child\" data-id=\"36dbf0d\" data-element_type=\"container\" data-e-type=\"container\" data-settings=\"{&quot;background_background&quot;:&quot;classic&quot;}\">\n\t\t<div class=\"elementor-element elementor-element-d7634f3 e-con-full e-flex e-con e-child\" data-id=\"d7634f3\" data-element_type=\"container\" data-e-type=\"container\">\n\t\t\t\t<div class=\"elementor-element elementor-element-eb9c4a1 elementor-flip-box--effect-flip elementor-flip-box--direction-up elementor-widget elementor-widget-flip-box\" data-id=\"eb9c4a1\" data-element_type=\"widget\" data-e-type=\"widget\" data-widget_type=\"flip-box.default\">\n\t\t\t\t<div class=\"elementor-widget-container\">\n\t\t\t\t\t\t\t<div class=\"elementor-flip-box\" tabindex=\"0\">\n\t\t\t<div class=\"elementor-flip-box__layer elementor-flip-box__front\">\n\t\t\t\t<div class=\"elementor-flip-box__layer__overlay\">\n\t\t\t\t\t<div class=\"elementor-flip-box__layer__inner\">\n\t\t\t\t\t\t\n\t\t\t\t\t\t\t\t\t\t\t\t\t<h3 class=\"elementor-flip-box__layer__title\">\n\t\t\t\t\t\t\t\tMaskiner til t\u00f8risreng\u00f8ring\t\t\t\t\t\t\t<\/h3>\n\t\t\t\t\t\t\n\t\t\t\t\t\t\t\t\t\t\t\t\t<div class=\"elementor-flip-box__layer__description\">\n\t\t\t\t\t\t\t\tLej fra kun \u00e9n dag eller flere uger\t\t\t\t\t\t\t<\/div>\n\t\t\t\t\t\t\t\t\t\t\t<\/div>\n\t\t\t\t<\/div>\n\t\t\t<\/div>\n\t\t\t<a class=\"elementor-flip-box__layer elementor-flip-box__back\" href=\"\/da\/produkt-kategori\/maskiner-til-torisrengoring\/\">\n\t\t\t<div class=\"elementor-flip-box__layer__overlay\">\n\t\t\t\t<div class=\"elementor-flip-box__layer__inner\">\n\t\t\t\t\t\t\t\t\t\t\t<h3 class=\"elementor-flip-box__layer__title\">\n\t\t\t\t\t\t\tLej en i dag\t\t\t\t\t\t<\/h3>\n\t\t\t\t\t\n\t\t\t\t\t\t\t\t\t\t\t<div class=\"elementor-flip-box__layer__description\">\n\t\t\t\t\t\t\tReng\u00f8ringsteknologi til alle overflader med de bedste t\u00f8risrensemaskiner p\u00e5 markedet \t\t\t\t\t\t<\/div>\n\t\t\t\t\t\n\t\t\t\t\t\t\t\t\t\t\t<span class=\"elementor-flip-box__button elementor-button elementor-size-sm\">\n\t\t\t\t\t\t\tSe produkter\t\t\t\t\t\t<\/span>\n\t\t\t\t\t\t\t\t<\/div>\n\t\t<\/div>\n\t\t<\/a>\n\t\t<\/div>\n\t\t\t\t\t\t<\/div>\n\t\t\t\t<\/div>\n\t\t\t\t<\/div>\n\t\t<div class=\"elementor-element elementor-element-ad6f4f2 e-con-full e-flex e-con e-child\" data-id=\"ad6f4f2\" data-element_type=\"container\" data-e-type=\"container\">\n\t\t\t\t<div class=\"elementor-element elementor-element-9ccc87b elementor-flip-box--effect-flip elementor-flip-box--direction-up elementor-widget elementor-widget-flip-box\" data-id=\"9ccc87b\" data-element_type=\"widget\" data-e-type=\"widget\" data-widget_type=\"flip-box.default\">\n\t\t\t\t<div class=\"elementor-widget-container\">\n\t\t\t\t\t\t\t<div class=\"elementor-flip-box\" tabindex=\"0\">\n\t\t\t<div class=\"elementor-flip-box__layer elementor-flip-box__front\">\n\t\t\t\t<div class=\"elementor-flip-box__layer__overlay\">\n\t\t\t\t\t<div class=\"elementor-flip-box__layer__inner\">\n\t\t\t\t\t\t\n\t\t\t\t\t\t\t\t\t\t\t\t\t<h3 class=\"elementor-flip-box__layer__title\">\n\t\t\t\t\t\t\t\tT\u00f8ris\t\t\t\t\t\t\t<\/h3>\n\t\t\t\t\t\t\n\t\t\t\t\t\t\t\t\t\t\t\t\t<div class=\"elementor-flip-box__layer__description\">\n\t\t\t\t\t\t\t\tK\u00f8b i sm\u00e5 eller store m\u00e6ngder\t\t\t\t\t\t\t<\/div>\n\t\t\t\t\t\t\t\t\t\t\t<\/div>\n\t\t\t\t<\/div>\n\t\t\t<\/div>\n\t\t\t<a class=\"elementor-flip-box__layer elementor-flip-box__back\" href=\"\/da\/produkt-kategori\/toris\/\">\n\t\t\t<div class=\"elementor-flip-box__layer__overlay\">\n\t\t\t\t<div class=\"elementor-flip-box__layer__inner\">\n\t\t\t\t\t\t\t\t\t\t\t<h3 class=\"elementor-flip-box__layer__title\">\n\t\t\t\t\t\t\tK\u00f8b i dag\t\t\t\t\t\t<\/h3>\n\t\t\t\t\t\n\t\t\t\t\t\t\t\t\t\t\t<div class=\"elementor-flip-box__layer__description\">\n\t\t\t\t\t\t\tT\u00f8ris-piller i specielisolerede containere. Fra 9 og op til 250 kg. Fra 9 og op til 250 kg.\t\t\t\t\t\t<\/div>\n\t\t\t\t\t\n\t\t\t\t\t\t\t\t\t\t\t<span class=\"elementor-flip-box__button elementor-button elementor-size-sm\">\n\t\t\t\t\t\t\tSe produkter\t\t\t\t\t\t<\/span>\n\t\t\t\t\t\t\t\t<\/div>\n\t\t<\/div>\n\t\t<\/a>\n\t\t<\/div>\n\t\t\t\t\t\t<\/div>\n\t\t\t\t<\/div>\n\t\t\t\t<\/div>\n\t\t\t\t<\/div>\n\t\t\t\t\t<\/div>\n\t\t\t\t<\/div>\n\t\t\t\t<\/div>\n\t\t\t\t<\/div>\n\t\t","protected":false},"excerpt":{"rendered":"<p>Om os Virksomheden blev grundlagt i Danmark i 2012, med kontor og produktion i Spanien, og distribution til mere end 25 lande verden over. Designet af vores t\u00f8risreng\u00f8ringsmaskiner kom som et \u00f8nske hos vores kunder i bilindustrien, som har brug for maskiner, der kan flyttes rundt i sn\u00e6vre rum omkring produktionslinjerne. Resultatet er vores IBL3000,&hellip;&nbsp;<a href=\"https:\/\/dryiceeu.com\/da\/om-os\/\" rel=\"bookmark\">L\u00e6s mere &raquo;<span class=\"screen-reader-text\">Om os<\/span><\/a><\/p>\n","protected":false},"author":1,"featured_media":151,"parent":0,"menu_order":0,"comment_status":"closed","ping_status":"closed","template":"page-templates\/template-pagebuilder-full-width.php","meta":{"neve_meta_sidebar":"","neve_meta_container":"","neve_meta_enable_content_width":"","neve_meta_content_width":0,"neve_meta_title_alignment":"","neve_meta_author_avatar":"","neve_post_elements_order":"","neve_meta_disable_header":"","neve_meta_disable_footer":"","neve_meta_disable_title":"","footnotes":""},"class_list":["post-146","page","type-page","status-publish","has-post-thumbnail","hentry"],"_links":{"self":[{"href":"https:\/\/dryiceeu.com\/da\/wp-json\/wp\/v2\/pages\/146","targetHints":{"allow":["GET"]}}],"collection":[{"href":"https:\/\/dryiceeu.com\/da\/wp-json\/wp\/v2\/pages"}],"about":[{"href":"https:\/\/dryiceeu.com\/da\/wp-json\/wp\/v2\/types\/page"}],"author":[{"embeddable":true,"href":"https:\/\/dryiceeu.com\/da\/wp-json\/wp\/v2\/users\/1"}],"replies":[{"embeddable":true,"href":"https:\/\/dryiceeu.com\/da\/wp-json\/wp\/v2\/comments?post=146"}],"version-history":[{"count":12,"href":"https:\/\/dryiceeu.com\/da\/wp-json\/wp\/v2\/pages\/146\/revisions"}],"predecessor-version":[{"id":4648,"href":"https:\/\/dryiceeu.com\/da\/wp-json\/wp\/v2\/pages\/146\/revisions\/4648"}],"wp:featuredmedia":[{"embeddable":true,"href":"https:\/\/dryiceeu.com\/da\/wp-json\/wp\/v2\/media\/151"}],"wp:attachment":[{"href":"https:\/\/dryiceeu.com\/da\/wp-json\/wp\/v2\/media?parent=146"}],"curies":[{"name":"wp","href":"https:\/\/api.w.org\/{rel}","templated":true}]}}