{"id":181,"date":"2023-12-27T20:30:13","date_gmt":"2023-12-27T20:30:13","guid":{"rendered":"https:\/\/dryiceeu.com\/da\/privatlivspolitik\/"},"modified":"2024-01-28T00:09:30","modified_gmt":"2024-01-27T23:09:30","slug":"privatlivspolitik","status":"publish","type":"page","link":"https:\/\/dryiceeu.com\/da\/privatlivspolitik\/","title":{"rendered":"Privatlivspolitik"},"content":{"rendered":"\t\t<div data-elementor-type=\"wp-page\" data-elementor-id=\"181\" class=\"elementor elementor-181\" data-elementor-post-type=\"page\">\n\t\t\t\t<div class=\"elementor-element elementor-element-bff41c6 e-con-full e-flex e-con e-parent\" data-id=\"bff41c6\" data-element_type=\"container\" data-e-type=\"container\">\n\t\t<div class=\"elementor-element elementor-element-48c2cb3 e-flex e-con-boxed e-con e-child\" data-id=\"48c2cb3\" data-element_type=\"container\" data-e-type=\"container\">\n\t\t\t\t\t<div class=\"e-con-inner\">\n\t\t\t\t\t<\/div>\n\t\t\t\t<\/div>\n\t\t\t\t<\/div>\n\t\t<div class=\"elementor-element elementor-element-cbf0d25 e-con-full e-flex e-con e-parent\" data-id=\"cbf0d25\" data-element_type=\"container\" data-e-type=\"container\">\n\t\t<div class=\"elementor-element elementor-element-5b66ed2 e-flex e-con-boxed e-con e-child\" data-id=\"5b66ed2\" data-element_type=\"container\" data-e-type=\"container\">\n\t\t\t\t\t<div class=\"e-con-inner\">\n\t\t\t\t<div class=\"elementor-element elementor-element-c79c0ea elementor-widget elementor-widget-text-editor\" data-id=\"c79c0ea\" data-element_type=\"widget\" data-e-type=\"widget\" data-widget_type=\"text-editor.default\">\n\t\t\t\t<div class=\"elementor-widget-container\">\n\t\t\t\t\t\t\t\t\t\n<p>Sidst opdateret: [5. september 2023]<\/p>\n\n\n\n<h3 class=\"wp-block-heading\"><strong>Introduktion<\/strong><\/h3>\n\n\n\n<p>Velkommen til dryiceEU (&#8220;vi&#8221;, &#8220;os&#8221; eller &#8220;vores&#8221;). Vi er forpligtet til at beskytte dit privatliv og h\u00e5ndtere dine personlige oplysninger med omhu. Denne privatlivspolitik forklarer, hvordan vi indsamler, bruger, videregiver og beskytter dine personlige data, n\u00e5r du bes\u00f8ger vores hjemmeside [dryiceEU .com] (&#8220;Hjemmesiden&#8221;).<\/p>\n\n\n\n<hr class=\"wp-block-separator has-alpha-channel-opacity\">\n\n\n\n<h3 class=\"wp-block-heading\"><strong>Oplysninger, vi indsamler<\/strong><\/h3>\n\n\n\n<p>Vi kan indsamle f\u00f8lgende typer oplysninger, n\u00e5r du bruger vores websted:<\/p>\n\n\n\n<ul>\n<li><strong>Personlige oplysninger:<\/strong> Dette kan omfatte dit navn, din e-mailadresse, din postadresse, dit telefonnummer og andre lignende oplysninger, n\u00e5r du frivilligt giver dem til os.<\/li>\n\n\n\n<li><strong>Oplysninger om brug:<\/strong> Vi indsamler data om dine interaktioner med vores hjemmeside, s\u00e5som din IP-adresse, browsertype, operativsystem og bes\u00f8gte sider.<\/li>\n\n\n\n<li><strong>Cookies og sporingsteknologier:<\/strong> Vi kan bruge cookies, web-beacons og lignende teknologier til at indsamle oplysninger om din browseradf\u00e6rd og dine pr\u00e6ferencer. Du kan administrere dine cookie-pr\u00e6ferencer som forklaret i vores <a href=\"https:\/\/dryiceeu.com\/da\/cookiepolitik\" data-type=\"page\" data-id=\"875\">cookie-politik<\/a>.<\/li>\n<\/ul>\n\n\n\n<hr class=\"wp-block-separator has-alpha-channel-opacity\">\n\n\n\n<h3 class=\"wp-block-heading\"><strong>S\u00e5dan bruger vi dine oplysninger<\/strong><\/h3>\n\n\n\n<p>Vi bruger dine oplysninger til f\u00f8lgende form\u00e5l:<\/p>\n\n\n\n<ul>\n<li>Til at levere og vedligeholde vores websted.<\/li>\n\n\n\n<li>For at svare p\u00e5 dine foresp\u00f8rgsler, anmodninger eller kommentarer.<\/li>\n\n\n\n<li>At analysere og forbedre vores hjemmesides ydeevne og brugeroplevelse.<\/li>\n\n\n\n<li>Til at sende dig opdateringer, nyhedsbreve og markedsf\u00f8ringskommunikation, hvis du har givet dit samtykke.<\/li>\n<\/ul>\n\n\n\n<hr class=\"wp-block-separator has-alpha-channel-opacity\">\n\n\n\n<h3 class=\"wp-block-heading\"><strong>Deling af dine oplysninger<\/strong><\/h3>\n\n\n\n<p>Vi kan dele dine oplysninger med:<\/p>\n\n\n\n<ul>\n<li>Tjenesteudbydere og partnere, der hj\u00e6lper os med at drive vores websted.<\/li>\n\n\n\n<li>Juridiske myndigheder, n\u00e5r det er p\u00e5kr\u00e6vet ved lov eller for at beskytte vores rettigheder og interesser.<\/li>\n<\/ul>\n\n\n\n<hr class=\"wp-block-separator has-alpha-channel-opacity\">\n\n\n\n<h3 class=\"wp-block-heading\"><strong>Dine valg og rettigheder<\/strong><\/h3>\n\n\n\n<p>Du har f\u00f8lgende rettigheder vedr\u00f8rende dine personlige oplysninger:<\/p>\n\n\n\n<ul>\n<li>Retten til at f\u00e5 adgang til, rette eller slette dine personlige data.<\/li>\n\n\n\n<li>Retten til at tr\u00e6kke dit samtykke til markedsf\u00f8ringskommunikation tilbage.<\/li>\n\n\n\n<li>Retten til at g\u00f8re indsigelse mod behandlingen af dine personlige data.<\/li>\n<\/ul>\n\n\n\n<hr class=\"wp-block-separator has-alpha-channel-opacity\">\n\n\n\n<h3 class=\"wp-block-heading\"><strong>Datasikkerhed<\/strong><\/h3>\n\n\n\n<p>Vi tr\u00e6ffer passende foranstaltninger for at beskytte dine personlige oplysninger mod uautoriseret adgang, offentligg\u00f8relse, \u00e6ndring eller \u00f8del\u00e6ggelse.<\/p>\n\n\n\n<hr class=\"wp-block-separator has-alpha-channel-opacity\">\n\n\n\n<h3 class=\"wp-block-heading\"><strong>\u00c6ndringer til denne privatlivspolitik<\/strong><\/h3>\n\n\n\n<p>Vi kan opdatere denne fortrolighedspolitik for at afspejle \u00e6ndringer i vores praksis eller af andre driftsm\u00e6ssige, juridiske eller lovgivningsm\u00e6ssige \u00e5rsager. Vi opfordrer dig til at gennemg\u00e5 denne politik med j\u00e6vne mellemrum.<\/p>\n\n\n\n<hr class=\"wp-block-separator has-alpha-channel-opacity\">\n\n\n\n<h3 class=\"wp-block-heading\">Kontakt os<\/h3>\n\n\n\n<p>Hvis du har sp\u00f8rgsm\u00e5l eller bekymringer om denne fortrolighedspolitik, bedes du kontakte os p\u00e5 adm@dryiceEU.com.<\/p>\n\t\t\t\t\t\t\t\t<\/div>\n\t\t\t\t<\/div>\n\t\t\t\t\t<\/div>\n\t\t\t\t<\/div>\n\t\t\t\t<\/div>\n\t\t\t\t<\/div>\n\t\t","protected":false},"excerpt":{"rendered":"<p>Sidst opdateret: [5. september 2023] Introduktion Velkommen til dryiceEU (&#8220;vi&#8221;, &#8220;os&#8221; eller &#8220;vores&#8221;). Vi er forpligtet til at beskytte dit privatliv og h\u00e5ndtere dine personlige oplysninger med omhu. Denne privatlivspolitik forklarer, hvordan vi indsamler, bruger, videregiver og beskytter dine personlige data, n\u00e5r du bes\u00f8ger vores hjemmeside [dryiceEU .com] (&#8220;Hjemmesiden&#8221;). Oplysninger, vi indsamler Vi kan indsamle&hellip;&nbsp;<a href=\"https:\/\/dryiceeu.com\/da\/privatlivspolitik\/\" rel=\"bookmark\">L\u00e6s mere &raquo;<span class=\"screen-reader-text\">Privatlivspolitik<\/span><\/a><\/p>\n","protected":false},"author":1,"featured_media":0,"parent":0,"menu_order":0,"comment_status":"closed","ping_status":"closed","template":"page-templates\/template-pagebuilder-full-width.php","meta":{"neve_meta_sidebar":"","neve_meta_container":"","neve_meta_enable_content_width":"","neve_meta_content_width":0,"neve_meta_title_alignment":"","neve_meta_author_avatar":"","neve_post_elements_order":"","neve_meta_disable_header":"","neve_meta_disable_footer":"","neve_meta_disable_title":"","footnotes":""},"class_list":["post-181","page","type-page","status-publish","hentry"],"_links":{"self":[{"href":"https:\/\/dryiceeu.com\/da\/wp-json\/wp\/v2\/pages\/181","targetHints":{"allow":["GET"]}}],"collection":[{"href":"https:\/\/dryiceeu.com\/da\/wp-json\/wp\/v2\/pages"}],"about":[{"href":"https:\/\/dryiceeu.com\/da\/wp-json\/wp\/v2\/types\/page"}],"author":[{"embeddable":true,"href":"https:\/\/dryiceeu.com\/da\/wp-json\/wp\/v2\/users\/1"}],"replies":[{"embeddable":true,"href":"https:\/\/dryiceeu.com\/da\/wp-json\/wp\/v2\/comments?post=181"}],"version-history":[{"count":3,"href":"https:\/\/dryiceeu.com\/da\/wp-json\/wp\/v2\/pages\/181\/revisions"}],"predecessor-version":[{"id":4532,"href":"https:\/\/dryiceeu.com\/da\/wp-json\/wp\/v2\/pages\/181\/revisions\/4532"}],"wp:attachment":[{"href":"https:\/\/dryiceeu.com\/da\/wp-json\/wp\/v2\/media?parent=181"}],"curies":[{"name":"wp","href":"https:\/\/api.w.org\/{rel}","templated":true}]}}