{"id":195,"date":"2023-12-27T20:30:16","date_gmt":"2023-12-27T20:30:16","guid":{"rendered":"http:\/\/adminDImaster"},"modified":"2024-04-28T19:31:57","modified_gmt":"2024-04-28T18:31:57","slug":"iblmini-toeris-rengoeringsmaskine","status":"publish","type":"product","link":"https:\/\/dryiceeu.com\/da\/vare\/iblmini-toeris-rengoeringsmaskine\/","title":{"rendered":"IBLmini &#8211; T\u00f8ris reng\u00f8ringsmaskine"},"content":{"rendered":"<p>IBlmini t\u00f8ris reng\u00f8ringsmaskine fra IntelBlast har et lavt t\u00f8risforbrug p\u00e5 kun 10-20 kg\/time, og den kan arbejde med fabriksluft fra 2000 ltr\/min.<\/p>\n","protected":false},"excerpt":{"rendered":"<p>IBlmini kan lejes online i b\u00e5de korte og l\u00e6ngere perioder. IBLmini er en t\u00f8risrenser som har et lavt t\u00f8risforbrug p\u00e5 kun 10-20 kg\/time, og den kan arbejde med fabriksluft fra 2000 ltr\/min.<\/p>\n","protected":false},"featured_media":217,"comment_status":"open","ping_status":"closed","template":"","meta":{"neve_meta_sidebar":"","neve_meta_container":"","neve_meta_enable_content_width":"off","neve_meta_content_width":100,"neve_meta_title_alignment":"","neve_meta_author_avatar":"","neve_post_elements_order":"","neve_meta_disable_header":"","neve_meta_disable_footer":"","neve_meta_disable_title":"","wds_primary_product_brand":0,"wds_primary_product_cat":0},"product_brand":[],"product_cat":[32],"product_tag":[],"class_list":{"0":"post-195","1":"product","2":"type-product","3":"status-publish","4":"has-post-thumbnail","6":"product_cat-maskiner-til-torisrengoring","8":"first","9":"instock","10":"taxable","11":"shipping-taxable","12":"purchasable","13":"product-type-variable"},"_links":{"self":[{"href":"https:\/\/dryiceeu.com\/da\/wp-json\/wp\/v2\/product\/195","targetHints":{"allow":["GET"]}}],"collection":[{"href":"https:\/\/dryiceeu.com\/da\/wp-json\/wp\/v2\/product"}],"about":[{"href":"https:\/\/dryiceeu.com\/da\/wp-json\/wp\/v2\/types\/product"}],"replies":[{"embeddable":true,"href":"https:\/\/dryiceeu.com\/da\/wp-json\/wp\/v2\/comments?post=195"}],"wp:featuredmedia":[{"embeddable":true,"href":"https:\/\/dryiceeu.com\/da\/wp-json\/wp\/v2\/media\/217"}],"wp:attachment":[{"href":"https:\/\/dryiceeu.com\/da\/wp-json\/wp\/v2\/media?parent=195"}],"wp:term":[{"taxonomy":"product_brand","embeddable":true,"href":"https:\/\/dryiceeu.com\/da\/wp-json\/wp\/v2\/product_brand?post=195"},{"taxonomy":"product_cat","embeddable":true,"href":"https:\/\/dryiceeu.com\/da\/wp-json\/wp\/v2\/product_cat?post=195"},{"taxonomy":"product_tag","embeddable":true,"href":"https:\/\/dryiceeu.com\/da\/wp-json\/wp\/v2\/product_tag?post=195"}],"curies":[{"name":"wp","href":"https:\/\/api.w.org\/{rel}","templated":true}]}}