{"id":196,"date":"2023-12-27T20:30:16","date_gmt":"2023-12-27T20:30:16","guid":{"rendered":"http:\/\/adminDImaster"},"modified":"2024-04-28T19:28:34","modified_gmt":"2024-04-28T18:28:34","slug":"ibl2500-toeris-rengoeringsmaskine","status":"publish","type":"product","link":"https:\/\/dryiceeu.com\/da\/vare\/ibl2500-toeris-rengoeringsmaskine\/","title":{"rendered":"IBL2500 t\u00f8ris reng\u00f8ringsmaskine"},"content":{"rendered":"<p>IBL2500 t\u00f8ris reng\u00f8ringsmaskine fra IntelBlast er perfekt til st\u00f8rre fabrikker med luftm\u00e6ngder mellem 3500 og 6000 ltr\/min. Maskinen er hurtig, og den kan holde til lidt af hvert.<\/p>\n","protected":false},"excerpt":{"rendered":"<p>God til st\u00f8rre fabrikker med luftm\u00e6ngder mellem 3500 og 6000 ltr\/min. Hurtig, og den kan holde til lidt af hvert.<\/p>\n","protected":false},"featured_media":216,"comment_status":"open","ping_status":"closed","template":"","meta":{"neve_meta_sidebar":"","neve_meta_container":"","neve_meta_enable_content_width":"off","neve_meta_content_width":100,"neve_meta_title_alignment":"","neve_meta_author_avatar":"","neve_post_elements_order":"","neve_meta_disable_header":"","neve_meta_disable_footer":"","neve_meta_disable_title":"","wds_primary_product_brand":0,"wds_primary_product_cat":0},"product_brand":[],"product_cat":[32],"product_tag":[],"class_list":{"0":"post-196","1":"product","2":"type-product","3":"status-publish","4":"has-post-thumbnail","6":"product_cat-maskiner-til-torisrengoring","8":"first","9":"instock","10":"taxable","11":"shipping-taxable","12":"purchasable","13":"product-type-variable"},"_links":{"self":[{"href":"https:\/\/dryiceeu.com\/da\/wp-json\/wp\/v2\/product\/196","targetHints":{"allow":["GET"]}}],"collection":[{"href":"https:\/\/dryiceeu.com\/da\/wp-json\/wp\/v2\/product"}],"about":[{"href":"https:\/\/dryiceeu.com\/da\/wp-json\/wp\/v2\/types\/product"}],"replies":[{"embeddable":true,"href":"https:\/\/dryiceeu.com\/da\/wp-json\/wp\/v2\/comments?post=196"}],"wp:featuredmedia":[{"embeddable":true,"href":"https:\/\/dryiceeu.com\/da\/wp-json\/wp\/v2\/media\/216"}],"wp:attachment":[{"href":"https:\/\/dryiceeu.com\/da\/wp-json\/wp\/v2\/media?parent=196"}],"wp:term":[{"taxonomy":"product_brand","embeddable":true,"href":"https:\/\/dryiceeu.com\/da\/wp-json\/wp\/v2\/product_brand?post=196"},{"taxonomy":"product_cat","embeddable":true,"href":"https:\/\/dryiceeu.com\/da\/wp-json\/wp\/v2\/product_cat?post=196"},{"taxonomy":"product_tag","embeddable":true,"href":"https:\/\/dryiceeu.com\/da\/wp-json\/wp\/v2\/product_tag?post=196"}],"curies":[{"name":"wp","href":"https:\/\/api.w.org\/{rel}","templated":true}]}}