{"id":197,"date":"2023-12-27T20:30:16","date_gmt":"2023-12-27T20:30:16","guid":{"rendered":"http:\/\/adminDImaster"},"modified":"2024-04-28T19:36:41","modified_gmt":"2024-04-28T18:36:41","slug":"ibl3000-toerisrensningsmaskine","status":"publish","type":"product","link":"https:\/\/dryiceeu.com\/da\/vare\/ibl3000-toerisrensningsmaskine\/","title":{"rendered":"IBL3000 &#8211; T\u00f8ris rensningsmaskine"},"content":{"rendered":"<p>IBL3000 er en t\u00f8ris rensningsmaskine som er meget smal &#8211; kun 400 mm bred, hvilket g\u00f8r det muligt at komme ind p\u00e5 trange steder og mellem maskiner. Styrke og effekt kommer fra luftstr\u00f8m og tryk. Jo mere, jo st\u00e6rkere.<\/p>\n","protected":false},"excerpt":{"rendered":"<p>Meget smal &#8211; kun 400 mm bred, hvilket g\u00f8r det muligt at komme ind p\u00e5 trange steder og mellem maskiner. Styrke og effekt kommer fra luftstr\u00f8m og tryk. Jo mere, jo st\u00e6rkere.<\/p>\n","protected":false},"featured_media":215,"comment_status":"open","ping_status":"closed","template":"","meta":{"neve_meta_sidebar":"","neve_meta_container":"","neve_meta_enable_content_width":"off","neve_meta_content_width":100,"neve_meta_title_alignment":"","neve_meta_author_avatar":"","neve_post_elements_order":"","neve_meta_disable_header":"","neve_meta_disable_footer":"","neve_meta_disable_title":"","wds_primary_product_brand":0,"wds_primary_product_cat":0},"product_brand":[],"product_cat":[32],"product_tag":[],"class_list":{"0":"post-197","1":"product","2":"type-product","3":"status-publish","4":"has-post-thumbnail","6":"product_cat-maskiner-til-torisrengoring","8":"first","9":"instock","10":"taxable","11":"shipping-taxable","12":"purchasable","13":"product-type-variable"},"_links":{"self":[{"href":"https:\/\/dryiceeu.com\/da\/wp-json\/wp\/v2\/product\/197","targetHints":{"allow":["GET"]}}],"collection":[{"href":"https:\/\/dryiceeu.com\/da\/wp-json\/wp\/v2\/product"}],"about":[{"href":"https:\/\/dryiceeu.com\/da\/wp-json\/wp\/v2\/types\/product"}],"replies":[{"embeddable":true,"href":"https:\/\/dryiceeu.com\/da\/wp-json\/wp\/v2\/comments?post=197"}],"wp:featuredmedia":[{"embeddable":true,"href":"https:\/\/dryiceeu.com\/da\/wp-json\/wp\/v2\/media\/215"}],"wp:attachment":[{"href":"https:\/\/dryiceeu.com\/da\/wp-json\/wp\/v2\/media?parent=197"}],"wp:term":[{"taxonomy":"product_brand","embeddable":true,"href":"https:\/\/dryiceeu.com\/da\/wp-json\/wp\/v2\/product_brand?post=197"},{"taxonomy":"product_cat","embeddable":true,"href":"https:\/\/dryiceeu.com\/da\/wp-json\/wp\/v2\/product_cat?post=197"},{"taxonomy":"product_tag","embeddable":true,"href":"https:\/\/dryiceeu.com\/da\/wp-json\/wp\/v2\/product_tag?post=197"}],"curies":[{"name":"wp","href":"https:\/\/api.w.org\/{rel}","templated":true}]}}