{"id":199,"date":"2023-12-27T20:30:16","date_gmt":"2023-12-27T20:30:16","guid":{"rendered":"http:\/\/adminDImaster"},"modified":"2024-09-24T12:09:55","modified_gmt":"2024-09-24T11:09:55","slug":"toeris-19-kg-3-mm-toeris-piller-i-styroporboks","status":"publish","type":"product","link":"https:\/\/dryiceeu.com\/da\/vare\/toeris-19-kg-3-mm-toeris-piller-i-styroporboks\/","title":{"rendered":"T\u00f8ris &#8211; 19 kg 3 mm t\u00f8ris-piller i styroporboks"},"content":{"rendered":"<p>19 kg 3 mm t\u00f8ris-piller i styroporboks<\/p>\n<p>T\u00f8ris i styroporbokse kan kun holde i 2-3 dage, og der vil v\u00e6re daglige tab p\u00e5 15-20%. S\u00e5 vigtigt ikke at bestille for tidligt.<\/p>\n","protected":false},"excerpt":{"rendered":"<p>19 kg 3 mm t\u00f8ris-piller i styroporboks. Perfekt til t\u00f8risrensning. K\u00f8b online, hurtigt, nemt og til konkurrencedygtige priser<\/p>\n","protected":false},"featured_media":220,"comment_status":"open","ping_status":"closed","template":"","meta":{"neve_meta_sidebar":"","neve_meta_container":"","neve_meta_enable_content_width":"off","neve_meta_content_width":100,"neve_meta_title_alignment":"","neve_meta_author_avatar":"","neve_post_elements_order":"","neve_meta_disable_header":"","neve_meta_disable_footer":"","neve_meta_disable_title":"","wds_primary_product_brand":0,"wds_primary_product_cat":0},"product_brand":[],"product_cat":[33],"product_tag":[],"class_list":{"0":"post-199","1":"product","2":"type-product","3":"status-publish","4":"has-post-thumbnail","6":"product_cat-toris","8":"first","9":"instock","10":"taxable","11":"shipping-taxable","12":"purchasable","13":"product-type-simple"},"_links":{"self":[{"href":"https:\/\/dryiceeu.com\/da\/wp-json\/wp\/v2\/product\/199","targetHints":{"allow":["GET"]}}],"collection":[{"href":"https:\/\/dryiceeu.com\/da\/wp-json\/wp\/v2\/product"}],"about":[{"href":"https:\/\/dryiceeu.com\/da\/wp-json\/wp\/v2\/types\/product"}],"replies":[{"embeddable":true,"href":"https:\/\/dryiceeu.com\/da\/wp-json\/wp\/v2\/comments?post=199"}],"wp:featuredmedia":[{"embeddable":true,"href":"https:\/\/dryiceeu.com\/da\/wp-json\/wp\/v2\/media\/220"}],"wp:attachment":[{"href":"https:\/\/dryiceeu.com\/da\/wp-json\/wp\/v2\/media?parent=199"}],"wp:term":[{"taxonomy":"product_brand","embeddable":true,"href":"https:\/\/dryiceeu.com\/da\/wp-json\/wp\/v2\/product_brand?post=199"},{"taxonomy":"product_cat","embeddable":true,"href":"https:\/\/dryiceeu.com\/da\/wp-json\/wp\/v2\/product_cat?post=199"},{"taxonomy":"product_tag","embeddable":true,"href":"https:\/\/dryiceeu.com\/da\/wp-json\/wp\/v2\/product_tag?post=199"}],"curies":[{"name":"wp","href":"https:\/\/api.w.org\/{rel}","templated":true}]}}