{"id":130,"date":"2023-12-22T09:08:02","date_gmt":"2023-12-22T09:08:02","guid":{"rendered":"https:\/\/dryiceeu.com\/es\/terminos-y-condiciones\/"},"modified":"2024-01-28T15:58:01","modified_gmt":"2024-01-28T15:58:01","slug":"terms","status":"publish","type":"page","link":"https:\/\/dryiceeu.com\/es\/terms\/","title":{"rendered":"T\u00e9rminos y condiciones"},"content":{"rendered":"\t\t<div data-elementor-type=\"wp-page\" data-elementor-id=\"130\" class=\"elementor elementor-130\" data-elementor-post-type=\"page\">\n\t\t\t\t<div class=\"elementor-element elementor-element-d56d036 e-con-full e-flex e-con e-parent\" data-id=\"d56d036\" data-element_type=\"container\" data-e-type=\"container\">\n\t\t<div class=\"elementor-element elementor-element-d0542fd e-flex e-con-boxed e-con e-child\" data-id=\"d0542fd\" data-element_type=\"container\" data-e-type=\"container\">\n\t\t\t\t\t<div class=\"e-con-inner\">\n\t\t\t\t\t<\/div>\n\t\t\t\t<\/div>\n\t\t\t\t<\/div>\n\t\t<div class=\"elementor-element elementor-element-85f7d66 e-con-full e-flex e-con e-parent\" data-id=\"85f7d66\" data-element_type=\"container\" data-e-type=\"container\">\n\t\t<div class=\"elementor-element elementor-element-b2370a5 e-flex e-con-boxed e-con e-child\" data-id=\"b2370a5\" data-element_type=\"container\" data-e-type=\"container\">\n\t\t\t\t\t<div class=\"e-con-inner\">\n\t\t\t\t<div class=\"elementor-element elementor-element-56ab78c elementor-widget elementor-widget-text-editor\" data-id=\"56ab78c\" data-element_type=\"widget\" data-e-type=\"widget\" data-widget_type=\"text-editor.default\">\n\t\t\t\t<div class=\"elementor-widget-container\">\n\t\t\t\t\t\t\t\t\t<p class=\"p1\"><span class=\"s1\">Este CONTRATO DE ALQUILER DE EQUIPO (este \u201cAcuerdo\u201d) se celebra entre Intelblast. en lo sucesivo denominado \u201cINTELBLAST\u201d, y:<\/span><\/p><p class=\"p1\"><span class=\"s1\">Nombre de empresa:<br \/><\/span><span class=\"s1\">Contacto:<br \/><br \/><\/span><span class=\"s1\">DIRECCI\u00d3N:<br \/><\/span><span class=\"s1\">C\u00f3digo postal:<br \/><\/span><span class=\"s1\">Tel\u00e9fono:<br \/><\/span><span class=\"s1\">Correo electr\u00f3nico:<\/span><\/p><p class=\"p1\"><span class=\"s1\">La empresa o individuo mencionado anteriormente se denominar\u00e1 en lo sucesivo el \u201cCliente\u201d.<\/span><\/p><p class=\"p1\"><span class=\"s1\">con el fin de alquilar ciertos equipos de limpieza con hielo seco de INTELBLAST seg\u00fan los t\u00e9rminos de este Acuerdo (\u201cel \u201cEquipo\u201d). A t\u00edtulo oneroso y valioso, cuyo recibo y suficiencia se reconocen por la presente, las partes acuerdan lo siguiente:<\/span><\/p><p class=\"p1\"><strong><span class=\"s1\">1. T\u00e9rmino del Acuerdo:<\/span><\/strong><\/p><p class=\"p1\"><span class=\"s1\"><span class=\"Apple-converted-space\">\u00a0 <\/span>Este Acuerdo tendr\u00e1 una duraci\u00f3n m\u00ednima de una (1) semana (un \u201cPer\u00edodo de alquiler\u201d), comenzando en la Fecha de recepci\u00f3n del Equipo por parte del Cliente y concluyendo (e incluido) el D\u00eda de regreso a INTELBLAST. Una semana se definir\u00e1 como cinco (5) d\u00edas h\u00e1biles (excluyendo fines de semana y feriados legales) a partir de la Fecha de recepci\u00f3n del Equipo por parte del Cliente.<\/span><\/p><p class=\"p1\"><strong><span class=\"s1\">2. Fecha de recepci\u00f3n:<\/span><\/strong><\/p><p class=\"p1\"><span class=\"s1\"><span class=\"Apple-converted-space\">\u00a0 <\/span>La Fecha de recepci\u00f3n del Equipo y, por tanto, el inicio del plazo de alquiler, ser\u00e1 el d\u00eda en que el Equipo sea entregado y\/o firmado por el Cliente. INTELBLAST proporcionar\u00e1 prueba de entrega del Equipo al Cliente previa solicitud.<\/span><\/p><p class=\"p1\"><strong><span class=\"s1\">3. Fecha de Regreso:<\/span><\/strong><\/p><p class=\"p1\"><span class=\"s1\">La Fecha de Devoluci\u00f3n del Equipo a INTELBLAST, ser\u00e1 el d\u00eda en que el Equipo sea firmado por el transportista designado por INTELBLAST o cuando sea devuelto al lugar de alquiler.<\/span><\/p><p class=\"p1\"><strong><span class=\"s1\">4. Equipo alquilado:<\/span><\/strong><\/p><p class=\"p1\"><span class=\"s1\">El Equipo alquilado por el Cliente a INTELBLAST en virtud de este Acuerdo se describe m\u00e1s detalladamente en la confirmaci\u00f3n del pedido y en www.dryiceEU.com.<\/span><\/p><p class=\"p1\"><strong><span class=\"s1\">5. Propiedad del Equipo de Alquiler:<\/span><\/strong><\/p><p class=\"p1\"><span class=\"s1\">Todo el Equipo de alquiler suministrado por INTELBLAST al Cliente para su uso durante los per\u00edodos de alquiler inicial o posterior (si corresponde) seguir\u00e1 siendo propiedad de INTELBLAST.<\/span><\/p><p class=\"p1\"><strong><span class=\"s1\">6. Da\u00f1os y P\u00e9rdidas:<\/span><\/strong><\/p><p class=\"p1\"><span class=\"s1\">En caso de que el Equipo se da\u00f1e, se pierda, sea objeto de vandalismo o sea robado, mientras est\u00e9 en posesi\u00f3n del Cliente, el Cliente ser\u00e1 responsable de los costos totales (incluida la mano de obra) de reparaci\u00f3n del Equipo si est\u00e1 da\u00f1ado o objeto de vandalismo (excepto el desgaste normal). , o comprar el Equipo de INTELBLAST por el precio de lista completo establecido por INTELBLAST en el momento del alquiler en caso de p\u00e9rdida o robo. El Cliente notificar\u00e1 inmediatamente a INTELBLAST si ocurre cualquiera de estas situaciones.<\/span><\/p><p class=\"p1\"><strong><span class=\"s1\">7. Equipo que funciona mal.<\/span><\/strong><\/p><p class=\"p1\"><span class=\"s1\">Si el Equipo deja de ser seguro, funciona mal o requiere reparaci\u00f3n, el Cliente deber\u00e1 dejar de usar dicho Equipo inmediatamente y notificar inmediatamente a INTELBLAST. Si dicha condici\u00f3n es el resultado de una operaci\u00f3n normal, INTELBLAST reparar\u00e1 o reemplazar\u00e1 el Equipo con Equipo similar en buen estado de funcionamiento si dicho reemplazo est\u00e1 disponible. INTELBLAST no tiene obligaci\u00f3n de reemplazar el Equipo que se haya vuelto inoperable por mal uso, abuso o negligencia. El \u00fanico recurso del Cliente por cualquier falla o defecto en el Equipo ser\u00e1 la terminaci\u00f3n de cualquier cargo de alquiler acumulado despu\u00e9s del momento de la falla. INTELBLAST debe devolver o recoger el Equipo dentro de las veinticuatro horas posteriores al momento de la falla para cancelar los cargos de alquiler.<\/span><\/p><p class=\"p1\"><strong><span class=\"s1\">8. Monto del alquiler adeudado:<\/span><\/strong><\/p><p class=\"p1\"><span class=\"s1\">El importe del alquiler adeudado por el Equipo ser\u00e1 el indicado en la confirmaci\u00f3n del pedido realizada en nuestra p\u00e1gina de inicio. Dicho pago de alquiler, y los pagos de alquiler posteriores, si los hubiere, deber\u00e1n vencerse y pagarse por adelantado de conformidad con las disposiciones de la Secci\u00f3n 9, a continuaci\u00f3n. Todos los impuestos, tarifas y fletes que puedan ser aplicables o en los que incurra INTELBLAST ser\u00e1n pagados por el Cliente como tarifas de alquiler adicionales y tambi\u00e9n deber\u00e1n pagarse por adelantado.<\/span><\/p><p class=\"p1\"><strong><span class=\"s1\">9. Forma de Pago:<\/span><\/strong><\/p><p class=\"p1\"><span class=\"s1\">El pago del alquiler del Equipo INTELBLAST se realizar\u00e1 mediante tarjeta de cr\u00e9dito (VISA\/MASTER CARD) en l\u00ednea u otro medio de transferencia electr\u00f3nica por parte del Cliente, a menos que las partes acuerden lo contrario con antelaci\u00f3n.<\/span><\/p><p class=\"p1\"><strong><span class=\"s1\">10. Devoluciones tard\u00edas.<\/span><\/strong><\/p><p class=\"p1\"><span class=\"s1\">A menos que INTELBLAST acuerde por escrito extender los per\u00edodos de alquiler, el Equipo debe ser devuelto o recogido por INTELBLAST o el transportista designado por INTELBLAST en la fecha de vencimiento durante el horario comercial normal. Si el Cliente no devuelve el Equipo antes del cierre de operaciones del \u00faltimo d\u00eda de un alquiler, cada d\u00eda de retraso adicional se facturar\u00e1 al Cliente a una tarifa diaria prorrateada de una quinta parte (1\/5) del alquiler semanal m\u00e1s un Recargo diario de 50,00 \u20ac por d\u00eda. El cliente comprende y acepta lo anterior y autoriza a INTELBLAST a debitar la tarjeta de cr\u00e9dito u otra cuenta del cliente para satisfacer estos cargos a medida que se incurran.<\/span><\/p><p class=\"p1\"><strong><span class=\"s1\">11. Pr\u00f3rroga del Acuerdo:<\/span><\/strong><\/p><p class=\"p1\"><span class=\"s1\">Este Acuerdo puede extenderse semanalmente a opci\u00f3n del Cliente. El Cliente deber\u00e1 notificar a INTELBLAST con antelaci\u00f3n por escrito por correo electr\u00f3nico (info@intelblast.com o adm@dryiceEU.com) de su deseo de ampliar este Acuerdo. Si no se devuelve el Equipo o no se notifica a INTELBLAST de las intenciones del Cliente de extenderlo, se autorizar\u00e1 a INTELBLAST a debitar de la tarjeta de cr\u00e9dito del Cliente todos los cargos, tarifas, etc., establecidos anteriormente. INTELBLAST se reserva el derecho de debitar estos en la tarjeta de cr\u00e9dito del Cliente hasta que el Equipo sea devuelto o comprado.<\/span><\/p><p class=\"p1\"><strong><span class=\"s1\">12. Compra de Equipos por Valor Residual:<\/span><\/strong><\/p><p class=\"p1\"><span class=\"s1\">La compra del equipo por el valor residual no es posible seg\u00fan este acuerdo.<\/span><\/p><p class=\"p3\"><strong><span class=\"s1\">13. Freight and Handling Charges:<\/span><\/strong><\/p><p class=\"p3\"><span class=\"s1\">INTELBLAST will be organizing freight and handling of the equipment to and from the customer. Charges for and cost in connection with shipping or handling will be billed to the customer. Customer can also arrange for pick-up and returning of the machine(s) to the place from where it is being rented. \u00a0<\/span><\/p><p class=\"p3\"><strong><span class=\"s1\">14. Return of Equipment, Repairs and Deposit:<\/span><\/strong><\/p><p class=\"p3\"><span class=\"s1\">At the expiration of the term, the Customer will return or surrender the Equipment to INTELBLAST in as good a condition as when it was delivered to Customer, subject to reasonable wear and tear.<\/span><\/p><p class=\"p3\"><span class=\"s1\">The Customer will be responsible for all costs of repairs to the Equipment that are occasioned as a result of Customers\u2019 use, normal wear and tear excepted.<\/span><\/p><p class=\"p3\"><span class=\"s1\">A refundable deposit of fifteen percent (15%) of the retail list price of the Equipment will be billed at the start of the term, and any charges necessary to repair or clean the Equipment will be assessed against this deposit. INTELBLAST will provide the Customer an itemized statement for these charges, if any, at the conclusion of the rental term. If the charges to repair and clean the Equipment are greater than the amount of the deposit, the Customer agrees to pay such charges. If the charges to repair and clean the Equipment are less than the deposit amount, said remainder amount will be refunded the Customer by INTELBLAST.<\/span><\/p><p class=\"p3\"><strong><span class=\"s1\">15.\u00a0 Reasonable Wear and Tear.<\/span><\/strong><\/p><p class=\"p3\"><span class=\"s1\">Reasonable wear and tear of the Equipment shall mean only the deterioration of the Equipment caused by its ordinary and reasonable use. The following shall\u00a0<\/span><span class=\"s2\">not<\/span><span class=\"s1\">\u00a0be considered reasonable wear and tear:<\/span><\/p><ol class=\"ol1\"><li class=\"li5\"><span class=\"s4\">Any damage resulting from lack of maintenance or as a result of a failure to supply the equipment with clean, dry air.<\/span><\/li><li class=\"li5\"><span class=\"s4\">Any damage resulting from lack of servicing or preventative maintenance requiring notification to Intelblast as set out above. Please see user manual.<\/span><\/li><li class=\"li5\"><span class=\"s4\">Any damage resulting from any collision, overturning, or improper operation of the Equipment.<\/span><\/li><li class=\"li5\"><span class=\"s4\">Any dents, bending, tearing, staining and misalignment of the Equipment or any part thereof.<\/span><\/li><li class=\"li5\"><span class=\"s4\">Any wear resulting from excessive use.<\/span><\/li><li class=\"li5\"><span class=\"s4\">Any other damages to the Equipment, which is not considered ordinary and reasonable.<\/span><\/li><li class=\"li5\"><span class=\"s4\">Any attempt by the Customer to carry out repairs to the Equipment will be deemed deliberate damage.<\/span><\/li><\/ol><p class=\"p3\"><span class=\"s1\">\u00a0<\/span><\/p><p class=\"p3\"><strong><span class=\"s1\">16. Customer Insurance Requirements:<\/span><\/strong><\/p><p class=\"p3\"><span class=\"s1\">The Customer agrees to maintain comprehensive general liability insurance and All Risks property and casualty insurance, at its own cost, throughout the entire rental period. Evidence of such insurance shall be presented to Intelblast upon request.<\/span><\/p><p class=\"p3\"><strong><span class=\"s1\">17. Limited Warranty:<\/span><\/strong><\/p><p class=\"p3\"><span class=\"s1\">INTELBLAST warrants to the Customer that INTELBLAST will use commercially reasonable efforts to deliver the Equipment in good working order. this warranty is the only warranty Intelblast has given the Customer with respect to the equipment. Intelblast makes no representation or warranties, express or implied, with respect to the equipment or any other materials supplied by Intelblast hereunder, and Intelblast hereby expressly disclaims any express or implied warranties with respect thereto, including without limitation, any implied warranties of merchantability, or fitness for a particular purpose.<\/span><\/p><p class=\"p3\"><span class=\"s1\">Customer releases and discharges Intelblast from any and all liability or damages (including, without limitation, damages for loss of profit, loss of business opportunity and other economic loss) which might be caused by Intelblast\u2019s failure or inability to deliver any equipment by any specified date or time.<\/span><\/p><p class=\"p3\"><strong><span class=\"s1\">18. Limitaciones de Da\u00f1os:<\/span><\/strong><\/p><p class=\"p3\"><span class=\"s1\">En ning\u00fan caso Intelblast ser\u00e1 responsable ante el Cliente por da\u00f1os incidentales, indirectos, consecuentes, punitivos o especiales (incluidos, entre otros, da\u00f1os a la reputaci\u00f3n comercial, p\u00e9rdida de negocios o p\u00e9rdida de ganancias), ya sean previsibles o no y sin importar su causa, incluso si la empresa ha sido advertida de la posibilidad de que se produzcan dichos da\u00f1os.<\/span><\/p><p class=\"p3\"><strong><span class=\"s1\">19. Reconocimiento de instrucciones operativas y autorizaci\u00f3n:<\/span><\/strong><\/p><p class=\"p3\"><span class=\"s1\">Por el presente, el Cliente reconoce, mediante la ejecuci\u00f3n de este Acuerdo, que Intelblast le ha proporcionado instrucciones adecuadas y suficientes en cuanto al montaje, operaci\u00f3n, configuraci\u00f3n y mantenimiento del Equipo. Adem\u00e1s, el Cliente garantiza y acepta consultar y asesorar a Intelblast sobre el uso previsto y la aplicaci\u00f3n del Equipo para determinar la idoneidad del prop\u00f3sito antes de ejecutar este Acuerdo. Sin perjuicio de las disposiciones de la Secci\u00f3n 17 del presente, Intelblast se reserva el derecho de rechazar el alquiler del Equipo al Cliente o confiscar el Equipo despu\u00e9s de la ejecuci\u00f3n de este Acuerdo, si en opini\u00f3n de Intelblast, dicha aplicaci\u00f3n del Equipo no es aconsejable y puede causar calamidad o da\u00f1o al Equipo, al Cliente y\/u otros.<\/span><\/p><p class=\"p3\"><span class=\"s1\">El Cliente acepta indemnizar y eximir a Intelblast de toda responsabilidad y de cualquier tipo que pueda resultar del uso y\/o operaci\u00f3n inapropiada o no autorizada del Equipo por parte del Cliente.<\/span><\/p><p class=\"p3\"><span class=\"s1\">Esta liberaci\u00f3n de Intelblast por parte del Cliente se aplicar\u00e1 al Cliente, sus designados, cesionarios, subcontratistas, trabajadores contratados, otras personas o entidades no nombradas o identificadas espec\u00edficamente en este documento, y\/o cualquier otra persona o entidad autorizada por el Cliente para operar el Equipo. durante la Vigencia de este Acuerdo.<\/span><\/p><p class=\"p3\"><span class=\"s1\">El Cliente tambi\u00e9n acepta indemnizar y eximir a Intelblast de toda responsabilidad u obligaci\u00f3n de cualquier tipo que pueda resultar de lesiones o da\u00f1os corporales sufridos por el Cliente, sus empleados, subcontratistas, agentes, clientes, trabajadores contratados u otras personas contratadas por al Cliente para operar el Equipo, o a terceros no mencionados en este documento, como resultado del uso y operaci\u00f3n inadecuados del Equipo, durante la vigencia de este Acuerdo.<\/span><\/p>\t\t\t\t\t\t\t\t<\/div>\n\t\t\t\t<\/div>\n\t\t\t\t\t<\/div>\n\t\t\t\t<\/div>\n\t\t\t\t<\/div>\n\t\t\t\t<\/div>\n\t\t","protected":false},"excerpt":{"rendered":"<p>Este CONTRATO DE ALQUILER DE EQUIPO (este \u201cAcuerdo\u201d) se celebra entre Intelblast. en lo sucesivo denominado \u201cINTELBLAST\u201d, y: Nombre de empresa:Contacto: DIRECCI\u00d3N:C\u00f3digo postal:Tel\u00e9fono:Correo electr\u00f3nico: La empresa o individuo mencionado anteriormente se denominar\u00e1 en lo sucesivo el \u201cCliente\u201d. con el fin de alquilar ciertos equipos de limpieza con hielo seco de INTELBLAST seg\u00fan los t\u00e9rminos de&hellip;&nbsp;<a href=\"https:\/\/dryiceeu.com\/es\/terms\/\" rel=\"bookmark\">Leer m\u00e1s &raquo;<span class=\"screen-reader-text\">T\u00e9rminos y condiciones<\/span><\/a><\/p>\n","protected":false},"author":1,"featured_media":0,"parent":0,"menu_order":0,"comment_status":"closed","ping_status":"closed","template":"page-templates\/template-pagebuilder-full-width.php","meta":{"neve_meta_sidebar":"","neve_meta_container":"","neve_meta_enable_content_width":"","neve_meta_content_width":0,"neve_meta_title_alignment":"","neve_meta_author_avatar":"","neve_post_elements_order":"","neve_meta_disable_header":"","neve_meta_disable_footer":"","neve_meta_disable_title":"","footnotes":""},"class_list":["post-130","page","type-page","status-publish","hentry"],"_links":{"self":[{"href":"https:\/\/dryiceeu.com\/es\/wp-json\/wp\/v2\/pages\/130","targetHints":{"allow":["GET"]}}],"collection":[{"href":"https:\/\/dryiceeu.com\/es\/wp-json\/wp\/v2\/pages"}],"about":[{"href":"https:\/\/dryiceeu.com\/es\/wp-json\/wp\/v2\/types\/page"}],"author":[{"embeddable":true,"href":"https:\/\/dryiceeu.com\/es\/wp-json\/wp\/v2\/users\/1"}],"replies":[{"embeddable":true,"href":"https:\/\/dryiceeu.com\/es\/wp-json\/wp\/v2\/comments?post=130"}],"version-history":[{"count":3,"href":"https:\/\/dryiceeu.com\/es\/wp-json\/wp\/v2\/pages\/130\/revisions"}],"predecessor-version":[{"id":4559,"href":"https:\/\/dryiceeu.com\/es\/wp-json\/wp\/v2\/pages\/130\/revisions\/4559"}],"wp:attachment":[{"href":"https:\/\/dryiceeu.com\/es\/wp-json\/wp\/v2\/media?parent=130"}],"curies":[{"name":"wp","href":"https:\/\/api.w.org\/{rel}","templated":true}]}}