{"id":133,"date":"2023-12-22T09:08:02","date_gmt":"2023-12-22T09:08:02","guid":{"rendered":"https:\/\/dryiceeu.com\/es\/seguridad\/"},"modified":"2024-05-24T09:44:12","modified_gmt":"2024-05-24T09:44:12","slug":"seguridad","status":"publish","type":"page","link":"https:\/\/dryiceeu.com\/es\/seguridad\/","title":{"rendered":"Seguridad"},"content":{"rendered":"\t\t<div data-elementor-type=\"wp-page\" data-elementor-id=\"133\" class=\"elementor elementor-133\" data-elementor-post-type=\"page\">\n\t\t\t\t<div class=\"elementor-element elementor-element-5abd7ae e-con-full e-flex e-con e-parent\" data-id=\"5abd7ae\" data-element_type=\"container\" data-e-type=\"container\" id=\"product-page-dry\">\n\t\t<div class=\"elementor-element elementor-element-501250b e-flex e-con-boxed e-con e-child\" data-id=\"501250b\" data-element_type=\"container\" data-e-type=\"container\">\n\t\t\t\t\t<div class=\"e-con-inner\">\n\t\t<div class=\"elementor-element elementor-element-5058469 e-con-full e-flex e-con e-child\" data-id=\"5058469\" data-element_type=\"container\" data-e-type=\"container\">\n\t\t\t\t<div class=\"elementor-element elementor-element-fc4793c elementor-widget elementor-widget-heading\" data-id=\"fc4793c\" data-element_type=\"widget\" data-e-type=\"widget\" data-widget_type=\"heading.default\">\n\t\t\t\t<div class=\"elementor-widget-container\">\n\t\t\t\t\t<h1 class=\"elementor-heading-title elementor-size-default\">Seguridad y <br>equipos de seguridad<\/h1>\t\t\t\t<\/div>\n\t\t\t\t<\/div>\n\t\t\t\t<div class=\"elementor-element elementor-element-8122685 elementor-widget elementor-widget-text-editor\" data-id=\"8122685\" data-element_type=\"widget\" data-e-type=\"widget\" data-widget_type=\"text-editor.default\">\n\t\t\t\t<div class=\"elementor-widget-container\">\n\t\t\t\t\t\t\t\t\t<p>El hielo seco se fabrica expandiendo LCO\u00b2 que formar\u00e1 nieve de hielo seco. A continuaci\u00f3n, la nieve se comprime y extrusiona mediante un peletizador para crear pelets de hielo seco.<\/p>\n\t\t\t\t\t\t\t\t<\/div>\n\t\t\t\t<\/div>\n\t\t\t\t<\/div>\n\t\t<div class=\"elementor-element elementor-element-0e995ce e-con-full elementor-hidden-mobile e-flex e-con e-child\" data-id=\"0e995ce\" data-element_type=\"container\" data-e-type=\"container\">\n\t\t\t\t<\/div>\n\t\t\t\t\t<\/div>\n\t\t\t\t<\/div>\n\t\t\t\t<\/div>\n\t\t<div class=\"elementor-element elementor-element-ed6ab2c e-con-full e-flex e-con e-parent\" data-id=\"ed6ab2c\" data-element_type=\"container\" data-e-type=\"container\" data-settings=\"{&quot;background_background&quot;:&quot;classic&quot;}\">\n\t\t<div class=\"elementor-element elementor-element-02ec29c e-flex e-con-boxed e-con e-child\" data-id=\"02ec29c\" data-element_type=\"container\" data-e-type=\"container\">\n\t\t\t\t\t<div class=\"e-con-inner\">\n\t\t<div class=\"elementor-element elementor-element-85bd13b e-con-full e-flex e-con e-child\" data-id=\"85bd13b\" data-element_type=\"container\" data-e-type=\"container\">\n\t\t\t\t<div class=\"elementor-element elementor-element-70357b5 elementor-widget elementor-widget-image\" data-id=\"70357b5\" data-element_type=\"widget\" data-e-type=\"widget\" data-widget_type=\"image.default\">\n\t\t\t\t<div class=\"elementor-widget-container\">\n\t\t\t\t\t\t\t\t\t\t\t\t\t\t\t<img fetchpriority=\"high\" decoding=\"async\" width=\"643\" height=\"547\" src=\"https:\/\/dryiceeu.com\/es\/wp-content\/uploads\/sites\/4\/2023\/12\/safetyb.png\" class=\"attachment-full size-full wp-image-134\" alt=\"\" srcset=\"https:\/\/dryiceeu.com\/es\/wp-content\/uploads\/sites\/4\/2023\/12\/safetyb.png 643w, https:\/\/dryiceeu.com\/es\/wp-content\/uploads\/sites\/4\/2023\/12\/safetyb-300x255.png 300w, https:\/\/dryiceeu.com\/es\/wp-content\/uploads\/sites\/4\/2023\/12\/safetyb-600x510.png 600w\" sizes=\"(max-width: 643px) 100vw, 643px\" \/>\t\t\t\t\t\t\t\t\t\t\t\t\t\t\t<\/div>\n\t\t\t\t<\/div>\n\t\t\t\t<\/div>\n\t\t<div class=\"elementor-element elementor-element-6a8a233 e-con-full e-flex e-con e-child\" data-id=\"6a8a233\" data-element_type=\"container\" data-e-type=\"container\">\n\t\t\t\t<div class=\"elementor-element elementor-element-81b1c13 elementor-widget elementor-widget-heading\" data-id=\"81b1c13\" data-element_type=\"widget\" data-e-type=\"widget\" data-widget_type=\"heading.default\">\n\t\t\t\t<div class=\"elementor-widget-container\">\n\t\t\t\t\t<h2 class=\"elementor-heading-title elementor-size-default\">Gu\u00eda de seguridad <\/h2>\t\t\t\t<\/div>\n\t\t\t\t<\/div>\n\t\t\t\t<div class=\"elementor-element elementor-element-1e5aa7e elementor-widget elementor-widget-text-editor\" data-id=\"1e5aa7e\" data-element_type=\"widget\" data-e-type=\"widget\" data-widget_type=\"text-editor.default\">\n\t\t\t\t<div class=\"elementor-widget-container\">\n\t\t\t\t\t\t\t\t\t<p>El hielo seco se fabrica expandiendo LCO\u00b2 que formar\u00e1 nieve de hielo seco. A continuaci\u00f3n, la nieve se comprime y extrusiona mediante un peletizador para crear pelets de hielo seco.<\/p>\n<p>El CO\u00b2 liberado por el proceso de limpieza a chorro a medida que el hielo seco se convierte en gas, aumenta de nuevo los niveles de CO\u00b2 en la zona de trabajo.<\/p>\n<p>En la mayor\u00eda de las zonas y con la limpieza exterior esto no causar\u00e1 ning\u00fan problema. Pero si se utiliza en interiores o en un espacio confinado, se necesita un dispositivo de control de CO\u00b2 (la mayor\u00eda de las normativas establecen que 5000 ppm es la concentraci\u00f3n m\u00e1xima permitida durante un m\u00e1ximo de 8 horas) y una m\u00e1scara de suministro de aire fresco. Consulte a su proveedor local de equipos de protecci\u00f3n individual (EPI).<\/p>\n<p>El CO\u00b2 es incoloro, ins\u00edpido y no huele. Los s\u00edntomas de sobreexposici\u00f3n al CO\u00b2 son:<\/p>\n<p>En cualquier circunstancia es necesario disponer de ventilaci\u00f3n suficiente en las zonas donde se trabaja.<\/p>\n\t\t\t\t\t\t\t\t<\/div>\n\t\t\t\t<\/div>\n\t\t\t\t<\/div>\n\t\t\t\t\t<\/div>\n\t\t\t\t<\/div>\n\t\t\t\t<\/div>\n\t\t<div class=\"elementor-element elementor-element-88e3922 e-con-full e-flex e-con e-parent\" data-id=\"88e3922\" data-element_type=\"container\" data-e-type=\"container\">\n\t\t<div class=\"elementor-element elementor-element-0c3fa93 e-flex e-con-boxed e-con e-child\" data-id=\"0c3fa93\" data-element_type=\"container\" data-e-type=\"container\">\n\t\t\t\t\t<div class=\"e-con-inner\">\n\t\t<div class=\"elementor-element elementor-element-2ea0fd5 e-con-full e-flex e-con e-child\" data-id=\"2ea0fd5\" data-element_type=\"container\" data-e-type=\"container\">\n\t\t<div class=\"elementor-element elementor-element-0c29405 e-con-full e-flex e-con e-child\" data-id=\"0c29405\" data-element_type=\"container\" data-e-type=\"container\" data-settings=\"{&quot;background_background&quot;:&quot;classic&quot;}\">\n\t\t\t\t<div class=\"elementor-element elementor-element-6477168 elementor-position-top elementor-widget elementor-widget-image-box\" data-id=\"6477168\" data-element_type=\"widget\" data-e-type=\"widget\" data-widget_type=\"image-box.default\">\n\t\t\t\t<div class=\"elementor-widget-container\">\n\t\t\t\t\t<div class=\"elementor-image-box-wrapper\"><figure class=\"elementor-image-box-img\"><img decoding=\"async\" width=\"76\" height=\"76\" src=\"https:\/\/dryiceeu.com\/es\/wp-content\/uploads\/sites\/4\/2023\/12\/gloves.jpg\" class=\"attachment-full size-full wp-image-135\" alt=\"\" \/><\/figure><div class=\"elementor-image-box-content\"><h3 class=\"elementor-image-box-title\">Guantes<\/h3><\/div><\/div>\t\t\t\t<\/div>\n\t\t\t\t<\/div>\n\t\t\t\t<div class=\"elementor-element elementor-element-79f5462 elementor-widget elementor-widget-text-editor\" data-id=\"79f5462\" data-element_type=\"widget\" data-e-type=\"widget\" data-widget_type=\"text-editor.default\">\n\t\t\t\t<div class=\"elementor-widget-container\">\n\t\t\t\t\t\t\t\t\tEl hielo seco es fr\u00edo (-79\u2070C) y puede causar quemaduras por congelaci\u00f3n.&lt;br&gt;\nUtilice siempre guantes cuando manipule hielo seco.\t\t\t\t\t\t\t\t<\/div>\n\t\t\t\t<\/div>\n\t\t\t\t<\/div>\n\t\t<div class=\"elementor-element elementor-element-7b4ef4c e-con-full e-flex e-con e-child\" data-id=\"7b4ef4c\" data-element_type=\"container\" data-e-type=\"container\" data-settings=\"{&quot;background_background&quot;:&quot;classic&quot;}\">\n\t\t\t\t<div class=\"elementor-element elementor-element-1ceb883 elementor-position-top elementor-widget elementor-widget-image-box\" data-id=\"1ceb883\" data-element_type=\"widget\" data-e-type=\"widget\" data-widget_type=\"image-box.default\">\n\t\t\t\t<div class=\"elementor-widget-container\">\n\t\t\t\t\t<div class=\"elementor-image-box-wrapper\"><figure class=\"elementor-image-box-img\"><img decoding=\"async\" width=\"172\" height=\"172\" src=\"https:\/\/dryiceeu.com\/es\/wp-content\/uploads\/sites\/4\/2023\/12\/clothing.jpg\" class=\"attachment-full size-full wp-image-136\" alt=\"\" srcset=\"https:\/\/dryiceeu.com\/es\/wp-content\/uploads\/sites\/4\/2023\/12\/clothing.jpg 172w, https:\/\/dryiceeu.com\/es\/wp-content\/uploads\/sites\/4\/2023\/12\/clothing-150x150.jpg 150w, https:\/\/dryiceeu.com\/es\/wp-content\/uploads\/sites\/4\/2023\/12\/clothing-100x100.jpg 100w\" sizes=\"(max-width: 172px) 100vw, 172px\" \/><\/figure><div class=\"elementor-image-box-content\"><h3 class=\"elementor-image-box-title\">Ropa de protecci\u00f3n <\/h3><\/div><\/div>\t\t\t\t<\/div>\n\t\t\t\t<\/div>\n\t\t\t\t<div class=\"elementor-element elementor-element-7435a62 elementor-widget elementor-widget-text-editor\" data-id=\"7435a62\" data-element_type=\"widget\" data-e-type=\"widget\" data-widget_type=\"text-editor.default\">\n\t\t\t\t<div class=\"elementor-widget-container\">\n\t\t\t\t\t\t\t\t\tNo debe entrar en contacto con el hielo seco y, en la mayor\u00eda de los casos, no lo har\u00e1. Sin embargo, siempre es recomendable llevar ropa protectora.\t\t\t\t\t\t\t\t<\/div>\n\t\t\t\t<\/div>\n\t\t\t\t<\/div>\n\t\t\t\t<\/div>\n\t\t<div class=\"elementor-element elementor-element-4723a65 e-con-full e-flex e-con e-child\" data-id=\"4723a65\" data-element_type=\"container\" data-e-type=\"container\">\n\t\t<div class=\"elementor-element elementor-element-7ecf009 e-con-full e-flex e-con e-child\" data-id=\"7ecf009\" data-element_type=\"container\" data-e-type=\"container\" data-settings=\"{&quot;background_background&quot;:&quot;classic&quot;}\">\n\t\t\t\t<div class=\"elementor-element elementor-element-359cf41 elementor-position-top elementor-widget elementor-widget-image-box\" data-id=\"359cf41\" data-element_type=\"widget\" data-e-type=\"widget\" data-widget_type=\"image-box.default\">\n\t\t\t\t<div class=\"elementor-widget-container\">\n\t\t\t\t\t<div class=\"elementor-image-box-wrapper\"><figure class=\"elementor-image-box-img\"><img loading=\"lazy\" decoding=\"async\" width=\"172\" height=\"172\" src=\"https:\/\/dryiceeu.com\/es\/wp-content\/uploads\/sites\/4\/2023\/12\/ear.jpg\" class=\"attachment-full size-full wp-image-137\" alt=\"\" srcset=\"https:\/\/dryiceeu.com\/es\/wp-content\/uploads\/sites\/4\/2023\/12\/ear.jpg 172w, https:\/\/dryiceeu.com\/es\/wp-content\/uploads\/sites\/4\/2023\/12\/ear-150x150.jpg 150w, https:\/\/dryiceeu.com\/es\/wp-content\/uploads\/sites\/4\/2023\/12\/ear-100x100.jpg 100w\" sizes=\"(max-width: 172px) 100vw, 172px\" \/><\/figure><div class=\"elementor-image-box-content\"><h3 class=\"elementor-image-box-title\">Protecci\u00f3n auditiva<\/h3><\/div><\/div>\t\t\t\t<\/div>\n\t\t\t\t<\/div>\n\t\t\t\t<div class=\"elementor-element elementor-element-c4e6911 elementor-widget elementor-widget-text-editor\" data-id=\"c4e6911\" data-element_type=\"widget\" data-e-type=\"widget\" data-widget_type=\"text-editor.default\">\n\t\t\t\t<div class=\"elementor-widget-container\">\n\t\t\t\t\t\t\t\t\tDependiendo de la presi\u00f3n y del flujo de aire que se utilice durante la proyecci\u00f3n, el nivel de ruido oscilar\u00e1 entre 75 dB (A) y 130 dB (A). Por lo tanto, se recomienda llevar protectores auditivos en todo momento. Adem\u00e1s, tenga en cuenta que puede haber otras personas en las proximidades y que tambi\u00e9n deben protegerse.\t\t\t\t\t\t\t\t<\/div>\n\t\t\t\t<\/div>\n\t\t\t\t<\/div>\n\t\t<div class=\"elementor-element elementor-element-5405e34 e-con-full e-flex e-con e-child\" data-id=\"5405e34\" data-element_type=\"container\" data-e-type=\"container\" data-settings=\"{&quot;background_background&quot;:&quot;classic&quot;}\">\n\t\t\t\t<div class=\"elementor-element elementor-element-e11174e elementor-position-top elementor-widget elementor-widget-image-box\" data-id=\"e11174e\" data-element_type=\"widget\" data-e-type=\"widget\" data-widget_type=\"image-box.default\">\n\t\t\t\t<div class=\"elementor-widget-container\">\n\t\t\t\t\t<div class=\"elementor-image-box-wrapper\"><figure class=\"elementor-image-box-img\"><img loading=\"lazy\" decoding=\"async\" width=\"172\" height=\"172\" src=\"https:\/\/dryiceeu.com\/es\/wp-content\/uploads\/sites\/4\/2023\/12\/face.jpg\" class=\"attachment-full size-full wp-image-138\" alt=\"\" srcset=\"https:\/\/dryiceeu.com\/es\/wp-content\/uploads\/sites\/4\/2023\/12\/face.jpg 172w, https:\/\/dryiceeu.com\/es\/wp-content\/uploads\/sites\/4\/2023\/12\/face-150x150.jpg 150w, https:\/\/dryiceeu.com\/es\/wp-content\/uploads\/sites\/4\/2023\/12\/face-100x100.jpg 100w\" sizes=\"(max-width: 172px) 100vw, 172px\" \/><\/figure><div class=\"elementor-image-box-content\"><h3 class=\"elementor-image-box-title\">Protecci\u00f3n facial<\/h3><\/div><\/div>\t\t\t\t<\/div>\n\t\t\t\t<\/div>\n\t\t\t\t<div class=\"elementor-element elementor-element-1857d55 elementor-widget elementor-widget-text-editor\" data-id=\"1857d55\" data-element_type=\"widget\" data-e-type=\"widget\" data-widget_type=\"text-editor.default\">\n\t\t\t\t<div class=\"elementor-widget-container\">\n\t\t\t\t\t\t\t\t\tExiste el riesgo de ser golpeado por los pellets de hielo seco que rebotan de la superficie que est\u00e1 limpiando. Adem\u00e1s, los restos y otras part\u00edculas sueltas pueden entrar en contacto con la piel y los ojos. Lleve siempre una protecci\u00f3n facial cuando realice la limpieza criog\u00e9nica.\t\t\t\t\t\t\t\t<\/div>\n\t\t\t\t<\/div>\n\t\t\t\t<\/div>\n\t\t\t\t<\/div>\n\t\t\t\t\t<\/div>\n\t\t\t\t<\/div>\n\t\t\t\t<\/div>\n\t\t<div class=\"elementor-element elementor-element-e871b62 e-con-full e-flex e-con e-parent\" data-id=\"e871b62\" data-element_type=\"container\" data-e-type=\"container\">\n\t\t<div class=\"elementor-element elementor-element-ba3c4a9 e-flex e-con-boxed e-con e-child\" data-id=\"ba3c4a9\" data-element_type=\"container\" data-e-type=\"container\">\n\t\t\t\t\t<div class=\"e-con-inner\">\n\t\t<div class=\"elementor-element elementor-element-c79077c e-con-full e-flex e-con e-child\" data-id=\"c79077c\" data-element_type=\"container\" data-e-type=\"container\">\n\t\t\t\t<div class=\"elementor-element elementor-element-6d49c86 elementor-widget elementor-widget-heading\" data-id=\"6d49c86\" data-element_type=\"widget\" data-e-type=\"widget\" data-widget_type=\"heading.default\">\n\t\t\t\t<div class=\"elementor-widget-container\">\n\t\t\t\t\t<h2 class=\"elementor-heading-title elementor-size-default\">Transporte<\/h2>\t\t\t\t<\/div>\n\t\t\t\t<\/div>\n\t\t\t\t<div class=\"elementor-element elementor-element-77a219b elementor-widget elementor-widget-text-editor\" data-id=\"77a219b\" data-element_type=\"widget\" data-e-type=\"widget\" data-widget_type=\"text-editor.default\">\n\t\t\t\t<div class=\"elementor-widget-container\">\n\t\t\t\t\t\t\t\t\t<p>El hielo seco nunca debe transportarse en el mismo compartimento que el conductor o los pasajeros. Es importante que se mantenga en un compartimento separado y bien ventilado. Compruebe la normativa nacional en materia de seguridad.<\/p>\n\t\t\t\t\t\t\t\t<\/div>\n\t\t\t\t<\/div>\n\t\t\t\t<div class=\"elementor-element elementor-element-62a798f elementor-widget elementor-widget-text-editor\" data-id=\"62a798f\" data-element_type=\"widget\" data-e-type=\"widget\" data-widget_type=\"text-editor.default\">\n\t\t\t\t<div class=\"elementor-widget-container\">\n\t\t\t\t\t\t\t\t\t<p>Es importante seguir todas las normas de salud y seguridad tanto para la limpieza con hielo seco como, especialmente, para su almacenamiento y transporte<\/p>\n\t\t\t\t\t\t\t\t<\/div>\n\t\t\t\t<\/div>\n\t\t\t\t<\/div>\n\t\t<div class=\"elementor-element elementor-element-e66a3be e-con-full e-flex e-con e-child\" data-id=\"e66a3be\" data-element_type=\"container\" data-e-type=\"container\" data-settings=\"{&quot;background_background&quot;:&quot;classic&quot;}\">\n\t\t\t\t<div class=\"elementor-element elementor-element-8536c00 elementor-widget elementor-widget-spacer\" data-id=\"8536c00\" data-element_type=\"widget\" data-e-type=\"widget\" data-widget_type=\"spacer.default\">\n\t\t\t\t<div class=\"elementor-widget-container\">\n\t\t\t\t\t\t\t<div class=\"elementor-spacer\">\n\t\t\t<div class=\"elementor-spacer-inner\"><\/div>\n\t\t<\/div>\n\t\t\t\t\t\t<\/div>\n\t\t\t\t<\/div>\n\t\t\t\t<\/div>\n\t\t\t\t\t<\/div>\n\t\t\t\t<\/div>\n\t\t\t\t<\/div>\n\t\t<div class=\"elementor-element elementor-element-75e50fd e-con-full e-flex e-con e-parent\" data-id=\"75e50fd\" data-element_type=\"container\" data-e-type=\"container\" data-settings=\"{&quot;background_background&quot;:&quot;classic&quot;}\">\n\t\t<div class=\"elementor-element elementor-element-7bff13d e-flex e-con-boxed e-con e-child\" data-id=\"7bff13d\" data-element_type=\"container\" data-e-type=\"container\">\n\t\t\t\t\t<div class=\"e-con-inner\">\n\t\t\t\t<div class=\"elementor-element elementor-element-ac628d4 elementor-widget elementor-widget-heading\" data-id=\"ac628d4\" data-element_type=\"widget\" data-e-type=\"widget\" data-widget_type=\"heading.default\">\n\t\t\t\t<div class=\"elementor-widget-container\">\n\t\t\t\t\t<h2 class=\"elementor-heading-title elementor-size-default\">Categor\u00edas de producto<\/h2>\t\t\t\t<\/div>\n\t\t\t\t<\/div>\n\t\t\t\t<div class=\"elementor-element elementor-element-a08064e elementor-widget-divider--view-line elementor-widget elementor-widget-divider\" data-id=\"a08064e\" data-element_type=\"widget\" data-e-type=\"widget\" data-widget_type=\"divider.default\">\n\t\t\t\t<div class=\"elementor-widget-container\">\n\t\t\t\t\t\t\t<div class=\"elementor-divider\">\n\t\t\t<span class=\"elementor-divider-separator\">\n\t\t\t\t\t\t<\/span>\n\t\t<\/div>\n\t\t\t\t\t\t<\/div>\n\t\t\t\t<\/div>\n\t\t<div class=\"elementor-element elementor-element-2d1cd84 e-con-full e-flex e-con e-child\" data-id=\"2d1cd84\" data-element_type=\"container\" data-e-type=\"container\" data-settings=\"{&quot;background_background&quot;:&quot;classic&quot;}\">\n\t\t<div class=\"elementor-element elementor-element-31c41d7 e-con-full e-flex e-con e-child\" data-id=\"31c41d7\" data-element_type=\"container\" data-e-type=\"container\">\n\t\t\t\t<div class=\"elementor-element elementor-element-5dc88e8 elementor-flip-box--effect-flip elementor-flip-box--direction-up elementor-widget elementor-widget-flip-box\" data-id=\"5dc88e8\" data-element_type=\"widget\" data-e-type=\"widget\" data-widget_type=\"flip-box.default\">\n\t\t\t\t<div class=\"elementor-widget-container\">\n\t\t\t\t\t\t\t<div class=\"elementor-flip-box\" tabindex=\"0\">\n\t\t\t<div class=\"elementor-flip-box__layer elementor-flip-box__front\">\n\t\t\t\t<div class=\"elementor-flip-box__layer__overlay\">\n\t\t\t\t\t<div class=\"elementor-flip-box__layer__inner\">\n\t\t\t\t\t\t\n\t\t\t\t\t\t\t\t\t\t\t\t\t<h3 class=\"elementor-flip-box__layer__title\">\n\t\t\t\t\t\t\t\tM\u00e1quinas de hielo seco\t\t\t\t\t\t\t<\/h3>\n\t\t\t\t\t\t\n\t\t\t\t\t\t\t\t\t\t\t\t\t<div class=\"elementor-flip-box__layer__description\">\n\t\t\t\t\t\t\t\tAlquiler desde s\u00f3lo un d\u00eda o varias semanas\t\t\t\t\t\t\t<\/div>\n\t\t\t\t\t\t\t\t\t\t\t<\/div>\n\t\t\t\t<\/div>\n\t\t\t<\/div>\n\t\t\t<a class=\"elementor-flip-box__layer elementor-flip-box__back\" href=\"\/es\/categoria-de-producto\/maquinas-de-hielo-seco\/\">\n\t\t\t<div class=\"elementor-flip-box__layer__overlay\">\n\t\t\t\t<div class=\"elementor-flip-box__layer__inner\">\n\t\t\t\t\t\t\t\t\t\t\t<h3 class=\"elementor-flip-box__layer__title\">\n\t\t\t\t\t\t\tAlquile uno hoy mismo\t\t\t\t\t\t<\/h3>\n\t\t\t\t\t\n\t\t\t\t\t\t\t\t\t\t\t<div class=\"elementor-flip-box__layer__description\">\n\t\t\t\t\t\t\tTecnolog\u00eda de limpieza para todas las superficies con las mejores m\u00e1quinas de limpieza de hielo seco del mercado \t\t\t\t\t\t<\/div>\n\t\t\t\t\t\n\t\t\t\t\t\t\t\t\t\t\t<span class=\"elementor-flip-box__button elementor-button elementor-size-sm\">\n\t\t\t\t\t\t\tVer productos\t\t\t\t\t\t<\/span>\n\t\t\t\t\t\t\t\t<\/div>\n\t\t<\/div>\n\t\t<\/a>\n\t\t<\/div>\n\t\t\t\t\t\t<\/div>\n\t\t\t\t<\/div>\n\t\t\t\t<\/div>\n\t\t<div class=\"elementor-element elementor-element-635eac1 e-con-full e-flex e-con e-child\" data-id=\"635eac1\" data-element_type=\"container\" data-e-type=\"container\">\n\t\t\t\t<div class=\"elementor-element elementor-element-e75617b elementor-flip-box--effect-flip elementor-flip-box--direction-up elementor-widget elementor-widget-flip-box\" data-id=\"e75617b\" data-element_type=\"widget\" data-e-type=\"widget\" data-widget_type=\"flip-box.default\">\n\t\t\t\t<div class=\"elementor-widget-container\">\n\t\t\t\t\t\t\t<div class=\"elementor-flip-box\" tabindex=\"0\">\n\t\t\t<div class=\"elementor-flip-box__layer elementor-flip-box__front\">\n\t\t\t\t<div class=\"elementor-flip-box__layer__overlay\">\n\t\t\t\t\t<div class=\"elementor-flip-box__layer__inner\">\n\t\t\t\t\t\t\n\t\t\t\t\t\t\t\t\t\t\t\t\t<h3 class=\"elementor-flip-box__layer__title\">\n\t\t\t\t\t\t\t\tHielo seco\t\t\t\t\t\t\t<\/h3>\n\t\t\t\t\t\t\n\t\t\t\t\t\t\t\t\t\t\t\t\t<div class=\"elementor-flip-box__layer__description\">\n\t\t\t\t\t\t\t\tCompre en grandes o peque\u00f1as cantidades\t\t\t\t\t\t\t<\/div>\n\t\t\t\t\t\t\t\t\t\t\t<\/div>\n\t\t\t\t<\/div>\n\t\t\t<\/div>\n\t\t\t<a class=\"elementor-flip-box__layer elementor-flip-box__back\" href=\"\/es\/categoria-de-producto\/hielo-seco\/\">\n\t\t\t<div class=\"elementor-flip-box__layer__overlay\">\n\t\t\t\t<div class=\"elementor-flip-box__layer__inner\">\n\t\t\t\t\t\t\t\t\t\t\t<h3 class=\"elementor-flip-box__layer__title\">\n\t\t\t\t\t\t\tComprar hoy\t\t\t\t\t\t<\/h3>\n\t\t\t\t\t\n\t\t\t\t\t\t\t\t\t\t\t<div class=\"elementor-flip-box__layer__description\">\n\t\t\t\t\t\t\tPellets de hielo seco en cajas paletas o contenedores especiales. De 9 hasta 250 kg.\t\t\t\t\t\t<\/div>\n\t\t\t\t\t\n\t\t\t\t\t\t\t\t\t\t\t<span class=\"elementor-flip-box__button elementor-button elementor-size-sm\">\n\t\t\t\t\t\t\tVer productos\t\t\t\t\t\t<\/span>\n\t\t\t\t\t\t\t\t<\/div>\n\t\t<\/div>\n\t\t<\/a>\n\t\t<\/div>\n\t\t\t\t\t\t<\/div>\n\t\t\t\t<\/div>\n\t\t\t\t<\/div>\n\t\t\t\t<\/div>\n\t\t\t\t\t<\/div>\n\t\t\t\t<\/div>\n\t\t\t\t<\/div>\n\t\t\t\t<\/div>\n\t\t","protected":false},"excerpt":{"rendered":"<p>Seguridad y equipos de seguridad El hielo seco se fabrica expandiendo LCO\u00b2 que formar\u00e1 nieve de hielo seco. A continuaci\u00f3n, la nieve se comprime y extrusiona mediante un peletizador para crear pelets de hielo seco. Gu\u00eda de seguridad El hielo seco se fabrica expandiendo LCO\u00b2 que formar\u00e1 nieve de hielo seco. A continuaci\u00f3n, la nieve&hellip;&nbsp;<a href=\"https:\/\/dryiceeu.com\/es\/seguridad\/\" rel=\"bookmark\">Leer m\u00e1s &raquo;<span class=\"screen-reader-text\">Seguridad<\/span><\/a><\/p>\n","protected":false},"author":1,"featured_media":141,"parent":0,"menu_order":0,"comment_status":"closed","ping_status":"closed","template":"page-templates\/template-pagebuilder-full-width.php","meta":{"neve_meta_sidebar":"","neve_meta_container":"","neve_meta_enable_content_width":"","neve_meta_content_width":0,"neve_meta_title_alignment":"","neve_meta_author_avatar":"","neve_post_elements_order":"","neve_meta_disable_header":"","neve_meta_disable_footer":"","neve_meta_disable_title":"","footnotes":""},"class_list":["post-133","page","type-page","status-publish","has-post-thumbnail","hentry"],"_links":{"self":[{"href":"https:\/\/dryiceeu.com\/es\/wp-json\/wp\/v2\/pages\/133","targetHints":{"allow":["GET"]}}],"collection":[{"href":"https:\/\/dryiceeu.com\/es\/wp-json\/wp\/v2\/pages"}],"about":[{"href":"https:\/\/dryiceeu.com\/es\/wp-json\/wp\/v2\/types\/page"}],"author":[{"embeddable":true,"href":"https:\/\/dryiceeu.com\/es\/wp-json\/wp\/v2\/users\/1"}],"replies":[{"embeddable":true,"href":"https:\/\/dryiceeu.com\/es\/wp-json\/wp\/v2\/comments?post=133"}],"version-history":[{"count":7,"href":"https:\/\/dryiceeu.com\/es\/wp-json\/wp\/v2\/pages\/133\/revisions"}],"predecessor-version":[{"id":4880,"href":"https:\/\/dryiceeu.com\/es\/wp-json\/wp\/v2\/pages\/133\/revisions\/4880"}],"wp:featuredmedia":[{"embeddable":true,"href":"https:\/\/dryiceeu.com\/es\/wp-json\/wp\/v2\/media\/141"}],"wp:attachment":[{"href":"https:\/\/dryiceeu.com\/es\/wp-json\/wp\/v2\/media?parent=133"}],"curies":[{"name":"wp","href":"https:\/\/api.w.org\/{rel}","templated":true}]}}