{"id":146,"date":"2023-12-22T09:08:03","date_gmt":"2023-12-22T09:08:03","guid":{"rendered":"https:\/\/dryiceeu.com\/es\/quienes-somos\/"},"modified":"2024-05-24T09:00:06","modified_gmt":"2024-05-24T09:00:06","slug":"quienes-somos","status":"publish","type":"page","link":"https:\/\/dryiceeu.com\/es\/quienes-somos\/","title":{"rendered":"Qui\u00e9nes somos"},"content":{"rendered":"\t\t<div data-elementor-type=\"wp-page\" data-elementor-id=\"146\" class=\"elementor elementor-146\" data-elementor-post-type=\"page\">\n\t\t\t\t<div class=\"elementor-element elementor-element-fc56439 e-con-full e-flex e-con e-parent\" data-id=\"fc56439\" data-element_type=\"container\" data-e-type=\"container\">\n\t\t<div class=\"elementor-element elementor-element-ccc577a e-flex e-con-boxed e-con e-child\" data-id=\"ccc577a\" data-element_type=\"container\" data-e-type=\"container\">\n\t\t\t\t\t<div class=\"e-con-inner\">\n\t\t<div class=\"elementor-element elementor-element-36213f3 e-con-full e-flex e-con e-child\" data-id=\"36213f3\" data-element_type=\"container\" data-e-type=\"container\">\n\t\t\t\t<div class=\"elementor-element elementor-element-d9925d1 elementor-widget elementor-widget-heading\" data-id=\"d9925d1\" data-element_type=\"widget\" data-e-type=\"widget\" data-widget_type=\"heading.default\">\n\t\t\t\t<div class=\"elementor-widget-container\">\n\t\t\t\t\t<h1 class=\"elementor-heading-title elementor-size-default\">Qui\u00e9nes somos<\/h1>\t\t\t\t<\/div>\n\t\t\t\t<\/div>\n\t\t\t\t<div class=\"elementor-element elementor-element-9fd6b8e elementor-widget elementor-widget-text-editor\" data-id=\"9fd6b8e\" data-element_type=\"widget\" data-e-type=\"widget\" data-widget_type=\"text-editor.default\">\n\t\t\t\t<div class=\"elementor-widget-container\">\n\t\t\t\t\t\t\t\t\tLa empresa se fund\u00f3 en Dinamarca en 2012, con una oficina adicional\ny distribuci\u00f3n a m\u00e1s de 25 pa\u00edses de todo el mundo.\t\t\t\t\t\t\t\t<\/div>\n\t\t\t\t<\/div>\n\t\t\t\t<\/div>\n\t\t<div class=\"elementor-element elementor-element-abb601d e-con-full e-flex e-con e-child\" data-id=\"abb601d\" data-element_type=\"container\" data-e-type=\"container\">\n\t\t\t\t<div class=\"elementor-element elementor-element-88c0c17 elementor-widget elementor-widget-image-carousel\" data-id=\"88c0c17\" data-element_type=\"widget\" data-e-type=\"widget\" data-settings=\"{&quot;slides_to_show&quot;:&quot;1&quot;,&quot;navigation&quot;:&quot;none&quot;,&quot;autoplay_speed&quot;:2000,&quot;effect&quot;:&quot;fade&quot;,&quot;autoplay&quot;:&quot;yes&quot;,&quot;pause_on_hover&quot;:&quot;yes&quot;,&quot;pause_on_interaction&quot;:&quot;yes&quot;,&quot;infinite&quot;:&quot;yes&quot;,&quot;speed&quot;:500}\" data-widget_type=\"image-carousel.default\">\n\t\t\t\t<div class=\"elementor-widget-container\">\n\t\t\t\t\t\t\t<div class=\"elementor-image-carousel-wrapper swiper\" role=\"region\" aria-roledescription=\"carousel\" aria-label=\"Carrusel de im\u00e1genes\" dir=\"ltr\">\n\t\t\t<div class=\"elementor-image-carousel swiper-wrapper\" aria-live=\"off\">\n\t\t\t\t\t\t\t\t<div class=\"swiper-slide\" role=\"group\" aria-roledescription=\"slide\" aria-label=\"1 de 3\"><figure class=\"swiper-slide-inner\"><img decoding=\"async\" class=\"swiper-slide-image\" src=\"https:\/\/dryiceeu.com\/es\/wp-content\/uploads\/sites\/4\/2023\/12\/Equipment-IBLMINI1.jpg\" alt=\"Equipment-IBLMINI1.jpg\" \/><\/figure><\/div><div class=\"swiper-slide\" role=\"group\" aria-roledescription=\"slide\" aria-label=\"2 de 3\"><figure class=\"swiper-slide-inner\"><img decoding=\"async\" class=\"swiper-slide-image\" src=\"https:\/\/dryiceeu.com\/es\/wp-content\/uploads\/sites\/4\/2023\/12\/Equipment-IBL2500.jpg\" alt=\"Equipment-IBL2500.jpg\" \/><\/figure><\/div><div class=\"swiper-slide\" role=\"group\" aria-roledescription=\"slide\" aria-label=\"3 de 3\"><figure class=\"swiper-slide-inner\"><img decoding=\"async\" class=\"swiper-slide-image\" src=\"https:\/\/dryiceeu.com\/es\/wp-content\/uploads\/sites\/4\/2023\/12\/Equipment-IBL3000-1.jpg\" alt=\"Equipment-IBL3000-1.jpg\" \/><\/figure><\/div>\t\t\t<\/div>\n\t\t\t\t\t\t\t\n\t\t\t\t\t\t\t\t\t<\/div>\n\t\t\t\t\t\t<\/div>\n\t\t\t\t<\/div>\n\t\t\t\t<\/div>\n\t\t\t\t\t<\/div>\n\t\t\t\t<\/div>\n\t\t\t\t<\/div>\n\t\t<div class=\"elementor-element elementor-element-6b83e29 e-con-full e-flex e-con e-parent\" data-id=\"6b83e29\" data-element_type=\"container\" data-e-type=\"container\" data-settings=\"{&quot;background_background&quot;:&quot;classic&quot;}\">\n\t\t<div class=\"elementor-element elementor-element-66a0eb0 e-flex e-con-boxed e-con e-child\" data-id=\"66a0eb0\" data-element_type=\"container\" data-e-type=\"container\">\n\t\t\t\t\t<div class=\"e-con-inner\">\n\t\t<div class=\"elementor-element elementor-element-c08ea75 e-con-full e-flex e-con e-child\" data-id=\"c08ea75\" data-element_type=\"container\" data-e-type=\"container\">\n\t\t\t\t<div class=\"elementor-element elementor-element-3ce8cde elementor-widget elementor-widget-text-editor\" data-id=\"3ce8cde\" data-element_type=\"widget\" data-e-type=\"widget\" data-widget_type=\"text-editor.default\">\n\t\t\t\t<div class=\"elementor-widget-container\">\n\t\t\t\t\t\t\t\t\t<p>El dise\u00f1o de nuestras m\u00e1quinas de limpieza criog\u00e9nica surgi\u00f3 como respuesta a la necesidad de nuestros clientes del sector de la automoci\u00f3n, que necesitan m\u00e1quinas que puedan desplazarse por espacios estrechos alrededor de las l\u00edneas de producci\u00f3n. El resultado es nuestra IBL3000, que es un caballo de batalla 24 horas al d\u00eda, 7 d\u00edas a la semana, con una potencia de limpieza extraordinaria y con el consumo de hielo seco m\u00e1s bajo del mercado, que sigue ofreciendo el mejor resultado de limpieza.<\/p>\n<p>Para dos industrias igualmente grandes (alimentaci\u00f3n e inyecci\u00f3n de pl\u00e1stico) hemos desarrollado el IBLmini, que adem\u00e1s de un precio muy atractivo tambi\u00e9n destaca por utilizar muy poco aire comprimido.<\/p>\n<p>Nuestro IBL2500 satisfar\u00e1 a la mayor\u00eda de los usuarios con compresores de aire de f\u00e1brica o compresores m\u00f3viles de gama media (3-8 m3\/min). Se suministra con potentes componentes de aire comprimido de 3\/4&#8243; de Festo. Su fabricaci\u00f3n inteligente la convierte en la m\u00e1quina ideal de precio y potencia del mercado.<\/p>\n\t\t\t\t\t\t\t\t<\/div>\n\t\t\t\t<\/div>\n\t\t\t\t<\/div>\n\t\t<div class=\"elementor-element elementor-element-94699ad e-con-full e-flex e-con e-child\" data-id=\"94699ad\" data-element_type=\"container\" data-e-type=\"container\">\n\t\t\t\t<div class=\"elementor-element elementor-element-4aa8bbc elementor-widget elementor-widget-image\" data-id=\"4aa8bbc\" data-element_type=\"widget\" data-e-type=\"widget\" data-widget_type=\"image.default\">\n\t\t\t\t<div class=\"elementor-widget-container\">\n\t\t\t\t\t\t\t\t\t\t\t\t\t\t\t<img fetchpriority=\"high\" decoding=\"async\" width=\"800\" height=\"800\" src=\"https:\/\/dryiceeu.com\/es\/wp-content\/uploads\/sites\/4\/2023\/12\/Equipment-IBLMINI1.jpg\" class=\"attachment-large size-large wp-image-147\" alt=\"\" srcset=\"https:\/\/dryiceeu.com\/es\/wp-content\/uploads\/sites\/4\/2023\/12\/Equipment-IBLMINI1.jpg 800w, https:\/\/dryiceeu.com\/es\/wp-content\/uploads\/sites\/4\/2023\/12\/Equipment-IBLMINI1-300x300.jpg 300w, https:\/\/dryiceeu.com\/es\/wp-content\/uploads\/sites\/4\/2023\/12\/Equipment-IBLMINI1-150x150.jpg 150w, https:\/\/dryiceeu.com\/es\/wp-content\/uploads\/sites\/4\/2023\/12\/Equipment-IBLMINI1-768x768.jpg 768w, https:\/\/dryiceeu.com\/es\/wp-content\/uploads\/sites\/4\/2023\/12\/Equipment-IBLMINI1-600x600.jpg 600w, https:\/\/dryiceeu.com\/es\/wp-content\/uploads\/sites\/4\/2023\/12\/Equipment-IBLMINI1-100x100.jpg 100w\" sizes=\"(max-width: 800px) 100vw, 800px\" \/>\t\t\t\t\t\t\t\t\t\t\t\t\t\t\t<\/div>\n\t\t\t\t<\/div>\n\t\t\t\t<\/div>\n\t\t\t\t\t<\/div>\n\t\t\t\t<\/div>\n\t\t\t\t<\/div>\n\t\t<div class=\"elementor-element elementor-element-fc8bf64 e-con-full e-flex e-con e-parent\" data-id=\"fc8bf64\" data-element_type=\"container\" data-e-type=\"container\">\n\t\t<div class=\"elementor-element elementor-element-109c034 e-con-full e-flex e-con e-child\" data-id=\"109c034\" data-element_type=\"container\" data-e-type=\"container\">\n\t\t<div class=\"elementor-element elementor-element-2ff4128 e-con-full e-flex e-con e-child\" data-id=\"2ff4128\" data-element_type=\"container\" data-e-type=\"container\">\n\t\t\t\t<div class=\"elementor-element elementor-element-0b72b4b elementor-widget elementor-widget-image\" data-id=\"0b72b4b\" data-element_type=\"widget\" data-e-type=\"widget\" data-widget_type=\"image.default\">\n\t\t\t\t<div class=\"elementor-widget-container\">\n\t\t\t\t\t\t\t\t\t\t\t\t\t\t\t<img decoding=\"async\" width=\"800\" height=\"800\" src=\"https:\/\/dryiceeu.com\/es\/wp-content\/uploads\/sites\/4\/2023\/12\/Equipment-IBL3000-1.jpg\" class=\"attachment-large size-large wp-image-148\" alt=\"\" srcset=\"https:\/\/dryiceeu.com\/es\/wp-content\/uploads\/sites\/4\/2023\/12\/Equipment-IBL3000-1.jpg 800w, https:\/\/dryiceeu.com\/es\/wp-content\/uploads\/sites\/4\/2023\/12\/Equipment-IBL3000-1-300x300.jpg 300w, https:\/\/dryiceeu.com\/es\/wp-content\/uploads\/sites\/4\/2023\/12\/Equipment-IBL3000-1-150x150.jpg 150w, https:\/\/dryiceeu.com\/es\/wp-content\/uploads\/sites\/4\/2023\/12\/Equipment-IBL3000-1-768x768.jpg 768w, https:\/\/dryiceeu.com\/es\/wp-content\/uploads\/sites\/4\/2023\/12\/Equipment-IBL3000-1-600x600.jpg 600w, https:\/\/dryiceeu.com\/es\/wp-content\/uploads\/sites\/4\/2023\/12\/Equipment-IBL3000-1-100x100.jpg 100w\" sizes=\"(max-width: 800px) 100vw, 800px\" \/>\t\t\t\t\t\t\t\t\t\t\t\t\t\t\t<\/div>\n\t\t\t\t<\/div>\n\t\t\t\t<\/div>\n\t\t<div class=\"elementor-element elementor-element-b718972 e-con-full e-flex e-con e-child\" data-id=\"b718972\" data-element_type=\"container\" data-e-type=\"container\">\n\t\t\t\t<div class=\"elementor-element elementor-element-0bf04f6 elementor-widget elementor-widget-text-editor\" data-id=\"0bf04f6\" data-element_type=\"widget\" data-e-type=\"widget\" data-widget_type=\"text-editor.default\">\n\t\t\t\t<div class=\"elementor-widget-container\">\n\t\t\t\t\t\t\t\t\t<p>El \u00faltimo desarrollo es nuestra peletizadora de hielo seco que permite a los usuarios fabricar su propio hielo seco.<\/p>\n<p>Todas nuestras m\u00e1quinas est\u00e1n fabricadas en acero inoxidable y todos los componentes son de los mejores proveedores internacionales como FESTO y SIEMENS.<\/p>\n<p>Nuestros equipos y m\u00e1quinas nos han convertido en l\u00edderes del mercado tanto a nivel tecnol\u00f3gico como por nuestra capacidad de innovaci\u00f3n.<\/p>\n<p>Nuestros innovadores equipos y m\u00e1quinas se desarrollan, dise\u00f1an, producen y prueban antes de su funcionamiento tanto en Dinamarca como en Espa\u00f1a. Nuestros aspectos m\u00e1s destacados son la alta calidad, el m\u00e1ximo nivel de funcionalidad y con una caracter\u00edstica muy importante: la facilidad de mantenimiento.<\/p>\n<p>Buscamos siempre tener soluciones para todas las industrias. Y proporcionamos la maquinaria m\u00e1s adecuada para cada necesidad y para cada cliente.<\/p>\n\t\t\t\t\t\t\t\t<\/div>\n\t\t\t\t<\/div>\n\t\t\t\t<\/div>\n\t\t\t\t<\/div>\n\t\t\t\t<\/div>\n\t\t<div class=\"elementor-element elementor-element-33372f2 e-con-full e-flex e-con e-parent\" data-id=\"33372f2\" data-element_type=\"container\" data-e-type=\"container\" data-settings=\"{&quot;background_background&quot;:&quot;classic&quot;}\">\n\t\t<div class=\"elementor-element elementor-element-3a791fd e-flex e-con-boxed e-con e-child\" data-id=\"3a791fd\" data-element_type=\"container\" data-e-type=\"container\">\n\t\t\t\t\t<div class=\"e-con-inner\">\n\t\t\t\t<div class=\"elementor-element elementor-element-24c4985 elementor-widget elementor-widget-heading\" data-id=\"24c4985\" data-element_type=\"widget\" data-e-type=\"widget\" data-widget_type=\"heading.default\">\n\t\t\t\t<div class=\"elementor-widget-container\">\n\t\t\t\t\t<h2 class=\"elementor-heading-title elementor-size-default\">Categor\u00edas de producto<\/h2>\t\t\t\t<\/div>\n\t\t\t\t<\/div>\n\t\t\t\t<div class=\"elementor-element elementor-element-8e5ead2 elementor-widget-divider--view-line elementor-widget elementor-widget-divider\" data-id=\"8e5ead2\" data-element_type=\"widget\" data-e-type=\"widget\" data-widget_type=\"divider.default\">\n\t\t\t\t<div class=\"elementor-widget-container\">\n\t\t\t\t\t\t\t<div class=\"elementor-divider\">\n\t\t\t<span class=\"elementor-divider-separator\">\n\t\t\t\t\t\t<\/span>\n\t\t<\/div>\n\t\t\t\t\t\t<\/div>\n\t\t\t\t<\/div>\n\t\t<div class=\"elementor-element elementor-element-076af95 e-con-full e-flex e-con e-child\" data-id=\"076af95\" data-element_type=\"container\" data-e-type=\"container\" data-settings=\"{&quot;background_background&quot;:&quot;classic&quot;}\">\n\t\t<div class=\"elementor-element elementor-element-0e850b0 e-con-full e-flex e-con e-child\" data-id=\"0e850b0\" data-element_type=\"container\" data-e-type=\"container\">\n\t\t\t\t<div class=\"elementor-element elementor-element-a2d6bd5 elementor-flip-box--effect-flip elementor-flip-box--direction-up elementor-widget elementor-widget-flip-box\" data-id=\"a2d6bd5\" data-element_type=\"widget\" data-e-type=\"widget\" data-widget_type=\"flip-box.default\">\n\t\t\t\t<div class=\"elementor-widget-container\">\n\t\t\t\t\t\t\t<div class=\"elementor-flip-box\" tabindex=\"0\">\n\t\t\t<div class=\"elementor-flip-box__layer elementor-flip-box__front\">\n\t\t\t\t<div class=\"elementor-flip-box__layer__overlay\">\n\t\t\t\t\t<div class=\"elementor-flip-box__layer__inner\">\n\t\t\t\t\t\t\n\t\t\t\t\t\t\t\t\t\t\t\t\t<h3 class=\"elementor-flip-box__layer__title\">\n\t\t\t\t\t\t\t\tM\u00e1quinas de hielo seco\t\t\t\t\t\t\t<\/h3>\n\t\t\t\t\t\t\n\t\t\t\t\t\t\t\t\t\t\t\t\t<div class=\"elementor-flip-box__layer__description\">\n\t\t\t\t\t\t\t\tAlquiler desde s\u00f3lo un d\u00eda o varias semanas\t\t\t\t\t\t\t<\/div>\n\t\t\t\t\t\t\t\t\t\t\t<\/div>\n\t\t\t\t<\/div>\n\t\t\t<\/div>\n\t\t\t<a class=\"elementor-flip-box__layer elementor-flip-box__back\" href=\"\/es\/categoria-de-producto\/maquinas-de-hielo-seco\/\">\n\t\t\t<div class=\"elementor-flip-box__layer__overlay\">\n\t\t\t\t<div class=\"elementor-flip-box__layer__inner\">\n\t\t\t\t\t\t\t\t\t\t\t<h3 class=\"elementor-flip-box__layer__title\">\n\t\t\t\t\t\t\tAlquile uno hoy mismo\t\t\t\t\t\t<\/h3>\n\t\t\t\t\t\n\t\t\t\t\t\t\t\t\t\t\t<div class=\"elementor-flip-box__layer__description\">\n\t\t\t\t\t\t\tTecnolog\u00eda de limpieza para todas las superficies con las mejores m\u00e1quinas de limpieza de hielo seco del mercado \t\t\t\t\t\t<\/div>\n\t\t\t\t\t\n\t\t\t\t\t\t\t\t\t\t\t<span class=\"elementor-flip-box__button elementor-button elementor-size-sm\">\n\t\t\t\t\t\t\tVer productos\t\t\t\t\t\t<\/span>\n\t\t\t\t\t\t\t\t<\/div>\n\t\t<\/div>\n\t\t<\/a>\n\t\t<\/div>\n\t\t\t\t\t\t<\/div>\n\t\t\t\t<\/div>\n\t\t\t\t<\/div>\n\t\t<div class=\"elementor-element elementor-element-53a431f e-con-full e-flex e-con e-child\" data-id=\"53a431f\" data-element_type=\"container\" data-e-type=\"container\">\n\t\t\t\t<div class=\"elementor-element elementor-element-45c4e96 elementor-flip-box--effect-flip elementor-flip-box--direction-up elementor-widget elementor-widget-flip-box\" data-id=\"45c4e96\" data-element_type=\"widget\" data-e-type=\"widget\" data-widget_type=\"flip-box.default\">\n\t\t\t\t<div class=\"elementor-widget-container\">\n\t\t\t\t\t\t\t<div class=\"elementor-flip-box\" tabindex=\"0\">\n\t\t\t<div class=\"elementor-flip-box__layer elementor-flip-box__front\">\n\t\t\t\t<div class=\"elementor-flip-box__layer__overlay\">\n\t\t\t\t\t<div class=\"elementor-flip-box__layer__inner\">\n\t\t\t\t\t\t\n\t\t\t\t\t\t\t\t\t\t\t\t\t<h3 class=\"elementor-flip-box__layer__title\">\n\t\t\t\t\t\t\t\tHielo seco\t\t\t\t\t\t\t<\/h3>\n\t\t\t\t\t\t\n\t\t\t\t\t\t\t\t\t\t\t\t\t<div class=\"elementor-flip-box__layer__description\">\n\t\t\t\t\t\t\t\tCompre en grandes o peque\u00f1as cantidades\t\t\t\t\t\t\t<\/div>\n\t\t\t\t\t\t\t\t\t\t\t<\/div>\n\t\t\t\t<\/div>\n\t\t\t<\/div>\n\t\t\t<a class=\"elementor-flip-box__layer elementor-flip-box__back\" href=\"\/es\/categoria-de-producto\/hielo-seco\/\">\n\t\t\t<div class=\"elementor-flip-box__layer__overlay\">\n\t\t\t\t<div class=\"elementor-flip-box__layer__inner\">\n\t\t\t\t\t\t\t\t\t\t\t<h3 class=\"elementor-flip-box__layer__title\">\n\t\t\t\t\t\t\tComprar hoy\t\t\t\t\t\t<\/h3>\n\t\t\t\t\t\n\t\t\t\t\t\t\t\t\t\t\t<div class=\"elementor-flip-box__layer__description\">\n\t\t\t\t\t\t\tPellets de hielo seco en cajas paletas o contenedores especiales. De 9 hasta 250 kg.\t\t\t\t\t\t<\/div>\n\t\t\t\t\t\n\t\t\t\t\t\t\t\t\t\t\t<span class=\"elementor-flip-box__button elementor-button elementor-size-sm\">\n\t\t\t\t\t\t\tVer productos\t\t\t\t\t\t<\/span>\n\t\t\t\t\t\t\t\t<\/div>\n\t\t<\/div>\n\t\t<\/a>\n\t\t<\/div>\n\t\t\t\t\t\t<\/div>\n\t\t\t\t<\/div>\n\t\t\t\t<\/div>\n\t\t\t\t<\/div>\n\t\t\t\t\t<\/div>\n\t\t\t\t<\/div>\n\t\t\t\t<\/div>\n\t\t\t\t<\/div>\n\t\t","protected":false},"excerpt":{"rendered":"<p>Qui\u00e9nes somos La empresa se fund\u00f3 en Dinamarca en 2012, con una oficina adicional y distribuci\u00f3n a m\u00e1s de 25 pa\u00edses de todo el mundo. El dise\u00f1o de nuestras m\u00e1quinas de limpieza criog\u00e9nica surgi\u00f3 como respuesta a la necesidad de nuestros clientes del sector de la automoci\u00f3n, que necesitan m\u00e1quinas que puedan desplazarse por espacios&hellip;&nbsp;<a href=\"https:\/\/dryiceeu.com\/es\/quienes-somos\/\" rel=\"bookmark\">Leer m\u00e1s &raquo;<span class=\"screen-reader-text\">Qui\u00e9nes somos<\/span><\/a><\/p>\n","protected":false},"author":1,"featured_media":167,"parent":0,"menu_order":0,"comment_status":"closed","ping_status":"closed","template":"page-templates\/template-pagebuilder-full-width.php","meta":{"neve_meta_sidebar":"","neve_meta_container":"","neve_meta_enable_content_width":"","neve_meta_content_width":0,"neve_meta_title_alignment":"","neve_meta_author_avatar":"","neve_post_elements_order":"","neve_meta_disable_header":"","neve_meta_disable_footer":"","neve_meta_disable_title":"","footnotes":""},"class_list":["post-146","page","type-page","status-publish","has-post-thumbnail","hentry"],"_links":{"self":[{"href":"https:\/\/dryiceeu.com\/es\/wp-json\/wp\/v2\/pages\/146","targetHints":{"allow":["GET"]}}],"collection":[{"href":"https:\/\/dryiceeu.com\/es\/wp-json\/wp\/v2\/pages"}],"about":[{"href":"https:\/\/dryiceeu.com\/es\/wp-json\/wp\/v2\/types\/page"}],"author":[{"embeddable":true,"href":"https:\/\/dryiceeu.com\/es\/wp-json\/wp\/v2\/users\/1"}],"replies":[{"embeddable":true,"href":"https:\/\/dryiceeu.com\/es\/wp-json\/wp\/v2\/comments?post=146"}],"version-history":[{"count":1,"href":"https:\/\/dryiceeu.com\/es\/wp-json\/wp\/v2\/pages\/146\/revisions"}],"predecessor-version":[{"id":4866,"href":"https:\/\/dryiceeu.com\/es\/wp-json\/wp\/v2\/pages\/146\/revisions\/4866"}],"wp:featuredmedia":[{"embeddable":true,"href":"https:\/\/dryiceeu.com\/es\/wp-json\/wp\/v2\/media\/167"}],"wp:attachment":[{"href":"https:\/\/dryiceeu.com\/es\/wp-json\/wp\/v2\/media?parent=146"}],"curies":[{"name":"wp","href":"https:\/\/api.w.org\/{rel}","templated":true}]}}