{"id":180,"date":"2023-12-22T09:08:08","date_gmt":"2023-12-22T09:08:08","guid":{"rendered":"https:\/\/dryiceeu.com\/es\/politica-de-privacidad\/"},"modified":"2024-01-28T15:55:55","modified_gmt":"2024-01-28T15:55:55","slug":"privacy","status":"publish","type":"page","link":"https:\/\/dryiceeu.com\/es\/privacy\/","title":{"rendered":"Pol\u00edtica de privacidad"},"content":{"rendered":"\t\t<div data-elementor-type=\"wp-page\" data-elementor-id=\"180\" class=\"elementor elementor-180\" data-elementor-post-type=\"page\">\n\t\t\t\t<div class=\"elementor-element elementor-element-e92640d e-con-full e-flex e-con e-parent\" data-id=\"e92640d\" data-element_type=\"container\" data-e-type=\"container\">\n\t\t<div class=\"elementor-element elementor-element-0558f76 e-flex e-con-boxed e-con e-child\" data-id=\"0558f76\" data-element_type=\"container\" data-e-type=\"container\">\n\t\t\t\t\t<div class=\"e-con-inner\">\n\t\t\t\t\t<\/div>\n\t\t\t\t<\/div>\n\t\t\t\t<\/div>\n\t\t<div class=\"elementor-element elementor-element-a8a85cc e-con-full e-flex e-con e-parent\" data-id=\"a8a85cc\" data-element_type=\"container\" data-e-type=\"container\">\n\t\t<div class=\"elementor-element elementor-element-ca3de60 e-flex e-con-boxed e-con e-child\" data-id=\"ca3de60\" data-element_type=\"container\" data-e-type=\"container\">\n\t\t\t\t\t<div class=\"e-con-inner\">\n\t\t\t\t<div class=\"elementor-element elementor-element-b00685a elementor-widget elementor-widget-text-editor\" data-id=\"b00685a\" data-element_type=\"widget\" data-e-type=\"widget\" data-widget_type=\"text-editor.default\">\n\t\t\t\t<div class=\"elementor-widget-container\">\n\t\t\t\t\t\t\t\t\t<p>\u00daltima actualizaci\u00f3n: [5 de septiembre de 2023]<\/p>\n<h3 class=\"wp-block-heading\">Introducci\u00f3n<\/h3>\n<p>Bienvenido a dryiceEU (\u00abnosotros\u00bb, \u00abnos\u00bb o \u00abnuestro\u00bb). Estamos comprometidos a proteger su privacidad y a manejar su informaci\u00f3n personal con cuidado. Esta Pol\u00edtica de Privacidad explica c\u00f3mo recopilamos, utilizamos, divulgamos y salvaguardamos sus datos personales cuando visita nuestro sitio web [dryiceEU.com] (el \u00abSitio web\u00bb).<\/p>\n<hr class=\"wp-block-separator has-alpha-channel-opacity\" \/>\n<h3 class=\"wp-block-heading\">Informaci\u00f3n que recopilamos<\/h3>\n<p><strong>Podemos recopilar los siguientes tipos de informaci\u00f3n cuando utiliza nuestro sitio web:<\/strong><\/p>\n<ul>\n<li><strong>Informaci\u00f3n personal:<\/strong> esto puede incluir su nombre, direcci\u00f3n de correo electr\u00f3nico, direcci\u00f3n postal, n\u00famero de tel\u00e9fono y otra informaci\u00f3n similar cuando nos la proporciona voluntariamente.<\/li>\n<li><strong>Informaci\u00f3n de uso:<\/strong> Recopilamos datos sobre sus interacciones con nuestro sitio web, como su direcci\u00f3n IP, tipo de navegador, sistema operativo y p\u00e1ginas visitadas.<\/li>\n<li><strong>Cookies y tecnolog\u00edas de seguimiento:<\/strong> podemos utilizar cookies, balizas web y tecnolog\u00edas similares para recopilar informaci\u00f3n sobre su comportamiento y preferencias de navegaci\u00f3n. Puede gestionar sus preferencias de cookies como se explica en nuestra Pol\u00edtica de Cookies.<\/li>\n<\/ul>\n<hr class=\"wp-block-separator has-alpha-channel-opacity\" \/>\n<h3 class=\"wp-block-heading\">C\u00f3mo utilizamos su informaci\u00f3n<\/h3>\n<p>Usamos su informaci\u00f3n para los siguientes prop\u00f3sitos:<\/p>\n<ul>\n<li>Para proporcionar y mantener nuestro sitio web.<\/li>\n<li>Para responder a sus consultas, solicitudes o comentarios.<\/li>\n<li>Analizar y mejorar el rendimiento de nuestro sitio web y la experiencia del usuario.<\/li>\n<li>Para enviarle actualizaciones, boletines informativos y comunicaciones de marketing si ha proporcionado su consentimiento.<\/li>\n<\/ul>\n<hr class=\"wp-block-separator has-alpha-channel-opacity\" \/>\n<h3 class=\"wp-block-heading\">Compartiendo su informaci\u00f3n<\/h3>\n<p>Podemos compartir su informaci\u00f3n con:<\/p>\n<ul>\n<li>Proveedores de servicios y socios que nos ayudan a operar nuestro sitio web.<\/li>\n<li>Autoridades legales cuando as\u00ed lo requiera la ley o para proteger nuestros derechos e intereses.<\/li>\n<\/ul>\n<hr class=\"wp-block-separator has-alpha-channel-opacity\" \/>\n<h3 class=\"wp-block-heading\">Sus opciones y derechos<\/h3>\n<p>Tiene los siguientes derechos con respecto a su informaci\u00f3n personal:<\/p>\n<ul>\n<li>Derecho a acceder, rectificar o eliminar sus datos personales.<\/li>\n<li>El derecho a retirar su consentimiento para comunicaciones de marketing.<\/li>\n<li>Derecho a oponerse al tratamiento de sus datos personales.<\/li>\n<\/ul>\n<hr class=\"wp-block-separator has-alpha-channel-opacity\" \/>\n<h3 class=\"wp-block-heading\">Seguridad de datos<\/h3>\n<p>Tomamos las medidas adecuadas para proteger su informaci\u00f3n personal contra el acceso no autorizado, la divulgaci\u00f3n, la alteraci\u00f3n o la destrucci\u00f3n.<\/p>\n<hr class=\"wp-block-separator has-alpha-channel-opacity\" \/>\n<h3 class=\"wp-block-heading\">Cambios a esta pol\u00edtica de privacidad<\/h3>\n<p>Podemos actualizar esta Pol\u00edtica de Privacidad para reflejar cambios en nuestras pr\u00e1cticas o por otras razones operativas, legales o regulatorias. Le recomendamos que revise esta pol\u00edtica peri\u00f3dicamente.<\/p>\n<hr class=\"wp-block-separator has-alpha-channel-opacity\" \/>\n<h3 class=\"wp-block-heading\">Contacta con nosotros<\/h3>\n<p>Si tiene alguna pregunta o inquietud sobre esta Pol\u00edtica de Privacidad, cont\u00e1ctenos en adm@dryiceEU.com.<\/p>\t\t\t\t\t\t\t\t<\/div>\n\t\t\t\t<\/div>\n\t\t\t\t\t<\/div>\n\t\t\t\t<\/div>\n\t\t\t\t<\/div>\n\t\t\t\t<\/div>\n\t\t","protected":false},"excerpt":{"rendered":"<p>\u00daltima actualizaci\u00f3n: [5 de septiembre de 2023] Introducci\u00f3n Bienvenido a dryiceEU (\u00abnosotros\u00bb, \u00abnos\u00bb o \u00abnuestro\u00bb). Estamos comprometidos a proteger su privacidad y a manejar su informaci\u00f3n personal con cuidado. Esta Pol\u00edtica de Privacidad explica c\u00f3mo recopilamos, utilizamos, divulgamos y salvaguardamos sus datos personales cuando visita nuestro sitio web [dryiceEU.com] (el \u00abSitio web\u00bb). Informaci\u00f3n que recopilamos&hellip;&nbsp;<a href=\"https:\/\/dryiceeu.com\/es\/privacy\/\" rel=\"bookmark\">Leer m\u00e1s &raquo;<span class=\"screen-reader-text\">Pol\u00edtica de privacidad<\/span><\/a><\/p>\n","protected":false},"author":1,"featured_media":0,"parent":0,"menu_order":0,"comment_status":"closed","ping_status":"closed","template":"page-templates\/template-pagebuilder-full-width.php","meta":{"neve_meta_sidebar":"","neve_meta_container":"","neve_meta_enable_content_width":"","neve_meta_content_width":0,"neve_meta_title_alignment":"","neve_meta_author_avatar":"","neve_post_elements_order":"","neve_meta_disable_header":"","neve_meta_disable_footer":"","neve_meta_disable_title":"","footnotes":""},"class_list":["post-180","page","type-page","status-publish","hentry"],"_links":{"self":[{"href":"https:\/\/dryiceeu.com\/es\/wp-json\/wp\/v2\/pages\/180","targetHints":{"allow":["GET"]}}],"collection":[{"href":"https:\/\/dryiceeu.com\/es\/wp-json\/wp\/v2\/pages"}],"about":[{"href":"https:\/\/dryiceeu.com\/es\/wp-json\/wp\/v2\/types\/page"}],"author":[{"embeddable":true,"href":"https:\/\/dryiceeu.com\/es\/wp-json\/wp\/v2\/users\/1"}],"replies":[{"embeddable":true,"href":"https:\/\/dryiceeu.com\/es\/wp-json\/wp\/v2\/comments?post=180"}],"version-history":[{"count":3,"href":"https:\/\/dryiceeu.com\/es\/wp-json\/wp\/v2\/pages\/180\/revisions"}],"predecessor-version":[{"id":4553,"href":"https:\/\/dryiceeu.com\/es\/wp-json\/wp\/v2\/pages\/180\/revisions\/4553"}],"wp:attachment":[{"href":"https:\/\/dryiceeu.com\/es\/wp-json\/wp\/v2\/media?parent=180"}],"curies":[{"name":"wp","href":"https:\/\/api.w.org\/{rel}","templated":true}]}}