{"id":201,"date":"2023-12-22T09:08:10","date_gmt":"2023-12-22T09:08:10","guid":{"rendered":"http:\/\/adminDImaster"},"modified":"2024-04-10T08:59:25","modified_gmt":"2024-04-10T08:59:25","slug":"hielo-seco-250kg-de-3mm-en-contenedor-especial","status":"publish","type":"product","link":"https:\/\/dryiceeu.com\/es\/producto\/hielo-seco-250kg-de-3mm-en-contenedor-especial\/","title":{"rendered":"Hielo seco &#8211; 250kg de 3mm en contenedor especial"},"content":{"rendered":"<p>250 kg de hielo seco en pelets de 3 mm en contenedor paleta<\/p>\n<p>El hielo seco en contenedores palet o contenedores especiales para hielo seco puede durar entre 5 y 7 d\u00edas y con p\u00e9rdidas de alrededor del 5-10% al d\u00eda.<br \/>\nEs importante seguir todas las normas de salud y seguridad tanto para la limpieza con hielo seco como especialmente para su almacenamiento y transporte<\/p>\n","protected":false},"excerpt":{"rendered":"<p>250 kg de hielo seco en pelets de 3 mm en contenedor paleta.<\/p>\n","protected":false},"featured_media":217,"comment_status":"open","ping_status":"closed","template":"","meta":{"neve_meta_sidebar":"","neve_meta_container":"","neve_meta_enable_content_width":"off","neve_meta_content_width":100,"neve_meta_title_alignment":"","neve_meta_author_avatar":"","neve_post_elements_order":"","neve_meta_disable_header":"","neve_meta_disable_footer":"","neve_meta_disable_title":"","wds_primary_product_brand":0,"wds_primary_product_cat":0},"product_brand":[],"product_cat":[33],"product_tag":[],"class_list":{"0":"post-201","1":"product","2":"type-product","3":"status-publish","4":"has-post-thumbnail","6":"product_cat-hielo-seco","8":"first","9":"instock","10":"taxable","11":"shipping-taxable","12":"purchasable","13":"product-type-simple"},"_links":{"self":[{"href":"https:\/\/dryiceeu.com\/es\/wp-json\/wp\/v2\/product\/201","targetHints":{"allow":["GET"]}}],"collection":[{"href":"https:\/\/dryiceeu.com\/es\/wp-json\/wp\/v2\/product"}],"about":[{"href":"https:\/\/dryiceeu.com\/es\/wp-json\/wp\/v2\/types\/product"}],"replies":[{"embeddable":true,"href":"https:\/\/dryiceeu.com\/es\/wp-json\/wp\/v2\/comments?post=201"}],"wp:featuredmedia":[{"embeddable":true,"href":"https:\/\/dryiceeu.com\/es\/wp-json\/wp\/v2\/media\/217"}],"wp:attachment":[{"href":"https:\/\/dryiceeu.com\/es\/wp-json\/wp\/v2\/media?parent=201"}],"wp:term":[{"taxonomy":"product_brand","embeddable":true,"href":"https:\/\/dryiceeu.com\/es\/wp-json\/wp\/v2\/product_brand?post=201"},{"taxonomy":"product_cat","embeddable":true,"href":"https:\/\/dryiceeu.com\/es\/wp-json\/wp\/v2\/product_cat?post=201"},{"taxonomy":"product_tag","embeddable":true,"href":"https:\/\/dryiceeu.com\/es\/wp-json\/wp\/v2\/product_tag?post=201"}],"curies":[{"name":"wp","href":"https:\/\/api.w.org\/{rel}","templated":true}]}}