{"id":205,"date":"2023-12-22T09:08:10","date_gmt":"2023-12-22T09:08:10","guid":{"rendered":"http:\/\/adminDImaster"},"modified":"2024-04-10T06:05:43","modified_gmt":"2024-04-10T06:05:43","slug":"ibl3000","status":"publish","type":"product","link":"https:\/\/dryiceeu.com\/es\/producto\/ibl3000\/","title":{"rendered":"IBL3000"},"content":{"rendered":"<p>Muy estrecha &#8211; S\u00f3lo 400 mm de ancho que permitir\u00e1 la entrada en espacios reducidos y entre m\u00e1quinas. La potencia proviene del flujo de aire y la presi\u00f3n. Cuanto m\u00e1s aire, m\u00e1s potente.<\/p>\n","protected":false},"excerpt":{"rendered":"<p>Muy estrecha &#8211; S\u00f3lo 400 mm de ancho que permitir\u00e1 la entrada en espacios reducidos y entre m\u00e1quinas. La potencia proviene del flujo de aire y la presi\u00f3n. Cuanto m\u00e1s aire, m\u00e1s potente.<\/p>\n","protected":false},"featured_media":222,"comment_status":"open","ping_status":"closed","template":"","meta":{"neve_meta_sidebar":"","neve_meta_container":"","neve_meta_enable_content_width":"off","neve_meta_content_width":100,"neve_meta_title_alignment":"","neve_meta_author_avatar":"","neve_post_elements_order":"","neve_meta_disable_header":"","neve_meta_disable_footer":"","neve_meta_disable_title":"","wds_primary_product_brand":0,"wds_primary_product_cat":0},"product_brand":[],"product_cat":[31],"product_tag":[],"class_list":{"0":"post-205","1":"product","2":"type-product","3":"status-publish","4":"has-post-thumbnail","6":"product_cat-maquinas-de-hielo-seco","8":"first","9":"instock","10":"taxable","11":"shipping-taxable","12":"purchasable","13":"product-type-variable"},"_links":{"self":[{"href":"https:\/\/dryiceeu.com\/es\/wp-json\/wp\/v2\/product\/205","targetHints":{"allow":["GET"]}}],"collection":[{"href":"https:\/\/dryiceeu.com\/es\/wp-json\/wp\/v2\/product"}],"about":[{"href":"https:\/\/dryiceeu.com\/es\/wp-json\/wp\/v2\/types\/product"}],"replies":[{"embeddable":true,"href":"https:\/\/dryiceeu.com\/es\/wp-json\/wp\/v2\/comments?post=205"}],"wp:featuredmedia":[{"embeddable":true,"href":"https:\/\/dryiceeu.com\/es\/wp-json\/wp\/v2\/media\/222"}],"wp:attachment":[{"href":"https:\/\/dryiceeu.com\/es\/wp-json\/wp\/v2\/media?parent=205"}],"wp:term":[{"taxonomy":"product_brand","embeddable":true,"href":"https:\/\/dryiceeu.com\/es\/wp-json\/wp\/v2\/product_brand?post=205"},{"taxonomy":"product_cat","embeddable":true,"href":"https:\/\/dryiceeu.com\/es\/wp-json\/wp\/v2\/product_cat?post=205"},{"taxonomy":"product_tag","embeddable":true,"href":"https:\/\/dryiceeu.com\/es\/wp-json\/wp\/v2\/product_tag?post=205"}],"curies":[{"name":"wp","href":"https:\/\/api.w.org\/{rel}","templated":true}]}}