{"id":212,"date":"2023-12-22T09:08:10","date_gmt":"2023-12-22T09:08:10","guid":{"rendered":"http:\/\/adminDImaster"},"modified":"2024-05-24T09:54:26","modified_gmt":"2024-05-24T09:54:26","slug":"hielo-seco-19kg-en-pelets-de-3-mm-en-caja-de-poliestireno-de-alta-densidad","status":"publish","type":"product","link":"https:\/\/dryiceeu.com\/es\/producto\/hielo-seco-19kg-en-pelets-de-3-mm-en-caja-de-poliestireno-de-alta-densidad\/","title":{"rendered":"Hielo seco &#8211; 19kg en pelets de 3 mm en caja de poliestireno"},"content":{"rendered":"<p>19kg en pelets de 3 mm en caja de poliestireno de alta densidad<\/p>\n<p>El hielo seco en cajas de poliestireno de alta densidad s\u00f3lo puede durar 2-3 d\u00edas y habr\u00e1 p\u00e9rdidas diarias del 15-20%. Es importante no hacer pedidos demasiado pronto.<\/p>\n","protected":false},"excerpt":{"rendered":"<p>19kg en pelets de 3 mm en caja de poliestireno de alta densidad<\/p>\n","protected":false},"featured_media":229,"comment_status":"open","ping_status":"closed","template":"","meta":{"neve_meta_sidebar":"","neve_meta_container":"","neve_meta_enable_content_width":"off","neve_meta_content_width":100,"neve_meta_title_alignment":"","neve_meta_author_avatar":"","neve_post_elements_order":"","neve_meta_disable_header":"","neve_meta_disable_footer":"","neve_meta_disable_title":"","wds_primary_product_brand":0,"wds_primary_product_cat":0},"product_brand":[],"product_cat":[33],"product_tag":[],"class_list":{"0":"post-212","1":"product","2":"type-product","3":"status-publish","4":"has-post-thumbnail","6":"product_cat-hielo-seco","8":"first","9":"instock","10":"taxable","11":"shipping-taxable","12":"purchasable","13":"product-type-simple"},"_links":{"self":[{"href":"https:\/\/dryiceeu.com\/es\/wp-json\/wp\/v2\/product\/212","targetHints":{"allow":["GET"]}}],"collection":[{"href":"https:\/\/dryiceeu.com\/es\/wp-json\/wp\/v2\/product"}],"about":[{"href":"https:\/\/dryiceeu.com\/es\/wp-json\/wp\/v2\/types\/product"}],"replies":[{"embeddable":true,"href":"https:\/\/dryiceeu.com\/es\/wp-json\/wp\/v2\/comments?post=212"}],"wp:featuredmedia":[{"embeddable":true,"href":"https:\/\/dryiceeu.com\/es\/wp-json\/wp\/v2\/media\/229"}],"wp:attachment":[{"href":"https:\/\/dryiceeu.com\/es\/wp-json\/wp\/v2\/media?parent=212"}],"wp:term":[{"taxonomy":"product_brand","embeddable":true,"href":"https:\/\/dryiceeu.com\/es\/wp-json\/wp\/v2\/product_brand?post=212"},{"taxonomy":"product_cat","embeddable":true,"href":"https:\/\/dryiceeu.com\/es\/wp-json\/wp\/v2\/product_cat?post=212"},{"taxonomy":"product_tag","embeddable":true,"href":"https:\/\/dryiceeu.com\/es\/wp-json\/wp\/v2\/product_tag?post=212"}],"curies":[{"name":"wp","href":"https:\/\/api.w.org\/{rel}","templated":true}]}}