{"id":521,"date":"2023-12-21T13:37:06","date_gmt":"2023-12-21T13:37:06","guid":{"rendered":"https:\/\/dryiceeu.com\/fr\/cookies-policy\/"},"modified":"2024-03-22T16:24:50","modified_gmt":"2024-03-22T15:24:50","slug":"politique-en-matiere-de-cookies","status":"publish","type":"page","link":"https:\/\/dryiceeu.com\/fr\/politique-en-matiere-de-cookies\/","title":{"rendered":"Politique en mati\u00e8re de cookies"},"content":{"rendered":"\t\t<div data-elementor-type=\"wp-page\" data-elementor-id=\"521\" class=\"elementor elementor-521\" data-elementor-post-type=\"page\">\n\t\t\t\t<div class=\"elementor-element elementor-element-cc91e04 e-con-full e-flex e-con e-parent\" data-id=\"cc91e04\" data-element_type=\"container\" data-e-type=\"container\">\n\t\t<div class=\"elementor-element elementor-element-42cbdaa e-flex e-con-boxed e-con e-child\" data-id=\"42cbdaa\" data-element_type=\"container\" data-e-type=\"container\">\n\t\t\t\t\t<div class=\"e-con-inner\">\n\t\t\t\t\t<\/div>\n\t\t\t\t<\/div>\n\t\t\t\t<\/div>\n\t\t<div class=\"elementor-element elementor-element-4e617d1 e-flex e-con-boxed e-con e-parent\" data-id=\"4e617d1\" data-element_type=\"container\" data-e-type=\"container\">\n\t\t\t\t\t<div class=\"e-con-inner\">\n\t\t<div class=\"elementor-element elementor-element-ac7fd50 e-flex e-con-boxed e-con e-child\" data-id=\"ac7fd50\" data-element_type=\"container\" data-e-type=\"container\">\n\t\t\t\t\t<div class=\"e-con-inner\">\n\t\t\t\t<div class=\"elementor-element elementor-element-bb6b1ab elementor-widget elementor-widget-text-editor\" data-id=\"bb6b1ab\" data-element_type=\"widget\" data-e-type=\"widget\" data-widget_type=\"text-editor.default\">\n\t\t\t\t<div class=\"elementor-widget-container\">\n\t\t\t\t\t\t\t\t\t<p>Politique de cookies<\/p><p>Derni\u00e8re mise \u00e0 jour\u00a0: [5 septembre 2023]<\/p><p>INTRODUCTION<\/p><p>Cette politique en mati\u00e8re de cookies explique comment [dryice EU by Intenblast] (\u00ab nous \u00bb, \u00ab notre \u00bb ou \u00ab notre \u00bb) utilise des cookies et des technologies similaires lorsque vous visitez notre site Web [dryiceeu.com\/fr] (le \u00ab site Web \u00bb). Cette politique fournit des informations sur ce que sont les cookies, pourquoi nous les utilisons et comment vous pouvez g\u00e9rer vos pr\u00e9f\u00e9rences en mati\u00e8re de cookies.<\/p><p>POLITIQUE DE COOKIES<\/p><p>Sur ce site Web, des cookies tiers et propres sont utilis\u00e9s pour garantir une meilleure exp\u00e9rience de navigation, vous permettre de partager du contenu sur les r\u00e9seaux sociaux et pour que nous puissions obtenir des statistiques d&rsquo;utilisation.<\/p><p>Vous pouvez emp\u00eacher le t\u00e9l\u00e9chargement de cookies via les param\u00e8tres de votre navigateur, emp\u00eachant ainsi le stockage des cookies sur votre appareil.<\/p><p>En tant que propri\u00e9taire de ce site, je vous informe que nous n&rsquo;utilisons aucune information personnelle issue des cookies, nous r\u00e9alisons uniquement des statistiques g\u00e9n\u00e9rales de visites qui n&rsquo;impliquent aucune information personnelle.<\/p><p>Il est tr\u00e8s important que vous lisiez cette politique en mati\u00e8re de cookies et compreniez que si vous continuez \u00e0 naviguer, nous consid\u00e9rerons que vous acceptez leur utilisation.<\/p><p>Selon les termes inclus dans l&rsquo;article 22.2 de la loi 34\/2002 sur les services de la soci\u00e9t\u00e9 de l&rsquo;information et du commerce \u00e9lectronique, si vous continuez \u00e0 naviguer, vous donnerez votre consentement pour l&rsquo;utilisation des m\u00e9canismes susmentionn\u00e9s.<\/p><p>ENTIT\u00c9 RESPONSABLE<\/p><p>L&rsquo;entit\u00e9 responsable de la collecte, du traitement et de l&rsquo;utilisation de vos donn\u00e9es personnelles, au sens \u00e9tabli par la loi sur la protection des donn\u00e9es personnelles, est la page dryiceeu.com\/fr, propri\u00e9t\u00e9 d&rsquo;Intelblast S.L. \u2013 Rambla dels Pa\u00efsos Catalans 18, Nave 52, 08800 Vilanova i la Geltr\u00fa (Barcelone-Espagne).<\/p><p>QUE SONT LES COOKIES ?<\/p><p>Les cookies sont un ensemble de donn\u00e9es qu\u2019un serveur d\u00e9pose dans le navigateur de l\u2019utilisateur pour collecter des informations standard d\u2019inscription sur Internet et des informations sur le comportement des visiteurs d\u2019un site Web. En d\u2019autres termes, il s\u2019agit de petits fichiers texte stock\u00e9s sur le disque dur de l\u2019ordinateur et qui servent \u00e0 identifier l\u2019utilisateur lorsqu\u2019il se reconnecte au site Web. Son but est d\u2019enregistrer la visite de l\u2019utilisateur et de stocker certaines informations. Son utilisation est courante et fr\u00e9quente sur le Web car elle permet aux pages de fonctionner plus efficacement et d&rsquo;obtenir une plus grande personnalisation et analyse du comportement des utilisateurs.<\/p><hr class=\"wp-block-separator has-alpha-channel-opacity\" \/><div class=\"QFw9Te BLojaf\"><div id=\"ow81\">\u00a0<\/div><\/div><div class=\"DVHrxd\"><div id=\"ow82\" data-show-delay-ms=\"250\" data-append-to-body=\"true\" data-propagate-tooltip-mouseover-events=\"true\" data-anchor-corner=\"bottom-left\" data-enable-skip-handler=\"false\" data-popup-corner=\"top-left\"><div><div class=\"VfPpkd-Bz112c-Jh9lGc\">\u00a0<\/div><button class=\"VfPpkd-Bz112c-LgbsSe VfPpkd-Bz112c-LgbsSe-OWXEXe-e5LLRc-SxQuSe yHy1rc eT1oJ mN1ivc ZihNHd GA2I6e\" data-disable-idom=\"true\" aria-label=\"Ryd kildetekst\"><\/button><button class=\"VfPpkd-Bz112c-LgbsSe VfPpkd-Bz112c-LgbsSe-OWXEXe-e5LLRc-SxQuSe yHy1rc eT1oJ mN1ivc ZihNHd GA2I6e\" data-disable-idom=\"true\" aria-label=\"Ryd kildetekst\"><i class=\"material-icons-extended VfPpkd-kBDsod\" lang=\"\" aria-hidden=\"true\">clear<\/i><\/button><div class=\"VfPpkd-Bz112c-RLmnJb\">\u00a0<\/div><\/div><\/div><\/div><div class=\"UdTY9 BwTYAc leDWne\" aria-hidden=\"true\" data-location=\"1\"><div class=\"kO6q6e\">\u00a0<\/div><\/div><div>\u00a0<\/div><div class=\"ebT7ne sMVRZe\"><div class=\"F0pQVc\">\u00a0<\/div><\/div><div class=\"FFpbKc\"><div><div data-show-delay-ms=\"250\" data-append-to-body=\"false\" data-propagate-tooltip-mouseover-events=\"true\" data-anchor-corner=\"bottom-left\" data-enable-skip-handler=\"false\" data-popup-corner=\"top-left\"><div><div class=\"VfPpkd-Bz112c-Jh9lGc\">\u00a0<\/div><div class=\"VfPpkd-Bz112c-RLmnJb\">\u00a0<\/div><\/div><\/div><\/div><div class=\"r375lc\"><div class=\"aJIq1d\" dir=\"ltr\" data-language-code=\"en\" data-language-name=\"Engelsk\" data-text=\"\" data-crosslingual-hint=\"undefined\" data-location=\"1\" data-enable-toggle-playback-speed=\"true\"><div class=\"m0Qfkd\"><div class=\"VfPpkd-Bz112c-Jh9lGc\">\u00a0<\/div><div class=\"VfPpkd-Bz112c-RLmnJb\">\u00a0<\/div><div id=\"ucj-10\" class=\"EY8ABd-OWXEXe-TAWMXe\" role=\"tooltip\" aria-hidden=\"true\">\u00a0<\/div><\/div><\/div><\/div><span class=\"ZTPlmc\" dir=\"ltr\" role=\"img\" aria-label=\"Du har brugt 1.150 af 5.000 tegn\">1.150\u00a0\/\u00a05.000<\/span><div class=\"nidPne\"><div data-show-delay-ms=\"250\" data-append-to-body=\"true\" data-propagate-tooltip-mouseover-events=\"true\" data-anchor-corner=\"bottom-left\" data-enable-skip-handler=\"false\" data-popup-corner=\"top-left\"><div><div class=\"scLCMd\"><div id=\"itamenu\"><div class=\"goog-container goog-container-vertical\" tabindex=\"-1\">\u00a0<\/div><\/div><\/div><\/div><\/div><\/div><\/div><h2 id=\"ucj-11\" class=\"oBOnKe\">Overs\u00e6ttelsesresultater<\/h2><div class=\"QcsUad BDJ8fb BLojaf sMVRZe wneUed\"><h3 class=\"oBOnKe\">Overs\u00e6ttelsen<\/h3><div class=\"usGWQd\"><div class=\"KkbLmb\"><div class=\"lRu31\" dir=\"ltr\"><span class=\"HwtZe\" lang=\"fr\"><span class=\"jCAhz ChMk0b\"><span class=\"ryNqvb\">QUELS TYPES DE COOKIES EXISTE-T-IL ?<\/span><\/span> <span class=\"jCAhz ChMk0b\"><span class=\"ryNqvb\">Les cookies utilis\u00e9s sur notre site Web sont de session et tiers, et nous permettent de stocker et d&rsquo;acc\u00e9der \u00e0 des informations li\u00e9es \u00e0 la langue, au type de navigateur utilis\u00e9 et \u00e0 d&rsquo;autres caract\u00e9ristiques g\u00e9n\u00e9rales pr\u00e9d\u00e9finies par l&rsquo;utilisateur, ainsi que de suivre et d&rsquo;analyser l&rsquo;activit\u00e9.<\/span><\/span> <span class=\"jCAhz ChMk0b\"><span class=\"ryNqvb\">.<\/span><\/span> <span class=\"jCAhz ChMk0b\"><span class=\"ryNqvb\">qu&rsquo;il r\u00e9alise, afin d&rsquo;introduire des am\u00e9liorations et de fournir nos services de mani\u00e8re plus efficace et personnalis\u00e9e.<\/span><\/span> <span class=\"jCAhz ChMk0b\"><span class=\"ryNqvb\">Les cookies, en fonction de leur permanence, peuvent \u00eatre divis\u00e9s en cookies de session ou permanents.<\/span><\/span> <span class=\"jCAhz ChMk0b\"><span class=\"ryNqvb\">Ceux qui expirent lorsque l&rsquo;utilisateur ferme le navigateur.<\/span><\/span> <span class=\"jCAhz ChMk0b\"><span class=\"ryNqvb\">Ceux qui expirent en fonction du moment o\u00f9 l&rsquo;objectif pour lequel ils sont utilis\u00e9s est atteint (par exemple, pour que l&rsquo;utilisateur reste identifi\u00e9 dans les services dryiceEU) ou lorsqu&rsquo;ils sont supprim\u00e9s manuellement.<\/span><\/span> <span class=\"jCAhz ChMk0b\"><span class=\"ryNqvb\">COOKIES DE PERFORMANCES<\/span><\/span> <span class=\"jCAhz ChMk0b\"><span class=\"ryNqvb\">Ce type de Cookie m\u00e9morise vos pr\u00e9f\u00e9rences pour les outils trouv\u00e9s dans les Services, vous n&rsquo;avez donc pas besoin de reconfigurer le Service \u00e0 chaque fois que vous le visitez.<\/span><\/span> <span class=\"jCAhz ChMk0b\"><span class=\"ryNqvb\">A titre d&rsquo;exemple, cette typologie comprend : Les r\u00e9glages de volume des lecteurs vid\u00e9o ou sonores.<\/span><\/span> <span class=\"jCAhz ChMk0b\"><span class=\"ryNqvb\">Vitesses de transmission vid\u00e9o prises en charge par votre navigateur.<\/span><\/span> <span class=\"jCAhz ChMk0b\"><span class=\"ryNqvb\">Articles stock\u00e9s dans le \u00ab panier \u00bb dans les services de commerce \u00e9lectronique tels que les magasins.<\/span><\/span><\/span><\/div><\/div><\/div><\/div><hr class=\"wp-block-separator has-alpha-channel-opacity\" \/><p>COOKIES DE G\u00c9O-LOCALISATION<\/p><p>Ces cookies sont utilis\u00e9s pour savoir dans quel pays vous vous trouvez lorsque vous demandez un service. Ce cookie est totalement anonyme et n&rsquo;est utilis\u00e9 que pour aider \u00e0 cibler le contenu en fonction de votre emplacement.<\/p><p>COOKIES DE JOURNAUX<\/p><p>Les cookies d&rsquo;inscription sont g\u00e9n\u00e9r\u00e9s une fois que l&rsquo;utilisateur s&rsquo;est inscrit ou a ensuite ouvert sa session et sont utilis\u00e9s pour l&rsquo;identifier dans les services avec les objectifs suivants :<\/p><p>Garder l&rsquo;utilisateur identifi\u00e9 afin que, s&rsquo;il ferme un service, le navigateur ou l&rsquo;ordinateur et acc\u00e8de \u00e0 nouveau \u00e0 ce service \u00e0 un autre moment ou un autre jour, il continuera \u00e0 \u00eatre identifi\u00e9, facilitant ainsi la navigation sans avoir \u00e0 s&rsquo;identifier \u00e0 nouveau. Cette fonctionnalit\u00e9 peut \u00eatre supprim\u00e9e si l&rsquo;utilisateur clique sur la fonctionnalit\u00e9 [d\u00e9connexion], de sorte que ce cookie soit supprim\u00e9 et la prochaine fois que l&rsquo;utilisateur entrera dans le service, il devra se connecter pour \u00eatre identifi\u00e9.<\/p><p>V\u00e9rifiez si l&rsquo;utilisateur est autoris\u00e9 \u00e0 acc\u00e9der \u00e0 certains services, par exemple pour participer \u00e0 un concours.<\/p><p>De plus, certains services peuvent utiliser des connecteurs avec des r\u00e9seaux sociaux tels que Facebook ou Twitter. Lorsque l&rsquo;utilisateur s&rsquo;inscrit \u00e0 un service avec ses identifiants de r\u00e9seau social, il autorise le r\u00e9seau social \u00e0 enregistrer un cookie persistant qui m\u00e9morise son identit\u00e9 et garantit l&rsquo;acc\u00e8s aux services jusqu&rsquo;\u00e0 son expiration. L&rsquo;utilisateur peut supprimer ce cookie et r\u00e9voquer l&rsquo;acc\u00e8s aux services via les r\u00e9seaux sociaux en mettant \u00e0 jour ses pr\u00e9f\u00e9rences dans le r\u00e9seau social sp\u00e9cifique.<\/p><p>COOKIES ANALYTIQUES<\/p><p>Chaque fois qu\u2019un utilisateur visite un service, un outil d\u2019un fournisseur tiers g\u00e9n\u00e8re un cookie analytique sur l\u2019ordinateur de l\u2019utilisateur. Ce cookie, g\u00e9n\u00e9r\u00e9 uniquement lors de la visite, servira lors des visites ult\u00e9rieures des services dryiceEU pour identifier le visiteur de mani\u00e8re anonyme. Les principaux objectifs poursuivis sont :<\/p><p>Permettre l&rsquo;identification anonyme des utilisateurs naviguant gr\u00e2ce au cookie (identifie les navigateurs et les appareils, pas les personnes) et donc la comptabilisation approximative du nombre de visiteurs et de leur \u00e9volution dans le temps.<\/p><p>Identifiez de mani\u00e8re anonyme le contenu le plus visit\u00e9 et donc le plus attractif pour les utilisateurs. Sachez si l&rsquo;utilisateur qui y acc\u00e8de est nouveau ou s&rsquo;il s&rsquo;agit d&rsquo;une visite r\u00e9p\u00e9t\u00e9e.<\/p><p>Important : Sauf si l&rsquo;utilisateur d\u00e9cide de s&rsquo;inscrire \u00e0 un service dryiceEU, le cookie ne sera jamais associ\u00e9 \u00e0 des donn\u00e9es personnelles permettant de l&rsquo;identifier. Ces cookies ne seront utilis\u00e9s qu&rsquo;\u00e0 des fins statistiques permettant d&rsquo;optimiser l&rsquo;exp\u00e9rience utilisateur sur le site.<\/p><p>COOKIES PUBLICITAIRES<\/p><p>Ce type de cookie vous permet d&rsquo;\u00e9largir les informations des publicit\u00e9s pr\u00e9sent\u00e9es \u00e0 chaque utilisateur anonyme des services dryiceEU. Entre autres choses, la dur\u00e9e ou la fr\u00e9quence d&rsquo;affichage des positions publicitaires, l&rsquo;interaction avec celles-ci ou les mod\u00e8les de navigation et\/ou les comportements des utilisateurs sont stock\u00e9s, car ils contribuent \u00e0 former un profil d&rsquo;int\u00e9r\u00eat publicitaire. De cette mani\u00e8re, ils permettent de proposer des publicit\u00e9s li\u00e9es aux int\u00e9r\u00eats de l\u2019utilisateur.<\/p><p>COOKIES PUBLICITAIRES TIERS<\/p><p>En plus de la publicit\u00e9 g\u00e9r\u00e9e par les sites Internet dryiceEU dans ses services, les sites Internet dryiceEU offrent \u00e0 leurs annonceurs la possibilit\u00e9 de diffuser des publicit\u00e9s par l&rsquo;interm\u00e9diaire de tiers (\u00ab serveurs publicitaires \u00bb). De cette mani\u00e8re, ces tiers peuvent stocker les cookies envoy\u00e9s par les services dryiceEU depuis les navigateurs des utilisateurs, ainsi qu&rsquo;acc\u00e9der aux donn\u00e9es qui y sont stock\u00e9es.<\/p><p>Les entreprises qui g\u00e9n\u00e8rent ces cookies ont leurs propres politiques de confidentialit\u00e9. Actuellement, les sites web dryiceEU utilisent la plateforme Doubleclick (Google) pour g\u00e9rer ces services. Pour plus d&rsquo;informations, rendez-vous sur\u00a0:<\/p><p>http:\/\/www.google.es\/policies\/privacy\/ads\/#toc-doubleclick<\/p><p>http:\/\/www.google.es\/policies\/privacy\/ads\/<\/p><p>COMMENT PUIS-JE D\u00c9SACTIVER LES COOKIES DANS MON NAVIGATEUR ?<\/p><p>Les diff\u00e9rents navigateurs peuvent \u00eatre configur\u00e9s pour avertir l&rsquo;utilisateur de la r\u00e9ception de cookies et, s&rsquo;il le souhaite, emp\u00eacher leur installation sur l&rsquo;ordinateur. De m\u00eame, l&rsquo;utilisateur peut v\u00e9rifier dans son navigateur quels cookies il a install\u00e9s et quelle est leur dur\u00e9e d&rsquo;expiration, en pouvant les supprimer.<\/p><p>Pour plus d\u2019informations, consultez les instructions et manuels de votre navigateur :<\/p><p>Pour plus d&rsquo;informations sur la gestion des cookies dans Google Chrome : https:\/\/support.google.com\/chrome\/answer\/95647?hl=es<\/p><p>Pour plus d&rsquo;informations sur la gestion des cookies dans Internet Explorer : http:\/\/windows.microsoft.com\/es-es\/windows-vista\/cookies-frequently-asked-questions<\/p><p>Pour plus d&rsquo;informations sur la gestion des cookies dans Mozilla Firefox : http:\/\/support.mozilla.org\/es\/kb\/habilitar-y-deshabilitar-cookies-que-los-sitios-we<\/p><p>Pour plus d&rsquo;informations sur la gestion des cookies dans Safari : http:\/\/www.apple.com\/es\/privacy\/use-of-cookies\/<\/p><p>Pour plus d&rsquo;informations sur la gestion des cookies dans Opera : http:\/\/help.opera.com\/Windows\/11.50\/es-ES\/cookies.html<\/p><p>Si vous souhaitez cesser d&rsquo;\u00eatre suivi par Google Analytics, visitez\u00a0: http:\/\/tools.google.com\/dlpage\/gaoptout<\/p><p>POUR EN SAVOIR PLUS SUR LES COOKIES<\/p><p>Vous pouvez obtenir plus d&rsquo;informations sur la publicit\u00e9 en ligne bas\u00e9e sur le comportement et la confidentialit\u00e9 en ligne sur le lien suivant\u00a0: http:\/\/www.youronlinechoices.com\/es\/<\/p><p>Protection des donn\u00e9es de Google Analytics : http:\/\/www.google.com\/analytics\/learn\/privacy.html<\/p><p>Comment Google Analytics utilise les cookies\u00a0: https:\/\/developers.google.com\/analytics\/devguides\/collection\/analyticsjs\/cookie-usage?hl=es#analyticsjs<\/p><p>MISES \u00c0 JOUR ET MODIFICATIONS DE LA POLITIQUE DE CONFIDENTIALIT\u00c9 \/ COOKIES<\/p><p>Les sites web dryiceEU peuvent modifier cette politique de cookies en fonction d&rsquo;exigences l\u00e9gislatives ou r\u00e9glementaires, ou dans le but d&rsquo;adapter ladite politique aux instructions \u00e9mises par l&rsquo;Agence espagnole de protection des donn\u00e9es, c&rsquo;est pourquoi il est conseill\u00e9 aux utilisateurs de la visiter p\u00e9riodiquement.<\/p><p>Lorsque des changements importants surviennent dans cette politique de cookies, ceux-ci seront communiqu\u00e9s aux utilisateurs soit via le Web, soit par courrier \u00e9lectronique aux utilisateurs enregistr\u00e9s.<\/p><p>CONTACTEZ-NOUS<\/p><p>Si vous avez des questions ou des pr\u00e9occupations concernant cette politique de cookies, veuillez nous contacter \u00e0 : adm@dryiceeu.com<\/p>\t\t\t\t\t\t\t\t<\/div>\n\t\t\t\t<\/div>\n\t\t\t\t\t<\/div>\n\t\t\t\t<\/div>\n\t\t\t\t\t<\/div>\n\t\t\t\t<\/div>\n\t\t\t\t<\/div>\n\t\t","protected":false},"excerpt":{"rendered":"<p>Politique de cookies Derni\u00e8re mise \u00e0 jour\u00a0: [5 septembre 2023] INTRODUCTION Cette politique en mati\u00e8re de cookies explique comment [dryice EU by Intenblast] (\u00ab nous \u00bb, \u00ab notre \u00bb ou \u00ab notre \u00bb) utilise des cookies et des technologies similaires lorsque vous visitez notre site Web [dryiceeu.com\/fr] (le \u00ab site Web \u00bb). Cette politique fournit&hellip;&nbsp;<a href=\"https:\/\/dryiceeu.com\/fr\/politique-en-matiere-de-cookies\/\" rel=\"bookmark\">Lire la suite &raquo;<span class=\"screen-reader-text\">Politique en mati\u00e8re de cookies<\/span><\/a><\/p>\n","protected":false},"author":1,"featured_media":0,"parent":0,"menu_order":0,"comment_status":"closed","ping_status":"closed","template":"page-templates\/template-pagebuilder-full-width.php","meta":{"neve_meta_sidebar":"","neve_meta_container":"","neve_meta_enable_content_width":"","neve_meta_content_width":0,"neve_meta_title_alignment":"","neve_meta_author_avatar":"","neve_post_elements_order":"","neve_meta_disable_header":"","neve_meta_disable_footer":"","neve_meta_disable_title":"","footnotes":""},"class_list":["post-521","page","type-page","status-publish","hentry"],"_links":{"self":[{"href":"https:\/\/dryiceeu.com\/fr\/wp-json\/wp\/v2\/pages\/521","targetHints":{"allow":["GET"]}}],"collection":[{"href":"https:\/\/dryiceeu.com\/fr\/wp-json\/wp\/v2\/pages"}],"about":[{"href":"https:\/\/dryiceeu.com\/fr\/wp-json\/wp\/v2\/types\/page"}],"author":[{"embeddable":true,"href":"https:\/\/dryiceeu.com\/fr\/wp-json\/wp\/v2\/users\/1"}],"replies":[{"embeddable":true,"href":"https:\/\/dryiceeu.com\/fr\/wp-json\/wp\/v2\/comments?post=521"}],"version-history":[{"count":7,"href":"https:\/\/dryiceeu.com\/fr\/wp-json\/wp\/v2\/pages\/521\/revisions"}],"predecessor-version":[{"id":2066,"href":"https:\/\/dryiceeu.com\/fr\/wp-json\/wp\/v2\/pages\/521\/revisions\/2066"}],"wp:attachment":[{"href":"https:\/\/dryiceeu.com\/fr\/wp-json\/wp\/v2\/media?parent=521"}],"curies":[{"name":"wp","href":"https:\/\/api.w.org\/{rel}","templated":true}]}}