{"id":593,"date":"2023-12-21T13:37:16","date_gmt":"2023-12-21T13:37:16","guid":{"rendered":"http:\/\/adminDImaster"},"modified":"2024-03-22T16:55:29","modified_gmt":"2024-03-22T15:55:29","slug":"granules-de-glace-seche-38-kg-de-3-mm-en-boite-en-polystyrene","status":"publish","type":"product","link":"https:\/\/dryiceeu.com\/fr\/produit\/granules-de-glace-seche-38-kg-de-3-mm-en-boite-en-polystyrene\/","title":{"rendered":"Granul\u00e9s de glace s\u00e8che &#8211; 38 kg de 3 mm en bo\u00eete en polystyr\u00e8ne"},"content":{"rendered":"<p>38 kg de granul\u00e9s de glace carbonique de 3 mm dans une bo\u00eete en polystyr\u00e8ne<\/p>\n<p>La glace s\u00e8che dans les bo\u00eetes en polystyr\u00e8ne ne peut durer que 2 \u00e0 3 jours et il y aura des pertes quotidiennes de 15 \u00e0 20 %. Il est donc important de ne pas commander trop t\u00f4t. Id\u00e9al pour le nettoyage industriel.<\/p>\n","protected":false},"excerpt":{"rendered":"<p>38 kg de granul\u00e9s de glace carbonique de 3 mm dans une bo\u00eete en polystyr\u00e8ne<\/p>\n","protected":false},"featured_media":613,"comment_status":"closed","ping_status":"closed","template":"","meta":{"neve_meta_sidebar":"","neve_meta_container":"","neve_meta_enable_content_width":"off","neve_meta_content_width":100,"neve_meta_title_alignment":"","neve_meta_author_avatar":"","neve_post_elements_order":"","neve_meta_disable_header":"","neve_meta_disable_footer":"","neve_meta_disable_title":"","wds_primary_product_brand":0,"wds_primary_product_cat":0},"product_brand":[],"product_cat":[45],"product_tag":[],"class_list":{"0":"post-593","1":"product","2":"type-product","3":"status-publish","4":"has-post-thumbnail","6":"product_cat-granules-de-glace-seche","8":"first","9":"instock","10":"taxable","11":"shipping-taxable","12":"purchasable","13":"product-type-simple"},"_links":{"self":[{"href":"https:\/\/dryiceeu.com\/fr\/wp-json\/wp\/v2\/product\/593","targetHints":{"allow":["GET"]}}],"collection":[{"href":"https:\/\/dryiceeu.com\/fr\/wp-json\/wp\/v2\/product"}],"about":[{"href":"https:\/\/dryiceeu.com\/fr\/wp-json\/wp\/v2\/types\/product"}],"replies":[{"embeddable":true,"href":"https:\/\/dryiceeu.com\/fr\/wp-json\/wp\/v2\/comments?post=593"}],"version-history":[{"count":5,"href":"https:\/\/dryiceeu.com\/fr\/wp-json\/wp\/v2\/product\/593\/revisions"}],"predecessor-version":[{"id":2097,"href":"https:\/\/dryiceeu.com\/fr\/wp-json\/wp\/v2\/product\/593\/revisions\/2097"}],"wp:featuredmedia":[{"embeddable":true,"href":"https:\/\/dryiceeu.com\/fr\/wp-json\/wp\/v2\/media\/613"}],"wp:attachment":[{"href":"https:\/\/dryiceeu.com\/fr\/wp-json\/wp\/v2\/media?parent=593"}],"wp:term":[{"taxonomy":"product_brand","embeddable":true,"href":"https:\/\/dryiceeu.com\/fr\/wp-json\/wp\/v2\/product_brand?post=593"},{"taxonomy":"product_cat","embeddable":true,"href":"https:\/\/dryiceeu.com\/fr\/wp-json\/wp\/v2\/product_cat?post=593"},{"taxonomy":"product_tag","embeddable":true,"href":"https:\/\/dryiceeu.com\/fr\/wp-json\/wp\/v2\/product_tag?post=593"}],"curies":[{"name":"wp","href":"https:\/\/api.w.org\/{rel}","templated":true}]}}