{"id":594,"date":"2023-12-21T13:37:16","date_gmt":"2023-12-21T13:37:16","guid":{"rendered":"http:\/\/adminDImaster"},"modified":"2024-03-22T16:56:13","modified_gmt":"2024-03-22T15:56:13","slug":"glace-seche-100-kg-de-3-mm-en-conteneur-palette","status":"publish","type":"product","link":"https:\/\/dryiceeu.com\/fr\/produit\/glace-seche-100-kg-de-3-mm-en-conteneur-palette\/","title":{"rendered":"Glace s\u00e8che &#8211; 100 kg de 3 mm en conteneur palette"},"content":{"rendered":"<p>100 kg de granul\u00e9s de glace carbonique de 3 mm dans un conteneur palette<\/p>\n<p>La glace s\u00e8che dans des conteneurs-palettes ou dans des conteneurs sp\u00e9ciaux de glace carbonique peut durer de 5 \u00e0 7 jours et avec des pertes d&rsquo;environ 5 \u00e0 10 % par jour.<br \/>\nIl est important de respecter toutes les r\u00e8gles de sant\u00e9 et de s\u00e9curit\u00e9, tant pour le nettoyage \u00e0 la glace carbonique que pour le stockage et le transport.<\/p>\n","protected":false},"excerpt":{"rendered":"<p>100 kg de granul\u00e9s de glace carbonique de 3 mm dans un conteneur palette<\/p>\n","protected":false},"featured_media":612,"comment_status":"closed","ping_status":"closed","template":"","meta":{"neve_meta_sidebar":"","neve_meta_container":"","neve_meta_enable_content_width":"off","neve_meta_content_width":100,"neve_meta_title_alignment":"","neve_meta_author_avatar":"","neve_post_elements_order":"","neve_meta_disable_header":"","neve_meta_disable_footer":"","neve_meta_disable_title":"","wds_primary_product_brand":0,"wds_primary_product_cat":0},"product_brand":[],"product_cat":[45],"product_tag":[],"class_list":{"0":"post-594","1":"product","2":"type-product","3":"status-publish","4":"has-post-thumbnail","6":"product_cat-granules-de-glace-seche","8":"first","9":"instock","10":"taxable","11":"shipping-taxable","12":"purchasable","13":"product-type-simple"},"_links":{"self":[{"href":"https:\/\/dryiceeu.com\/fr\/wp-json\/wp\/v2\/product\/594","targetHints":{"allow":["GET"]}}],"collection":[{"href":"https:\/\/dryiceeu.com\/fr\/wp-json\/wp\/v2\/product"}],"about":[{"href":"https:\/\/dryiceeu.com\/fr\/wp-json\/wp\/v2\/types\/product"}],"replies":[{"embeddable":true,"href":"https:\/\/dryiceeu.com\/fr\/wp-json\/wp\/v2\/comments?post=594"}],"version-history":[{"count":2,"href":"https:\/\/dryiceeu.com\/fr\/wp-json\/wp\/v2\/product\/594\/revisions"}],"predecessor-version":[{"id":2098,"href":"https:\/\/dryiceeu.com\/fr\/wp-json\/wp\/v2\/product\/594\/revisions\/2098"}],"wp:featuredmedia":[{"embeddable":true,"href":"https:\/\/dryiceeu.com\/fr\/wp-json\/wp\/v2\/media\/612"}],"wp:attachment":[{"href":"https:\/\/dryiceeu.com\/fr\/wp-json\/wp\/v2\/media?parent=594"}],"wp:term":[{"taxonomy":"product_brand","embeddable":true,"href":"https:\/\/dryiceeu.com\/fr\/wp-json\/wp\/v2\/product_brand?post=594"},{"taxonomy":"product_cat","embeddable":true,"href":"https:\/\/dryiceeu.com\/fr\/wp-json\/wp\/v2\/product_cat?post=594"},{"taxonomy":"product_tag","embeddable":true,"href":"https:\/\/dryiceeu.com\/fr\/wp-json\/wp\/v2\/product_tag?post=594"}],"curies":[{"name":"wp","href":"https:\/\/api.w.org\/{rel}","templated":true}]}}